{"id":5691,"date":"2021-07-13T10:56:29","date_gmt":"2021-07-13T07:56:29","guid":{"rendered":"https:\/\/portaltest.atauni.edu.tr\/muhendislik-fakultesi\/?page_id=5691"},"modified":"2025-12-10T14:23:01","modified_gmt":"2025-12-10T11:23:01","slug":"yonetim-kurulu","status":"publish","type":"page","link":"https:\/\/atauni.edu.tr\/tip-fakultesi\/anasayfa1\/fakultemiz\/kurullar-ve-komisyonlar\/yonetim-kurulu\/","title":{"rendered":"Y\u00f6netim Kurulu"},"content":{"rendered":"\t\t<div data-elementor-type=\"wp-page\" data-elementor-id=\"5691\" class=\"elementor elementor-5691\" data-elementor-post-type=\"page\">\n\t\t\t\t\t\t<section class=\"elementor-section elementor-top-section elementor-element elementor-element-46c2cb5d elementor-section-boxed elementor-section-height-default elementor-section-height-default\" data-id=\"46c2cb5d\" data-element_type=\"section\">\n\t\t\t\t\t\t<div class=\"elementor-container elementor-column-gap-default\">\n\t\t\t\t\t<div class=\"elementor-column elementor-col-100 elementor-top-column elementor-element elementor-element-299813e7\" data-id=\"299813e7\" data-element_type=\"column\">\n\t\t\t<div class=\"elementor-widget-wrap elementor-element-populated\">\n\t\t\t\t\t\t<div class=\"elementor-element elementor-element-3ec495a9 elementor-widget elementor-widget-heading\" data-id=\"3ec495a9\" data-element_type=\"widget\" data-widget_type=\"heading.default\">\n\t\t\t\t<div class=\"elementor-widget-container\">\n\t\t\t\t\t<h2 class=\"elementor-heading-title elementor-size-default\">Y\u00f6netim Kurulu<\/h2>\t\t\t\t<\/div>\n\t\t\t\t<\/div>\n\t\t\t\t<div class=\"elementor-element elementor-element-2092e3b3 elementor-widget-divider--view-line elementor-widget elementor-widget-divider\" data-id=\"2092e3b3\" data-element_type=\"widget\" data-widget_type=\"divider.default\">\n\t\t\t\t<div class=\"elementor-widget-container\">\n\t\t\t\t\t\t\t<div class=\"elementor-divider\">\n\t\t\t<span class=\"elementor-divider-separator\">\n\t\t\t\t\t\t<\/span>\n\t\t<\/div>\n\t\t\t\t\t\t<\/div>\n\t\t\t\t<\/div>\n\t\t\t\t\t<\/div>\n\t\t<\/div>\n\t\t\t\t\t<\/div>\n\t\t<\/section>\n\t\t\t\t<section class=\"elementor-section elementor-top-section elementor-element elementor-element-50a870e elementor-section-boxed elementor-section-height-default elementor-section-height-default\" data-id=\"50a870e\" data-element_type=\"section\">\n\t\t\t\t\t\t<div class=\"elementor-container elementor-column-gap-default\">\n\t\t\t\t\t<div class=\"elementor-column elementor-col-100 elementor-top-column elementor-element elementor-element-05b4b62\" data-id=\"05b4b62\" data-element_type=\"column\">\n\t\t\t<div class=\"elementor-widget-wrap elementor-element-populated\">\n\t\t\t\t\t\t<div class=\"elementor-element elementor-element-b21d8c8 elementor-widget elementor-widget-text-editor\" data-id=\"b21d8c8\" data-element_type=\"widget\" data-widget_type=\"text-editor.default\">\n\t\t\t\t<div class=\"elementor-widget-container\">\n\t\t\t\t\t\t\t\t\t<table style=\"width: 100%;border-collapse: collapse;border: 2px solid #E2B887;font-family: 'Arial',sans-serif;text-align: center\"><thead><tr><th style=\"background-color: #0d1461;color: #fff;padding: 15px;font-size: 20px;font-weight: bold\" colspan=\"3\">FAK\u00dcLTE Y\u00d6NET\u0130M KURULU \u00dcYELER\u0130<\/th><\/tr><\/thead><tbody><tr><td style=\"padding: 15px;border: 1px solid #E2B887;font-size: 17px;color: #555\" colspan=\"3\"><strong style=\"color: #0d1461\">Dekan<\/strong><br \/>Prof. Dr. Meltem ALKAN MEL\u0130KO\u011eLU<\/td><\/tr><tr><td style=\"padding: 15px;border: 1px solid #E2B887;font-size: 17px;color: #555\"><strong style=\"color: #0d1461\">Profes\u00f6r<\/strong><br \/>Prof. Dr. Ay\u015fenur DOSTB\u0130L<\/td><td style=\"padding: 15px;border: 1px solid #E2B887;font-size: 17px;color: #555\"><strong style=\"color: #0d1461\">Profes\u00f6r<\/strong><br \/>Prof. Dr. Ak\u0131n ERDAL<\/td><td style=\"padding: 15px;border: 1px solid #E2B887;font-size: 17px;color: #555\"><strong style=\"color: #0d1461\">Profes\u00f6r<\/strong><br \/>Prof. Dr. Atilla \u00c7AYIR<\/td><\/tr><tr><td style=\"padding: 15px;border: 1px solid #E2B887;font-size: 17px;color: #555\"><strong style=\"color: #0d1461\">Do\u00e7ent<\/strong><br \/>Do\u00e7. Dr. Murat KARTAL<\/td><td style=\"padding: 15px;border: 1px solid #E2B887;font-size: 17px;color: #555\"><strong style=\"color: #0d1461\">Do\u00e7ent<\/strong><br \/>Do\u00e7. Dr. Handan ALAY<\/td><td style=\"padding: 15px;border: 1px solid #E2B887;font-size: 17px;color: #555\"><strong style=\"color: #0d1461\">Dr. \u00d6\u011fr. \u00dcyesi<\/strong><br \/>Dr. \u00d6\u011fr. \u00dcyesi B\u00fc\u015fra \u00c7ALI\u015eKAN<\/td><\/tr><\/tbody><\/table>\t\t\t\t\t\t\t\t<\/div>\n\t\t\t\t<\/div>\n\t\t\t\t\t<\/div>\n\t\t<\/div>\n\t\t\t\t\t<\/div>\n\t\t<\/section>\n\t\t\t\t<\/div>\n\t\t","protected":false},"excerpt":{"rendered":"<p>Y\u00f6netim Kurulu FAK\u00dcLTE Y\u00d6NET\u0130M KURULU \u00dcYELER\u0130 DekanProf. Dr. Meltem ALKAN MEL\u0130KO\u011eLU Profes\u00f6rProf. Dr. Ay\u015fenur DOSTB\u0130L Profes\u00f6rProf. Dr. Ak\u0131n ERDAL Profes\u00f6rProf. Dr. Atilla \u00c7AYIR Do\u00e7entDo\u00e7. Dr. Murat KARTAL Do\u00e7entDo\u00e7. Dr. Handan ALAY Dr. \u00d6\u011fr. \u00dcyesiDr. \u00d6\u011fr. \u00dcyesi B\u00fc\u015fra \u00c7ALI\u015eKAN<\/p>\n","protected":false},"author":1,"featured_media":0,"parent":12687,"menu_order":0,"comment_status":"closed","ping_status":"closed","template":"","meta":{"footnotes":""},"class_list":["post-5691","page","type-page","status-publish","hentry"],"_links":{"self":[{"href":"https:\/\/atauni.edu.tr\/tip-fakultesi\/wp-json\/wp\/v2\/pages\/5691","targetHints":{"allow":["GET"]}}],"collection":[{"href":"https:\/\/atauni.edu.tr\/tip-fakultesi\/wp-json\/wp\/v2\/pages"}],"about":[{"href":"https:\/\/atauni.edu.tr\/tip-fakultesi\/wp-json\/wp\/v2\/types\/page"}],"author":[{"embeddable":true,"href":"https:\/\/atauni.edu.tr\/tip-fakultesi\/wp-json\/wp\/v2\/users\/1"}],"replies":[{"embeddable":true,"href":"https:\/\/atauni.edu.tr\/tip-fakultesi\/wp-json\/wp\/v2\/comments?post=5691"}],"version-history":[{"count":83,"href":"https:\/\/atauni.edu.tr\/tip-fakultesi\/wp-json\/wp\/v2\/pages\/5691\/revisions"}],"predecessor-version":[{"id":19272,"href":"https:\/\/atauni.edu.tr\/tip-fakultesi\/wp-json\/wp\/v2\/pages\/5691\/revisions\/19272"}],"up":[{"embeddable":true,"href":"https:\/\/atauni.edu.tr\/tip-fakultesi\/wp-json\/wp\/v2\/pages\/12687"}],"wp:attachment":[{"href":"https:\/\/atauni.edu.tr\/tip-fakultesi\/wp-json\/wp\/v2\/media?parent=5691"}],"curies":[{"name":"wp","href":"https:\/\/api.w.org\/{rel}","templated":true}]}}