{"id":5807,"date":"2021-07-13T14:25:31","date_gmt":"2021-07-13T11:25:31","guid":{"rendered":"https:\/\/portaltest.atauni.edu.tr\/muhendislik-fakultesi\/?page_id=5807"},"modified":"2022-11-01T09:06:12","modified_gmt":"2022-11-01T06:06:12","slug":"ders-programlari","status":"publish","type":"page","link":"https:\/\/atauni.edu.tr\/tip-fakultesi\/ders-programlari\/","title":{"rendered":"Ders Programlar\u0131"},"content":{"rendered":"\t\t<div data-elementor-type=\"wp-page\" data-elementor-id=\"5807\" class=\"elementor elementor-5807\" data-elementor-post-type=\"page\">\n\t\t\t\t\t\t<section class=\"elementor-section elementor-top-section elementor-element elementor-element-46c2cb5d elementor-section-boxed elementor-section-height-default elementor-section-height-default\" data-id=\"46c2cb5d\" data-element_type=\"section\">\n\t\t\t\t\t\t<div class=\"elementor-container elementor-column-gap-default\">\n\t\t\t\t\t<div class=\"elementor-column elementor-col-100 elementor-top-column elementor-element elementor-element-299813e7\" data-id=\"299813e7\" data-element_type=\"column\">\n\t\t\t<div class=\"elementor-widget-wrap elementor-element-populated\">\n\t\t\t\t\t\t<div class=\"elementor-element elementor-element-3ec495a9 elementor-widget elementor-widget-heading\" data-id=\"3ec495a9\" data-element_type=\"widget\" data-widget_type=\"heading.default\">\n\t\t\t\t<div class=\"elementor-widget-container\">\n\t\t\t\t\t<h2 class=\"elementor-heading-title elementor-size-default\">2021-2022 Ders Program\u0131<\/h2>\t\t\t\t<\/div>\n\t\t\t\t<\/div>\n\t\t\t\t<div class=\"elementor-element elementor-element-2092e3b3 elementor-widget-divider--view-line elementor-widget elementor-widget-divider\" data-id=\"2092e3b3\" data-element_type=\"widget\" data-widget_type=\"divider.default\">\n\t\t\t\t<div class=\"elementor-widget-container\">\n\t\t\t\t\t\t\t<div class=\"elementor-divider\">\n\t\t\t<span class=\"elementor-divider-separator\">\n\t\t\t\t\t\t<\/span>\n\t\t<\/div>\n\t\t\t\t\t\t<\/div>\n\t\t\t\t<\/div>\n\t\t\t\t\t<\/div>\n\t\t<\/div>\n\t\t\t\t\t<\/div>\n\t\t<\/section>\n\t\t\t\t<section class=\"elementor-section elementor-top-section elementor-element elementor-element-33c46b8 elementor-section-boxed elementor-section-height-default elementor-section-height-default\" data-id=\"33c46b8\" data-element_type=\"section\">\n\t\t\t\t\t\t<div class=\"elementor-container elementor-column-gap-default\">\n\t\t\t\t\t<div class=\"elementor-column elementor-col-100 elementor-top-column elementor-element elementor-element-1def29c\" data-id=\"1def29c\" data-element_type=\"column\">\n\t\t\t<div class=\"elementor-widget-wrap elementor-element-populated\">\n\t\t\t\t\t\t<div class=\"elementor-element elementor-element-3c63582 elementor-widget elementor-widget-text-editor\" data-id=\"3c63582\" data-element_type=\"widget\" data-widget_type=\"text-editor.default\">\n\t\t\t\t<div class=\"elementor-widget-container\">\n\t\t\t\t\t\t\t\t\t<div class=\"col-md-12 media content p-0\"><div class=\"text sans servis-hedef\">2021-2022 E\u011fitim-\u00d6\u011fretim y\u0131l\u0131 Ders Programlar\u0131na ve Staj Rehberlerine a\u015fa\u011f\u0131daki dosyalardan ula\u015fabilirsiniz.<br \/><strong><em>Not:<\/em><\/strong>\u00a0Programlar\u0131n g\u00fcncel durumlar\u0131 dosya sonundaki tarihlerde belirtilmi\u015ftir.<br \/>1.2.3. S\u0131n\u0131f ders programlar\u0131n\u0131n\u00a0<u><strong>G\u00dcNCEL<\/strong><\/u>\u00a0<u><strong>durumlar\u0131n\u0131<\/strong><\/u>\u00a0<strong>excel<\/strong>\u00a0dosyas\u0131 \u00fczerinden takip ediniz.\u00a0<\/div><\/div><div class=\"downloads\"><a href=\"https:\/\/atauni.edu.tr\/yuklemeler\/037802d7f917ff8ee8281cf1a77ae369.xlsx\">2021-2022 T\u00fcrk\u00e7e ve \u0130ngilizce T\u0131p 1-2-3 S\u0131n\u0131f Ders Program\u0131(11112021) GUNCEL SAATLI.xlsx<\/a><br \/><a href=\"https:\/\/atauni.edu.tr\/yuklemeler\/1f05fccf4fa29f0d0e3ea96bd90003ed.docx\">2021-2022 T\u00fcrk\u00e7e T\u0131p 1-2-3-4-5-6 S\u0131n\u0131f Ders Program\u0131 (11112021).docx<\/a><br \/><a href=\"https:\/\/atauni.edu.tr\/yuklemeler\/1258f782d57dc5c17c38ad933f63530c.docx\">2021-2022 English Medicine 1-2-3-4-5-6 Class Schedule (11112021).docx<\/a><br \/><a href=\"https:\/\/atauni.edu.tr\/yuklemeler\/7c49f85a198812b84e1f2c48c3e0975d.pdf\">2021-2022_D\u00f6nem_IV-V_Staj_Rehberi T\u00fcrk\u00e7e (13082021).pdf<\/a><br \/><a href=\"https:\/\/atauni.edu.tr\/yuklemeler\/1086d52e4b9bcf31eebc28bca9b47f48.pdf\">2021-2022 Session IV-V Clearkship Guidebook (13082021).pdf<\/a><\/div>\t\t\t\t\t\t\t\t<\/div>\n\t\t\t\t<\/div>\n\t\t\t\t\t<\/div>\n\t\t<\/div>\n\t\t\t\t\t<\/div>\n\t\t<\/section>\n\t\t\t\t<\/div>\n\t\t","protected":false},"excerpt":{"rendered":"<p>2021-2022 Ders Program\u0131 2021-2022 E\u011fitim-\u00d6\u011fretim y\u0131l\u0131 Ders Programlar\u0131na ve Staj Rehberlerine a\u015fa\u011f\u0131daki dosyalardan ula\u015fabilirsiniz.Not:\u00a0Programlar\u0131n g\u00fcncel durumlar\u0131 dosya sonundaki tarihlerde belirtilmi\u015ftir.1.2.3. S\u0131n\u0131f ders programlar\u0131n\u0131n\u00a0G\u00dcNCEL\u00a0durumlar\u0131n\u0131\u00a0excel\u00a0dosyas\u0131 \u00fczerinden takip ediniz.\u00a02021-2022 T\u00fcrk\u00e7e ve \u0130ngilizce T\u0131p 1-2-3 S\u0131n\u0131f Ders Program\u0131(11112021) GUNCEL SAATLI.xlsx2021-2022 T\u00fcrk\u00e7e T\u0131p 1-2-3-4-5-6 S\u0131n\u0131f Ders Program\u0131 (11112021).docx2021-2022 English Medicine 1-2-3-4-5-6 Class Schedule (11112021).docx2021-2022_D\u00f6nem_IV-V_Staj_Rehberi T\u00fcrk\u00e7e (13082021).pdf2021-2022 Session IV-V Clearkship Guidebook [&hellip;]<\/p>\n","protected":false},"author":1,"featured_media":0,"parent":0,"menu_order":0,"comment_status":"closed","ping_status":"closed","template":"elementor_header_footer","meta":{"footnotes":""},"class_list":["post-5807","page","type-page","status-publish","hentry"],"_links":{"self":[{"href":"https:\/\/atauni.edu.tr\/tip-fakultesi\/wp-json\/wp\/v2\/pages\/5807","targetHints":{"allow":["GET"]}}],"collection":[{"href":"https:\/\/atauni.edu.tr\/tip-fakultesi\/wp-json\/wp\/v2\/pages"}],"about":[{"href":"https:\/\/atauni.edu.tr\/tip-fakultesi\/wp-json\/wp\/v2\/types\/page"}],"author":[{"embeddable":true,"href":"https:\/\/atauni.edu.tr\/tip-fakultesi\/wp-json\/wp\/v2\/users\/1"}],"replies":[{"embeddable":true,"href":"https:\/\/atauni.edu.tr\/tip-fakultesi\/wp-json\/wp\/v2\/comments?post=5807"}],"version-history":[{"count":20,"href":"https:\/\/atauni.edu.tr\/tip-fakultesi\/wp-json\/wp\/v2\/pages\/5807\/revisions"}],"predecessor-version":[{"id":6769,"href":"https:\/\/atauni.edu.tr\/tip-fakultesi\/wp-json\/wp\/v2\/pages\/5807\/revisions\/6769"}],"wp:attachment":[{"href":"https:\/\/atauni.edu.tr\/tip-fakultesi\/wp-json\/wp\/v2\/media?parent=5807"}],"curies":[{"name":"wp","href":"https:\/\/api.w.org\/{rel}","templated":true}]}}