{"id":6640,"date":"2023-08-08T09:36:34","date_gmt":"2023-08-08T06:36:34","guid":{"rendered":"https:\/\/birimler.atauni.edu.tr\/tip-fakultesi\/?page_id=6640"},"modified":"2024-02-21T11:01:14","modified_gmt":"2024-02-21T08:01:14","slug":"2023-2024-ders-programlari","status":"publish","type":"page","link":"https:\/\/atauni.edu.tr\/tip-fakultesi\/2023-2024-ders-programlari\/","title":{"rendered":"2023-2024 Ders Programlar\u0131"},"content":{"rendered":"\t\t<div data-elementor-type=\"wp-page\" data-elementor-id=\"6640\" class=\"elementor elementor-6640\" data-elementor-post-type=\"page\">\n\t\t\t\t\t\t<section class=\"elementor-section elementor-top-section elementor-element elementor-element-9dbc621 elementor-section-boxed elementor-section-height-default elementor-section-height-default\" data-id=\"9dbc621\" data-element_type=\"section\">\n\t\t\t\t\t\t<div class=\"elementor-container elementor-column-gap-default\">\n\t\t\t\t\t<div class=\"elementor-column elementor-col-100 elementor-top-column elementor-element elementor-element-641b2ae\" data-id=\"641b2ae\" data-element_type=\"column\">\n\t\t\t<div class=\"elementor-widget-wrap elementor-element-populated\">\n\t\t\t\t\t\t<div class=\"elementor-element elementor-element-39397b8 elementor-widget elementor-widget-text-editor\" data-id=\"39397b8\" data-element_type=\"widget\" data-widget_type=\"text-editor.default\">\n\t\t\t\t<div class=\"elementor-widget-container\">\n\t\t\t\t\t\t\t\t\t<p style=\"text-align: justify\"><span style=\"font-size: 13pt;line-height: 107%;font-family: Ubuntu, serif;color: black;background-image: initial;background-position: initial;background-size: initial;background-attachment: initial\">2023-2024 E\u011fitim-\u00d6\u011fretim y\u0131l\u0131 Ders Programlar\u0131n\u0131 a\u015fa\u011f\u0131daki linklerden indirebilirsiniz.<\/span><\/p><p style=\"text-align: justify\"><span style=\"font-family: Ubuntu, serif;font-size: 13pt;letter-spacing: 0px\">Programlar\u0131n g\u00fcncel durumlar\u0131 dosya sonundaki tarihlerde belirtilmi\u015ftir.<\/span><\/p><p style=\"text-align: justify\"><span style=\"font-size: 13pt;line-height: 107%;font-family: Ubuntu, serif;color: black;background-image: initial;background-position: initial;background-size: initial;background-attachment: initial\">1.2.3. S\u0131n\u0131f ders programlar\u0131n\u0131n\u00a0<\/span><b><u>G\u00dcNCEL<\/u><\/b>\u00a0<b><u>durumlar\u0131n\u0131<\/u><\/b>\u00a0<b>excel<\/b>\u00a0dosyas\u0131 \u00fczerinden takip ediniz.\u00a0<b><span style=\"font-family: Ubuntu, serif;color: black;background-image: initial;background-position: initial;background-size: initial;background-attachment: initial\"><span style=\"font-size: 1.1875rem\">\u00a0<\/span><\/span><\/b><\/p><p style=\"text-align: justify\"><span style=\"color: black;font-family: Ubuntu, serif;font-size: 13pt;letter-spacing: 0px\">Se\u00e7meli dersler belirlendi\u011finde ders alacak \u00f6\u011fretim \u00fcyelerinin derslerinin di\u011fer derslerle \u00e7ak\u0131\u015fmas\u0131 halinde g\u00fcncelleme yap\u0131lacakt\u0131r.<\/span><\/p><p>T\u00fcrk\u00e7e ve \u0130ngilizce T\u0131p 1. S\u0131n\u0131f Kurul-7 de yap\u0131lacak olan T\u0131p ve Sa\u011fl\u0131k Alan\u0131nda Giri\u015fimcilik ve \u0130novasyon \u00d6\u011frenci Kongresi ilgili \u00f6\u011fretim \u00fcyesi taraf\u0131ndan\u00a0<u>20 de\u011ferlendirme notu \u00fczerinden yap\u0131lacak,<\/u>\u00a0al\u0131nan not Kurul Sonu S\u0131nav\u0131na katsay\u0131 d\u00e2hilinde eklenecektir.<\/p><p style=\"text-align: justify\"><span style=\"font-size: 13pt;line-height: 107%;font-family: Ubuntu, serif;color: black;background-image: initial;background-position: initial;background-size: initial;background-attachment: initial\">T\u00fcrk\u00e7e ve \u0130ngilizce T\u0131p 2. S\u0131n\u0131f Kurul-5 de yap\u0131lacak olan ASM Saha Uygulamas\u0131 ilgili Anabilim Dal\u0131 taraf\u0131ndan <u>10 de\u011ferlendirme notu \u00fczerinden yap\u0131lacak<\/u>, al\u0131nan not Kurul Sonu S\u0131nav\u0131nda Katsay\u0131 dahilinde eklenecektir.<\/span><\/p><p>T\u00fcrk\u00e7e ve \u0130ngilizce T\u0131p 2. S\u0131n\u0131f Kurul-7 de yap\u0131lacak olan \u00d6BAK \u00d6\u011frenci Bilimsel Ara\u015ft\u0131rma Kongresi Aile Hekimli\u011fi Anabilim Dal\u0131 (15) ve Biyoistatistik ve T\u0131p Bili\u015fimi Anabilim Dal\u0131 (15) toplamda <u>30 de\u011ferlendirme notu \u00fczerinden yap\u0131lacak, <\/u>al\u0131nan not\u00a0Kurul Sonu S\u0131nav\u0131na katsay\u0131 d\u00e2hilinde eklenecektir.<\/p>\t\t\t\t\t\t\t\t<\/div>\n\t\t\t\t<\/div>\n\t\t\t\t\t<\/div>\n\t\t<\/div>\n\t\t\t\t\t<\/div>\n\t\t<\/section>\n\t\t\t\t<section class=\"elementor-section elementor-top-section elementor-element elementor-element-257c37f elementor-section-boxed elementor-section-height-default elementor-section-height-default\" data-id=\"257c37f\" data-element_type=\"section\">\n\t\t\t\t\t\t<div class=\"elementor-container elementor-column-gap-default\">\n\t\t\t\t\t<div class=\"elementor-column elementor-col-100 elementor-top-column elementor-element elementor-element-836e2fe\" data-id=\"836e2fe\" data-element_type=\"column\">\n\t\t\t<div class=\"elementor-widget-wrap elementor-element-populated\">\n\t\t\t\t\t\t<div class=\"elementor-element elementor-element-c17ca36 elementor-widget elementor-widget-text-editor\" data-id=\"c17ca36\" data-element_type=\"widget\" data-widget_type=\"text-editor.default\">\n\t\t\t\t<div class=\"elementor-widget-container\">\n\t\t\t\t\t\t\t\t\t<table width=\"743\"><tbody><tr><td width=\"551\"><span style=\"color: #993300\"><strong>2023-2024 T\u00fcrk\u00e7e T\u0131p Ders Programlar\u0131<\/strong><\/span><\/td><td width=\"192\"><span style=\"color: #993300\"><strong>G\u00fcncelleme Tarihi<\/strong><\/span><\/td><\/tr><tr><td><span style=\"color: #0000ff\"><a style=\"color: #0000ff\" href=\"https:\/\/birimler.atauni.edu.tr\/tip-fakultesi\/wp-content\/uploads\/sites\/73\/2020\/07\/2023-2024-Turkce-ve-Ingilizce-Tip-1-2-3-Sinif-Ders-Programi-21-02-2024.xlsx\">2023-2024 T\u00fcrk\u00e7e T\u0131p 1-2-3 S\u0131n\u0131f Ders Program\u0131\u00a0(excel)<\/a><\/span><\/td><td>21 \u015eub 2024<\/td><\/tr><tr><td><span style=\"color: #0000ff\"><a style=\"color: #0000ff\" href=\"https:\/\/birimler.atauni.edu.tr\/tip-fakultesi\/wp-content\/uploads\/sites\/73\/2020\/07\/2023-2024-Turkce-Tip-1-2-3-4-5-6-Sinif-Ders-Programi-21-02-2024.docx\">2023-2024 T\u00fcrk\u00e7e T\u0131p 1-2-3-4-5-6 S\u0131n\u0131f Ders Program\u0131\u00a0(word)<\/a><\/span><\/td><td>21 \u015eub 2024<\/td><\/tr><tr><td><span style=\"color: #0000ff\"><a style=\"color: #0000ff\" href=\"https:\/\/birimler.atauni.edu.tr\/tip-fakultesi\/wp-content\/uploads\/sites\/73\/2020\/07\/2023-2024_Donem_IV-V_Staj_Rehberi-Turkce-21-02-2024.pdf\">2023-2024_D\u00f6nem_IV-V_Staj_Rehberi (pdf)<\/a><\/span><\/td><td>21 \u015eub 2024<\/td><\/tr><tr><td><strong><span style=\"color: #993300\">2023-2024 Faculty of Medicine Curriculum Programs<\/span><\/strong><\/td><td><strong><span style=\"color: #993300\">Updated Date<\/span><\/strong><\/td><\/tr><tr><td><span style=\"color: #0000ff\"><a style=\"color: #0000ff\" href=\"https:\/\/birimler.atauni.edu.tr\/tip-fakultesi\/wp-content\/uploads\/sites\/73\/2020\/07\/2023-2024-Turkce-ve-Ingilizce-Tip-1-2-3-Sinif-Ders-Programi-21-02-2024.xlsx\">2023-2024 Turkish and English Medicine 1-2-3 Class Curriculum\u00a0(excel)<\/a><\/span><\/td><td>21 Feb 2024<\/td><\/tr><tr><td><span style=\"color: #0000ff\"><a style=\"color: #0000ff\" href=\"https:\/\/birimler.atauni.edu.tr\/tip-fakultesi\/wp-content\/uploads\/sites\/73\/2020\/07\/2023-2024-English-Medicine-1-2-3-4-5-6-Class-Schedule-21-02-2024.docx\">2023-2024 English Medicine 1-2-3-4-5-6 Class Schedule\u00a0(word)<\/a><\/span><\/td><td>21 Feb 2024<\/td><\/tr><tr><td><span style=\"color: #0000ff\"><a style=\"color: #0000ff\" href=\"https:\/\/birimler.atauni.edu.tr\/tip-fakultesi\/wp-content\/uploads\/sites\/73\/2020\/07\/2023-2024-Session-IV-V-Clearkship-Guidebook-21-02-2024.pdf\">2023-2024 Session IV-V Clearkship Guidebook (pdf)<\/a><\/span><\/td><td>21 Feb 2024<\/td><\/tr><\/tbody><\/table>\t\t\t\t\t\t\t\t<\/div>\n\t\t\t\t<\/div>\n\t\t\t\t\t<\/div>\n\t\t<\/div>\n\t\t\t\t\t<\/div>\n\t\t<\/section>\n\t\t\t\t<\/div>\n\t\t","protected":false},"excerpt":{"rendered":"<p>2023-2024 E\u011fitim-\u00d6\u011fretim y\u0131l\u0131 Ders Programlar\u0131n\u0131 a\u015fa\u011f\u0131daki linklerden indirebilirsiniz. Programlar\u0131n g\u00fcncel durumlar\u0131 dosya sonundaki tarihlerde belirtilmi\u015ftir. 1.2.3. S\u0131n\u0131f ders programlar\u0131n\u0131n\u00a0G\u00dcNCEL\u00a0durumlar\u0131n\u0131\u00a0excel\u00a0dosyas\u0131 \u00fczerinden takip ediniz.\u00a0\u00a0 Se\u00e7meli dersler belirlendi\u011finde ders alacak \u00f6\u011fretim \u00fcyelerinin derslerinin di\u011fer derslerle \u00e7ak\u0131\u015fmas\u0131 halinde g\u00fcncelleme yap\u0131lacakt\u0131r. T\u00fcrk\u00e7e ve \u0130ngilizce T\u0131p 1. S\u0131n\u0131f Kurul-7 de yap\u0131lacak olan T\u0131p ve Sa\u011fl\u0131k Alan\u0131nda Giri\u015fimcilik ve \u0130novasyon \u00d6\u011frenci Kongresi [&hellip;]<\/p>\n","protected":false},"author":62,"featured_media":0,"parent":0,"menu_order":0,"comment_status":"closed","ping_status":"closed","template":"","meta":{"footnotes":""},"class_list":["post-6640","page","type-page","status-publish","hentry"],"_links":{"self":[{"href":"https:\/\/atauni.edu.tr\/tip-fakultesi\/wp-json\/wp\/v2\/pages\/6640","targetHints":{"allow":["GET"]}}],"collection":[{"href":"https:\/\/atauni.edu.tr\/tip-fakultesi\/wp-json\/wp\/v2\/pages"}],"about":[{"href":"https:\/\/atauni.edu.tr\/tip-fakultesi\/wp-json\/wp\/v2\/types\/page"}],"author":[{"embeddable":true,"href":"https:\/\/atauni.edu.tr\/tip-fakultesi\/wp-json\/wp\/v2\/users\/62"}],"replies":[{"embeddable":true,"href":"https:\/\/atauni.edu.tr\/tip-fakultesi\/wp-json\/wp\/v2\/comments?post=6640"}],"version-history":[{"count":338,"href":"https:\/\/atauni.edu.tr\/tip-fakultesi\/wp-json\/wp\/v2\/pages\/6640\/revisions"}],"predecessor-version":[{"id":14521,"href":"https:\/\/atauni.edu.tr\/tip-fakultesi\/wp-json\/wp\/v2\/pages\/6640\/revisions\/14521"}],"wp:attachment":[{"href":"https:\/\/atauni.edu.tr\/tip-fakultesi\/wp-json\/wp\/v2\/media?parent=6640"}],"curies":[{"name":"wp","href":"https:\/\/api.w.org\/{rel}","templated":true}]}}