{"id":6647,"date":"2021-11-23T14:03:34","date_gmt":"2021-11-23T11:03:34","guid":{"rendered":"https:\/\/birimler.atauni.edu.tr\/tip-fakultesi\/?page_id=6647"},"modified":"2025-10-14T08:05:13","modified_gmt":"2025-10-14T05:05:13","slug":"ogrenci-danisman-listesi-2","status":"publish","type":"page","link":"https:\/\/atauni.edu.tr\/tip-fakultesi\/ogrenci-danisman-listesi-2\/","title":{"rendered":"\u00d6\u011frenci Dan\u0131\u015fman Listesi"},"content":{"rendered":"\t\t<div data-elementor-type=\"wp-page\" data-elementor-id=\"6647\" class=\"elementor elementor-6647\" data-elementor-post-type=\"page\">\n\t\t\t\t\t\t<section class=\"elementor-section elementor-top-section elementor-element elementor-element-b5b9065 elementor-section-boxed elementor-section-height-default elementor-section-height-default\" data-id=\"b5b9065\" data-element_type=\"section\">\n\t\t\t\t\t\t<div class=\"elementor-container elementor-column-gap-default\">\n\t\t\t\t\t<div class=\"elementor-column elementor-col-100 elementor-top-column elementor-element elementor-element-f941ab7\" data-id=\"f941ab7\" data-element_type=\"column\">\n\t\t\t<div class=\"elementor-widget-wrap elementor-element-populated\">\n\t\t\t\t\t\t<div class=\"elementor-element elementor-element-2f9b6cc elementor-widget elementor-widget-text-editor\" data-id=\"2f9b6cc\" data-element_type=\"widget\" data-widget_type=\"text-editor.default\">\n\t\t\t\t<div class=\"elementor-widget-container\">\n\t\t\t\t\t\t\t\t\t<p><span style=\"color: #333333\">2025-2026 E\u011fitim-\u00d6\u011fretim d\u00f6nemi T\u0131p Fak\u00fcltesi T\u00fcrk\u00e7e ve \u0130ngilizce T\u0131p Programlar\u0131 i\u00e7in \u00d6\u011frencilerimize Akademik ve Sosyal alanda dan\u0131\u015fmanl\u0131k yapacak \u00f6\u011fretim \u00fcyeleri listesi ve &#8220;Akademik ve Sosyal Dan\u0131\u015fmanl\u0131k \u0130\u015flemleri G\u00f6rev Tan\u0131m\u0131&#8221; belgeleri ekte sunulmu\u015ftur.<\/span><br \/><span style=\"color: #333333\">Linkin sonundaki tarihten g\u00fcncellemeleri takip edebilirsiniz.<\/span><\/p><p><span style=\"color: #333333\"><strong>Not:<\/strong> <em>Dan\u0131\u015fmanl\u0131k g\u00f6revleri y\u00fcz y\u00fcze veya Microsoft Teams program\u0131 \u00fczerinden ilgili dan\u0131\u015fmana ait kanal \u00fczerinden y\u00fcr\u00fct\u00fclecektir.<\/em><\/span><\/p>\t\t\t\t\t\t\t\t<\/div>\n\t\t\t\t<\/div>\n\t\t\t\t\t<\/div>\n\t\t<\/div>\n\t\t\t\t\t<\/div>\n\t\t<\/section>\n\t\t\t\t<section class=\"elementor-section elementor-top-section elementor-element elementor-element-ef68418 elementor-section-content-top elementor-section-boxed elementor-section-height-default elementor-section-height-default\" data-id=\"ef68418\" data-element_type=\"section\">\n\t\t\t\t\t\t<div class=\"elementor-container elementor-column-gap-no\">\n\t\t\t\t\t<div class=\"elementor-column elementor-col-100 elementor-top-column elementor-element elementor-element-fb2a0fd\" data-id=\"fb2a0fd\" data-element_type=\"column\">\n\t\t\t<div class=\"elementor-widget-wrap elementor-element-populated\">\n\t\t\t\t\t\t<div class=\"elementor-element elementor-element-17d662c elementor-widget elementor-widget-text-editor\" data-id=\"17d662c\" data-element_type=\"widget\" data-widget_type=\"text-editor.default\">\n\t\t\t\t<div class=\"elementor-widget-container\">\n\t\t\t\t\t\t\t\t\t<h5 class=\"downloads\" style=\"margin-top: 1.94737em;line-height: 1.10526;text-align: center\"><span style=\"color: #333333\"><span style=\"color: #333399\"><a style=\"color: #333399\" href=\"https:\/\/atauni.edu.tr\/yuklemeler\/37476f9635f821a6e1ca74776e4cd617.pdf\">Akademik ve Sosyal Dan\u0131\u015fmanl\u0131k \u0130\u015flemleri G\u00f6rev Tan\u0131m\u0131 (pdf)<\/a>\u00a0<\/span><br \/><\/span><br \/><span style=\"color: #333399\"><a href=\"https:\/\/birimler.atauni.edu.tr\/tip-fakultesi\/wp-content\/uploads\/sites\/73\/2025\/10\/2025-2026-TIP-FAKULTESI-DANISMAN-LISTESI-14-10-2025.xlsx\">2025-2026 T\u0131p Fak\u00fcltesi Akademik ve Sosyal Alanda Dan\u0131\u015fmanl\u0131k Listesi<\/a> <\/span><em><span style=\"color: #808080\">(excel) G\u00fcnc. Tar. 14 10 2025 (excel)<\/span><\/em><\/h5>\t\t\t\t\t\t\t\t<\/div>\n\t\t\t\t<\/div>\n\t\t\t\t\t<\/div>\n\t\t<\/div>\n\t\t\t\t\t<\/div>\n\t\t<\/section>\n\t\t\t\t<section class=\"elementor-section elementor-top-section elementor-element elementor-element-69bac21 elementor-section-boxed elementor-section-height-default elementor-section-height-default\" data-id=\"69bac21\" data-element_type=\"section\">\n\t\t\t\t\t\t<div class=\"elementor-container elementor-column-gap-default\">\n\t\t\t\t\t<div class=\"elementor-column elementor-col-100 elementor-top-column elementor-element elementor-element-05a44fe\" data-id=\"05a44fe\" data-element_type=\"column\">\n\t\t\t<div class=\"elementor-widget-wrap elementor-element-populated\">\n\t\t\t\t\t\t<div class=\"elementor-element elementor-element-6e5bca0 elementor-widget elementor-widget-pdf_viewer\" data-id=\"6e5bca0\" data-element_type=\"widget\" data-widget_type=\"pdf_viewer.default\">\n\t\t\t\t<div class=\"elementor-widget-container\">\n\t\t\t\t\t<iframe src=\"https:\/\/docs.google.com\/viewer?url=https:\/\/atauni.edu.tr\/yuklemeler\/37476f9635f821a6e1ca74776e4cd617.pdf&amp;embedded=true\" style=\"display: block; margin-left: auto; margin-right: auto; width: 640px; height: 1020px;\" frameborder=\"1\" marginheight=\"0px\" marginwidth=\"0px\" allowfullscreen><\/iframe>\t\t\t\t<\/div>\n\t\t\t\t<\/div>\n\t\t\t\t\t<\/div>\n\t\t<\/div>\n\t\t\t\t\t<\/div>\n\t\t<\/section>\n\t\t\t\t<\/div>\n\t\t","protected":false},"excerpt":{"rendered":"<p>2025-2026 E\u011fitim-\u00d6\u011fretim d\u00f6nemi T\u0131p Fak\u00fcltesi T\u00fcrk\u00e7e ve \u0130ngilizce T\u0131p Programlar\u0131 i\u00e7in \u00d6\u011frencilerimize Akademik ve Sosyal alanda dan\u0131\u015fmanl\u0131k yapacak \u00f6\u011fretim \u00fcyeleri listesi ve &#8220;Akademik ve Sosyal Dan\u0131\u015fmanl\u0131k \u0130\u015flemleri G\u00f6rev Tan\u0131m\u0131&#8221; belgeleri ekte sunulmu\u015ftur.Linkin sonundaki tarihten g\u00fcncellemeleri takip edebilirsiniz. Not: Dan\u0131\u015fmanl\u0131k g\u00f6revleri y\u00fcz y\u00fcze veya Microsoft Teams program\u0131 \u00fczerinden ilgili dan\u0131\u015fmana ait kanal \u00fczerinden y\u00fcr\u00fct\u00fclecektir. Akademik ve [&hellip;]<\/p>\n","protected":false},"author":231,"featured_media":0,"parent":0,"menu_order":0,"comment_status":"closed","ping_status":"closed","template":"","meta":{"footnotes":""},"class_list":["post-6647","page","type-page","status-publish","hentry"],"_links":{"self":[{"href":"https:\/\/atauni.edu.tr\/tip-fakultesi\/wp-json\/wp\/v2\/pages\/6647","targetHints":{"allow":["GET"]}}],"collection":[{"href":"https:\/\/atauni.edu.tr\/tip-fakultesi\/wp-json\/wp\/v2\/pages"}],"about":[{"href":"https:\/\/atauni.edu.tr\/tip-fakultesi\/wp-json\/wp\/v2\/types\/page"}],"author":[{"embeddable":true,"href":"https:\/\/atauni.edu.tr\/tip-fakultesi\/wp-json\/wp\/v2\/users\/231"}],"replies":[{"embeddable":true,"href":"https:\/\/atauni.edu.tr\/tip-fakultesi\/wp-json\/wp\/v2\/comments?post=6647"}],"version-history":[{"count":92,"href":"https:\/\/atauni.edu.tr\/tip-fakultesi\/wp-json\/wp\/v2\/pages\/6647\/revisions"}],"predecessor-version":[{"id":17038,"href":"https:\/\/atauni.edu.tr\/tip-fakultesi\/wp-json\/wp\/v2\/pages\/6647\/revisions\/17038"}],"wp:attachment":[{"href":"https:\/\/atauni.edu.tr\/tip-fakultesi\/wp-json\/wp\/v2\/media?parent=6647"}],"curies":[{"name":"wp","href":"https:\/\/api.w.org\/{rel}","templated":true}]}}