{"id":6798,"date":"2021-11-29T19:47:43","date_gmt":"2021-11-29T16:47:43","guid":{"rendered":"https:\/\/birimler.atauni.edu.tr\/tip-fakultesi\/?page_id=6798"},"modified":"2026-03-04T12:17:06","modified_gmt":"2026-03-04T09:17:06","slug":"sinavmatik-2","status":"publish","type":"page","link":"https:\/\/atauni.edu.tr\/tip-fakultesi\/sinavmatik-2\/","title":{"rendered":"S\u0131navmatik"},"content":{"rendered":"\t\t<div data-elementor-type=\"wp-page\" data-elementor-id=\"6798\" class=\"elementor elementor-6798\" data-elementor-post-type=\"page\">\n\t\t\t\t\t\t<section class=\"elementor-section elementor-top-section elementor-element elementor-element-1d2b4445 elementor-section-boxed elementor-section-height-default elementor-section-height-default\" data-id=\"1d2b4445\" data-element_type=\"section\">\n\t\t\t\t\t\t<div class=\"elementor-container elementor-column-gap-default\">\n\t\t\t\t\t<div class=\"elementor-column elementor-col-100 elementor-top-column elementor-element elementor-element-4c748290\" data-id=\"4c748290\" data-element_type=\"column\">\n\t\t\t<div class=\"elementor-widget-wrap elementor-element-populated\">\n\t\t\t\t\t\t<div class=\"elementor-element elementor-element-3c75ec8c elementor-widget elementor-widget-text-editor\" data-id=\"3c75ec8c\" data-element_type=\"widget\" data-widget_type=\"text-editor.default\">\n\t\t\t\t<div class=\"elementor-widget-container\">\n\t\t\t\t\t\t\t\t\t<p><strong><em>S\u0131navmatik Uzak Program\u0131<\/em><\/strong><br \/>Program\u0131n g\u00fcncel s\u00fcr\u00fcm\u00fcn\u00fc a\u015fa\u011f\u0131daki linkten indirip kurulum yapman\u0131z gerekmektedir.\u00a0<br \/>Kurulum tamamland\u0131ktan sonra <span style=\"text-decoration: underline;color: #ff0000\">Program\u0131n a\u00e7\u0131l\u0131\u015f\u0131nda &#8220;Web servis hatas\u0131&#8221; vermesi halinde a\u015fa\u011f\u0131daki i\u015flemi uygulay\u0131n\u0131z.<\/span><\/p>\n<p><!-- \/wp:paragraph --><!-- wp:paragraph --><\/p>\n<p><span style=\"text-decoration: underline\">Ba\u011flant\u0131 Adresi yazan sat\u0131rdaki adresi silip<\/span><\/p>\n<p><strong>http:\/\/sinavmatik.atauni.edu.tr\/sinavmatikWeb\/services<\/strong><\/p>\n<p>yaz\u0131s\u0131n\u0131\u00a0yap\u0131\u015ft\u0131r\u0131n\u0131z.\u00a0<br \/>Yap\u0131\u015ft\u0131rd\u0131\u011f\u0131n\u0131z adresin ba\u015f\u0131nda ve sonunda bo\u015fluk olmamas\u0131na dikkat ediniz.<\/p>\n<p>Programda soru eklemeden \u00f6nce ana ekrandaki &#8220;<span style=\"text-decoration: underline\">Bir Grup Se\u00e7iniz<\/span>&#8221; men\u00fcs\u00fcnden ilgili s\u0131n\u0131f\u0131 se\u00e7meyi unutmay\u0131n\u0131z. S\u0131n\u0131f se\u00e7ilmedi\u011fi takdirde B\u00f6l\u00fcm ve alt konu listesi bo\u015f g\u00f6z\u00fckecektir.\u00a0<\/p>\n<p><!-- \/wp:paragraph --><\/p>\t\t\t\t\t\t\t\t<\/div>\n\t\t\t\t<\/div>\n\t\t\t\t<div class=\"elementor-element elementor-element-b463645 elementor-widget elementor-widget-button\" data-id=\"b463645\" data-element_type=\"widget\" data-widget_type=\"button.default\">\n\t\t\t\t<div class=\"elementor-widget-container\">\n\t\t\t\t\t\t\t\t\t<div class=\"elementor-button-wrapper\">\n\t\t\t\t\t<a class=\"elementor-button elementor-button-link elementor-size-sm\" href=\"https:\/\/drive.usercontent.google.com\/download?id=1cbnmcFgMRmInjzPTxHYXlZqQH9B_evYs&#038;export=download&#038;authuser=0&#038;confirm=t&#038;uuid=ecbad54e-4d5f-438d-a573-4f6b319b3de4&#038;at=APcXIO2w0tTmv1FTb9ZviIpCaLf8%3A1772615667260\">\n\t\t\t\t\t\t<span class=\"elementor-button-content-wrapper\">\n\t\t\t\t\t\t<span class=\"elementor-button-icon\">\n\t\t\t\t<i aria-hidden=\"true\" class=\"far fa-arrow-alt-circle-down\"><\/i>\t\t\t<\/span>\n\t\t\t\t\t\t\t\t\t<span class=\"elementor-button-text\">S\u0131navmatikUzak_1.21 Program\u0131 indir<\/span>\n\t\t\t\t\t<\/span>\n\t\t\t\t\t<\/a>\n\t\t\t\t<\/div>\n\t\t\t\t\t\t\t\t<\/div>\n\t\t\t\t<\/div>\n\t\t\t\t\t<\/div>\n\t\t<\/div>\n\t\t\t\t\t<\/div>\n\t\t<\/section>\n\t\t\t\t<\/div>\n\t\t","protected":false},"excerpt":{"rendered":"<p>S\u0131navmatik Uzak Program\u0131Program\u0131n g\u00fcncel s\u00fcr\u00fcm\u00fcn\u00fc a\u015fa\u011f\u0131daki linkten indirip kurulum yapman\u0131z gerekmektedir.\u00a0Kurulum tamamland\u0131ktan sonra Program\u0131n a\u00e7\u0131l\u0131\u015f\u0131nda &#8220;Web servis hatas\u0131&#8221; vermesi halinde a\u015fa\u011f\u0131daki i\u015flemi uygulay\u0131n\u0131z. Ba\u011flant\u0131 Adresi yazan sat\u0131rdaki adresi silip http:\/\/sinavmatik.atauni.edu.tr\/sinavmatikWeb\/services yaz\u0131s\u0131n\u0131\u00a0yap\u0131\u015ft\u0131r\u0131n\u0131z.\u00a0Yap\u0131\u015ft\u0131rd\u0131\u011f\u0131n\u0131z adresin ba\u015f\u0131nda ve sonunda bo\u015fluk olmamas\u0131na dikkat ediniz. Programda soru eklemeden \u00f6nce ana ekrandaki &#8220;Bir Grup Se\u00e7iniz&#8221; men\u00fcs\u00fcnden ilgili s\u0131n\u0131f\u0131 se\u00e7meyi unutmay\u0131n\u0131z. S\u0131n\u0131f se\u00e7ilmedi\u011fi [&hellip;]<\/p>\n","protected":false},"author":62,"featured_media":0,"parent":0,"menu_order":2,"comment_status":"closed","ping_status":"closed","template":"","meta":{"footnotes":""},"class_list":["post-6798","page","type-page","status-publish","hentry"],"_links":{"self":[{"href":"https:\/\/atauni.edu.tr\/tip-fakultesi\/wp-json\/wp\/v2\/pages\/6798","targetHints":{"allow":["GET"]}}],"collection":[{"href":"https:\/\/atauni.edu.tr\/tip-fakultesi\/wp-json\/wp\/v2\/pages"}],"about":[{"href":"https:\/\/atauni.edu.tr\/tip-fakultesi\/wp-json\/wp\/v2\/types\/page"}],"author":[{"embeddable":true,"href":"https:\/\/atauni.edu.tr\/tip-fakultesi\/wp-json\/wp\/v2\/users\/62"}],"replies":[{"embeddable":true,"href":"https:\/\/atauni.edu.tr\/tip-fakultesi\/wp-json\/wp\/v2\/comments?post=6798"}],"version-history":[{"count":57,"href":"https:\/\/atauni.edu.tr\/tip-fakultesi\/wp-json\/wp\/v2\/pages\/6798\/revisions"}],"predecessor-version":[{"id":20459,"href":"https:\/\/atauni.edu.tr\/tip-fakultesi\/wp-json\/wp\/v2\/pages\/6798\/revisions\/20459"}],"wp:attachment":[{"href":"https:\/\/atauni.edu.tr\/tip-fakultesi\/wp-json\/wp\/v2\/media?parent=6798"}],"curies":[{"name":"wp","href":"https:\/\/api.w.org\/{rel}","templated":true}]}}