{"id":6865,"date":"2021-12-08T15:31:55","date_gmt":"2021-12-08T12:31:55","guid":{"rendered":"https:\/\/birimler.atauni.edu.tr\/tip-fakultesi\/?page_id=6865"},"modified":"2026-01-20T09:38:56","modified_gmt":"2026-01-20T06:38:56","slug":"turkmsic","status":"publish","type":"page","link":"https:\/\/atauni.edu.tr\/tip-fakultesi\/turkmsic\/","title":{"rendered":"TURKMSIC T\u00fcrk T\u0131p \u00d6\u011frencileri Toplulu\u011fu"},"content":{"rendered":"\t\t<div data-elementor-type=\"wp-page\" data-elementor-id=\"6865\" class=\"elementor elementor-6865\" data-elementor-post-type=\"page\">\n\t\t\t\t\t\t<section class=\"elementor-section elementor-top-section elementor-element elementor-element-9c3e94f elementor-section-boxed elementor-section-height-default elementor-section-height-default\" data-id=\"9c3e94f\" data-element_type=\"section\">\n\t\t\t\t\t\t<div class=\"elementor-container elementor-column-gap-default\">\n\t\t\t\t\t<div class=\"elementor-column elementor-col-100 elementor-top-column elementor-element elementor-element-2fb8908\" data-id=\"2fb8908\" data-element_type=\"column\">\n\t\t\t<div class=\"elementor-widget-wrap elementor-element-populated\">\n\t\t\t\t\t\t<div class=\"elementor-element elementor-element-4185d4f elementor-tabs-view-vertical elementor-widget elementor-widget-tabs\" data-id=\"4185d4f\" data-element_type=\"widget\" data-widget_type=\"tabs.default\">\n\t\t\t\t<div class=\"elementor-widget-container\">\n\t\t\t\t\t\t\t<div class=\"elementor-tabs\">\n\t\t\t<div class=\"elementor-tabs-wrapper\" role=\"tablist\" >\n\t\t\t\t\t\t\t\t\t<div id=\"elementor-tab-title-6871\" class=\"elementor-tab-title elementor-tab-desktop-title\" aria-selected=\"true\" data-tab=\"1\" role=\"tab\" tabindex=\"0\" aria-controls=\"elementor-tab-content-6871\" aria-expanded=\"false\">Kul\u00fcp Y\u00f6netimi<\/div>\n\t\t\t\t\t\t\t\t\t<div id=\"elementor-tab-title-6872\" class=\"elementor-tab-title elementor-tab-desktop-title\" aria-selected=\"false\" data-tab=\"2\" role=\"tab\" tabindex=\"-1\" aria-controls=\"elementor-tab-content-6872\" aria-expanded=\"false\">Vizyon ve Misyon<\/div>\n\t\t\t\t\t\t\t\t\t<div id=\"elementor-tab-title-6873\" class=\"elementor-tab-title elementor-tab-desktop-title\" aria-selected=\"false\" data-tab=\"3\" role=\"tab\" tabindex=\"-1\" aria-controls=\"elementor-tab-content-6873\" aria-expanded=\"false\">Faaliyet ve Etkinlikler<\/div>\n\t\t\t\t\t\t\t\t\t<div id=\"elementor-tab-title-6874\" class=\"elementor-tab-title elementor-tab-desktop-title\" aria-selected=\"false\" data-tab=\"4\" role=\"tab\" tabindex=\"-1\" aria-controls=\"elementor-tab-content-6874\" aria-expanded=\"false\">Bilimsel \u00c7al\u0131\u015fmalar<\/div>\n\t\t\t\t\t\t\t\t\t<div id=\"elementor-tab-title-6875\" class=\"elementor-tab-title elementor-tab-desktop-title\" aria-selected=\"false\" data-tab=\"5\" role=\"tab\" tabindex=\"-1\" aria-controls=\"elementor-tab-content-6875\" aria-expanded=\"false\">\u0130leti\u015fim<\/div>\n\t\t\t\t\t\t\t<\/div>\n\t\t\t<div class=\"elementor-tabs-content-wrapper\" role=\"tablist\" aria-orientation=\"vertical\">\n\t\t\t\t\t\t\t\t\t<div class=\"elementor-tab-title elementor-tab-mobile-title\" aria-selected=\"true\" data-tab=\"1\" role=\"tab\" tabindex=\"0\" aria-controls=\"elementor-tab-content-6871\" aria-expanded=\"false\">Kul\u00fcp Y\u00f6netimi<\/div>\n\t\t\t\t\t<div id=\"elementor-tab-content-6871\" class=\"elementor-tab-content elementor-clearfix\" data-tab=\"1\" role=\"tabpanel\" aria-labelledby=\"elementor-tab-title-6871\" tabindex=\"0\" hidden=\"false\"><p style=\"text-align: center\"><span style=\"color: #000080\"><span style=\"font-weight: bolder\">Akademik Dan\u0131\u015fman<\/span><\/span><br \/><span style=\"color: #333333\">Do\u00e7. Dr. Esra \u00c7INAR TANRIVERD\u0130<\/span><\/p>\n<p style=\"text-align: center\"><span style=\"color: #800000\"><span style=\"font-weight: bolder\">Kul\u00fcp Ba\u015fkan\u0131<\/span><\/span><br \/><span style=\"color: #333333\">Furkan \u00dcNEY<\/span><\/p>\n<p style=\"text-align: center\"><span style=\"color: #800000\"><span style=\"font-weight: bolder\">Ba\u015fkan Yard\u0131mc\u0131s\u0131<\/span><\/span><br \/><span style=\"color: #333333\">\u00d6mer Faruk KELE\u015e<\/span><\/p>\n<p><!-- \/wp:paragraph --><\/p><\/div>\n\t\t\t\t\t\t\t\t\t<div class=\"elementor-tab-title elementor-tab-mobile-title\" aria-selected=\"false\" data-tab=\"2\" role=\"tab\" tabindex=\"-1\" aria-controls=\"elementor-tab-content-6872\" aria-expanded=\"false\">Vizyon ve Misyon<\/div>\n\t\t\t\t\t<div id=\"elementor-tab-content-6872\" class=\"elementor-tab-content elementor-clearfix\" data-tab=\"2\" role=\"tabpanel\" aria-labelledby=\"elementor-tab-title-6872\" tabindex=\"0\" hidden=\"hidden\"><\/div>\n\t\t\t\t\t\t\t\t\t<div class=\"elementor-tab-title elementor-tab-mobile-title\" aria-selected=\"false\" data-tab=\"3\" role=\"tab\" tabindex=\"-1\" aria-controls=\"elementor-tab-content-6873\" aria-expanded=\"false\">Faaliyet ve Etkinlikler<\/div>\n\t\t\t\t\t<div id=\"elementor-tab-content-6873\" class=\"elementor-tab-content elementor-clearfix\" data-tab=\"3\" role=\"tabpanel\" aria-labelledby=\"elementor-tab-title-6873\" tabindex=\"0\" hidden=\"hidden\"><\/div>\n\t\t\t\t\t\t\t\t\t<div class=\"elementor-tab-title elementor-tab-mobile-title\" aria-selected=\"false\" data-tab=\"4\" role=\"tab\" tabindex=\"-1\" aria-controls=\"elementor-tab-content-6874\" aria-expanded=\"false\">Bilimsel \u00c7al\u0131\u015fmalar<\/div>\n\t\t\t\t\t<div id=\"elementor-tab-content-6874\" class=\"elementor-tab-content elementor-clearfix\" data-tab=\"4\" role=\"tabpanel\" aria-labelledby=\"elementor-tab-title-6874\" tabindex=\"0\" hidden=\"hidden\"><\/div>\n\t\t\t\t\t\t\t\t\t<div class=\"elementor-tab-title elementor-tab-mobile-title\" aria-selected=\"false\" data-tab=\"5\" role=\"tab\" tabindex=\"-1\" aria-controls=\"elementor-tab-content-6875\" aria-expanded=\"false\">\u0130leti\u015fim<\/div>\n\t\t\t\t\t<div id=\"elementor-tab-content-6875\" class=\"elementor-tab-content elementor-clearfix\" data-tab=\"5\" role=\"tabpanel\" aria-labelledby=\"elementor-tab-title-6875\" tabindex=\"0\" hidden=\"hidden\"><\/div>\n\t\t\t\t\t\t\t<\/div>\n\t\t<\/div>\n\t\t\t\t\t\t<\/div>\n\t\t\t\t<\/div>\n\t\t\t\t\t<\/div>\n\t\t<\/div>\n\t\t\t\t\t<\/div>\n\t\t<\/section>\n\t\t\t\t<section class=\"elementor-section elementor-top-section elementor-element elementor-element-0680496 elementor-section-boxed elementor-section-height-default elementor-section-height-default\" data-id=\"0680496\" data-element_type=\"section\">\n\t\t\t\t\t\t<div class=\"elementor-container elementor-column-gap-default\">\n\t\t\t\t\t<div class=\"elementor-column elementor-col-100 elementor-top-column elementor-element elementor-element-6d9a565\" data-id=\"6d9a565\" data-element_type=\"column\">\n\t\t\t<div class=\"elementor-widget-wrap elementor-element-populated\">\n\t\t\t\t\t\t<div class=\"elementor-element elementor-element-2924183 elementor-widget elementor-widget-gallery\" data-id=\"2924183\" data-element_type=\"widget\" data-settings=\"{&quot;lazyload&quot;:&quot;yes&quot;,&quot;gallery_layout&quot;:&quot;grid&quot;,&quot;columns&quot;:4,&quot;columns_tablet&quot;:2,&quot;columns_mobile&quot;:1,&quot;gap&quot;:{&quot;unit&quot;:&quot;px&quot;,&quot;size&quot;:10,&quot;sizes&quot;:[]},&quot;gap_tablet&quot;:{&quot;unit&quot;:&quot;px&quot;,&quot;size&quot;:10,&quot;sizes&quot;:[]},&quot;gap_mobile&quot;:{&quot;unit&quot;:&quot;px&quot;,&quot;size&quot;:10,&quot;sizes&quot;:[]},&quot;link_to&quot;:&quot;file&quot;,&quot;aspect_ratio&quot;:&quot;3:2&quot;,&quot;overlay_background&quot;:&quot;yes&quot;,&quot;content_hover_animation&quot;:&quot;fade-in&quot;}\" data-widget_type=\"gallery.default\">\n\t\t\t\t<div class=\"elementor-widget-container\">\n\t\t\t\t\t\t\t<div class=\"elementor-gallery__container\">\n\t\t\t\t\t\t\t<a class=\"e-gallery-item elementor-gallery-item elementor-animated-content\" href=\"https:\/\/atauni.edu.tr\/tip-fakultesi\/wp-content\/uploads\/sites\/73\/2020\/07\/6-3.jpg\" data-elementor-open-lightbox=\"yes\" data-elementor-lightbox-slideshow=\"2924183\" data-elementor-lightbox-title=\"6\" data-e-action-hash=\"#elementor-action%3Aaction%3Dlightbox%26settings%3DeyJpZCI6MTEyMjksInVybCI6Imh0dHBzOlwvXC9hdGF1bmkuZWR1LnRyXC90aXAtZmFrdWx0ZXNpXC93cC1jb250ZW50XC91cGxvYWRzXC9zaXRlc1wvNzNcLzIwMjBcLzA3XC82LTMuanBnIiwic2xpZGVzaG93IjoiMjkyNDE4MyJ9\">\n\t\t\t\t\t<div class=\"e-gallery-image elementor-gallery-item__image\" data-thumbnail=\"https:\/\/atauni.edu.tr\/tip-fakultesi\/wp-content\/uploads\/sites\/73\/2020\/07\/6-3-300x225.jpg\" data-width=\"300\" data-height=\"225\" aria-label=\"\" role=\"img\" ><\/div>\n\t\t\t\t\t\t\t\t\t\t\t<div class=\"elementor-gallery-item__overlay\"><\/div>\n\t\t\t\t\t\t\t\t\t\t\t\t\t\t<\/a>\n\t\t\t\t\t\t\t<a class=\"e-gallery-item elementor-gallery-item elementor-animated-content\" href=\"https:\/\/atauni.edu.tr\/tip-fakultesi\/wp-content\/uploads\/sites\/73\/2020\/07\/8-4.jpg\" data-elementor-open-lightbox=\"yes\" data-elementor-lightbox-slideshow=\"2924183\" data-elementor-lightbox-title=\"8\" data-e-action-hash=\"#elementor-action%3Aaction%3Dlightbox%26settings%3DeyJpZCI6MTEyMzEsInVybCI6Imh0dHBzOlwvXC9hdGF1bmkuZWR1LnRyXC90aXAtZmFrdWx0ZXNpXC93cC1jb250ZW50XC91cGxvYWRzXC9zaXRlc1wvNzNcLzIwMjBcLzA3XC84LTQuanBnIiwic2xpZGVzaG93IjoiMjkyNDE4MyJ9\">\n\t\t\t\t\t<div class=\"e-gallery-image elementor-gallery-item__image\" data-thumbnail=\"https:\/\/atauni.edu.tr\/tip-fakultesi\/wp-content\/uploads\/sites\/73\/2020\/07\/8-4-300x225.jpg\" data-width=\"300\" data-height=\"225\" aria-label=\"\" role=\"img\" ><\/div>\n\t\t\t\t\t\t\t\t\t\t\t<div class=\"elementor-gallery-item__overlay\"><\/div>\n\t\t\t\t\t\t\t\t\t\t\t\t\t\t<\/a>\n\t\t\t\t\t\t\t<a class=\"e-gallery-item elementor-gallery-item elementor-animated-content\" href=\"https:\/\/atauni.edu.tr\/tip-fakultesi\/wp-content\/uploads\/sites\/73\/2020\/07\/1-2.jpg\" data-elementor-open-lightbox=\"yes\" data-elementor-lightbox-slideshow=\"2924183\" data-elementor-lightbox-title=\"1\" data-e-action-hash=\"#elementor-action%3Aaction%3Dlightbox%26settings%3DeyJpZCI6MTEyMjUsInVybCI6Imh0dHBzOlwvXC9hdGF1bmkuZWR1LnRyXC90aXAtZmFrdWx0ZXNpXC93cC1jb250ZW50XC91cGxvYWRzXC9zaXRlc1wvNzNcLzIwMjBcLzA3XC8xLTIuanBnIiwic2xpZGVzaG93IjoiMjkyNDE4MyJ9\">\n\t\t\t\t\t<div class=\"e-gallery-image elementor-gallery-item__image\" data-thumbnail=\"https:\/\/atauni.edu.tr\/tip-fakultesi\/wp-content\/uploads\/sites\/73\/2020\/07\/1-2-300x225.jpg\" data-width=\"300\" data-height=\"225\" aria-label=\"\" role=\"img\" ><\/div>\n\t\t\t\t\t\t\t\t\t\t\t<div class=\"elementor-gallery-item__overlay\"><\/div>\n\t\t\t\t\t\t\t\t\t\t\t\t\t\t<\/a>\n\t\t\t\t\t\t\t<a class=\"e-gallery-item elementor-gallery-item elementor-animated-content\" href=\"https:\/\/atauni.edu.tr\/tip-fakultesi\/wp-content\/uploads\/sites\/73\/2020\/07\/2-3.jpg\" data-elementor-open-lightbox=\"yes\" data-elementor-lightbox-slideshow=\"2924183\" data-elementor-lightbox-title=\"2\" data-e-action-hash=\"#elementor-action%3Aaction%3Dlightbox%26settings%3DeyJpZCI6MTEyMjYsInVybCI6Imh0dHBzOlwvXC9hdGF1bmkuZWR1LnRyXC90aXAtZmFrdWx0ZXNpXC93cC1jb250ZW50XC91cGxvYWRzXC9zaXRlc1wvNzNcLzIwMjBcLzA3XC8yLTMuanBnIiwic2xpZGVzaG93IjoiMjkyNDE4MyJ9\">\n\t\t\t\t\t<div class=\"e-gallery-image elementor-gallery-item__image\" data-thumbnail=\"https:\/\/atauni.edu.tr\/tip-fakultesi\/wp-content\/uploads\/sites\/73\/2020\/07\/2-3-300x169.jpg\" data-width=\"300\" data-height=\"169\" aria-label=\"\" role=\"img\" ><\/div>\n\t\t\t\t\t\t\t\t\t\t\t<div class=\"elementor-gallery-item__overlay\"><\/div>\n\t\t\t\t\t\t\t\t\t\t\t\t\t\t<\/a>\n\t\t\t\t\t\t\t<a class=\"e-gallery-item elementor-gallery-item elementor-animated-content\" href=\"https:\/\/atauni.edu.tr\/tip-fakultesi\/wp-content\/uploads\/sites\/73\/2020\/07\/7-3.jpg\" data-elementor-open-lightbox=\"yes\" data-elementor-lightbox-slideshow=\"2924183\" data-elementor-lightbox-title=\"7\" data-e-action-hash=\"#elementor-action%3Aaction%3Dlightbox%26settings%3DeyJpZCI6MTEyMzAsInVybCI6Imh0dHBzOlwvXC9hdGF1bmkuZWR1LnRyXC90aXAtZmFrdWx0ZXNpXC93cC1jb250ZW50XC91cGxvYWRzXC9zaXRlc1wvNzNcLzIwMjBcLzA3XC83LTMuanBnIiwic2xpZGVzaG93IjoiMjkyNDE4MyJ9\">\n\t\t\t\t\t<div class=\"e-gallery-image elementor-gallery-item__image\" data-thumbnail=\"https:\/\/atauni.edu.tr\/tip-fakultesi\/wp-content\/uploads\/sites\/73\/2020\/07\/7-3-300x225.jpg\" data-width=\"300\" data-height=\"225\" aria-label=\"\" role=\"img\" ><\/div>\n\t\t\t\t\t\t\t\t\t\t\t<div class=\"elementor-gallery-item__overlay\"><\/div>\n\t\t\t\t\t\t\t\t\t\t\t\t\t\t<\/a>\n\t\t\t\t\t\t\t<a class=\"e-gallery-item elementor-gallery-item elementor-animated-content\" href=\"https:\/\/atauni.edu.tr\/tip-fakultesi\/wp-content\/uploads\/sites\/73\/2020\/07\/5-3.jpg\" data-elementor-open-lightbox=\"yes\" data-elementor-lightbox-slideshow=\"2924183\" data-elementor-lightbox-title=\"5\" data-e-action-hash=\"#elementor-action%3Aaction%3Dlightbox%26settings%3DeyJpZCI6MTEyMjgsInVybCI6Imh0dHBzOlwvXC9hdGF1bmkuZWR1LnRyXC90aXAtZmFrdWx0ZXNpXC93cC1jb250ZW50XC91cGxvYWRzXC9zaXRlc1wvNzNcLzIwMjBcLzA3XC81LTMuanBnIiwic2xpZGVzaG93IjoiMjkyNDE4MyJ9\">\n\t\t\t\t\t<div class=\"e-gallery-image elementor-gallery-item__image\" data-thumbnail=\"https:\/\/atauni.edu.tr\/tip-fakultesi\/wp-content\/uploads\/sites\/73\/2020\/07\/5-3-300x200.jpg\" data-width=\"300\" data-height=\"200\" aria-label=\"\" role=\"img\" ><\/div>\n\t\t\t\t\t\t\t\t\t\t\t<div class=\"elementor-gallery-item__overlay\"><\/div>\n\t\t\t\t\t\t\t\t\t\t\t\t\t\t<\/a>\n\t\t\t\t\t\t\t<a class=\"e-gallery-item elementor-gallery-item elementor-animated-content\" href=\"https:\/\/atauni.edu.tr\/tip-fakultesi\/wp-content\/uploads\/sites\/73\/2020\/07\/4-3.jpg\" data-elementor-open-lightbox=\"yes\" data-elementor-lightbox-slideshow=\"2924183\" data-elementor-lightbox-title=\"4\" data-e-action-hash=\"#elementor-action%3Aaction%3Dlightbox%26settings%3DeyJpZCI6MTEyMjcsInVybCI6Imh0dHBzOlwvXC9hdGF1bmkuZWR1LnRyXC90aXAtZmFrdWx0ZXNpXC93cC1jb250ZW50XC91cGxvYWRzXC9zaXRlc1wvNzNcLzIwMjBcLzA3XC80LTMuanBnIiwic2xpZGVzaG93IjoiMjkyNDE4MyJ9\">\n\t\t\t\t\t<div class=\"e-gallery-image elementor-gallery-item__image\" data-thumbnail=\"https:\/\/atauni.edu.tr\/tip-fakultesi\/wp-content\/uploads\/sites\/73\/2020\/07\/4-3-300x169.jpg\" data-width=\"300\" data-height=\"169\" aria-label=\"\" role=\"img\" ><\/div>\n\t\t\t\t\t\t\t\t\t\t\t<div class=\"elementor-gallery-item__overlay\"><\/div>\n\t\t\t\t\t\t\t\t\t\t\t\t\t\t<\/a>\n\t\t\t\t\t\t\t<a class=\"e-gallery-item elementor-gallery-item elementor-animated-content\" href=\"https:\/\/atauni.edu.tr\/tip-fakultesi\/wp-content\/uploads\/sites\/73\/2020\/07\/0bd03c7b-e437-4c77-9b2e-2c78139aaada.jpg\" data-elementor-open-lightbox=\"yes\" data-elementor-lightbox-slideshow=\"2924183\" data-elementor-lightbox-title=\"0bd03c7b-e437-4c77-9b2e-2c78139aaada\" data-e-action-hash=\"#elementor-action%3Aaction%3Dlightbox%26settings%3DeyJpZCI6MTE3MTAsInVybCI6Imh0dHBzOlwvXC9hdGF1bmkuZWR1LnRyXC90aXAtZmFrdWx0ZXNpXC93cC1jb250ZW50XC91cGxvYWRzXC9zaXRlc1wvNzNcLzIwMjBcLzA3XC8wYmQwM2M3Yi1lNDM3LTRjNzctOWIyZS0yYzc4MTM5YWFhZGEuanBnIiwic2xpZGVzaG93IjoiMjkyNDE4MyJ9\">\n\t\t\t\t\t<div class=\"e-gallery-image elementor-gallery-item__image\" data-thumbnail=\"https:\/\/atauni.edu.tr\/tip-fakultesi\/wp-content\/uploads\/sites\/73\/2020\/07\/0bd03c7b-e437-4c77-9b2e-2c78139aaada-300x225.jpg\" data-width=\"300\" data-height=\"225\" aria-label=\"\" role=\"img\" ><\/div>\n\t\t\t\t\t\t\t\t\t\t\t<div class=\"elementor-gallery-item__overlay\"><\/div>\n\t\t\t\t\t\t\t\t\t\t\t\t\t\t<\/a>\n\t\t\t\t\t\t\t<a class=\"e-gallery-item elementor-gallery-item elementor-animated-content\" href=\"https:\/\/atauni.edu.tr\/tip-fakultesi\/wp-content\/uploads\/sites\/73\/2020\/07\/1bdb2edb-f757-427b-a711-ad83e5a3b826.jpg\" data-elementor-open-lightbox=\"yes\" data-elementor-lightbox-slideshow=\"2924183\" data-elementor-lightbox-title=\"1bdb2edb-f757-427b-a711-ad83e5a3b826\" data-e-action-hash=\"#elementor-action%3Aaction%3Dlightbox%26settings%3DeyJpZCI6MTE3MTEsInVybCI6Imh0dHBzOlwvXC9hdGF1bmkuZWR1LnRyXC90aXAtZmFrdWx0ZXNpXC93cC1jb250ZW50XC91cGxvYWRzXC9zaXRlc1wvNzNcLzIwMjBcLzA3XC8xYmRiMmVkYi1mNzU3LTQyN2ItYTcxMS1hZDgzZTVhM2I4MjYuanBnIiwic2xpZGVzaG93IjoiMjkyNDE4MyJ9\">\n\t\t\t\t\t<div class=\"e-gallery-image elementor-gallery-item__image\" data-thumbnail=\"https:\/\/atauni.edu.tr\/tip-fakultesi\/wp-content\/uploads\/sites\/73\/2020\/07\/1bdb2edb-f757-427b-a711-ad83e5a3b826-300x225.jpg\" data-width=\"300\" data-height=\"225\" aria-label=\"\" role=\"img\" ><\/div>\n\t\t\t\t\t\t\t\t\t\t\t<div class=\"elementor-gallery-item__overlay\"><\/div>\n\t\t\t\t\t\t\t\t\t\t\t\t\t\t<\/a>\n\t\t\t\t\t\t\t<a class=\"e-gallery-item elementor-gallery-item elementor-animated-content\" href=\"https:\/\/atauni.edu.tr\/tip-fakultesi\/wp-content\/uploads\/sites\/73\/2020\/07\/2e4fee5d-a681-4288-b874-38ace0c769e7.jpg\" data-elementor-open-lightbox=\"yes\" data-elementor-lightbox-slideshow=\"2924183\" data-elementor-lightbox-title=\"2e4fee5d-a681-4288-b874-38ace0c769e7\" data-e-action-hash=\"#elementor-action%3Aaction%3Dlightbox%26settings%3DeyJpZCI6MTE3MTIsInVybCI6Imh0dHBzOlwvXC9hdGF1bmkuZWR1LnRyXC90aXAtZmFrdWx0ZXNpXC93cC1jb250ZW50XC91cGxvYWRzXC9zaXRlc1wvNzNcLzIwMjBcLzA3XC8yZTRmZWU1ZC1hNjgxLTQyODgtYjg3NC0zOGFjZTBjNzY5ZTcuanBnIiwic2xpZGVzaG93IjoiMjkyNDE4MyJ9\">\n\t\t\t\t\t<div class=\"e-gallery-image elementor-gallery-item__image\" data-thumbnail=\"https:\/\/atauni.edu.tr\/tip-fakultesi\/wp-content\/uploads\/sites\/73\/2020\/07\/2e4fee5d-a681-4288-b874-38ace0c769e7-285x300.jpg\" data-width=\"285\" data-height=\"300\" aria-label=\"\" role=\"img\" ><\/div>\n\t\t\t\t\t\t\t\t\t\t\t<div class=\"elementor-gallery-item__overlay\"><\/div>\n\t\t\t\t\t\t\t\t\t\t\t\t\t\t<\/a>\n\t\t\t\t\t\t\t<a class=\"e-gallery-item elementor-gallery-item elementor-animated-content\" href=\"https:\/\/atauni.edu.tr\/tip-fakultesi\/wp-content\/uploads\/sites\/73\/2020\/07\/5e0e77b7-7606-435a-b77e-2712dbfc98cf.jpg\" data-elementor-open-lightbox=\"yes\" data-elementor-lightbox-slideshow=\"2924183\" data-elementor-lightbox-title=\"5e0e77b7-7606-435a-b77e-2712dbfc98cf\" data-e-action-hash=\"#elementor-action%3Aaction%3Dlightbox%26settings%3DeyJpZCI6MTE3MTMsInVybCI6Imh0dHBzOlwvXC9hdGF1bmkuZWR1LnRyXC90aXAtZmFrdWx0ZXNpXC93cC1jb250ZW50XC91cGxvYWRzXC9zaXRlc1wvNzNcLzIwMjBcLzA3XC81ZTBlNzdiNy03NjA2LTQzNWEtYjc3ZS0yNzEyZGJmYzk4Y2YuanBnIiwic2xpZGVzaG93IjoiMjkyNDE4MyJ9\">\n\t\t\t\t\t<div class=\"e-gallery-image elementor-gallery-item__image\" data-thumbnail=\"https:\/\/atauni.edu.tr\/tip-fakultesi\/wp-content\/uploads\/sites\/73\/2020\/07\/5e0e77b7-7606-435a-b77e-2712dbfc98cf-225x300.jpg\" data-width=\"225\" data-height=\"300\" aria-label=\"\" role=\"img\" ><\/div>\n\t\t\t\t\t\t\t\t\t\t\t<div class=\"elementor-gallery-item__overlay\"><\/div>\n\t\t\t\t\t\t\t\t\t\t\t\t\t\t<\/a>\n\t\t\t\t\t\t\t<a class=\"e-gallery-item elementor-gallery-item elementor-animated-content\" href=\"https:\/\/atauni.edu.tr\/tip-fakultesi\/wp-content\/uploads\/sites\/73\/2020\/07\/9de669d1-b72e-40c4-984f-3210360ee0ca.jpg\" data-elementor-open-lightbox=\"yes\" data-elementor-lightbox-slideshow=\"2924183\" data-elementor-lightbox-title=\"9de669d1-b72e-40c4-984f-3210360ee0ca\" data-e-action-hash=\"#elementor-action%3Aaction%3Dlightbox%26settings%3DeyJpZCI6MTE3MTQsInVybCI6Imh0dHBzOlwvXC9hdGF1bmkuZWR1LnRyXC90aXAtZmFrdWx0ZXNpXC93cC1jb250ZW50XC91cGxvYWRzXC9zaXRlc1wvNzNcLzIwMjBcLzA3XC85ZGU2NjlkMS1iNzJlLTQwYzQtOTg0Zi0zMjEwMzYwZWUwY2EuanBnIiwic2xpZGVzaG93IjoiMjkyNDE4MyJ9\">\n\t\t\t\t\t<div class=\"e-gallery-image elementor-gallery-item__image\" data-thumbnail=\"https:\/\/atauni.edu.tr\/tip-fakultesi\/wp-content\/uploads\/sites\/73\/2020\/07\/9de669d1-b72e-40c4-984f-3210360ee0ca-300x225.jpg\" data-width=\"300\" data-height=\"225\" aria-label=\"\" role=\"img\" ><\/div>\n\t\t\t\t\t\t\t\t\t\t\t<div class=\"elementor-gallery-item__overlay\"><\/div>\n\t\t\t\t\t\t\t\t\t\t\t\t\t\t<\/a>\n\t\t\t\t\t\t\t<a class=\"e-gallery-item elementor-gallery-item elementor-animated-content\" href=\"https:\/\/atauni.edu.tr\/tip-fakultesi\/wp-content\/uploads\/sites\/73\/2020\/07\/2242ec4e-cbd0-4436-881e-3e0d3aabc69e.jpg\" data-elementor-open-lightbox=\"yes\" data-elementor-lightbox-slideshow=\"2924183\" data-elementor-lightbox-title=\"2242ec4e-cbd0-4436-881e-3e0d3aabc69e\" data-e-action-hash=\"#elementor-action%3Aaction%3Dlightbox%26settings%3DeyJpZCI6MTE3MTYsInVybCI6Imh0dHBzOlwvXC9hdGF1bmkuZWR1LnRyXC90aXAtZmFrdWx0ZXNpXC93cC1jb250ZW50XC91cGxvYWRzXC9zaXRlc1wvNzNcLzIwMjBcLzA3XC8yMjQyZWM0ZS1jYmQwLTQ0MzYtODgxZS0zZTBkM2FhYmM2OWUuanBnIiwic2xpZGVzaG93IjoiMjkyNDE4MyJ9\">\n\t\t\t\t\t<div class=\"e-gallery-image elementor-gallery-item__image\" data-thumbnail=\"https:\/\/atauni.edu.tr\/tip-fakultesi\/wp-content\/uploads\/sites\/73\/2020\/07\/2242ec4e-cbd0-4436-881e-3e0d3aabc69e-300x225.jpg\" data-width=\"300\" data-height=\"225\" aria-label=\"\" role=\"img\" ><\/div>\n\t\t\t\t\t\t\t\t\t\t\t<div class=\"elementor-gallery-item__overlay\"><\/div>\n\t\t\t\t\t\t\t\t\t\t\t\t\t\t<\/a>\n\t\t\t\t\t\t\t<a class=\"e-gallery-item elementor-gallery-item elementor-animated-content\" href=\"https:\/\/atauni.edu.tr\/tip-fakultesi\/wp-content\/uploads\/sites\/73\/2020\/07\/23104192-56e4-4cf4-b6c4-fd3b492f6639.jpg\" data-elementor-open-lightbox=\"yes\" data-elementor-lightbox-slideshow=\"2924183\" data-elementor-lightbox-title=\"23104192-56e4-4cf4-b6c4-fd3b492f6639\" data-e-action-hash=\"#elementor-action%3Aaction%3Dlightbox%26settings%3DeyJpZCI6MTE3MTcsInVybCI6Imh0dHBzOlwvXC9hdGF1bmkuZWR1LnRyXC90aXAtZmFrdWx0ZXNpXC93cC1jb250ZW50XC91cGxvYWRzXC9zaXRlc1wvNzNcLzIwMjBcLzA3XC8yMzEwNDE5Mi01NmU0LTRjZjQtYjZjNC1mZDNiNDkyZjY2MzkuanBnIiwic2xpZGVzaG93IjoiMjkyNDE4MyJ9\">\n\t\t\t\t\t<div class=\"e-gallery-image elementor-gallery-item__image\" data-thumbnail=\"https:\/\/atauni.edu.tr\/tip-fakultesi\/wp-content\/uploads\/sites\/73\/2020\/07\/23104192-56e4-4cf4-b6c4-fd3b492f6639-225x300.jpg\" data-width=\"225\" data-height=\"300\" aria-label=\"\" role=\"img\" ><\/div>\n\t\t\t\t\t\t\t\t\t\t\t<div class=\"elementor-gallery-item__overlay\"><\/div>\n\t\t\t\t\t\t\t\t\t\t\t\t\t\t<\/a>\n\t\t\t\t\t\t\t<a class=\"e-gallery-item elementor-gallery-item elementor-animated-content\" href=\"https:\/\/atauni.edu.tr\/tip-fakultesi\/wp-content\/uploads\/sites\/73\/2020\/07\/cb8cf808-855f-4c46-b6e1-e61b14549d96.jpg\" data-elementor-open-lightbox=\"yes\" data-elementor-lightbox-slideshow=\"2924183\" data-elementor-lightbox-title=\"cb8cf808-855f-4c46-b6e1-e61b14549d96\" data-e-action-hash=\"#elementor-action%3Aaction%3Dlightbox%26settings%3DeyJpZCI6MTE3MTgsInVybCI6Imh0dHBzOlwvXC9hdGF1bmkuZWR1LnRyXC90aXAtZmFrdWx0ZXNpXC93cC1jb250ZW50XC91cGxvYWRzXC9zaXRlc1wvNzNcLzIwMjBcLzA3XC9jYjhjZjgwOC04NTVmLTRjNDYtYjZlMS1lNjFiMTQ1NDlkOTYuanBnIiwic2xpZGVzaG93IjoiMjkyNDE4MyJ9\">\n\t\t\t\t\t<div class=\"e-gallery-image elementor-gallery-item__image\" data-thumbnail=\"https:\/\/atauni.edu.tr\/tip-fakultesi\/wp-content\/uploads\/sites\/73\/2020\/07\/cb8cf808-855f-4c46-b6e1-e61b14549d96-300x225.jpg\" data-width=\"300\" data-height=\"225\" aria-label=\"\" role=\"img\" ><\/div>\n\t\t\t\t\t\t\t\t\t\t\t<div class=\"elementor-gallery-item__overlay\"><\/div>\n\t\t\t\t\t\t\t\t\t\t\t\t\t\t<\/a>\n\t\t\t\t\t<\/div>\n\t\t\t\t\t<\/div>\n\t\t\t\t<\/div>\n\t\t\t\t\t<\/div>\n\t\t<\/div>\n\t\t\t\t\t<\/div>\n\t\t<\/section>\n\t\t\t\t<section class=\"elementor-section elementor-top-section elementor-element elementor-element-f0bb6b0 elementor-section-boxed elementor-section-height-default elementor-section-height-default\" data-id=\"f0bb6b0\" data-element_type=\"section\">\n\t\t\t\t\t\t<div class=\"elementor-container elementor-column-gap-default\">\n\t\t\t\t\t<div class=\"elementor-column elementor-col-100 elementor-top-column elementor-element elementor-element-12891e3\" data-id=\"12891e3\" data-element_type=\"column\">\n\t\t\t<div class=\"elementor-widget-wrap\">\n\t\t\t\t\t\t\t<\/div>\n\t\t<\/div>\n\t\t\t\t\t<\/div>\n\t\t<\/section>\n\t\t\t\t<\/div>\n\t\t","protected":false},"excerpt":{"rendered":"<p>Kul\u00fcp Y\u00f6netimi Vizyon ve Misyon Faaliyet ve Etkinlikler Bilimsel \u00c7al\u0131\u015fmalar \u0130leti\u015fim Kul\u00fcp Y\u00f6netimi Akademik Dan\u0131\u015fmanDo\u00e7. Dr. Esra \u00c7INAR TANRIVERD\u0130 Kul\u00fcp Ba\u015fkan\u0131Furkan \u00dcNEY Ba\u015fkan Yard\u0131mc\u0131s\u0131\u00d6mer Faruk KELE\u015e Vizyon ve Misyon Faaliyet ve Etkinlikler Bilimsel \u00c7al\u0131\u015fmalar \u0130leti\u015fim<\/p>\n","protected":false},"author":231,"featured_media":0,"parent":0,"menu_order":0,"comment_status":"closed","ping_status":"closed","template":"","meta":{"footnotes":""},"class_list":["post-6865","page","type-page","status-publish","hentry"],"_links":{"self":[{"href":"https:\/\/atauni.edu.tr\/tip-fakultesi\/wp-json\/wp\/v2\/pages\/6865","targetHints":{"allow":["GET"]}}],"collection":[{"href":"https:\/\/atauni.edu.tr\/tip-fakultesi\/wp-json\/wp\/v2\/pages"}],"about":[{"href":"https:\/\/atauni.edu.tr\/tip-fakultesi\/wp-json\/wp\/v2\/types\/page"}],"author":[{"embeddable":true,"href":"https:\/\/atauni.edu.tr\/tip-fakultesi\/wp-json\/wp\/v2\/users\/231"}],"replies":[{"embeddable":true,"href":"https:\/\/atauni.edu.tr\/tip-fakultesi\/wp-json\/wp\/v2\/comments?post=6865"}],"version-history":[{"count":26,"href":"https:\/\/atauni.edu.tr\/tip-fakultesi\/wp-json\/wp\/v2\/pages\/6865\/revisions"}],"predecessor-version":[{"id":19962,"href":"https:\/\/atauni.edu.tr\/tip-fakultesi\/wp-json\/wp\/v2\/pages\/6865\/revisions\/19962"}],"wp:attachment":[{"href":"https:\/\/atauni.edu.tr\/tip-fakultesi\/wp-json\/wp\/v2\/media?parent=6865"}],"curies":[{"name":"wp","href":"https:\/\/api.w.org\/{rel}","templated":true}]}}