{"id":6891,"date":"2021-12-08T15:51:04","date_gmt":"2021-12-08T12:51:04","guid":{"rendered":"https:\/\/birimler.atauni.edu.tr\/tip-fakultesi\/?page_id=6891"},"modified":"2024-01-22T14:54:34","modified_gmt":"2024-01-22T11:54:34","slug":"saglik","status":"publish","type":"page","link":"https:\/\/atauni.edu.tr\/tip-fakultesi\/saglik\/","title":{"rendered":"Sa\u011fl\u0131k 4.0 Toplulu\u011fu"},"content":{"rendered":"\t\t<div data-elementor-type=\"wp-page\" data-elementor-id=\"6891\" class=\"elementor elementor-6891\" data-elementor-post-type=\"page\">\n\t\t\t\t\t\t<section class=\"elementor-section elementor-top-section elementor-element elementor-element-2957abce elementor-section-boxed elementor-section-height-default elementor-section-height-default\" data-id=\"2957abce\" data-element_type=\"section\">\n\t\t\t\t\t\t<div class=\"elementor-container elementor-column-gap-default\">\n\t\t\t\t\t<div class=\"elementor-column elementor-col-100 elementor-top-column elementor-element elementor-element-5069115a\" data-id=\"5069115a\" data-element_type=\"column\">\n\t\t\t<div class=\"elementor-widget-wrap elementor-element-populated\">\n\t\t\t\t\t\t<div class=\"elementor-element elementor-element-372d5224 elementor-widget elementor-widget-text-editor\" data-id=\"372d5224\" data-element_type=\"widget\" data-widget_type=\"text-editor.default\">\n\t\t\t\t<div class=\"elementor-widget-container\">\n\t\t\t\t\t\t\t\t\t<p style=\"text-align: center\"><span style=\"text-decoration: underline\"><span style=\"color: #000080\"><span style=\"font-weight: bolder\">Akademik Dan\u0131\u015fman<\/span><\/span><\/span><br \/><span style=\"color: #333333\">Prof. Dr. M. Hamidullah UYANIK<\/span><\/p><p style=\"text-align: center\"><span style=\"text-decoration: underline\"><span style=\"color: #800000\"><span style=\"font-weight: bolder\">Kul\u00fcp Ba\u015fkan\u0131<\/span><\/span><\/span><br \/><span style=\"color: #333333\">Gizem G\u00dcNE\u015e<\/span><\/p><p style=\"text-align: center\"><span style=\"text-decoration: underline\"><span style=\"color: #800000\"><span style=\"font-weight: bolder\">Ba\u015fkan Yard\u0131mc\u0131s\u0131<\/span><\/span><\/span><br \/><span style=\"color: #333333\">Ahmet A\u015eIK<\/span><\/p>\t\t\t\t\t\t\t\t<\/div>\n\t\t\t\t<\/div>\n\t\t\t\t\t<\/div>\n\t\t<\/div>\n\t\t\t\t\t<\/div>\n\t\t<\/section>\n\t\t\t\t<section class=\"elementor-section elementor-top-section elementor-element elementor-element-1ece5a1 elementor-section-boxed elementor-section-height-default elementor-section-height-default\" data-id=\"1ece5a1\" data-element_type=\"section\">\n\t\t\t\t\t\t<div class=\"elementor-container elementor-column-gap-default\">\n\t\t\t\t\t<div class=\"elementor-column elementor-col-100 elementor-top-column elementor-element elementor-element-f3e70ae\" data-id=\"f3e70ae\" data-element_type=\"column\">\n\t\t\t<div class=\"elementor-widget-wrap elementor-element-populated\">\n\t\t\t\t\t\t<div class=\"elementor-element elementor-element-22259fc elementor-widget elementor-widget-gallery\" data-id=\"22259fc\" data-element_type=\"widget\" data-settings=\"{&quot;lazyload&quot;:&quot;yes&quot;,&quot;gallery_layout&quot;:&quot;grid&quot;,&quot;columns&quot;:4,&quot;columns_tablet&quot;:2,&quot;columns_mobile&quot;:1,&quot;gap&quot;:{&quot;unit&quot;:&quot;px&quot;,&quot;size&quot;:10,&quot;sizes&quot;:[]},&quot;gap_tablet&quot;:{&quot;unit&quot;:&quot;px&quot;,&quot;size&quot;:10,&quot;sizes&quot;:[]},&quot;gap_mobile&quot;:{&quot;unit&quot;:&quot;px&quot;,&quot;size&quot;:10,&quot;sizes&quot;:[]},&quot;link_to&quot;:&quot;file&quot;,&quot;aspect_ratio&quot;:&quot;3:2&quot;,&quot;overlay_background&quot;:&quot;yes&quot;,&quot;content_hover_animation&quot;:&quot;fade-in&quot;}\" data-widget_type=\"gallery.default\">\n\t\t\t\t<div class=\"elementor-widget-container\">\n\t\t\t\t\t\t\t<div class=\"elementor-gallery__container\">\n\t\t\t\t\t\t\t<a class=\"e-gallery-item elementor-gallery-item elementor-animated-content\" href=\"https:\/\/atauni.edu.tr\/tip-fakultesi\/wp-content\/uploads\/sites\/73\/2020\/07\/d31bffef-fbb8-4032-b78a-1775f81beb7f.jpg\" data-elementor-open-lightbox=\"yes\" data-elementor-lightbox-slideshow=\"22259fc\" data-elementor-lightbox-title=\"d31bffef-fbb8-4032-b78a-1775f81beb7f\" data-e-action-hash=\"#elementor-action%3Aaction%3Dlightbox%26settings%3DeyJpZCI6MTEzODEsInVybCI6Imh0dHBzOlwvXC9hdGF1bmkuZWR1LnRyXC90aXAtZmFrdWx0ZXNpXC93cC1jb250ZW50XC91cGxvYWRzXC9zaXRlc1wvNzNcLzIwMjBcLzA3XC9kMzFiZmZlZi1mYmI4LTQwMzItYjc4YS0xNzc1ZjgxYmViN2YuanBnIiwic2xpZGVzaG93IjoiMjIyNTlmYyJ9\">\n\t\t\t\t\t<div class=\"e-gallery-image elementor-gallery-item__image\" data-thumbnail=\"https:\/\/atauni.edu.tr\/tip-fakultesi\/wp-content\/uploads\/sites\/73\/2020\/07\/d31bffef-fbb8-4032-b78a-1775f81beb7f-135x300.jpg\" data-width=\"135\" data-height=\"300\" aria-label=\"\" role=\"img\" ><\/div>\n\t\t\t\t\t\t\t\t\t\t\t<div class=\"elementor-gallery-item__overlay\"><\/div>\n\t\t\t\t\t\t\t\t\t\t\t\t\t\t<\/a>\n\t\t\t\t\t\t\t<a class=\"e-gallery-item elementor-gallery-item elementor-animated-content\" href=\"https:\/\/atauni.edu.tr\/tip-fakultesi\/wp-content\/uploads\/sites\/73\/2020\/07\/ce3f0338-8284-43f1-a502-630290b8ea55.jpg\" data-elementor-open-lightbox=\"yes\" data-elementor-lightbox-slideshow=\"22259fc\" data-elementor-lightbox-title=\"ce3f0338-8284-43f1-a502-630290b8ea55\" data-e-action-hash=\"#elementor-action%3Aaction%3Dlightbox%26settings%3DeyJpZCI6MTEzODAsInVybCI6Imh0dHBzOlwvXC9hdGF1bmkuZWR1LnRyXC90aXAtZmFrdWx0ZXNpXC93cC1jb250ZW50XC91cGxvYWRzXC9zaXRlc1wvNzNcLzIwMjBcLzA3XC9jZTNmMDMzOC04Mjg0LTQzZjEtYTUwMi02MzAyOTBiOGVhNTUuanBnIiwic2xpZGVzaG93IjoiMjIyNTlmYyJ9\">\n\t\t\t\t\t<div class=\"e-gallery-image elementor-gallery-item__image\" data-thumbnail=\"https:\/\/atauni.edu.tr\/tip-fakultesi\/wp-content\/uploads\/sites\/73\/2020\/07\/ce3f0338-8284-43f1-a502-630290b8ea55-300x285.jpg\" data-width=\"300\" data-height=\"285\" aria-label=\"\" role=\"img\" ><\/div>\n\t\t\t\t\t\t\t\t\t\t\t<div class=\"elementor-gallery-item__overlay\"><\/div>\n\t\t\t\t\t\t\t\t\t\t\t\t\t\t<\/a>\n\t\t\t\t\t\t\t<a class=\"e-gallery-item elementor-gallery-item elementor-animated-content\" href=\"https:\/\/atauni.edu.tr\/tip-fakultesi\/wp-content\/uploads\/sites\/73\/2020\/07\/24e5926f-5885-4597-8eff-13e2656b46c1.jpg\" data-elementor-open-lightbox=\"yes\" data-elementor-lightbox-slideshow=\"22259fc\" data-elementor-lightbox-title=\"24e5926f-5885-4597-8eff-13e2656b46c1\" data-e-action-hash=\"#elementor-action%3Aaction%3Dlightbox%26settings%3DeyJpZCI6MTEzNzgsInVybCI6Imh0dHBzOlwvXC9hdGF1bmkuZWR1LnRyXC90aXAtZmFrdWx0ZXNpXC93cC1jb250ZW50XC91cGxvYWRzXC9zaXRlc1wvNzNcLzIwMjBcLzA3XC8yNGU1OTI2Zi01ODg1LTQ1OTctOGVmZi0xM2UyNjU2YjQ2YzEuanBnIiwic2xpZGVzaG93IjoiMjIyNTlmYyJ9\">\n\t\t\t\t\t<div class=\"e-gallery-image elementor-gallery-item__image\" data-thumbnail=\"https:\/\/atauni.edu.tr\/tip-fakultesi\/wp-content\/uploads\/sites\/73\/2020\/07\/24e5926f-5885-4597-8eff-13e2656b46c1-225x300.jpg\" data-width=\"225\" data-height=\"300\" aria-label=\"\" role=\"img\" ><\/div>\n\t\t\t\t\t\t\t\t\t\t\t<div class=\"elementor-gallery-item__overlay\"><\/div>\n\t\t\t\t\t\t\t\t\t\t\t\t\t\t<\/a>\n\t\t\t\t\t\t\t<a class=\"e-gallery-item elementor-gallery-item elementor-animated-content\" href=\"https:\/\/atauni.edu.tr\/tip-fakultesi\/wp-content\/uploads\/sites\/73\/2020\/07\/49912bd4-44f0-4951-8664-6c35b38260ca.jpg\" data-elementor-open-lightbox=\"yes\" data-elementor-lightbox-slideshow=\"22259fc\" data-elementor-lightbox-title=\"49912bd4-44f0-4951-8664-6c35b38260ca\" data-e-action-hash=\"#elementor-action%3Aaction%3Dlightbox%26settings%3DeyJpZCI6MTEzNzksInVybCI6Imh0dHBzOlwvXC9hdGF1bmkuZWR1LnRyXC90aXAtZmFrdWx0ZXNpXC93cC1jb250ZW50XC91cGxvYWRzXC9zaXRlc1wvNzNcLzIwMjBcLzA3XC80OTkxMmJkNC00NGYwLTQ5NTEtODY2NC02YzM1YjM4MjYwY2EuanBnIiwic2xpZGVzaG93IjoiMjIyNTlmYyJ9\">\n\t\t\t\t\t<div class=\"e-gallery-image elementor-gallery-item__image\" data-thumbnail=\"https:\/\/atauni.edu.tr\/tip-fakultesi\/wp-content\/uploads\/sites\/73\/2020\/07\/49912bd4-44f0-4951-8664-6c35b38260ca-300x224.jpg\" data-width=\"300\" data-height=\"224\" aria-label=\"\" role=\"img\" ><\/div>\n\t\t\t\t\t\t\t\t\t\t\t<div class=\"elementor-gallery-item__overlay\"><\/div>\n\t\t\t\t\t\t\t\t\t\t\t\t\t\t<\/a>\n\t\t\t\t\t<\/div>\n\t\t\t\t\t<\/div>\n\t\t\t\t<\/div>\n\t\t\t\t\t<\/div>\n\t\t<\/div>\n\t\t\t\t\t<\/div>\n\t\t<\/section>\n\t\t\t\t<\/div>\n\t\t","protected":false},"excerpt":{"rendered":"<p>Akademik Dan\u0131\u015fmanProf. Dr. M. Hamidullah UYANIK Kul\u00fcp Ba\u015fkan\u0131Gizem G\u00dcNE\u015e Ba\u015fkan Yard\u0131mc\u0131s\u0131Ahmet A\u015eIK<\/p>\n","protected":false},"author":231,"featured_media":0,"parent":0,"menu_order":0,"comment_status":"closed","ping_status":"closed","template":"","meta":{"footnotes":""},"class_list":["post-6891","page","type-page","status-publish","hentry"],"_links":{"self":[{"href":"https:\/\/atauni.edu.tr\/tip-fakultesi\/wp-json\/wp\/v2\/pages\/6891","targetHints":{"allow":["GET"]}}],"collection":[{"href":"https:\/\/atauni.edu.tr\/tip-fakultesi\/wp-json\/wp\/v2\/pages"}],"about":[{"href":"https:\/\/atauni.edu.tr\/tip-fakultesi\/wp-json\/wp\/v2\/types\/page"}],"author":[{"embeddable":true,"href":"https:\/\/atauni.edu.tr\/tip-fakultesi\/wp-json\/wp\/v2\/users\/231"}],"replies":[{"embeddable":true,"href":"https:\/\/atauni.edu.tr\/tip-fakultesi\/wp-json\/wp\/v2\/comments?post=6891"}],"version-history":[{"count":24,"href":"https:\/\/atauni.edu.tr\/tip-fakultesi\/wp-json\/wp\/v2\/pages\/6891\/revisions"}],"predecessor-version":[{"id":13712,"href":"https:\/\/atauni.edu.tr\/tip-fakultesi\/wp-json\/wp\/v2\/pages\/6891\/revisions\/13712"}],"wp:attachment":[{"href":"https:\/\/atauni.edu.tr\/tip-fakultesi\/wp-json\/wp\/v2\/media?parent=6891"}],"curies":[{"name":"wp","href":"https:\/\/api.w.org\/{rel}","templated":true}]}}