{"id":7091,"date":"2021-12-14T09:52:52","date_gmt":"2021-12-14T06:52:52","guid":{"rendered":"https:\/\/birimler.atauni.edu.tr\/tip-fakultesi\/?page_id=7091"},"modified":"2024-01-25T08:34:54","modified_gmt":"2024-01-25T05:34:54","slug":"ogretim-uyeligine-atanma-kriterleri","status":"publish","type":"page","link":"https:\/\/atauni.edu.tr\/tip-fakultesi\/ogretim-uyeligine-atanma-kriterleri\/","title":{"rendered":"\u00d6\u011fretim \u00dcyeli\u011fine Atanma Kriterleri"},"content":{"rendered":"\t\t<div data-elementor-type=\"wp-page\" data-elementor-id=\"7091\" class=\"elementor elementor-7091\" data-elementor-post-type=\"page\">\n\t\t\t\t\t\t<section class=\"elementor-section elementor-top-section elementor-element elementor-element-5bb9cba elementor-section-boxed elementor-section-height-default elementor-section-height-default\" data-id=\"5bb9cba\" data-element_type=\"section\">\n\t\t\t\t\t\t<div class=\"elementor-container elementor-column-gap-default\">\n\t\t\t\t\t<div class=\"elementor-column elementor-col-100 elementor-top-column elementor-element elementor-element-d9afa6c\" data-id=\"d9afa6c\" data-element_type=\"column\">\n\t\t\t<div class=\"elementor-widget-wrap elementor-element-populated\">\n\t\t\t\t\t\t<div class=\"elementor-element elementor-element-08fddd1 elementor-widget elementor-widget-text-editor\" data-id=\"08fddd1\" data-element_type=\"widget\" data-widget_type=\"text-editor.default\">\n\t\t\t\t<div class=\"elementor-widget-container\">\n\t\t\t\t\t\t\t\t\t<p><a href=\"https:\/\/atauni.edu.tr\/yuklemeler\/d05a4995db1840092d96885ad4cf0ed6.pdf\">O\u0308g\u0306retim U\u0308yelig\u0306i Kadrolar\u0131na Bas\u0327vuru ic\u0327in Gerekli Kos\u0327ullar ve Uygulama Esaslar\u0131 2018 <span style=\"color: #000000\">(pdf)<\/span><\/a><span style=\"color: #000000\">\u00a0<\/span><\/p><p><br \/><a href=\"https:\/\/atauni.edu.tr\/yuklemeler\/b97618bc7b29fdefb330e1aec7116790.pdf\">\u00d6\u011fretim \u00dcyeli\u011fine Atama Kriterleri Kas\u0131m 2021<span style=\"color: #000000\">\u00a0(pdf)<\/span><\/a><\/p>\t\t\t\t\t\t\t\t<\/div>\n\t\t\t\t<\/div>\n\t\t\t\t\t<\/div>\n\t\t<\/div>\n\t\t\t\t\t<\/div>\n\t\t<\/section>\n\t\t\t\t<\/div>\n\t\t","protected":false},"excerpt":{"rendered":"<p>O\u0308g\u0306retim U\u0308yelig\u0306i Kadrolar\u0131na Bas\u0327vuru ic\u0327in Gerekli Kos\u0327ullar ve Uygulama Esaslar\u0131 2018 (pdf)\u00a0 \u00d6\u011fretim \u00dcyeli\u011fine Atama Kriterleri Kas\u0131m 2021\u00a0(pdf)<\/p>\n","protected":false},"author":231,"featured_media":0,"parent":0,"menu_order":0,"comment_status":"closed","ping_status":"closed","template":"","meta":{"footnotes":""},"class_list":["post-7091","page","type-page","status-publish","hentry"],"_links":{"self":[{"href":"https:\/\/atauni.edu.tr\/tip-fakultesi\/wp-json\/wp\/v2\/pages\/7091","targetHints":{"allow":["GET"]}}],"collection":[{"href":"https:\/\/atauni.edu.tr\/tip-fakultesi\/wp-json\/wp\/v2\/pages"}],"about":[{"href":"https:\/\/atauni.edu.tr\/tip-fakultesi\/wp-json\/wp\/v2\/types\/page"}],"author":[{"embeddable":true,"href":"https:\/\/atauni.edu.tr\/tip-fakultesi\/wp-json\/wp\/v2\/users\/231"}],"replies":[{"embeddable":true,"href":"https:\/\/atauni.edu.tr\/tip-fakultesi\/wp-json\/wp\/v2\/comments?post=7091"}],"version-history":[{"count":13,"href":"https:\/\/atauni.edu.tr\/tip-fakultesi\/wp-json\/wp\/v2\/pages\/7091\/revisions"}],"predecessor-version":[{"id":14027,"href":"https:\/\/atauni.edu.tr\/tip-fakultesi\/wp-json\/wp\/v2\/pages\/7091\/revisions\/14027"}],"wp:attachment":[{"href":"https:\/\/atauni.edu.tr\/tip-fakultesi\/wp-json\/wp\/v2\/media?parent=7091"}],"curies":[{"name":"wp","href":"https:\/\/api.w.org\/{rel}","templated":true}]}}