{"id":7140,"date":"2021-12-14T11:06:11","date_gmt":"2021-12-14T08:06:11","guid":{"rendered":"https:\/\/birimler.atauni.edu.tr\/tip-fakultesi\/?page_id=7140"},"modified":"2026-01-06T11:12:00","modified_gmt":"2026-01-06T08:12:00","slug":"tipta_uzmanlik_formlari","status":"publish","type":"page","link":"https:\/\/atauni.edu.tr\/tip-fakultesi\/tipta_uzmanlik_formlari\/","title":{"rendered":"Formlar ve Tutanaklar"},"content":{"rendered":"\t\t<div data-elementor-type=\"wp-page\" data-elementor-id=\"7140\" class=\"elementor elementor-7140\" data-elementor-post-type=\"page\">\n\t\t\t\t\t\t<section class=\"elementor-section elementor-top-section elementor-element elementor-element-94c5d1c elementor-section-boxed elementor-section-height-default elementor-section-height-default\" data-id=\"94c5d1c\" data-element_type=\"section\">\n\t\t\t\t\t\t<div class=\"elementor-container elementor-column-gap-default\">\n\t\t\t\t\t<div class=\"elementor-column elementor-col-100 elementor-top-column elementor-element elementor-element-a43187a\" data-id=\"a43187a\" data-element_type=\"column\">\n\t\t\t<div class=\"elementor-widget-wrap elementor-element-populated\">\n\t\t\t\t\t\t<div class=\"elementor-element elementor-element-dbddd18 elementor-widget elementor-widget-text-editor\" data-id=\"dbddd18\" data-element_type=\"widget\" data-widget_type=\"text-editor.default\">\n\t\t\t\t<div class=\"elementor-widget-container\">\n\t\t\t\t\t\t\t\t\t<p><span style=\"color: #000000\">\u0130lgili Form veya Tutanaklar\u0131 a\u015fa\u011f\u0131daki linklerden indirebilirsiniz.\u00a0<\/span><\/p><p><a href=\"https:\/\/birimler.atauni.edu.tr\/tip-fakultesi\/wp-content\/uploads\/sites\/73\/2020\/07\/TEZSINAVITUTANAK-SON.docx\">Tez S\u0131nav\u0131 Tutana\u011f\u0131 (word) <\/a><span style=\"color: #333300\"><em>(G\u00fcncellendi 10.10.2023)<\/em><\/span><\/p><p><a href=\"https:\/\/birimler.atauni.edu.tr\/tip-fakultesi\/wp-content\/uploads\/sites\/73\/2020\/07\/Uzmanlik-Belgeleri-Tescil-Konrol-Formu.docx\">Uzmanl\u0131k Belgesi Tescil Kontrol Formu (word) <\/a><a style=\"color: #3366ff\" href=\"http:\/\/birimler.atauni.edu.tr\/tip-fakultesi\/wp-content\/uploads\/sites\/73\/2020\/07\/Uzmanlik-Tescil-Evraki-Kontrol-Listesi.docx\"><span style=\"color: #333300\"><em>(G\u00fcncellendi 22.02.2024)<\/em><\/span><\/a><\/p><p><a href=\"https:\/\/birimler.atauni.edu.tr\/tip-fakultesi\/wp-content\/uploads\/sites\/73\/2020\/07\/Uzmanlik-Egitimini-Bitirme-Sinavi-Tutanagi-Ek-1.doc\">Uzmanl\u0131k E\u011fitimini Bitirme S\u0131nav\u0131 Tutana\u011f\u0131 Ek-1 (word) <\/a><a style=\"color: #3366ff\" href=\"http:\/\/birimler.atauni.edu.tr\/tip-fakultesi\/wp-content\/uploads\/sites\/73\/2020\/07\/Uzmanlik-Tescil-Evraki-Kontrol-Listesi.docx\"><span style=\"color: #333300\"><em>(G\u00fcncellendi 22.02.2024)<\/em><\/span><\/a><\/p><p><a href=\"https:\/\/birimler.atauni.edu.tr\/tip-fakultesi\/wp-content\/uploads\/sites\/73\/2020\/07\/Juri-Uyesi-Tez-Degerlendirme-Formu.doc\"><span style=\"color: #3366ff\">J\u00fcri \u00dcyesi Tez De\u011ferlendirme Formu (word) <\/span><\/a><a style=\"color: #3366ff\" href=\"http:\/\/birimler.atauni.edu.tr\/tip-fakultesi\/wp-content\/uploads\/sites\/73\/2020\/07\/Uzmanlik-Tescil-Evraki-Kontrol-Listesi.docx\"><span style=\"color: #333300\"><em>(G\u00fcncellendi 22.02.2024)<\/em><\/span><\/a><\/p><p><a href=\"https:\/\/birimler.atauni.edu.tr\/tip-fakultesi\/wp-content\/uploads\/sites\/73\/2020\/07\/Tez-Izleme-Gelisim-Takip-Degerlendirme-Formu.doc\"><span style=\"color: #3366ff\">Tez \u0130zleme-Geli\u015fim-Takip-De\u011ferlendirme Formu (word) <\/span><\/a><a style=\"color: #3366ff\" href=\"http:\/\/birimler.atauni.edu.tr\/tip-fakultesi\/wp-content\/uploads\/sites\/73\/2020\/07\/Uzmanlik-Tescil-Evraki-Kontrol-Listesi.docx\"><span style=\"color: #333300\"><em>(G\u00fcncellendi 22.02.2024)<\/em><\/span><\/a><\/p><p><span style=\"color: #3366ff\"><a style=\"color: #3366ff\" href=\"https:\/\/birimler.atauni.edu.tr\/tip-fakultesi\/wp-content\/uploads\/sites\/73\/2020\/07\/Uzmanlik-Tescil-Evraki-Kontrol-Listesi.docx\">Uzmanl\u0131k Tescil Evrak\u0131 Kontrol Listesi (word) <span style=\"color: #333300\"><em>(G\u00fcncellendi 22.02.2024)<\/em><\/span><\/a><\/span><\/p><p><span style=\"color: #3366ff\"><a style=\"color: #3366ff\" href=\"https:\/\/birimler.atauni.edu.tr\/tip-fakultesi\/wp-content\/uploads\/sites\/73\/2025\/10\/Tez-Konusu-ve-Tez-Danismani-Belirleme-Formu.docx\">Tez Konusu ve Tez Dan\u0131\u015fman\u0131 Belirleme Formu<\/a><\/span><\/p><p><a href=\"https:\/\/birimler.atauni.edu.tr\/tip-fakultesi\/wp-content\/uploads\/sites\/73\/2020\/07\/Tescil-Kontrol-Formu.pdf\">Tescil Kontrol Formu<\/a><\/p><p><a href=\"https:\/\/birimler.atauni.edu.tr\/tip-fakultesi\/wp-content\/uploads\/sites\/73\/2020\/07\/Tez-Savunma-Tutanagi.pdf\">Tez Savunma Tutana\u011f\u0131<\/a><\/p><p><a href=\"https:\/\/birimler.atauni.edu.tr\/tip-fakultesi\/wp-content\/uploads\/sites\/73\/2020\/07\/Uzmanlik-Egitimini-Bitirme-Sinav-Tutanagi-Ek-1.pdf\">Uzmanl\u0131k E\u011fitimi Bitirme S\u0131nav Tutana\u011f\u0131<\/a><\/p>\t\t\t\t\t\t\t\t<\/div>\n\t\t\t\t<\/div>\n\t\t\t\t\t<\/div>\n\t\t<\/div>\n\t\t\t\t\t<\/div>\n\t\t<\/section>\n\t\t\t\t<\/div>\n\t\t","protected":false},"excerpt":{"rendered":"<p>\u0130lgili Form veya Tutanaklar\u0131 a\u015fa\u011f\u0131daki linklerden indirebilirsiniz.\u00a0 Tez S\u0131nav\u0131 Tutana\u011f\u0131 (word) (G\u00fcncellendi 10.10.2023) Uzmanl\u0131k Belgesi Tescil Kontrol Formu (word) (G\u00fcncellendi 22.02.2024) Uzmanl\u0131k E\u011fitimini Bitirme S\u0131nav\u0131 Tutana\u011f\u0131 Ek-1 (word) (G\u00fcncellendi 22.02.2024) J\u00fcri \u00dcyesi Tez De\u011ferlendirme Formu (word) (G\u00fcncellendi 22.02.2024) Tez \u0130zleme-Geli\u015fim-Takip-De\u011ferlendirme Formu (word) (G\u00fcncellendi 22.02.2024) Uzmanl\u0131k Tescil Evrak\u0131 Kontrol Listesi (word) (G\u00fcncellendi 22.02.2024) Tez Konusu ve [&hellip;]<\/p>\n","protected":false},"author":231,"featured_media":0,"parent":0,"menu_order":0,"comment_status":"closed","ping_status":"closed","template":"","meta":{"footnotes":""},"class_list":["post-7140","page","type-page","status-publish","hentry"],"_links":{"self":[{"href":"https:\/\/atauni.edu.tr\/tip-fakultesi\/wp-json\/wp\/v2\/pages\/7140","targetHints":{"allow":["GET"]}}],"collection":[{"href":"https:\/\/atauni.edu.tr\/tip-fakultesi\/wp-json\/wp\/v2\/pages"}],"about":[{"href":"https:\/\/atauni.edu.tr\/tip-fakultesi\/wp-json\/wp\/v2\/types\/page"}],"author":[{"embeddable":true,"href":"https:\/\/atauni.edu.tr\/tip-fakultesi\/wp-json\/wp\/v2\/users\/231"}],"replies":[{"embeddable":true,"href":"https:\/\/atauni.edu.tr\/tip-fakultesi\/wp-json\/wp\/v2\/comments?post=7140"}],"version-history":[{"count":50,"href":"https:\/\/atauni.edu.tr\/tip-fakultesi\/wp-json\/wp\/v2\/pages\/7140\/revisions"}],"predecessor-version":[{"id":19783,"href":"https:\/\/atauni.edu.tr\/tip-fakultesi\/wp-json\/wp\/v2\/pages\/7140\/revisions\/19783"}],"wp:attachment":[{"href":"https:\/\/atauni.edu.tr\/tip-fakultesi\/wp-json\/wp\/v2\/media?parent=7140"}],"curies":[{"name":"wp","href":"https:\/\/api.w.org\/{rel}","templated":true}]}}