{"id":7335,"date":"2021-12-15T09:43:05","date_gmt":"2021-12-15T06:43:05","guid":{"rendered":"https:\/\/birimler.atauni.edu.tr\/tip-fakultesi\/?page_id=7335"},"modified":"2024-01-23T11:43:03","modified_gmt":"2024-01-23T08:43:03","slug":"tipta-uzmanlik-yonetmeligi","status":"publish","type":"page","link":"https:\/\/atauni.edu.tr\/tip-fakultesi\/tipta-uzmanlik-yonetmeligi\/","title":{"rendered":"T\u0131pta Uzmanl\u0131k Y\u00f6netmeli\u011fi"},"content":{"rendered":"\t\t<div data-elementor-type=\"wp-page\" data-elementor-id=\"7335\" class=\"elementor elementor-7335\" data-elementor-post-type=\"page\">\n\t\t\t\t\t\t<section class=\"elementor-section elementor-top-section elementor-element elementor-element-3fcfd83 elementor-section-boxed elementor-section-height-default elementor-section-height-default\" data-id=\"3fcfd83\" data-element_type=\"section\">\n\t\t\t\t\t\t<div class=\"elementor-container elementor-column-gap-default\">\n\t\t\t\t\t<div class=\"elementor-column elementor-col-100 elementor-top-column elementor-element elementor-element-58a10fd\" data-id=\"58a10fd\" data-element_type=\"column\">\n\t\t\t<div class=\"elementor-widget-wrap elementor-element-populated\">\n\t\t\t\t\t\t<div class=\"elementor-element elementor-element-c6f2534 elementor-widget elementor-widget-text-editor\" data-id=\"c6f2534\" data-element_type=\"widget\" data-widget_type=\"text-editor.default\">\n\t\t\t\t<div class=\"elementor-widget-container\">\n\t\t\t\t\t\t\t\t\t<p><span style=\"color: #000000\">\u0130lgili Y\u00f6netmeli\u011fin web sayfas\u0131 i\u00e7in<\/span> <span style=\"color: #000000\">L\u00fctfen<\/span> <a href=\"https:\/\/www.mevzuat.gov.tr\/mevzuat?MevzuatNo=39700&amp;MevzuatTur=7&amp;MevzuatTertip=5\" target=\"_blank\" rel=\"noopener\">T\u0131klay\u0131n\u0131z&#8230;<\/a><\/p><p><span style=\"color: #000000\">Y\u00f6netmeli\u011fi<\/span> <a href=\"http:\/\/birimler.atauni.edu.tr\/tip-fakultesi\/wp-content\/uploads\/sites\/73\/2023\/10\/TUEY-2023.pdf\" target=\"_blank\" rel=\"noopener\">buradan<\/a> <span style=\"color: #000000\">indirebilirsiniz.<\/span><\/p>\t\t\t\t\t\t\t\t<\/div>\n\t\t\t\t<\/div>\n\t\t\t\t\t<\/div>\n\t\t<\/div>\n\t\t\t\t\t<\/div>\n\t\t<\/section>\n\t\t\t\t<section class=\"elementor-section elementor-top-section elementor-element elementor-element-0c2cacc elementor-section-boxed elementor-section-height-default elementor-section-height-default\" data-id=\"0c2cacc\" data-element_type=\"section\">\n\t\t\t\t\t\t<div class=\"elementor-container elementor-column-gap-default\">\n\t\t\t\t\t<div class=\"elementor-column elementor-col-100 elementor-top-column elementor-element elementor-element-8825b4e\" data-id=\"8825b4e\" data-element_type=\"column\">\n\t\t\t<div class=\"elementor-widget-wrap elementor-element-populated\">\n\t\t\t\t\t\t<div class=\"elementor-element elementor-element-d49541b elementor-widget elementor-widget-pdf_viewer\" data-id=\"d49541b\" data-element_type=\"widget\" data-widget_type=\"pdf_viewer.default\">\n\t\t\t\t<div class=\"elementor-widget-container\">\n\t\t\t\t\t<iframe src=\"https:\/\/docs.google.com\/viewer?url=http:\/\/birimler.atauni.edu.tr\/tip-fakultesi\/wp-content\/uploads\/sites\/73\/2023\/10\/TUEY-2023.pdf&amp;embedded=true\" style=\"display: block; margin-left: auto; margin-right: auto; width: 640px; height: 1020px;\" frameborder=\"1\" marginheight=\"0px\" marginwidth=\"0px\" allowfullscreen><\/iframe>\t\t\t\t<\/div>\n\t\t\t\t<\/div>\n\t\t\t\t\t<\/div>\n\t\t<\/div>\n\t\t\t\t\t<\/div>\n\t\t<\/section>\n\t\t\t\t<\/div>\n\t\t","protected":false},"excerpt":{"rendered":"<p>\u0130lgili Y\u00f6netmeli\u011fin web sayfas\u0131 i\u00e7in L\u00fctfen T\u0131klay\u0131n\u0131z&#8230; Y\u00f6netmeli\u011fi buradan indirebilirsiniz.<\/p>\n","protected":false},"author":231,"featured_media":0,"parent":0,"menu_order":0,"comment_status":"closed","ping_status":"closed","template":"","meta":{"footnotes":""},"class_list":["post-7335","page","type-page","status-publish","hentry"],"_links":{"self":[{"href":"https:\/\/atauni.edu.tr\/tip-fakultesi\/wp-json\/wp\/v2\/pages\/7335","targetHints":{"allow":["GET"]}}],"collection":[{"href":"https:\/\/atauni.edu.tr\/tip-fakultesi\/wp-json\/wp\/v2\/pages"}],"about":[{"href":"https:\/\/atauni.edu.tr\/tip-fakultesi\/wp-json\/wp\/v2\/types\/page"}],"author":[{"embeddable":true,"href":"https:\/\/atauni.edu.tr\/tip-fakultesi\/wp-json\/wp\/v2\/users\/231"}],"replies":[{"embeddable":true,"href":"https:\/\/atauni.edu.tr\/tip-fakultesi\/wp-json\/wp\/v2\/comments?post=7335"}],"version-history":[{"count":28,"href":"https:\/\/atauni.edu.tr\/tip-fakultesi\/wp-json\/wp\/v2\/pages\/7335\/revisions"}],"predecessor-version":[{"id":13761,"href":"https:\/\/atauni.edu.tr\/tip-fakultesi\/wp-json\/wp\/v2\/pages\/7335\/revisions\/13761"}],"wp:attachment":[{"href":"https:\/\/atauni.edu.tr\/tip-fakultesi\/wp-json\/wp\/v2\/media?parent=7335"}],"curies":[{"name":"wp","href":"https:\/\/api.w.org\/{rel}","templated":true}]}}