{"id":7338,"date":"2021-12-15T09:43:39","date_gmt":"2021-12-15T06:43:39","guid":{"rendered":"https:\/\/birimler.atauni.edu.tr\/tip-fakultesi\/?page_id=7338"},"modified":"2025-09-10T16:42:43","modified_gmt":"2025-09-10T13:42:43","slug":"mezuniyet-sonrasi-egitim-programi-arsivi","status":"publish","type":"page","link":"https:\/\/atauni.edu.tr\/tip-fakultesi\/mezuniyet-sonrasi-egitim-programi-arsivi\/","title":{"rendered":"Mezuniyet Sonras\u0131 E\u011fitim Program\u0131 Ar\u015fivi"},"content":{"rendered":"\t\t<div data-elementor-type=\"wp-page\" data-elementor-id=\"7338\" class=\"elementor elementor-7338\" data-elementor-post-type=\"page\">\n\t\t\t\t\t\t<section class=\"elementor-section elementor-top-section elementor-element elementor-element-e451cfc elementor-section-boxed elementor-section-height-default elementor-section-height-default\" data-id=\"e451cfc\" data-element_type=\"section\">\n\t\t\t\t\t\t<div class=\"elementor-container elementor-column-gap-default\">\n\t\t\t\t\t<div class=\"elementor-column elementor-col-100 elementor-top-column elementor-element elementor-element-ca4508f\" data-id=\"ca4508f\" data-element_type=\"column\">\n\t\t\t<div class=\"elementor-widget-wrap elementor-element-populated\">\n\t\t\t\t\t\t<div class=\"elementor-element elementor-element-7f40bca elementor-widget elementor-widget-text-editor\" data-id=\"7f40bca\" data-element_type=\"widget\" data-widget_type=\"text-editor.default\">\n\t\t\t\t<div class=\"elementor-widget-container\">\n\t\t\t\t\t\t\t\t\t<div><div><div><a href=\"https:\/\/atauni.edu.tr\/yuklemeler\/4c9f5c55363a4795845ed93dacacf797.doc\">2013-2014 Mezuniyet Sonras\u0131 E\u011fitim Program\u0131<\/a><br \/><a href=\"https:\/\/atauni.edu.tr\/yuklemeler\/f4d61b8413817c0395a062d83915f586.doc\">2014-2015 Mezuniyet Sonras\u0131 E\u011fitim Program\u0131<\/a><br \/><a href=\"https:\/\/atauni.edu.tr\/yuklemeler\/f50957b2fcf1c2b5bd34c42f5f72de58.doc\">2015-2016 Mezuniyet Sonras\u0131 E\u011fitim Program\u0131<\/a><br \/><a href=\"https:\/\/atauni.edu.tr\/yuklemeler\/6cab91beca6ffdec2561792e5cf477da.doc\">2016-2017 Mezuniyet Sonras\u0131 E\u011fitim Program\u0131<\/a><br \/><a href=\"https:\/\/atauni.edu.tr\/yuklemeler\/e6213c69e27c0cbdfbdc833f9cf15250.doc\">2017-2018 Mezuniyet Sonras\u0131 E\u011fitim Program\u0131<\/a><br \/><a href=\"https:\/\/atauni.edu.tr\/yuklemeler\/6a32295189e885be419e2f3bf5aecd6e.doc\">2018-2019 Mezuniyet Sonras\u0131 E\u011fitim Program\u0131<\/a><br \/><a href=\"https:\/\/atauni.edu.tr\/yuklemeler\/fa710cea6925ae27a96abeaa07a9530d.doc\">2019-2020 Mezuniyet Sonras\u0131 E\u011fitim Program\u0131<\/a><br \/><a href=\"https:\/\/atauni.edu.tr\/yuklemeler\/91f6ef47bcd9ae34ee8a4999af53da10.doc\">2020-2021 Mezuniyet Sonras\u0131 E\u011fitim Program\u0131<\/a><br \/><a style=\"letter-spacing: 0px;background-color: #ffffff\" href=\"https:\/\/birimler.atauni.edu.tr\/tip-fakultesi\/wp-content\/uploads\/sites\/73\/2020\/07\/2021-2022-Mezuniyet-Sonrasi-Egitim-Programi.doc\" rel=\"attachment wp-att-10695\">2021-2022 Mezuniyet Sonras\u0131 E\u011fitim Program\u0131<\/a><\/div><div><a href=\"https:\/\/birimler.atauni.edu.tr\/tip-fakultesi\/wp-content\/uploads\/sites\/73\/2020\/07\/2022-2023-Mezuniyet-Sonrasi-Egitim-Programi-1.doc\">2022-2023 Mezuniyet Sonras\u0131 E\u011fitim Program\u0131<\/a><\/div><div><a href=\"https:\/\/birimler.atauni.edu.tr\/tip-fakultesi\/wp-content\/uploads\/sites\/73\/2020\/07\/2023-2024-Mezuniyet-Sonrasi-Egitim-Programi-1-2.doc\">2023-2024 Mezuniyet Sonras\u0131 E\u011fitim Program\u0131<\/a><\/div><div><a href=\"https:\/\/birimler.atauni.edu.tr\/tip-fakultesi\/wp-content\/uploads\/sites\/73\/2020\/07\/2023-2024-Mezuniyet-Sonrasi-Egitim-Programi-1-2.doc\">2024-2025 Mezuniyet Sonras\u0131 E\u011fitim Program\u0131<\/a><\/div><\/div><\/div><div>\u00a0<\/div><div>\u00a0<\/div>\t\t\t\t\t\t\t\t<\/div>\n\t\t\t\t<\/div>\n\t\t\t\t\t<\/div>\n\t\t<\/div>\n\t\t\t\t\t<\/div>\n\t\t<\/section>\n\t\t\t\t<\/div>\n\t\t","protected":false},"excerpt":{"rendered":"<p>2013-2014 Mezuniyet Sonras\u0131 E\u011fitim Program\u01312014-2015 Mezuniyet Sonras\u0131 E\u011fitim Program\u01312015-2016 Mezuniyet Sonras\u0131 E\u011fitim Program\u01312016-2017 Mezuniyet Sonras\u0131 E\u011fitim Program\u01312017-2018 Mezuniyet Sonras\u0131 E\u011fitim Program\u01312018-2019 Mezuniyet Sonras\u0131 E\u011fitim Program\u01312019-2020 Mezuniyet Sonras\u0131 E\u011fitim Program\u01312020-2021 Mezuniyet Sonras\u0131 E\u011fitim Program\u01312021-2022 Mezuniyet Sonras\u0131 E\u011fitim Program\u01312022-2023 Mezuniyet Sonras\u0131 E\u011fitim Program\u01312023-2024 Mezuniyet Sonras\u0131 E\u011fitim Program\u01312024-2025 Mezuniyet Sonras\u0131 E\u011fitim Program\u0131\u00a0\u00a0<\/p>\n","protected":false},"author":231,"featured_media":0,"parent":0,"menu_order":0,"comment_status":"closed","ping_status":"closed","template":"","meta":{"footnotes":""},"class_list":["post-7338","page","type-page","status-publish","hentry"],"_links":{"self":[{"href":"https:\/\/atauni.edu.tr\/tip-fakultesi\/wp-json\/wp\/v2\/pages\/7338","targetHints":{"allow":["GET"]}}],"collection":[{"href":"https:\/\/atauni.edu.tr\/tip-fakultesi\/wp-json\/wp\/v2\/pages"}],"about":[{"href":"https:\/\/atauni.edu.tr\/tip-fakultesi\/wp-json\/wp\/v2\/types\/page"}],"author":[{"embeddable":true,"href":"https:\/\/atauni.edu.tr\/tip-fakultesi\/wp-json\/wp\/v2\/users\/231"}],"replies":[{"embeddable":true,"href":"https:\/\/atauni.edu.tr\/tip-fakultesi\/wp-json\/wp\/v2\/comments?post=7338"}],"version-history":[{"count":31,"href":"https:\/\/atauni.edu.tr\/tip-fakultesi\/wp-json\/wp\/v2\/pages\/7338\/revisions"}],"predecessor-version":[{"id":16832,"href":"https:\/\/atauni.edu.tr\/tip-fakultesi\/wp-json\/wp\/v2\/pages\/7338\/revisions\/16832"}],"wp:attachment":[{"href":"https:\/\/atauni.edu.tr\/tip-fakultesi\/wp-json\/wp\/v2\/media?parent=7338"}],"curies":[{"name":"wp","href":"https:\/\/api.w.org\/{rel}","templated":true}]}}