{"id":7982,"date":"2021-12-23T11:58:49","date_gmt":"2021-12-23T08:58:49","guid":{"rendered":"https:\/\/birimler.atauni.edu.tr\/tip-fakultesi\/?page_id=7982"},"modified":"2024-01-22T15:15:26","modified_gmt":"2024-01-22T12:15:26","slug":"kulupler-2","status":"publish","type":"page","link":"https:\/\/atauni.edu.tr\/tip-fakultesi\/kulupler-2\/","title":{"rendered":"T\u0131p Fak\u00fcltesi Kul\u00fcplerimiz"},"content":{"rendered":"\t\t<div data-elementor-type=\"wp-page\" data-elementor-id=\"7982\" class=\"elementor elementor-7982\" data-elementor-post-type=\"page\">\n\t\t\t\t\t\t<section class=\"elementor-section elementor-top-section elementor-element elementor-element-168f492 elementor-section-full_width elementor-section-height-min-height elementor-section-items-top elementor-section-content-top elementor-section-height-default\" data-id=\"168f492\" data-element_type=\"section\">\n\t\t\t\t\t\t<div class=\"elementor-container elementor-column-gap-custom\">\n\t\t\t\t\t<div class=\"elementor-column elementor-col-100 elementor-top-column elementor-element elementor-element-7157407\" data-id=\"7157407\" data-element_type=\"column\">\n\t\t\t<div class=\"elementor-widget-wrap elementor-element-populated\">\n\t\t\t\t\t\t<section class=\"elementor-section elementor-inner-section elementor-element elementor-element-0e2637d elementor-section-boxed elementor-section-height-default elementor-section-height-default\" data-id=\"0e2637d\" data-element_type=\"section\">\n\t\t\t\t\t\t<div class=\"elementor-container elementor-column-gap-default\">\n\t\t\t\t\t<div class=\"elementor-column elementor-col-50 elementor-inner-column elementor-element elementor-element-1912f57\" data-id=\"1912f57\" data-element_type=\"column\">\n\t\t\t<div class=\"elementor-widget-wrap elementor-element-populated\">\n\t\t\t\t\t\t<div class=\"elementor-element elementor-element-23c54f3 elementor-widget elementor-widget-text-editor\" data-id=\"23c54f3\" data-element_type=\"widget\" data-widget_type=\"text-editor.default\">\n\t\t\t\t<div class=\"elementor-widget-container\">\n\t\t\t\t\t\t\t\t\t<table style=\"height: 348px\" width=\"351\"><tbody><tr><td width=\"259\"><strong><span style=\"font-size: 11pt;line-height: 107%;font-family: Wingdings;color: black;background-image: initial;background-position: initial;background-size: initial;background-attachment: initial\">\u00e8<\/span>\u00a0<a href=\"https:\/\/birimler.atauni.edu.tr\/tip-fakultesi\/artmania\/\">ARTMANIA Foto\u011fraf\u00e7\u0131l\u0131k ve Sanat Kul\u00fcb\u00fc<\/a><\/strong><\/td><\/tr><tr><td width=\"259\"><strong><span style=\"font-size: 11pt;line-height: 107%;font-family: Wingdings;color: black;background-image: initial;background-position: initial;background-size: initial;background-attachment: initial\">\u00e8<\/span>\u00a0<a href=\"https:\/\/birimler.atauni.edu.tr\/tip-fakultesi\/atabiyat-kultur-ve-edebiyat-toplulugu\/\">ATAB\u0130YAT K\u00fclt\u00fcr ve Edebiyat Toplulu\u011fu<\/a><\/strong><\/td><\/tr><tr><td width=\"259\"><strong><span style=\"font-size: 11pt;line-height: 107%;font-family: Wingdings;color: black;background-image: initial;background-position: initial;background-size: initial;background-attachment: initial\">\u00e8<\/span>\u00a0<a href=\"https:\/\/birimler.atauni.edu.tr\/tip-fakultesi\/atagenc\/\">ATA GEN\u00c7 Hekim Toplulu\u011fu<\/a><\/strong><\/td><\/tr><tr><td width=\"259\"><strong><span style=\"font-size: 11pt;line-height: 107%;font-family: Wingdings;color: black;background-image: initial;background-position: initial;background-size: initial;background-attachment: initial\">\u00e8<\/span>\u00a0<a href=\"https:\/\/birimler.atauni.edu.tr\/tip-fakultesi\/atasagun-ogrenci-toplulugu\/\">ATASAGUN \u00d6\u011frenci Toplulu\u011fu<\/a><\/strong><\/td><\/tr><tr><td width=\"259\"><strong><span style=\"font-size: 11pt;line-height: 107%;font-family: Wingdings;color: black;background-image: initial;background-position: initial;background-size: initial;background-attachment: initial\">\u00e8<\/span>\u00a0<a href=\"https:\/\/birimler.atauni.edu.tr\/tip-fakultesi\/emsa\/\">Avrupa T\u0131p \u00d6\u011frenciler Birli\u011fi (EMSA)<\/a><\/strong><\/td><\/tr><tr><td width=\"259\"><strong><span style=\"font-size: 11pt;line-height: 107%;font-family: Wingdings;color: black;background-image: initial;background-position: initial;background-size: initial;background-attachment: initial\">\u00e8<\/span>\u00a0<a href=\"https:\/\/birimler.atauni.edu.tr\/tip-fakultesi\/beyaz\/\">Beyaz \u00d6nl\u00fckl\u00fcler Kul\u00fcb\u00fc<\/a><\/strong><\/td><\/tr><tr><td width=\"259\"><strong><span style=\"font-size: 11pt;line-height: 107%;font-family: Wingdings;color: black;background-image: initial;background-position: initial;background-size: initial;background-attachment: initial\">\u00e8<\/span>\u00a0<a href=\"https:\/\/birimler.atauni.edu.tr\/tip-fakultesi\/atabat\/\">Bilimsel Ara\u015ft\u0131rma Toplulu\u011fu (ATABAT)<\/a><\/strong><\/td><\/tr><tr><td width=\"259\"><strong><span style=\"font-size: 11pt;line-height: 107%;font-family: Wingdings;color: black;background-image: initial;background-position: initial;background-size: initial;background-attachment: initial\">\u00e8<\/span>\u00a0<a href=\"https:\/\/birimler.atauni.edu.tr\/tip-fakultesi\/genc-yeryuzu-doktorlari\/\">Gen\u00e7 Yery\u00fcz\u00fc Doktorlar\u0131<\/a><\/strong><\/td><\/tr><tr><td width=\"259\"><strong><span style=\"font-size: 11pt;line-height: 107%;font-family: Wingdings;color: black;background-image: initial;background-position: initial;background-size: initial;background-attachment: initial\">\u00e8<\/span>\u00a0<a href=\"https:\/\/birimler.atauni.edu.tr\/tip-fakultesi\/ibn_i_sina\/\">\u0130bn-i Sina Sanat Toplulu\u011fu<\/a><\/strong><\/td><\/tr><tr><td width=\"259\"><strong><span style=\"font-size: 11pt;line-height: 107%;font-family: Wingdings;color: black;background-image: initial;background-position: initial;background-size: initial;background-attachment: initial\">\u00e8<\/span>\u00a0<a href=\"https:\/\/birimler.atauni.edu.tr\/tip-fakultesi\/kopru\/\">K\u00f6pr\u00fc Kul\u00fcb\u00fc<\/a><\/strong><\/td><\/tr><tr><td width=\"259\"><strong><span style=\"font-size: 11pt;line-height: 107%;font-family: Wingdings;color: black;background-image: initial;background-position: initial;background-size: initial;background-attachment: initial\">\u00e8<\/span>\u00a0<a href=\"https:\/\/birimler.atauni.edu.tr\/tip-fakultesi\/persona\/\">PERSONA Tiyatro \u00d6\u011frenci Kul\u00fcb\u00fc<\/a><\/strong><\/td><\/tr><tr><td width=\"259\"><strong><span style=\"font-size: 11pt;line-height: 107%;font-family: Wingdings;color: black;background-image: initial;background-position: initial;background-size: initial;background-attachment: initial\">\u00e8<\/span>\u00a0<a href=\"https:\/\/birimler.atauni.edu.tr\/tip-fakultesi\/radyoaktif\/\">Radyoaktif Kul\u00fcb\u00fc<\/a><\/strong><\/td><\/tr><tr><td width=\"259\"><strong><span style=\"font-size: 11pt;line-height: 107%;font-family: Wingdings;color: black;background-image: initial;background-position: initial;background-size: initial;background-attachment: initial\">\u00e8<\/span>\u00a0<a href=\"https:\/\/birimler.atauni.edu.tr\/tip-fakultesi\/saglik\/\">Sa\u011fl\u0131k 4.0 Toplulu\u011fu<\/a><\/strong><\/td><\/tr><tr><td width=\"259\"><strong><span style=\"font-size: 11pt;line-height: 107%;font-family: Wingdings;color: black;background-image: initial;background-position: initial;background-size: initial;background-attachment: initial\">\u00e8<\/span>\u00a0<a href=\"https:\/\/birimler.atauni.edu.tr\/tip-fakultesi\/transplantasyon\/\">Transplantasyon \u00d6\u011frenci Kul\u00fcb\u00fc<\/a><\/strong><\/td><\/tr><tr><td width=\"259\"><strong><span style=\"font-size: 11pt;line-height: 107%;font-family: Wingdings;color: black;background-image: initial;background-position: initial;background-size: initial;background-attachment: initial\">\u00e8<\/span>\u00a0<a href=\"https:\/\/birimler.atauni.edu.tr\/tip-fakultesi\/turkmsic\/\">T\u00fcrk T\u0131p \u00d6\u011frencileri Toplulu\u011fu (TURKMSIC)<\/a><\/strong><\/td><\/tr><\/tbody><\/table>\t\t\t\t\t\t\t\t<\/div>\n\t\t\t\t<\/div>\n\t\t\t\t\t<\/div>\n\t\t<\/div>\n\t\t\t\t<div class=\"elementor-column elementor-col-50 elementor-inner-column elementor-element elementor-element-1171220\" data-id=\"1171220\" data-element_type=\"column\">\n\t\t\t<div class=\"elementor-widget-wrap\">\n\t\t\t\t\t\t\t<\/div>\n\t\t<\/div>\n\t\t\t\t\t<\/div>\n\t\t<\/section>\n\t\t\t\t\t<\/div>\n\t\t<\/div>\n\t\t\t\t\t<\/div>\n\t\t<\/section>\n\t\t\t\t<\/div>\n\t\t","protected":false},"excerpt":{"rendered":"<p>\u00e8\u00a0ARTMANIA Foto\u011fraf\u00e7\u0131l\u0131k ve Sanat Kul\u00fcb\u00fc \u00e8\u00a0ATAB\u0130YAT K\u00fclt\u00fcr ve Edebiyat Toplulu\u011fu \u00e8\u00a0ATA GEN\u00c7 Hekim Toplulu\u011fu \u00e8\u00a0ATASAGUN \u00d6\u011frenci Toplulu\u011fu \u00e8\u00a0Avrupa T\u0131p \u00d6\u011frenciler Birli\u011fi (EMSA) \u00e8\u00a0Beyaz \u00d6nl\u00fckl\u00fcler Kul\u00fcb\u00fc \u00e8\u00a0Bilimsel Ara\u015ft\u0131rma Toplulu\u011fu (ATABAT) \u00e8\u00a0Gen\u00e7 Yery\u00fcz\u00fc Doktorlar\u0131 \u00e8\u00a0\u0130bn-i Sina Sanat Toplulu\u011fu \u00e8\u00a0K\u00f6pr\u00fc Kul\u00fcb\u00fc \u00e8\u00a0PERSONA Tiyatro \u00d6\u011frenci Kul\u00fcb\u00fc \u00e8\u00a0Radyoaktif Kul\u00fcb\u00fc \u00e8\u00a0Sa\u011fl\u0131k 4.0 Toplulu\u011fu \u00e8\u00a0Transplantasyon \u00d6\u011frenci Kul\u00fcb\u00fc \u00e8\u00a0T\u00fcrk T\u0131p \u00d6\u011frencileri Toplulu\u011fu (TURKMSIC)<\/p>\n","protected":false},"author":231,"featured_media":0,"parent":0,"menu_order":0,"comment_status":"closed","ping_status":"closed","template":"","meta":{"footnotes":""},"class_list":["post-7982","page","type-page","status-publish","hentry"],"_links":{"self":[{"href":"https:\/\/atauni.edu.tr\/tip-fakultesi\/wp-json\/wp\/v2\/pages\/7982","targetHints":{"allow":["GET"]}}],"collection":[{"href":"https:\/\/atauni.edu.tr\/tip-fakultesi\/wp-json\/wp\/v2\/pages"}],"about":[{"href":"https:\/\/atauni.edu.tr\/tip-fakultesi\/wp-json\/wp\/v2\/types\/page"}],"author":[{"embeddable":true,"href":"https:\/\/atauni.edu.tr\/tip-fakultesi\/wp-json\/wp\/v2\/users\/231"}],"replies":[{"embeddable":true,"href":"https:\/\/atauni.edu.tr\/tip-fakultesi\/wp-json\/wp\/v2\/comments?post=7982"}],"version-history":[{"count":14,"href":"https:\/\/atauni.edu.tr\/tip-fakultesi\/wp-json\/wp\/v2\/pages\/7982\/revisions"}],"predecessor-version":[{"id":13746,"href":"https:\/\/atauni.edu.tr\/tip-fakultesi\/wp-json\/wp\/v2\/pages\/7982\/revisions\/13746"}],"wp:attachment":[{"href":"https:\/\/atauni.edu.tr\/tip-fakultesi\/wp-json\/wp\/v2\/media?parent=7982"}],"curies":[{"name":"wp","href":"https:\/\/api.w.org\/{rel}","templated":true}]}}