{"id":8072,"date":"2021-12-31T10:20:13","date_gmt":"2021-12-31T07:20:13","guid":{"rendered":"https:\/\/birimler.atauni.edu.tr\/tip-fakultesi\/?page_id=8072"},"modified":"2026-03-13T11:15:07","modified_gmt":"2026-03-13T08:15:07","slug":"yonetmelikler-3","status":"publish","type":"page","link":"https:\/\/atauni.edu.tr\/tip-fakultesi\/yonetmelikler-3\/","title":{"rendered":"Y\u00f6netmelikler"},"content":{"rendered":"\t\t<div data-elementor-type=\"wp-page\" data-elementor-id=\"8072\" class=\"elementor elementor-8072\" data-elementor-post-type=\"page\">\n\t\t\t\t\t\t<section class=\"elementor-section elementor-top-section elementor-element elementor-element-5434429 elementor-section-boxed elementor-section-height-default elementor-section-height-default\" data-id=\"5434429\" data-element_type=\"section\">\n\t\t\t\t\t\t<div class=\"elementor-container elementor-column-gap-default\">\n\t\t\t\t\t<div class=\"elementor-column elementor-col-100 elementor-top-column elementor-element elementor-element-69aa9e0\" data-id=\"69aa9e0\" data-element_type=\"column\">\n\t\t\t<div class=\"elementor-widget-wrap elementor-element-populated\">\n\t\t\t\t\t\t<div class=\"elementor-element elementor-element-751ebc9 elementor-widget elementor-widget-text-editor\" data-id=\"751ebc9\" data-element_type=\"widget\" data-widget_type=\"text-editor.default\">\n\t\t\t\t<div class=\"elementor-widget-container\">\n\t\t\t\t\t\t\t\t\t<div class=\"col-md-12 media content p-0\"><div class=\"text sans servis-hedef\"><p class=\"MsoNormal\" style=\"margin-bottom: .0001pt;line-height: 150%\"><span style=\"font-size: 12.0pt;line-height: 150%\"><a href=\"http:\/\/atauni.edu.tr\/tip-fakultesi\/wp-content\/uploads\/sites\/73\/2026\/03\/Eg\u0306itim-O\u0308g\u0306retim-ve-Sinav-Yo\u0308netmelig\u0306i.pdf\">Atat\u00fcrk \u00dcniversitesi T\u0131p Fak\u00fcltesi E\u011fitim-\u00d6\u011fretim ve S\u0131nav Y\u00f6netmeli\u011fi<\/a><\/span><\/p><p class=\"MsoNormal\" style=\"margin-bottom: .0001pt;line-height: 150%\"><a style=\"letter-spacing: 0px\" href=\"https:\/\/atauni.edu.tr\/yuklemeler\/923a7873af152f63f4631b9c9d64a008.pdf\"><span style=\"font-size: 12.0pt;line-height: 150%\">Atat\u00fcrk \u00dcniversitesi T\u0131p Fak\u00fcltesi T\u0131p Doktorlu\u011fu Diploma Denklik S\u0131nav\u0131 Uygulama Esaslar\u0131<\/span><\/a><\/p><\/div><\/div>\t\t\t\t\t\t\t\t<\/div>\n\t\t\t\t<\/div>\n\t\t\t\t\t<\/div>\n\t\t<\/div>\n\t\t\t\t\t<\/div>\n\t\t<\/section>\n\t\t\t\t<section class=\"elementor-section elementor-top-section elementor-element elementor-element-a9e8e6d elementor-section-boxed elementor-section-height-default elementor-section-height-default\" data-id=\"a9e8e6d\" data-element_type=\"section\">\n\t\t\t\t\t\t<div class=\"elementor-container elementor-column-gap-default\">\n\t\t\t\t\t<div class=\"elementor-column elementor-col-100 elementor-top-column elementor-element elementor-element-1341ab8\" data-id=\"1341ab8\" data-element_type=\"column\">\n\t\t\t<div class=\"elementor-widget-wrap elementor-element-populated\">\n\t\t\t\t\t\t<div class=\"elementor-element elementor-element-194b3b1 elementor-widget elementor-widget-pdf_viewer\" data-id=\"194b3b1\" data-element_type=\"widget\" data-widget_type=\"pdf_viewer.default\">\n\t\t\t\t<div class=\"elementor-widget-container\">\n\t\t\t\t\t<iframe src=\"https:\/\/docs.google.com\/viewer?url=https:\/\/atauni.edu.tr\/yuklemeler\/923a7873af152f63f4631b9c9d64a008.pdf&amp;embedded=true\" style=\"display: block; margin-left: auto; margin-right: auto; width: 640px; height: 1020px;\" frameborder=\"1\" marginheight=\"0px\" marginwidth=\"0px\" allowfullscreen><\/iframe>\t\t\t\t<\/div>\n\t\t\t\t<\/div>\n\t\t\t\t\t<\/div>\n\t\t<\/div>\n\t\t\t\t\t<\/div>\n\t\t<\/section>\n\t\t\t\t<\/div>\n\t\t","protected":false},"excerpt":{"rendered":"<p>Atat\u00fcrk \u00dcniversitesi T\u0131p Fak\u00fcltesi E\u011fitim-\u00d6\u011fretim ve S\u0131nav Y\u00f6netmeli\u011fi Atat\u00fcrk \u00dcniversitesi T\u0131p Fak\u00fcltesi T\u0131p Doktorlu\u011fu Diploma Denklik S\u0131nav\u0131 Uygulama Esaslar\u0131<\/p>\n","protected":false},"author":231,"featured_media":0,"parent":0,"menu_order":0,"comment_status":"closed","ping_status":"closed","template":"","meta":{"footnotes":""},"class_list":["post-8072","page","type-page","status-publish","hentry"],"_links":{"self":[{"href":"https:\/\/atauni.edu.tr\/tip-fakultesi\/wp-json\/wp\/v2\/pages\/8072","targetHints":{"allow":["GET"]}}],"collection":[{"href":"https:\/\/atauni.edu.tr\/tip-fakultesi\/wp-json\/wp\/v2\/pages"}],"about":[{"href":"https:\/\/atauni.edu.tr\/tip-fakultesi\/wp-json\/wp\/v2\/types\/page"}],"author":[{"embeddable":true,"href":"https:\/\/atauni.edu.tr\/tip-fakultesi\/wp-json\/wp\/v2\/users\/231"}],"replies":[{"embeddable":true,"href":"https:\/\/atauni.edu.tr\/tip-fakultesi\/wp-json\/wp\/v2\/comments?post=8072"}],"version-history":[{"count":40,"href":"https:\/\/atauni.edu.tr\/tip-fakultesi\/wp-json\/wp\/v2\/pages\/8072\/revisions"}],"predecessor-version":[{"id":20612,"href":"https:\/\/atauni.edu.tr\/tip-fakultesi\/wp-json\/wp\/v2\/pages\/8072\/revisions\/20612"}],"wp:attachment":[{"href":"https:\/\/atauni.edu.tr\/tip-fakultesi\/wp-json\/wp\/v2\/media?parent=8072"}],"curies":[{"name":"wp","href":"https:\/\/api.w.org\/{rel}","templated":true}]}}