{"id":8098,"date":"2021-12-31T10:52:43","date_gmt":"2021-12-31T07:52:43","guid":{"rendered":"https:\/\/birimler.atauni.edu.tr\/tip-fakultesi\/?page_id=8098"},"modified":"2026-01-06T10:58:07","modified_gmt":"2026-01-06T07:58:07","slug":"egitim_formlari_ve_dilekceleri","status":"publish","type":"page","link":"https:\/\/atauni.edu.tr\/tip-fakultesi\/egitim_formlari_ve_dilekceleri\/","title":{"rendered":"E\u011fitim Formlar\u0131 ve Dilek\u00e7eleri"},"content":{"rendered":"\t\t<div data-elementor-type=\"wp-page\" data-elementor-id=\"8098\" class=\"elementor elementor-8098\" data-elementor-post-type=\"page\">\n\t\t\t\t\t\t<section class=\"elementor-section elementor-top-section elementor-element elementor-element-ed96f21 elementor-section-boxed elementor-section-height-default elementor-section-height-default\" data-id=\"ed96f21\" data-element_type=\"section\">\n\t\t\t\t\t\t<div class=\"elementor-container elementor-column-gap-default\">\n\t\t\t\t\t<div class=\"elementor-column elementor-col-100 elementor-top-column elementor-element elementor-element-2d38a7d\" data-id=\"2d38a7d\" data-element_type=\"column\">\n\t\t\t<div class=\"elementor-widget-wrap elementor-element-populated\">\n\t\t\t\t\t\t<div class=\"elementor-element elementor-element-1ed7a3b elementor-widget elementor-widget-text-editor\" data-id=\"1ed7a3b\" data-element_type=\"widget\" data-widget_type=\"text-editor.default\">\n\t\t\t\t<div class=\"elementor-widget-container\">\n\t\t\t\t\t\t\t\t\t<p>&#8211;\u00a0<a href=\"https:\/\/atauni.edu.tr\/yuklemeler\/562983d3b21d9aec50555b24c6d85ed6.docx\">Soru \u0130tiraz Formu\u00a0<\/a><\/p><p>&#8211;\u00a0<a href=\"https:\/\/atauni.edu.tr\/yuklemeler\/0419d1a087bc6c0dec43ad594b9b92d6.docx\">S\u0131nav Sonucu \u0130tiraz Formu<\/a><\/p><p>&#8211;\u00a0<a href=\"https:\/\/atauni.edu.tr\/yuklemeler\/7e633b1513db525479ed4632c0ed0d68.docx\">Temel T\u0131p Bilimleri D\u00f6nemi Ba\u015far\u0131 Notu Y\u00fckseltme Formu<\/a><\/p><p>&#8211;\u00a0<a href=\"https:\/\/atauni.edu.tr\/yuklemeler\/cca3eff22b35dd8d74628ebe206832cf.docx\">4 ve 5. S\u0131n\u0131flar\u0131n B\u00fct\u00fcnleme S\u0131nav\u0131 Ba\u015fvuru Dilek\u00e7esi<\/a><\/p>\t\t\t\t\t\t\t\t<\/div>\n\t\t\t\t<\/div>\n\t\t\t\t\t<\/div>\n\t\t<\/div>\n\t\t\t\t\t<\/div>\n\t\t<\/section>\n\t\t\t\t<\/div>\n\t\t","protected":false},"excerpt":{"rendered":"<p>&#8211;\u00a0Soru \u0130tiraz Formu\u00a0 &#8211;\u00a0S\u0131nav Sonucu \u0130tiraz Formu &#8211;\u00a0Temel T\u0131p Bilimleri D\u00f6nemi Ba\u015far\u0131 Notu Y\u00fckseltme Formu &#8211;\u00a04 ve 5. S\u0131n\u0131flar\u0131n B\u00fct\u00fcnleme S\u0131nav\u0131 Ba\u015fvuru Dilek\u00e7esi<\/p>\n","protected":false},"author":231,"featured_media":0,"parent":0,"menu_order":0,"comment_status":"closed","ping_status":"closed","template":"","meta":{"footnotes":""},"class_list":["post-8098","page","type-page","status-publish","hentry"],"_links":{"self":[{"href":"https:\/\/atauni.edu.tr\/tip-fakultesi\/wp-json\/wp\/v2\/pages\/8098","targetHints":{"allow":["GET"]}}],"collection":[{"href":"https:\/\/atauni.edu.tr\/tip-fakultesi\/wp-json\/wp\/v2\/pages"}],"about":[{"href":"https:\/\/atauni.edu.tr\/tip-fakultesi\/wp-json\/wp\/v2\/types\/page"}],"author":[{"embeddable":true,"href":"https:\/\/atauni.edu.tr\/tip-fakultesi\/wp-json\/wp\/v2\/users\/231"}],"replies":[{"embeddable":true,"href":"https:\/\/atauni.edu.tr\/tip-fakultesi\/wp-json\/wp\/v2\/comments?post=8098"}],"version-history":[{"count":15,"href":"https:\/\/atauni.edu.tr\/tip-fakultesi\/wp-json\/wp\/v2\/pages\/8098\/revisions"}],"predecessor-version":[{"id":19788,"href":"https:\/\/atauni.edu.tr\/tip-fakultesi\/wp-json\/wp\/v2\/pages\/8098\/revisions\/19788"}],"wp:attachment":[{"href":"https:\/\/atauni.edu.tr\/tip-fakultesi\/wp-json\/wp\/v2\/media?parent=8098"}],"curies":[{"name":"wp","href":"https:\/\/api.w.org\/{rel}","templated":true}]}}