{"id":8116,"date":"2021-12-31T11:02:09","date_gmt":"2021-12-31T08:02:09","guid":{"rendered":"https:\/\/birimler.atauni.edu.tr\/tip-fakultesi\/?page_id=8116"},"modified":"2025-12-02T16:35:40","modified_gmt":"2025-12-02T13:35:40","slug":"organizasyon-semasi","status":"publish","type":"page","link":"https:\/\/atauni.edu.tr\/tip-fakultesi\/anasayfa1\/fakultemiz\/organizasyon-semasi\/","title":{"rendered":"Organizasyon \u015eemas\u0131"},"content":{"rendered":"\t\t<div data-elementor-type=\"wp-page\" data-elementor-id=\"8116\" class=\"elementor elementor-8116\" data-elementor-post-type=\"page\">\n\t\t\t\t\t\t<section class=\"elementor-section elementor-top-section elementor-element elementor-element-ada0ed8 elementor-section-boxed elementor-section-height-default elementor-section-height-default\" data-id=\"ada0ed8\" data-element_type=\"section\">\n\t\t\t\t\t\t<div class=\"elementor-container elementor-column-gap-default\">\n\t\t\t\t\t<div class=\"elementor-column elementor-col-50 elementor-top-column elementor-element elementor-element-7e8d4f4\" data-id=\"7e8d4f4\" data-element_type=\"column\">\n\t\t\t<div class=\"elementor-widget-wrap elementor-element-populated\">\n\t\t\t\t\t\t<div class=\"elementor-element elementor-element-bae0558 elementor-widget elementor-widget-heading\" data-id=\"bae0558\" data-element_type=\"widget\" data-widget_type=\"heading.default\">\n\t\t\t\t<div class=\"elementor-widget-container\">\n\t\t\t\t\t<h2 class=\"elementor-heading-title elementor-size-default\">Fak\u00fcltemiz<\/h2>\t\t\t\t<\/div>\n\t\t\t\t<\/div>\n\t\t\t\t<div class=\"elementor-element elementor-element-9ed7714 elementor-widget-divider--view-line elementor-widget elementor-widget-divider\" data-id=\"9ed7714\" data-element_type=\"widget\" data-widget_type=\"divider.default\">\n\t\t\t\t<div class=\"elementor-widget-container\">\n\t\t\t\t\t\t\t<div class=\"elementor-divider\">\n\t\t\t<span class=\"elementor-divider-separator\">\n\t\t\t\t\t\t<\/span>\n\t\t<\/div>\n\t\t\t\t\t\t<\/div>\n\t\t\t\t<\/div>\n\t\t\t\t<div class=\"elementor-element elementor-element-745c492 elementor-nav-menu__align-start smain elementor-nav-menu--dropdown-tablet elementor-nav-menu__text-align-aside elementor-nav-menu--toggle elementor-nav-menu--burger elementor-widget elementor-widget-nav-menu\" data-id=\"745c492\" data-element_type=\"widget\" data-settings=\"{&quot;layout&quot;:&quot;vertical&quot;,&quot;submenu_icon&quot;:{&quot;value&quot;:&quot;&lt;i class=\\&quot;fas fa-caret-down\\&quot; aria-hidden=\\&quot;true\\&quot;&gt;&lt;\\\/i&gt;&quot;,&quot;library&quot;:&quot;fa-solid&quot;},&quot;toggle&quot;:&quot;burger&quot;}\" data-widget_type=\"nav-menu.default\">\n\t\t\t\t<div class=\"elementor-widget-container\">\n\t\t\t\t\t\t\t\t<nav aria-label=\"Menu\" class=\"elementor-nav-menu--main elementor-nav-menu__container elementor-nav-menu--layout-vertical e--pointer-none\">\n\t\t\t\t<ul id=\"menu-1-745c492\" class=\"elementor-nav-menu sm-vertical\"><li class=\"menu-item menu-item-type-post_type menu-item-object-page menu-item-17216\"><a href=\"https:\/\/atauni.edu.tr\/tip-fakultesi\/anasayfa1\/fakultemiz\/misyon-vizyon-ve-temel-degerler\/\" class=\"elementor-item\">Misyon ve Vizyon<\/a><\/li>\n<li class=\"menu-item menu-item-type-post_type menu-item-object-page menu-item-20524\"><a href=\"https:\/\/atauni.edu.tr\/tip-fakultesi\/anasayfa1\/fakultemiz\/kurmsal-amac-ve-hedefler\/\" class=\"elementor-item\">Ama\u00e7 ve Hedefler<\/a><\/li>\n<li class=\"menu-item menu-item-type-post_type menu-item-object-page menu-item-17217\"><a href=\"https:\/\/atauni.edu.tr\/tip-fakultesi\/anasayfa1\/fakultemiz\/tarihce\/\" class=\"elementor-item\">Tarih\u00e7e<\/a><\/li>\n<li class=\"menu-item menu-item-type-post_type menu-item-object-page menu-item-17218\"><a href=\"https:\/\/atauni.edu.tr\/tip-fakultesi\/anasayfa1\/fakultemiz\/dekanimizdan-mesaj\/\" class=\"elementor-item\">Dekan\u0131m\u0131zdan Mesaj<\/a><\/li>\n<li class=\"menu-item menu-item-type-post_type menu-item-object-page menu-item-17219\"><a href=\"https:\/\/atauni.edu.tr\/tip-fakultesi\/anasayfa1\/fakultemiz\/akademik-yolculugumuz\/\" class=\"elementor-item\">Akademik Yolculu\u011fumuz<\/a><\/li>\n<li class=\"menu-item menu-item-type-post_type menu-item-object-page menu-item-17220\"><a href=\"https:\/\/atauni.edu.tr\/tip-fakultesi\/anasayfa1\/fakultemiz\/yonetim\/\" class=\"elementor-item\">Y\u00f6netim<\/a><\/li>\n<li class=\"menu-item menu-item-type-post_type menu-item-object-page menu-item-17221\"><a href=\"https:\/\/atauni.edu.tr\/tip-fakultesi\/anasayfa1\/fakultemiz\/yetkinlikler-yeterlilikler\/\" class=\"elementor-item\">Yetkinlikler \u2013 Yeterlilikler<\/a><\/li>\n<li class=\"menu-item menu-item-type-post_type menu-item-object-page menu-item-17222\"><a href=\"https:\/\/atauni.edu.tr\/tip-fakultesi\/anasayfa1\/fakultemiz\/kurullar-ve-komisyonlar\/\" class=\"elementor-item\">Kurullar ve Komisyonlar<\/a><\/li>\n<li class=\"menu-item menu-item-type-post_type menu-item-object-page menu-item-17223\"><a href=\"https:\/\/atauni.edu.tr\/tip-fakultesi\/anasayfa1\/fakultemiz\/idari_personel\/\" class=\"elementor-item\">\u0130dari Personel<\/a><\/li>\n<li class=\"menu-item menu-item-type-post_type menu-item-object-page menu-item-17224\"><a href=\"https:\/\/atauni.edu.tr\/tip-fakultesi\/anasayfa1\/fakultemiz\/organizasyon-semasi\/\" class=\"elementor-item\">Organizasyon \u015eemas\u0131<\/a><\/li>\n<li class=\"menu-item menu-item-type-post_type menu-item-object-page menu-item-17225\"><a href=\"https:\/\/atauni.edu.tr\/tip-fakultesi\/anasayfa1\/fakultemiz\/tip-fakultesi-tanitim-filmi\/\" class=\"elementor-item\">Tan\u0131t\u0131m<\/a><\/li>\n<\/ul>\t\t\t<\/nav>\n\t\t\t\t\t<div class=\"elementor-menu-toggle\" role=\"button\" tabindex=\"0\" aria-label=\"Menu Toggle\" aria-expanded=\"false\">\n\t\t\t<i aria-hidden=\"true\" role=\"presentation\" class=\"elementor-menu-toggle__icon--open eicon-menu-bar\"><\/i><i aria-hidden=\"true\" role=\"presentation\" class=\"elementor-menu-toggle__icon--close eicon-close\"><\/i>\t\t<\/div>\n\t\t\t\t\t<nav class=\"elementor-nav-menu--dropdown elementor-nav-menu__container\" aria-hidden=\"true\">\n\t\t\t\t<ul id=\"menu-2-745c492\" class=\"elementor-nav-menu sm-vertical\"><li class=\"menu-item menu-item-type-post_type menu-item-object-page menu-item-17216\"><a href=\"https:\/\/atauni.edu.tr\/tip-fakultesi\/anasayfa1\/fakultemiz\/misyon-vizyon-ve-temel-degerler\/\" class=\"elementor-item\" tabindex=\"-1\">Misyon ve Vizyon<\/a><\/li>\n<li class=\"menu-item menu-item-type-post_type menu-item-object-page menu-item-20524\"><a href=\"https:\/\/atauni.edu.tr\/tip-fakultesi\/anasayfa1\/fakultemiz\/kurmsal-amac-ve-hedefler\/\" class=\"elementor-item\" tabindex=\"-1\">Ama\u00e7 ve Hedefler<\/a><\/li>\n<li class=\"menu-item menu-item-type-post_type menu-item-object-page menu-item-17217\"><a href=\"https:\/\/atauni.edu.tr\/tip-fakultesi\/anasayfa1\/fakultemiz\/tarihce\/\" class=\"elementor-item\" tabindex=\"-1\">Tarih\u00e7e<\/a><\/li>\n<li class=\"menu-item menu-item-type-post_type menu-item-object-page menu-item-17218\"><a href=\"https:\/\/atauni.edu.tr\/tip-fakultesi\/anasayfa1\/fakultemiz\/dekanimizdan-mesaj\/\" class=\"elementor-item\" tabindex=\"-1\">Dekan\u0131m\u0131zdan Mesaj<\/a><\/li>\n<li class=\"menu-item menu-item-type-post_type menu-item-object-page menu-item-17219\"><a href=\"https:\/\/atauni.edu.tr\/tip-fakultesi\/anasayfa1\/fakultemiz\/akademik-yolculugumuz\/\" class=\"elementor-item\" tabindex=\"-1\">Akademik Yolculu\u011fumuz<\/a><\/li>\n<li class=\"menu-item menu-item-type-post_type menu-item-object-page menu-item-17220\"><a href=\"https:\/\/atauni.edu.tr\/tip-fakultesi\/anasayfa1\/fakultemiz\/yonetim\/\" class=\"elementor-item\" tabindex=\"-1\">Y\u00f6netim<\/a><\/li>\n<li class=\"menu-item menu-item-type-post_type menu-item-object-page menu-item-17221\"><a href=\"https:\/\/atauni.edu.tr\/tip-fakultesi\/anasayfa1\/fakultemiz\/yetkinlikler-yeterlilikler\/\" class=\"elementor-item\" tabindex=\"-1\">Yetkinlikler \u2013 Yeterlilikler<\/a><\/li>\n<li class=\"menu-item menu-item-type-post_type menu-item-object-page menu-item-17222\"><a href=\"https:\/\/atauni.edu.tr\/tip-fakultesi\/anasayfa1\/fakultemiz\/kurullar-ve-komisyonlar\/\" class=\"elementor-item\" tabindex=\"-1\">Kurullar ve Komisyonlar<\/a><\/li>\n<li class=\"menu-item menu-item-type-post_type menu-item-object-page menu-item-17223\"><a href=\"https:\/\/atauni.edu.tr\/tip-fakultesi\/anasayfa1\/fakultemiz\/idari_personel\/\" class=\"elementor-item\" tabindex=\"-1\">\u0130dari Personel<\/a><\/li>\n<li class=\"menu-item menu-item-type-post_type menu-item-object-page menu-item-17224\"><a href=\"https:\/\/atauni.edu.tr\/tip-fakultesi\/anasayfa1\/fakultemiz\/organizasyon-semasi\/\" class=\"elementor-item\" tabindex=\"-1\">Organizasyon \u015eemas\u0131<\/a><\/li>\n<li class=\"menu-item menu-item-type-post_type menu-item-object-page menu-item-17225\"><a href=\"https:\/\/atauni.edu.tr\/tip-fakultesi\/anasayfa1\/fakultemiz\/tip-fakultesi-tanitim-filmi\/\" class=\"elementor-item\" tabindex=\"-1\">Tan\u0131t\u0131m<\/a><\/li>\n<\/ul>\t\t\t<\/nav>\n\t\t\t\t\t\t<\/div>\n\t\t\t\t<\/div>\n\t\t\t\t\t<\/div>\n\t\t<\/div>\n\t\t\t\t<div class=\"elementor-column elementor-col-50 elementor-top-column elementor-element elementor-element-7116b78\" data-id=\"7116b78\" data-element_type=\"column\">\n\t\t\t<div class=\"elementor-widget-wrap elementor-element-populated\">\n\t\t\t\t\t\t<section class=\"elementor-section elementor-inner-section elementor-element elementor-element-6af7e8a elementor-section-boxed elementor-section-height-default elementor-section-height-default\" data-id=\"6af7e8a\" data-element_type=\"section\">\n\t\t\t\t\t\t<div class=\"elementor-container elementor-column-gap-default\">\n\t\t\t\t\t<div class=\"elementor-column elementor-col-100 elementor-inner-column elementor-element elementor-element-b9544dd\" data-id=\"b9544dd\" data-element_type=\"column\">\n\t\t\t<div class=\"elementor-widget-wrap elementor-element-populated\">\n\t\t\t\t\t\t<div class=\"elementor-element elementor-element-9ea006c elementor-widget elementor-widget-text-editor\" data-id=\"9ea006c\" data-element_type=\"widget\" data-widget_type=\"text-editor.default\">\n\t\t\t\t<div class=\"elementor-widget-container\">\n\t\t\t\t\t\t\t\t\t<h5><strong>Organizasyon \u015eemas\u0131<\/strong><\/h5>\t\t\t\t\t\t\t\t<\/div>\n\t\t\t\t<\/div>\n\t\t\t\t\t<\/div>\n\t\t<\/div>\n\t\t\t\t\t<\/div>\n\t\t<\/section>\n\t\t\t\t<section class=\"elementor-section elementor-inner-section elementor-element elementor-element-c8dea38 elementor-section-boxed elementor-section-height-default elementor-section-height-default\" data-id=\"c8dea38\" data-element_type=\"section\">\n\t\t\t\t\t\t<div class=\"elementor-container elementor-column-gap-default\">\n\t\t\t\t\t<div class=\"elementor-column elementor-col-100 elementor-inner-column elementor-element elementor-element-4ab6d98\" data-id=\"4ab6d98\" data-element_type=\"column\">\n\t\t\t<div class=\"elementor-widget-wrap elementor-element-populated\">\n\t\t\t\t\t\t<div class=\"elementor-element elementor-element-4c5fa11 elementor-widget elementor-widget-image\" data-id=\"4c5fa11\" data-element_type=\"widget\" data-widget_type=\"image.default\">\n\t\t\t\t<div class=\"elementor-widget-container\">\n\t\t\t\t\t\t\t\t\t\t\t\t\t\t\t<img fetchpriority=\"high\" decoding=\"async\" width=\"1024\" height=\"763\" src=\"https:\/\/atauni.edu.tr\/tip-fakultesi\/wp-content\/uploads\/sites\/73\/2025\/12\/Organizasyon-s\u0327emasi-TR-1024x763.png\" class=\"attachment-large size-large wp-image-19096\" alt=\"\" srcset=\"https:\/\/atauni.edu.tr\/tip-fakultesi\/wp-content\/uploads\/sites\/73\/2025\/12\/Organizasyon-s\u0327emasi-TR-1024x763.png 1024w, https:\/\/atauni.edu.tr\/tip-fakultesi\/wp-content\/uploads\/sites\/73\/2025\/12\/Organizasyon-s\u0327emasi-TR-300x224.png 300w, https:\/\/atauni.edu.tr\/tip-fakultesi\/wp-content\/uploads\/sites\/73\/2025\/12\/Organizasyon-s\u0327emasi-TR-768x572.png 768w, https:\/\/atauni.edu.tr\/tip-fakultesi\/wp-content\/uploads\/sites\/73\/2025\/12\/Organizasyon-s\u0327emasi-TR-1536x1145.png 1536w, https:\/\/atauni.edu.tr\/tip-fakultesi\/wp-content\/uploads\/sites\/73\/2025\/12\/Organizasyon-s\u0327emasi-TR-2048x1526.png 2048w, https:\/\/atauni.edu.tr\/tip-fakultesi\/wp-content\/uploads\/sites\/73\/2025\/12\/Organizasyon-s\u0327emasi-TR-600x447.png 600w, https:\/\/atauni.edu.tr\/tip-fakultesi\/wp-content\/uploads\/sites\/73\/2025\/12\/Organizasyon-s\u0327emasi-TR-560x417.png 560w\" sizes=\"(max-width: 1024px) 100vw, 1024px\" \/>\t\t\t\t\t\t\t\t\t\t\t\t\t\t\t<\/div>\n\t\t\t\t<\/div>\n\t\t\t\t\t<\/div>\n\t\t<\/div>\n\t\t\t\t\t<\/div>\n\t\t<\/section>\n\t\t\t\t<section class=\"elementor-section elementor-inner-section elementor-element elementor-element-cf9bcbf elementor-section-boxed elementor-section-height-default elementor-section-height-default\" data-id=\"cf9bcbf\" data-element_type=\"section\">\n\t\t\t\t\t\t<div class=\"elementor-container elementor-column-gap-default\">\n\t\t\t\t\t<div class=\"elementor-column elementor-col-100 elementor-inner-column elementor-element elementor-element-e40b009\" data-id=\"e40b009\" data-element_type=\"column\">\n\t\t\t<div class=\"elementor-widget-wrap elementor-element-populated\">\n\t\t\t\t\t\t<div class=\"elementor-element elementor-element-ade8388 elementor-widget elementor-widget-text-editor\" data-id=\"ade8388\" data-element_type=\"widget\" data-widget_type=\"text-editor.default\">\n\t\t\t\t<div class=\"elementor-widget-container\">\n\t\t\t\t\t\t\t\t\t<p>PDF format\u0131na ula\u015fmak i\u00e7in <a href=\"https:\/\/birimler.atauni.edu.tr\/tip-fakultesi\/wp-content\/uploads\/sites\/73\/2025\/12\/Organizasyon-s\u0327emasi-TR.pdf\">t\u0131klay\u0131n\u0131z&#8230; \u00a0TR<\/a> \u00a0\/ \u00a0<a href=\"https:\/\/birimler.atauni.edu.tr\/tip-fakultesi\/wp-content\/uploads\/sites\/73\/2025\/12\/Organizasyon-s\u0327emasi-EN.pdf\">EN<\/a><\/p><div id=\"mttContainer\" class=\"notranslate\" aria-expanded=\"false\">\u00a0<\/div>\t\t\t\t\t\t\t\t<\/div>\n\t\t\t\t<\/div>\n\t\t\t\t\t<\/div>\n\t\t<\/div>\n\t\t\t\t\t<\/div>\n\t\t<\/section>\n\t\t\t\t\t<\/div>\n\t\t<\/div>\n\t\t\t\t\t<\/div>\n\t\t<\/section>\n\t\t\t\t<section class=\"elementor-section elementor-top-section elementor-element elementor-element-5056a1e elementor-section-boxed elementor-section-height-default elementor-section-height-default\" data-id=\"5056a1e\" data-element_type=\"section\">\n\t\t\t\t\t\t<div class=\"elementor-container elementor-column-gap-default\">\n\t\t\t\t\t<div class=\"elementor-column elementor-col-100 elementor-top-column elementor-element elementor-element-dac126b\" data-id=\"dac126b\" data-element_type=\"column\">\n\t\t\t<div class=\"elementor-widget-wrap elementor-element-populated\">\n\t\t\t\t\t\t<div class=\"elementor-element elementor-element-e7f5f9d elementor-widget elementor-widget-spacer\" data-id=\"e7f5f9d\" data-element_type=\"widget\" data-widget_type=\"spacer.default\">\n\t\t\t\t<div class=\"elementor-widget-container\">\n\t\t\t\t\t\t\t<div class=\"elementor-spacer\">\n\t\t\t<div class=\"elementor-spacer-inner\"><\/div>\n\t\t<\/div>\n\t\t\t\t\t\t<\/div>\n\t\t\t\t<\/div>\n\t\t\t\t\t<\/div>\n\t\t<\/div>\n\t\t\t\t\t<\/div>\n\t\t<\/section>\n\t\t\t\t<\/div>\n\t\t","protected":false},"excerpt":{"rendered":"<p>Fak\u00fcltemiz Organizasyon \u015eemas\u0131 PDF format\u0131na ula\u015fmak i\u00e7in t\u0131klay\u0131n\u0131z&#8230; \u00a0TR \u00a0\/ \u00a0EN \u00a0<\/p>\n","protected":false},"author":231,"featured_media":0,"parent":17740,"menu_order":0,"comment_status":"closed","ping_status":"closed","template":"elementor_header_footer","meta":{"footnotes":""},"class_list":["post-8116","page","type-page","status-publish","hentry"],"_links":{"self":[{"href":"https:\/\/atauni.edu.tr\/tip-fakultesi\/wp-json\/wp\/v2\/pages\/8116","targetHints":{"allow":["GET"]}}],"collection":[{"href":"https:\/\/atauni.edu.tr\/tip-fakultesi\/wp-json\/wp\/v2\/pages"}],"about":[{"href":"https:\/\/atauni.edu.tr\/tip-fakultesi\/wp-json\/wp\/v2\/types\/page"}],"author":[{"embeddable":true,"href":"https:\/\/atauni.edu.tr\/tip-fakultesi\/wp-json\/wp\/v2\/users\/231"}],"replies":[{"embeddable":true,"href":"https:\/\/atauni.edu.tr\/tip-fakultesi\/wp-json\/wp\/v2\/comments?post=8116"}],"version-history":[{"count":49,"href":"https:\/\/atauni.edu.tr\/tip-fakultesi\/wp-json\/wp\/v2\/pages\/8116\/revisions"}],"predecessor-version":[{"id":19100,"href":"https:\/\/atauni.edu.tr\/tip-fakultesi\/wp-json\/wp\/v2\/pages\/8116\/revisions\/19100"}],"up":[{"embeddable":true,"href":"https:\/\/atauni.edu.tr\/tip-fakultesi\/wp-json\/wp\/v2\/pages\/17740"}],"wp:attachment":[{"href":"https:\/\/atauni.edu.tr\/tip-fakultesi\/wp-json\/wp\/v2\/media?parent=8116"}],"curies":[{"name":"wp","href":"https:\/\/api.w.org\/{rel}","templated":true}]}}