{"id":8349,"date":"2022-01-06T20:50:13","date_gmt":"2022-01-06T17:50:13","guid":{"rendered":"https:\/\/birimler.atauni.edu.tr\/tip-fakultesi\/?page_id=8349"},"modified":"2024-01-25T14:25:15","modified_gmt":"2024-01-25T11:25:15","slug":"curriculum-archive","status":"publish","type":"page","link":"https:\/\/atauni.edu.tr\/tip-fakultesi\/en\/curriculum-archive\/","title":{"rendered":"Curriculum Archive"},"content":{"rendered":"\t\t<div data-elementor-type=\"wp-page\" data-elementor-id=\"8349\" class=\"elementor elementor-8349\" data-elementor-post-type=\"page\">\n\t\t\t\t\t\t<section class=\"elementor-section elementor-top-section elementor-element elementor-element-70162c8 elementor-section-boxed elementor-section-height-default elementor-section-height-default\" data-id=\"70162c8\" data-element_type=\"section\">\n\t\t\t\t\t\t<div class=\"elementor-container elementor-column-gap-default\">\n\t\t\t\t\t<div class=\"elementor-column elementor-col-100 elementor-top-column elementor-element elementor-element-82d5fef\" data-id=\"82d5fef\" data-element_type=\"column\">\n\t\t\t<div class=\"elementor-widget-wrap elementor-element-populated\">\n\t\t\t\t\t\t<div class=\"elementor-element elementor-element-03aba9e elementor-widget elementor-widget-text-editor\" data-id=\"03aba9e\" data-element_type=\"widget\" data-widget_type=\"text-editor.default\">\n\t\t\t\t<div class=\"elementor-widget-container\">\n\t\t\t\t\t\t\t\t\t<p class=\"MsoNormal\" style=\"margin-top: 2rem;line-height: 1.5em;font-size: 14px;letter-spacing: 0.3px\"><span style=\"color: #000000\">You can download the Faculty of Medicine Syllabi for the relevant years by clicking on it.<\/span><\/p><table class=\"MsoTableGrid\" style=\"font-size: 14px;width: 633px;letter-spacing: 0.3px;height: 672px\" border=\"1\" width=\"0\" cellspacing=\"0\" cellpadding=\"0\"><tbody><tr style=\"height: 19.8pt\"><td style=\"border-width: 1pt;border-color: windowtext;padding: 0cm 5.4pt 0cm 5px;width: 474.85pt;height: 19.8pt;text-align: center\" width=\"633\"><span style=\"font-weight: bolder;color: #000000\"><span lang=\"TR\">2014-2015 E\u011fitim-\u00d6\u011fretim Y\u0131l\u0131<\/span><\/span><\/td><\/tr><tr style=\"height: 19.8pt\"><td style=\"border-top: none;border-right-width: 1pt;border-right-color: windowtext;border-bottom-width: 1pt;border-bottom-color: windowtext;border-left-width: 1pt;border-left-color: windowtext;padding: 0cm 5.4pt;width: 474.85pt;height: 19.8pt\" width=\"633\"><span style=\"color: #000000\"><a style=\"color: #000000\" href=\"https:\/\/birimler.atauni.edu.tr\/tip-fakultesi\/wp-content\/uploads\/sites\/73\/2020\/07\/2014-2015-Turkce-ve-Ingilizce-Tip-1-2-3-Sinif-Ders-Programi.xlsx\"><span lang=\"TR\">2014-2015 T\u00fcrk\u00e7e ve \u0130ngilizce T\u0131p 1.2.3. S\u0131n\u0131f Ders Program\u0131<\/span><\/a><\/span><\/td><\/tr><tr style=\"height: 20.65pt\"><td style=\"border-top: none;border-right-width: 1pt;border-right-color: windowtext;border-bottom-width: 1pt;border-bottom-color: windowtext;border-left-width: 1pt;border-left-color: windowtext;padding: 0cm 5.4pt;width: 474.85pt;height: 20.65pt\" width=\"633\"><span style=\"color: #000000\"><a style=\"color: #000000\" href=\"https:\/\/birimler.atauni.edu.tr\/tip-fakultesi\/wp-content\/uploads\/sites\/73\/2020\/07\/2014-2015-Turkce-ve-Ingilizce-Tip-4-5-6-Sinif-Ders-Programi.doc\"><span lang=\"TR\">2014-2015 T\u00fcrk\u00e7e ve \u0130ngilizce T\u0131p 4.5.6. S\u0131n\u0131f Ders Program\u0131<\/span><\/a><\/span><\/td><\/tr><tr style=\"height: 19.8pt\"><td style=\"border-top: none;border-right-width: 1pt;border-right-color: windowtext;border-bottom-width: 1pt;border-bottom-color: windowtext;border-left-width: 1pt;border-left-color: windowtext;padding: 0cm 5.4pt;width: 474.85pt;height: 19.8pt;text-align: center\" width=\"633\"><span style=\"font-weight: bolder;color: #000000\"><span lang=\"TR\">2015-2016 E\u011fitim-\u00d6\u011fretim Y\u0131l\u0131<\/span><\/span><\/td><\/tr><tr style=\"height: 19.8pt\"><td style=\"border-top: none;border-right-width: 1pt;border-right-color: windowtext;border-bottom-width: 1pt;border-bottom-color: windowtext;border-left-width: 1pt;border-left-color: windowtext;padding: 0cm 5.4pt;width: 474.85pt;height: 19.8pt\" width=\"633\"><span style=\"color: #000000\"><a style=\"color: #000000\" href=\"https:\/\/birimler.atauni.edu.tr\/tip-fakultesi\/wp-content\/uploads\/sites\/73\/2020\/07\/2015-2016-Turkce-ve-Ingilizce-Tip-1-2-3-Sinif-Ders-Programi.xlsx\"><span lang=\"TR\">2015-2016 T\u00fcrk\u00e7e ve \u0130ngilizce T\u0131p 1.2.3. S\u0131n\u0131f Ders Program\u0131<\/span><\/a><\/span><\/td><\/tr><tr style=\"height: 19.8pt\"><td style=\"border-top: none;border-right-width: 1pt;border-right-color: windowtext;border-bottom-width: 1pt;border-bottom-color: windowtext;border-left-width: 1pt;border-left-color: windowtext;padding: 0cm 5.4pt;width: 474.85pt;height: 19.8pt\" width=\"633\"><span style=\"color: #000000\"><a style=\"color: #000000\" href=\"https:\/\/birimler.atauni.edu.tr\/tip-fakultesi\/wp-content\/uploads\/sites\/73\/2020\/07\/2015-2016-Turkce-ve-Ingilizce-Tip-4-5-6-Sinif-Ders-Programi.docx\"><span lang=\"TR\">2015-2016 T\u00fcrk\u00e7e ve \u0130ngilizce T\u0131p 4.5.6. S\u0131n\u0131f Ders Program\u0131<\/span><\/a><\/span><\/td><\/tr><tr style=\"height: 19.8pt\"><td style=\"border-top: none;border-right-width: 1pt;border-right-color: windowtext;border-bottom-width: 1pt;border-bottom-color: windowtext;border-left-width: 1pt;border-left-color: windowtext;padding: 0cm 5.4pt;width: 474.85pt;height: 19.8pt;text-align: center\" width=\"633\"><span style=\"font-weight: bolder;color: #000000\"><span lang=\"TR\">2016-2017 E\u011fitim-\u00d6\u011fretim Y\u0131l\u0131<\/span><\/span><\/td><\/tr><tr style=\"height: 19.8pt\"><td style=\"border-top: none;border-right-width: 1pt;border-right-color: windowtext;border-bottom-width: 1pt;border-bottom-color: windowtext;border-left-width: 1pt;border-left-color: windowtext;padding: 0cm 5.4pt;width: 474.85pt;height: 19.8pt\" width=\"633\"><span style=\"color: #000000\"><a style=\"color: #000000\" href=\"https:\/\/birimler.atauni.edu.tr\/tip-fakultesi\/wp-content\/uploads\/sites\/73\/2020\/07\/2016-2017-Turkce-ve-Ingilizce-Tip-1-2-3-Sinif-Ders-Programi.xlsx\"><span lang=\"TR\">2016-2017 T\u00fcrk\u00e7e ve \u0130ngilizce T\u0131p 1.2.3. S\u0131n\u0131f Ders Program\u0131<\/span><\/a><\/span><\/td><\/tr><tr style=\"height: 20.65pt\"><td style=\"border-top: none;border-right-width: 1pt;border-right-color: windowtext;border-bottom-width: 1pt;border-bottom-color: windowtext;border-left-width: 1pt;border-left-color: windowtext;padding: 0cm 5.4pt;width: 474.85pt;height: 20.65pt\" width=\"633\"><span style=\"color: #000000\"><a style=\"color: #000000\" href=\"https:\/\/birimler.atauni.edu.tr\/tip-fakultesi\/wp-content\/uploads\/sites\/73\/2020\/07\/2016-2017-Turkce-ve-Ingilizce-Tip-4-5-6-Sinif-Ders-Programi.docx\"><span lang=\"TR\">2016-2017 T\u00fcrk\u00e7e ve \u0130ngilizce T\u0131p 4.5.6. S\u0131n\u0131f Ders Program\u0131<\/span><\/a><\/span><\/td><\/tr><tr style=\"height: 19.8pt\"><td style=\"border-top: none;border-right-width: 1pt;border-right-color: windowtext;border-bottom-width: 1pt;border-bottom-color: windowtext;border-left-width: 1pt;border-left-color: windowtext;padding: 0cm 5.4pt;width: 474.85pt;height: 19.8pt;text-align: center\" width=\"633\"><span style=\"font-weight: bolder;color: #000000\"><span lang=\"TR\">2017-2018 E\u011fitim-\u00d6\u011fretim Y\u0131l\u0131<\/span><\/span><\/td><\/tr><tr style=\"height: 19.8pt\"><td style=\"border-top: none;border-right-width: 1pt;border-right-color: windowtext;border-bottom-width: 1pt;border-bottom-color: windowtext;border-left-width: 1pt;border-left-color: windowtext;padding: 0cm 5.4pt;width: 474.85pt;height: 19.8pt\" width=\"633\"><span style=\"color: #000000\"><a style=\"color: #000000\" href=\"https:\/\/birimler.atauni.edu.tr\/tip-fakultesi\/wp-content\/uploads\/sites\/73\/2020\/07\/2017-2018-Turkce-ve-Ingilizce-Tip-1-2-3-Sinif-Ders-Programi.xlsx\"><span lang=\"TR\">2017-2018 T\u00fcrk\u00e7e ve \u0130ngilizce T\u0131p 1.2.3. S\u0131n\u0131f Ders Program\u0131<\/span><\/a><\/span><\/td><\/tr><tr style=\"height: 19.8pt\"><td style=\"border-top: none;border-right-width: 1pt;border-right-color: windowtext;border-bottom-width: 1pt;border-bottom-color: windowtext;border-left-width: 1pt;border-left-color: windowtext;padding: 0cm 5.4pt;width: 474.85pt;height: 19.8pt\" width=\"633\"><span style=\"color: #000000\"><a style=\"color: #000000\" href=\"https:\/\/birimler.atauni.edu.tr\/tip-fakultesi\/wp-content\/uploads\/sites\/73\/2020\/07\/2017-2018-Turkce-ve-Ingilizce-Tip-4-5-6-Sinif-Ders-Programi.docx\"><span lang=\"TR\">2017-2018 T\u00fcrk\u00e7e ve \u0130ngilizce T\u0131p 4.5.6. S\u0131n\u0131f Ders Program\u0131<\/span><\/a><\/span><\/td><\/tr><tr style=\"height: 19.8pt\"><td style=\"border-top: none;border-right-width: 1pt;border-right-color: windowtext;border-bottom-width: 1pt;border-bottom-color: windowtext;border-left-width: 1pt;border-left-color: windowtext;padding: 0cm 5.4pt;width: 474.85pt;height: 19.8pt;text-align: center\" width=\"633\"><span style=\"font-weight: bolder;color: #000000\"><span lang=\"TR\">2018-2019 E\u011fitim-\u00d6\u011fretim Y\u0131l\u0131<\/span><\/span><\/td><\/tr><tr style=\"height: 19.8pt\"><td style=\"border-top: none;border-right-width: 1pt;border-right-color: windowtext;border-bottom-width: 1pt;border-bottom-color: windowtext;border-left-width: 1pt;border-left-color: windowtext;padding: 0cm 5.4pt;width: 474.85pt;height: 19.8pt\" width=\"633\"><span style=\"color: #000000\"><a style=\"color: #000000\" href=\"https:\/\/birimler.atauni.edu.tr\/tip-fakultesi\/wp-content\/uploads\/sites\/73\/2020\/07\/2018-2019-Turkce-ve-Ingilizce-Tip-1-2-3-Sinif-Ders-Programi.xlsx\"><span lang=\"TR\">2018-2019 T\u00fcrk\u00e7e ve \u0130ngilizce T\u0131p 1.2.3. S\u0131n\u0131f Ders Program\u0131<\/span><\/a><\/span><\/td><\/tr><tr style=\"height: 20.65pt\"><td style=\"border-top: none;border-right-width: 1pt;border-right-color: windowtext;border-bottom-width: 1pt;border-bottom-color: windowtext;border-left-width: 1pt;border-left-color: windowtext;padding: 0cm 5.4pt;width: 474.85pt;height: 20.65pt\" width=\"633\"><span style=\"color: #000000\"><a style=\"color: #000000\" href=\"https:\/\/birimler.atauni.edu.tr\/tip-fakultesi\/wp-content\/uploads\/sites\/73\/2020\/07\/2018-2019-Turkce-ve-Ingilizce-Tip-4-5-6-Sinif-Ders-Programi.docx\"><span lang=\"TR\">2018-2019 T\u00fcrk\u00e7e ve \u0130ngilizce T\u0131p 4.5.6. S\u0131n\u0131f Ders Program\u0131<\/span><\/a><\/span><\/td><\/tr><tr style=\"height: 19.8pt\"><td style=\"border-top: none;border-right-width: 1pt;border-right-color: windowtext;border-bottom-width: 1pt;border-bottom-color: windowtext;border-left-width: 1pt;border-left-color: windowtext;padding: 0cm 5.4pt;width: 474.85pt;height: 19.8pt;text-align: center\" width=\"633\"><span style=\"font-weight: bolder;color: #000000\"><span lang=\"TR\">2019-2020 E\u011fitim-\u00d6\u011fretim Y\u0131l\u0131<\/span><\/span><\/td><\/tr><tr style=\"height: 19.8pt\"><td style=\"border-top: none;border-right-width: 1pt;border-right-color: windowtext;border-bottom-width: 1pt;border-bottom-color: windowtext;border-left-width: 1pt;border-left-color: windowtext;padding: 0cm 5.4pt;width: 474.85pt;height: 19.8pt\" width=\"633\"><span style=\"color: #000000\"><a style=\"color: #000000\" href=\"https:\/\/birimler.atauni.edu.tr\/tip-fakultesi\/wp-content\/uploads\/sites\/73\/2020\/07\/2019-2020-Turkce-ve-Ingilizce-Tip-1-2-3-Sinif-Ders-Programi.xlsx\"><span lang=\"TR\">2019-2020 T\u00fcrk\u00e7e ve \u0130ngilizce T\u0131p 1.2.3. S\u0131n\u0131f Ders Program\u0131<\/span><\/a><\/span><\/td><\/tr><tr style=\"height: 19.8pt\"><td style=\"border-top: none;border-right-width: 1pt;border-right-color: windowtext;border-bottom-width: 1pt;border-bottom-color: windowtext;border-left-width: 1pt;border-left-color: windowtext;padding: 0cm 5.4pt;width: 474.85pt;height: 19.8pt\" width=\"633\"><span style=\"color: #000000\"><a style=\"color: #000000\" href=\"https:\/\/birimler.atauni.edu.tr\/tip-fakultesi\/wp-content\/uploads\/sites\/73\/2020\/07\/2019-2020-Turkce-ve-Ingilizce-Tip-4-5-6-Sinif-Ders-Programi.docx\"><span lang=\"TR\">2019-2020 T\u00fcrk\u00e7e ve \u0130ngilizce T\u0131p 4.5.6. S\u0131n\u0131f Ders Program\u0131<\/span><\/a><\/span><\/td><\/tr><tr style=\"height: 19.8pt\"><td style=\"border-top: none;border-right-width: 1pt;border-right-color: windowtext;border-bottom-width: 1pt;border-bottom-color: windowtext;border-left-width: 1pt;border-left-color: windowtext;padding: 0cm 5.4pt;width: 474.85pt;height: 19.8pt;text-align: center\" width=\"633\"><span style=\"font-weight: bolder;color: #000000\"><span lang=\"TR\">2020-2021 E\u011fitim-\u00d6\u011fretim Y\u0131l\u0131<\/span><\/span><\/td><\/tr><tr style=\"height: 19.8pt\"><td style=\"border-top: none;border-right-width: 1pt;border-right-color: windowtext;border-bottom-width: 1pt;border-bottom-color: windowtext;border-left-width: 1pt;border-left-color: windowtext;padding: 0cm 5.4pt;width: 474.85pt;height: 19.8pt\" width=\"633\"><span style=\"color: #000000\"><a style=\"color: #000000\" href=\"https:\/\/birimler.atauni.edu.tr\/tip-fakultesi\/wp-content\/uploads\/sites\/73\/2020\/07\/2020-2021-Turkce-ve-Ingilizce-Tip-1-2-3-Sinif-Ders-Programi.xlsx\"><span lang=\"TR\">2020-2021 T\u00fcrk\u00e7e ve \u0130ngilizce T\u0131p 1.2.3. S\u0131n\u0131f Ders Program\u0131<\/span><\/a><\/span><\/td><\/tr><tr style=\"height: 19.8pt\"><td style=\"border-top: none;border-right-width: 1pt;border-right-color: windowtext;border-bottom-width: 1pt;border-bottom-color: windowtext;border-left-width: 1pt;border-left-color: windowtext;padding: 0cm 5.4pt;width: 474.85pt;height: 19.8pt\" width=\"633\"><span style=\"color: #000000\"><a style=\"color: #000000\" href=\"https:\/\/birimler.atauni.edu.tr\/tip-fakultesi\/wp-content\/uploads\/sites\/73\/2020\/07\/2020-2021-Turkce-ve-Ingilizce-Tip-1-2-3-4-5-6-Sinif-Ders-Programi.docx\"><span lang=\"TR\">2020-2021 T\u00fcrk\u00e7e T\u0131p 1.2.3.4.5.6. S\u0131n\u0131f Ders Program\u0131<\/span><\/a><\/span><\/td><\/tr><tr style=\"height: 19.8pt\"><td style=\"border-top: none;border-right-width: 1pt;border-right-color: windowtext;border-bottom-width: 1pt;border-bottom-color: windowtext;border-left-width: 1pt;border-left-color: windowtext;padding: 0cm 5.4pt;width: 474.85pt;height: 19.8pt\" width=\"633\"><span style=\"color: #000000\"><a style=\"color: #000000\" href=\"https:\/\/birimler.atauni.edu.tr\/tip-fakultesi\/wp-content\/uploads\/sites\/73\/2020\/07\/2020-2021-English-Medicine-1-2-3-4-5-6-Class-Schedule.docx\"><span lang=\"TR\">2020-2021 English Medicine 1-2-3-4-5-6 Class Schedule<\/span><\/a><\/span><\/td><\/tr><tr style=\"height: 19.8pt\"><td style=\"border-top: none;border-right-width: 1pt;border-right-color: windowtext;border-bottom-width: 1pt;border-bottom-color: windowtext;border-left-width: 1pt;border-left-color: windowtext;padding: 0cm 5.4pt;width: 474.85pt;height: 19.8pt\" width=\"633\"><span style=\"color: #000000\"><a style=\"color: #000000\" href=\"https:\/\/birimler.atauni.edu.tr\/tip-fakultesi\/wp-content\/uploads\/sites\/73\/2020\/07\/2020-2021_Donem_IV-V-Staj-Rehberi-Turkce.pdf\"><span lang=\"TR\" style=\"background-image: initial;background-position: initial;background-size: initial;background-attachment: initial\">2020-2021 D\u00f6nem IV-V Staj Rehberi<\/span><\/a><\/span><\/td><\/tr><tr style=\"height: 19.8pt\"><td style=\"border-top: none;border-right-width: 1pt;border-right-color: windowtext;border-bottom-width: 1pt;border-bottom-color: windowtext;border-left-width: 1pt;border-left-color: windowtext;padding: 0cm 5.4pt;width: 474.85pt;height: 19.8pt\" width=\"633\"><span style=\"color: #000000\"><a style=\"color: #000000\" href=\"https:\/\/birimler.atauni.edu.tr\/tip-fakultesi\/wp-content\/uploads\/sites\/73\/2020\/07\/2020-2021_Session_IV-V_Clearkship_Guidebook.pdf\"><span lang=\"TR\" style=\"background-image: initial;background-position: initial;background-size: initial;background-attachment: initial\">2020-2021 Session IV-V Clearkship Guidebook<\/span><\/a><\/span><\/td><\/tr><tr style=\"height: 19.8pt\"><td style=\"border-top: none;border-right-width: 1pt;border-right-color: windowtext;border-bottom-width: 1pt;border-bottom-color: windowtext;border-left-width: 1pt;border-left-color: windowtext;padding: 0cm 5.4pt;width: 474.85pt;height: 19.8pt;text-align: center\" width=\"633\"><span style=\"font-weight: bolder;color: #000000\"><span lang=\"TR\">2021-2022 E\u011fitim-\u00d6\u011fretim Y\u0131l\u0131<\/span><\/span><\/td><\/tr><tr style=\"height: 19.8pt\"><td style=\"border-top: none;border-right-width: 1pt;border-right-color: windowtext;border-bottom-width: 1pt;border-bottom-color: windowtext;border-left-width: 1pt;border-left-color: windowtext;padding: 0cm 5.4pt;width: 474.85pt;height: 19.8pt\" width=\"633\"><span style=\"color: #000000\"><a style=\"color: #000000\" href=\"https:\/\/birimler.atauni.edu.tr\/tip-fakultesi\/wp-content\/uploads\/sites\/73\/2020\/07\/2021-2022-Turkce-ve-Ingilizce-Tip-1-2-3-Sinif-Ders-Programi-09-05-2022.xlsx\"><span lang=\"TR\">2021-2022 T\u00fcrk\u00e7e ve \u0130ngilizce T\u0131p 1.2.3. S\u0131n\u0131f Ders Program\u0131<\/span><\/a><\/span><\/td><\/tr><tr style=\"height: 19.8pt\"><td style=\"border-top: none;border-right-width: 1pt;border-right-color: windowtext;border-bottom-width: 1pt;border-bottom-color: windowtext;border-left-width: 1pt;border-left-color: windowtext;padding: 0cm 5.4pt;width: 474.85pt;height: 19.8pt\" width=\"633\"><span style=\"color: #000000\"><a style=\"color: #000000\" href=\"https:\/\/birimler.atauni.edu.tr\/tip-fakultesi\/wp-content\/uploads\/sites\/73\/2020\/07\/2021-2022-Turkce-Tip-1-2-3-4-5-6-Sinif-Ders-Programi-19-01-2022.docx\"><span lang=\"TR\">2021-2022 T\u00fcrk\u00e7e T\u0131p 1.2.3.4.5.6. S\u0131n\u0131f Ders Program\u0131<\/span><\/a><\/span><\/td><\/tr><tr style=\"height: 19.8pt\"><td style=\"border-top: none;border-right-width: 1pt;border-right-color: windowtext;border-bottom-width: 1pt;border-bottom-color: windowtext;border-left-width: 1pt;border-left-color: windowtext;padding: 0cm 5.4pt;width: 474.85pt;height: 19.8pt\" width=\"633\"><span style=\"color: #000000\"><a style=\"color: #000000\" href=\"https:\/\/birimler.atauni.edu.tr\/tip-fakultesi\/wp-content\/uploads\/sites\/73\/2020\/07\/2021-2022-Turkce-ve-Ingilizce-Tip-1-2-3-Sinif-Ders-Programi-09-05-2022.xlsx\"><span lang=\"TR\">2021-2022 English Medicine 1-2-3-4-5-6 Class Schedule<\/span><\/a><\/span><\/td><\/tr><tr style=\"height: 19.8pt\"><td style=\"border-top: none;border-right-width: 1pt;border-right-color: windowtext;border-bottom-width: 1pt;border-bottom-color: windowtext;border-left-width: 1pt;border-left-color: windowtext;padding: 0cm 5.4pt;width: 474.85pt;height: 19.8pt\" width=\"633\"><span style=\"color: #000000\"><a style=\"color: #000000\" href=\"https:\/\/birimler.atauni.edu.tr\/tip-fakultesi\/wp-content\/uploads\/sites\/73\/2020\/07\/2021-2022_Donem_IV-V_Staj_Rehberi-Turkce-13082021.pdf\"><span lang=\"TR\" style=\"background-image: initial;background-position: initial;background-size: initial;background-attachment: initial\">2021-2022 D\u00f6nem IV-V Staj Rehberi<\/span><\/a><\/span><\/td><\/tr><tr style=\"height: 19.8pt\"><td style=\"border-top: none;border-right-width: 1pt;border-right-color: windowtext;border-bottom-width: 1pt;border-bottom-color: windowtext;border-left-width: 1pt;border-left-color: windowtext;padding: 0cm 5.4pt;width: 474.85pt;height: 19.8pt\" width=\"633\"><span style=\"color: #000000\"><a style=\"color: #000000\" href=\"https:\/\/birimler.atauni.edu.tr\/tip-fakultesi\/wp-content\/uploads\/sites\/73\/2020\/07\/2021-2022-Session-IV-V-Clearkship-Guidebook-13082021.pdf\"><span lang=\"TR\" style=\"background-image: initial;background-position: initial;background-size: initial;background-attachment: initial\">2021-2022 Session IV-V Clearkship Guidebook<\/span><\/a><\/span><\/td><\/tr><\/tbody><\/table>\t\t\t\t\t\t\t\t<\/div>\n\t\t\t\t<\/div>\n\t\t\t\t\t<\/div>\n\t\t<\/div>\n\t\t\t\t\t<\/div>\n\t\t<\/section>\n\t\t\t\t<\/div>\n\t\t","protected":false},"excerpt":{"rendered":"<p>You can download the Faculty of Medicine Syllabi for the relevant years by clicking on it. 2014-2015 E\u011fitim-\u00d6\u011fretim Y\u0131l\u0131 2014-2015 T\u00fcrk\u00e7e ve \u0130ngilizce T\u0131p 1.2.3. S\u0131n\u0131f Ders Program\u0131 2014-2015 T\u00fcrk\u00e7e ve \u0130ngilizce T\u0131p 4.5.6. S\u0131n\u0131f Ders Program\u0131 2015-2016 E\u011fitim-\u00d6\u011fretim Y\u0131l\u0131 2015-2016 T\u00fcrk\u00e7e ve \u0130ngilizce T\u0131p 1.2.3. S\u0131n\u0131f Ders Program\u0131 2015-2016 T\u00fcrk\u00e7e ve \u0130ngilizce T\u0131p 4.5.6. [&hellip;]<\/p>\n","protected":false},"author":231,"featured_media":0,"parent":0,"menu_order":0,"comment_status":"closed","ping_status":"closed","template":"","meta":{"footnotes":""},"class_list":["post-8349","page","type-page","status-publish","hentry"],"_links":{"self":[{"href":"https:\/\/atauni.edu.tr\/tip-fakultesi\/wp-json\/wp\/v2\/pages\/8349","targetHints":{"allow":["GET"]}}],"collection":[{"href":"https:\/\/atauni.edu.tr\/tip-fakultesi\/wp-json\/wp\/v2\/pages"}],"about":[{"href":"https:\/\/atauni.edu.tr\/tip-fakultesi\/wp-json\/wp\/v2\/types\/page"}],"author":[{"embeddable":true,"href":"https:\/\/atauni.edu.tr\/tip-fakultesi\/wp-json\/wp\/v2\/users\/231"}],"replies":[{"embeddable":true,"href":"https:\/\/atauni.edu.tr\/tip-fakultesi\/wp-json\/wp\/v2\/comments?post=8349"}],"version-history":[{"count":13,"href":"https:\/\/atauni.edu.tr\/tip-fakultesi\/wp-json\/wp\/v2\/pages\/8349\/revisions"}],"predecessor-version":[{"id":14341,"href":"https:\/\/atauni.edu.tr\/tip-fakultesi\/wp-json\/wp\/v2\/pages\/8349\/revisions\/14341"}],"wp:attachment":[{"href":"https:\/\/atauni.edu.tr\/tip-fakultesi\/wp-json\/wp\/v2\/media?parent=8349"}],"curies":[{"name":"wp","href":"https:\/\/api.w.org\/{rel}","templated":true}]}}