{"id":5638,"date":"2021-07-13T09:49:25","date_gmt":"2021-07-13T06:49:25","guid":{"rendered":"https:\/\/portaltest.atauni.edu.tr\/bilgisayar-muhendisligi\/?page_id=5638"},"modified":"2023-10-25T16:22:58","modified_gmt":"2023-10-25T13:22:58","slug":"tarihce","status":"publish","type":"page","link":"https:\/\/atauni.edu.tr\/toplumsal-arastirmalar-uygulama-ve-arastirma-merkezi\/anasayfa\/tarihce\/","title":{"rendered":"Tarih\u00e7e"},"content":{"rendered":"\t\t<div data-elementor-type=\"wp-page\" data-elementor-id=\"5638\" class=\"elementor elementor-5638\" data-elementor-post-type=\"page\">\n\t\t\t\t\t\t<section class=\"elementor-section elementor-top-section elementor-element elementor-element-9be811a elementor-section-boxed elementor-section-height-default elementor-section-height-default\" data-id=\"9be811a\" data-element_type=\"section\">\n\t\t\t\t\t\t<div class=\"elementor-container elementor-column-gap-default\">\n\t\t\t\t\t<div class=\"elementor-column elementor-col-100 elementor-top-column elementor-element elementor-element-1ed847b7\" data-id=\"1ed847b7\" data-element_type=\"column\">\n\t\t\t<div class=\"elementor-widget-wrap elementor-element-populated\">\n\t\t\t\t\t\t<div class=\"elementor-element elementor-element-4ce0d07f elementor-widget elementor-widget-heading\" data-id=\"4ce0d07f\" data-element_type=\"widget\" data-widget_type=\"heading.default\">\n\t\t\t\t<div class=\"elementor-widget-container\">\n\t\t\t\t\t<h2 class=\"elementor-heading-title elementor-size-default\">Tarih\u00e7e<br><br>Atat\u00fcrk \u00dcniversitesi Toplumsal Ara\u015ft\u0131rmalar Uygulama\nve Ara\u015ft\u0131rma Merkezi 07\/01\/2011 tarihinde 27808 say\u0131l\u0131 Resm\u00ee Gazetede\nyay\u0131mlanan y\u00f6netmelik ile kurulmu\u015ftur. Merkez y\u00f6netmeli\u011fi, baz\u0131 de\u011fi\u015fiklikler\nyap\u0131larak 12\/06\/2019 tarih 30799 say\u0131l\u0131 resmi gazetede yeniden yay\u0131mlanm\u0131\u015ft\u0131r.\n\u00c7e\u015fitli ara\u015ft\u0131rma, proje ve uygulama faaliyetleri y\u00fcr\u00fcten merkez, eski Edebiyat\nFak\u00fcltesi binas\u0131 i\u00e7erisinde tahsis edilen mek\u00e2nlarda faaliyetlerine devam\netmektedir.<\/h2>\t\t\t\t<\/div>\n\t\t\t\t<\/div>\n\t\t\t\t<div class=\"elementor-element elementor-element-63260862 elementor-widget-divider--view-line elementor-widget elementor-widget-divider\" data-id=\"63260862\" data-element_type=\"widget\" data-widget_type=\"divider.default\">\n\t\t\t\t<div class=\"elementor-widget-container\">\n\t\t\t\t\t\t\t<div class=\"elementor-divider\">\n\t\t\t<span class=\"elementor-divider-separator\">\n\t\t\t\t\t\t<\/span>\n\t\t<\/div>\n\t\t\t\t\t\t<\/div>\n\t\t\t\t<\/div>\n\t\t\t\t\t<\/div>\n\t\t<\/div>\n\t\t\t\t\t<\/div>\n\t\t<\/section>\n\t\t\t\t<\/div>\n\t\t","protected":false},"excerpt":{"rendered":"<p>Tarih\u00e7e Atat\u00fcrk \u00dcniversitesi Toplumsal Ara\u015ft\u0131rmalar Uygulama ve Ara\u015ft\u0131rma Merkezi 07\/01\/2011 tarihinde 27808 say\u0131l\u0131 Resm\u00ee Gazetede yay\u0131mlanan y\u00f6netmelik ile kurulmu\u015ftur. Merkez y\u00f6netmeli\u011fi, baz\u0131 de\u011fi\u015fiklikler yap\u0131larak 12\/06\/2019 tarih 30799 say\u0131l\u0131 resmi gazetede yeniden yay\u0131mlanm\u0131\u015ft\u0131r. \u00c7e\u015fitli ara\u015ft\u0131rma, proje ve uygulama faaliyetleri y\u00fcr\u00fcten merkez, eski Edebiyat Fak\u00fcltesi binas\u0131 i\u00e7erisinde tahsis edilen mek\u00e2nlarda faaliyetlerine devam etmektedir.<\/p>\n","protected":false},"author":449,"featured_media":0,"parent":68,"menu_order":0,"comment_status":"closed","ping_status":"closed","template":"","meta":{"footnotes":""},"class_list":["post-5638","page","type-page","status-publish","hentry"],"_links":{"self":[{"href":"https:\/\/atauni.edu.tr\/toplumsal-arastirmalar-uygulama-ve-arastirma-merkezi\/wp-json\/wp\/v2\/pages\/5638","targetHints":{"allow":["GET"]}}],"collection":[{"href":"https:\/\/atauni.edu.tr\/toplumsal-arastirmalar-uygulama-ve-arastirma-merkezi\/wp-json\/wp\/v2\/pages"}],"about":[{"href":"https:\/\/atauni.edu.tr\/toplumsal-arastirmalar-uygulama-ve-arastirma-merkezi\/wp-json\/wp\/v2\/types\/page"}],"author":[{"embeddable":true,"href":"https:\/\/atauni.edu.tr\/toplumsal-arastirmalar-uygulama-ve-arastirma-merkezi\/wp-json\/wp\/v2\/users\/449"}],"replies":[{"embeddable":true,"href":"https:\/\/atauni.edu.tr\/toplumsal-arastirmalar-uygulama-ve-arastirma-merkezi\/wp-json\/wp\/v2\/comments?post=5638"}],"version-history":[{"count":28,"href":"https:\/\/atauni.edu.tr\/toplumsal-arastirmalar-uygulama-ve-arastirma-merkezi\/wp-json\/wp\/v2\/pages\/5638\/revisions"}],"predecessor-version":[{"id":6472,"href":"https:\/\/atauni.edu.tr\/toplumsal-arastirmalar-uygulama-ve-arastirma-merkezi\/wp-json\/wp\/v2\/pages\/5638\/revisions\/6472"}],"up":[{"embeddable":true,"href":"https:\/\/atauni.edu.tr\/toplumsal-arastirmalar-uygulama-ve-arastirma-merkezi\/wp-json\/wp\/v2\/pages\/68"}],"wp:attachment":[{"href":"https:\/\/atauni.edu.tr\/toplumsal-arastirmalar-uygulama-ve-arastirma-merkezi\/wp-json\/wp\/v2\/media?parent=5638"}],"curies":[{"name":"wp","href":"https:\/\/api.w.org\/{rel}","templated":true}]}}