{"id":5662,"date":"2021-07-13T10:01:45","date_gmt":"2021-07-13T07:01:45","guid":{"rendered":"https:\/\/portaltest.atauni.edu.tr\/bilgisayar-muhendisligi\/?page_id=5662"},"modified":"2023-10-25T16:47:01","modified_gmt":"2023-10-25T13:47:01","slug":"yonetim","status":"publish","type":"page","link":"https:\/\/atauni.edu.tr\/toplumsal-arastirmalar-uygulama-ve-arastirma-merkezi\/anasayfa\/yonetim\/","title":{"rendered":"Y\u00f6netim"},"content":{"rendered":"<h3><span style=\"color: #000000\"><a style=\"color: #000000\" href=\"https:\/\/atauni.edu.tr\/husnu-aydeniz\">Prof. Dr. H\u00fcsn\u00fc AYDEN\u0130Z<\/a><\/span> (M\u00fcd\u00fcr)<\/h3>\n<h3><a href=\"https:\/\/atauni.edu.tr\/meltem-oral\"><span style=\"color: #000000\">Do\u00e7. Dr. Meltem ORAL<\/span><\/a> (M\u00fcd\u00fcr Yard\u0131mc\u0131s\u0131)<\/h3>\n<h3><a href=\"https:\/\/atauni.edu.tr\/lokman-cerrah\"><span style=\"color: #000000\">Do\u00e7. Dr. Lokman CERRAH<\/span><\/a> (M\u00fcd\u00fcr Yard\u0131mc\u0131s\u0131)<\/h3>\n","protected":false},"excerpt":{"rendered":"<p>Prof. Dr. H\u00fcsn\u00fc AYDEN\u0130Z (M\u00fcd\u00fcr) Do\u00e7. Dr. Meltem ORAL (M\u00fcd\u00fcr Yard\u0131mc\u0131s\u0131) Do\u00e7. Dr. Lokman CERRAH (M\u00fcd\u00fcr Yard\u0131mc\u0131s\u0131)<\/p>\n","protected":false},"author":449,"featured_media":0,"parent":68,"menu_order":0,"comment_status":"closed","ping_status":"closed","template":"","meta":{"footnotes":""},"class_list":["post-5662","page","type-page","status-publish","hentry"],"_links":{"self":[{"href":"https:\/\/atauni.edu.tr\/toplumsal-arastirmalar-uygulama-ve-arastirma-merkezi\/wp-json\/wp\/v2\/pages\/5662","targetHints":{"allow":["GET"]}}],"collection":[{"href":"https:\/\/atauni.edu.tr\/toplumsal-arastirmalar-uygulama-ve-arastirma-merkezi\/wp-json\/wp\/v2\/pages"}],"about":[{"href":"https:\/\/atauni.edu.tr\/toplumsal-arastirmalar-uygulama-ve-arastirma-merkezi\/wp-json\/wp\/v2\/types\/page"}],"author":[{"embeddable":true,"href":"https:\/\/atauni.edu.tr\/toplumsal-arastirmalar-uygulama-ve-arastirma-merkezi\/wp-json\/wp\/v2\/users\/449"}],"replies":[{"embeddable":true,"href":"https:\/\/atauni.edu.tr\/toplumsal-arastirmalar-uygulama-ve-arastirma-merkezi\/wp-json\/wp\/v2\/comments?post=5662"}],"version-history":[{"count":36,"href":"https:\/\/atauni.edu.tr\/toplumsal-arastirmalar-uygulama-ve-arastirma-merkezi\/wp-json\/wp\/v2\/pages\/5662\/revisions"}],"predecessor-version":[{"id":6499,"href":"https:\/\/atauni.edu.tr\/toplumsal-arastirmalar-uygulama-ve-arastirma-merkezi\/wp-json\/wp\/v2\/pages\/5662\/revisions\/6499"}],"up":[{"embeddable":true,"href":"https:\/\/atauni.edu.tr\/toplumsal-arastirmalar-uygulama-ve-arastirma-merkezi\/wp-json\/wp\/v2\/pages\/68"}],"wp:attachment":[{"href":"https:\/\/atauni.edu.tr\/toplumsal-arastirmalar-uygulama-ve-arastirma-merkezi\/wp-json\/wp\/v2\/media?parent=5662"}],"curies":[{"name":"wp","href":"https:\/\/api.w.org\/{rel}","templated":true}]}}