{"id":5682,"date":"2021-07-13T10:10:01","date_gmt":"2021-07-13T07:10:01","guid":{"rendered":"https:\/\/portaltest.atauni.edu.tr\/bilgisayar-muhendisligi\/?page_id=5682"},"modified":"2023-10-25T16:26:52","modified_gmt":"2023-10-25T13:26:52","slug":"misyon-vizyon-ve-temel-degerler","status":"publish","type":"page","link":"https:\/\/atauni.edu.tr\/toplumsal-arastirmalar-uygulama-ve-arastirma-merkezi\/anasayfa\/misyon-vizyon-ve-temel-degerler\/","title":{"rendered":"Misyon, Vizyon ve Temel De\u011ferler"},"content":{"rendered":"\t\t<div data-elementor-type=\"wp-page\" data-elementor-id=\"5682\" class=\"elementor elementor-5682\" data-elementor-post-type=\"page\">\n\t\t\t\t\t\t<section class=\"elementor-section elementor-top-section elementor-element elementor-element-730d320 elementor-section-boxed elementor-section-height-default elementor-section-height-default\" data-id=\"730d320\" data-element_type=\"section\">\n\t\t\t\t\t\t<div class=\"elementor-container elementor-column-gap-default\">\n\t\t\t\t\t<div class=\"elementor-column elementor-col-100 elementor-top-column elementor-element elementor-element-753d0860\" data-id=\"753d0860\" data-element_type=\"column\">\n\t\t\t<div class=\"elementor-widget-wrap\">\n\t\t\t\t\t\t\t<\/div>\n\t\t<\/div>\n\t\t\t\t\t<\/div>\n\t\t<\/section>\n\t\t\t\t<section class=\"elementor-section elementor-top-section elementor-element elementor-element-9be811a elementor-section-boxed elementor-section-height-default elementor-section-height-default\" data-id=\"9be811a\" data-element_type=\"section\">\n\t\t\t\t\t\t<div class=\"elementor-container elementor-column-gap-default\">\n\t\t\t\t\t<div class=\"elementor-column elementor-col-100 elementor-top-column elementor-element elementor-element-1ed847b7\" data-id=\"1ed847b7\" data-element_type=\"column\">\n\t\t\t<div class=\"elementor-widget-wrap elementor-element-populated\">\n\t\t\t\t\t\t<div class=\"elementor-element elementor-element-4ce0d07f elementor-widget elementor-widget-heading\" data-id=\"4ce0d07f\" data-element_type=\"widget\" data-widget_type=\"heading.default\">\n\t\t\t\t<div class=\"elementor-widget-container\">\n\t\t\t\t\t<h2 class=\"elementor-heading-title elementor-size-default\">Misyon, Vizyon ve Temel De\u011ferler<\/h2>\t\t\t\t<\/div>\n\t\t\t\t<\/div>\n\t\t\t\t<div class=\"elementor-element elementor-element-63260862 elementor-widget-divider--view-line elementor-widget elementor-widget-divider\" data-id=\"63260862\" data-element_type=\"widget\" data-widget_type=\"divider.default\">\n\t\t\t\t<div class=\"elementor-widget-container\">\n\t\t\t\t\t\t\t<div class=\"elementor-divider\">\n\t\t\t<span class=\"elementor-divider-separator\">\n\t\t\t\t\t\t<\/span>\n\t\t<\/div>\n\t\t\t\t\t\t<\/div>\n\t\t\t\t<\/div>\n\t\t\t\t\t<\/div>\n\t\t<\/div>\n\t\t\t\t\t<\/div>\n\t\t<\/section>\n\t\t\t\t<section class=\"elementor-section elementor-top-section elementor-element elementor-element-681db8b elementor-section-boxed elementor-section-height-default elementor-section-height-default\" data-id=\"681db8b\" data-element_type=\"section\">\n\t\t\t\t\t\t<div class=\"elementor-container elementor-column-gap-default\">\n\t\t\t\t\t<div class=\"elementor-column elementor-col-100 elementor-top-column elementor-element elementor-element-ad4dac5\" data-id=\"ad4dac5\" data-element_type=\"column\">\n\t\t\t<div class=\"elementor-widget-wrap elementor-element-populated\">\n\t\t\t\t\t\t<div class=\"elementor-element elementor-element-2f96b3d elementor-widget elementor-widget-text-editor\" data-id=\"2f96b3d\" data-element_type=\"widget\" data-widget_type=\"text-editor.default\">\n\t\t\t\t<div class=\"elementor-widget-container\">\n\t\t\t\t\t\t\t\t\t<p class=\"MsoNormal\"><b><span style=\"font-size:12.0pt;line-height:107%;,serif\">Vizyon:<\/span><\/b><span style=\"font-size:12.0pt;line-height:107%;,serif\"> N\u00fcfusun h\u0131zl\u0131 bir \u015fekilde artt\u0131\u011f\u0131, teknolojik ilerlemenin tahmin\nedilenin \u00f6tesinde ger\u00e7ekle\u015fti\u011fi ve bunlara ba\u011fl\u0131 olarak ortaya \u00e7\u0131kan imk\u00e2nlar\u0131n\nve sorunlar\u0131n da ayn\u0131 oranda fazlala\u015ft\u0131\u011f\u0131 bir zaman dilimi ya\u015fanmaktad\u0131r. Bu\ndurumdan en \u00e7ok etkilenenler ise geli\u015fmekte olan \u00fclkeler ve bunlar\u0131n\nvatanda\u015flar\u0131d\u0131r. \u00dclkemizin i\u00e7inde bulundu\u011fu co\u011frafya dikkate al\u0131nd\u0131\u011f\u0131nda\nf\u0131rsatlar\u0131n ve risklerin di\u011fer pek \u00e7ok \u00fclkeye nispetle daha fazla oldu\u011fu\na\u015fik\u00e2rd\u0131r. Bu durum, mevcut ve muhtemel sorunlar\u0131 en sa\u011fl\u0131kl\u0131 \u015fekilde tespit\netmeyi zorunlu k\u0131lmaktad\u0131r. Ara\u015ft\u0131rma merkezimiz vizyonunu ba\u015fta ulusal olmak\n\u00fczere, uluslararas\u0131 ve b\u00f6lgesel boyutlarda da T\u00fcrkiye\u2019ye ili\u015fkin\nkar\u015f\u0131la\u015ft\u0131rmal\u0131 sosyal alan ara\u015ft\u0131rmalar\u0131 yaparak, toplumsal sorunlara bilimsel\n\u00e7\u00f6z\u00fcmler \u00fcretmek \u015feklinde belirlemi\u015ftir. Bu vizyonun en temel unsuru kurumsal\nve b\u00f6lgesel i\u015fbirliklerini geli\u015ftirerek toplumsal sorunlara rasyonel \u00e7\u00f6z\u00fcmler\n\u00fcretmektir. Bu konu \u00f6ncelikle insan odakl\u0131 oldu\u011fundan \u00f6zellikle kendi\n\u00f6\u011frencilerimizi ilgili konularda \u00e7al\u0131\u015facak yeterlili\u011fe getirmek; ba\u015fta sosyal\nbilimler olmak \u00fczere, \u00dcniversitemizde yeti\u015fen \u00f6\u011frencilerimizin ileride\nger\u00e7ekle\u015ftirecekleri \u00e7al\u0131\u015fmalar i\u00e7in i\u015fb\u00f6l\u00fcm\u00fc ve i\u015fbirli\u011fi yapma yeteneklerini geli\u015ftirmek\nve y\u00fcr\u00fct\u00fccekeleri faaliyetlerde \u00f6zg\u00fcven sahibi olmalar\u0131na katk\u0131 sunmak\ntemeldir. &nbsp;<\/span><\/p><p>\n\n<\/p><p class=\"MsoNormal\"><b><span style=\"font-size:12.0pt;line-height:107%;,serif\">Misyon:<\/span><\/b><span style=\"font-size:12.0pt;line-height:107%;,serif\"> \u0130lgili y\u00f6netmeli\u011fimizde de belirtildi\u011fi \u00fczere, ara\u015ft\u0131rma merkezi\narac\u0131l\u0131\u011f\u0131 ile Atat\u00fcrk \u00dcniversitesi\u2019nin \u00f6ncelikle payda\u015f kurumlara sosyal\nbilimler alan\u0131nda bilimsel dan\u0131\u015fmanl\u0131k hizmeti vermesi esas\u0131 benimsemi\u015ftir.\nErzurum ba\u015fta olmak \u00fczere b\u00f6lgemizle ilgili toplumsal alanlarda veri toplamak,\nar\u015fivlemek ve yay\u0131nlamak; bunlarla ilgili b\u00f6lgesel, ulusal ve uluslararas\u0131\nbilimsel toplant\u0131lar d\u00fczenlemek ama\u00e7lanmaktad\u0131r. Bu \u00e7er\u00e7evede, M\u00fcd\u00fcrl\u00fc\u011f\u00fcm\u00fcz\nde\u011ferlerin teorik temelleri \u00fczerinde yeniden d\u00fc\u015f\u00fcnmeyi ve de\u011ferler e\u011fitimine\ny\u00f6nelik kamu kurumlar\u0131, di\u011fer sivil toplum kurulu\u015flar\u0131 ve \u00f6zel e\u011fitim kurumlar\u0131n\u0131n\nyetkin uzmanlar\u0131yla i\u015fbirli\u011fi halinde hareket ederek, var olan bilgi birikimi\nve tecr\u00fcbelerden de yararlanarak yeni model ve \u00e7\u00f6z\u00fcm \u00f6nerileri geli\u015ftirmeyi\ntemel bir g\u00f6rev olarak belirlemi\u015ftir.<\/span><\/p>\t\t\t\t\t\t\t\t<\/div>\n\t\t\t\t<\/div>\n\t\t\t\t\t<\/div>\n\t\t<\/div>\n\t\t\t\t\t<\/div>\n\t\t<\/section>\n\t\t\t\t<\/div>\n\t\t","protected":false},"excerpt":{"rendered":"<p>Misyon, Vizyon ve Temel De\u011ferler Vizyon: N\u00fcfusun h\u0131zl\u0131 bir \u015fekilde artt\u0131\u011f\u0131, teknolojik ilerlemenin tahmin edilenin \u00f6tesinde ger\u00e7ekle\u015fti\u011fi ve bunlara ba\u011fl\u0131 olarak ortaya \u00e7\u0131kan imk\u00e2nlar\u0131n ve sorunlar\u0131n da ayn\u0131 oranda fazlala\u015ft\u0131\u011f\u0131 bir zaman dilimi ya\u015fanmaktad\u0131r. Bu durumdan en \u00e7ok etkilenenler ise geli\u015fmekte olan \u00fclkeler ve bunlar\u0131n vatanda\u015flar\u0131d\u0131r. \u00dclkemizin i\u00e7inde bulundu\u011fu co\u011frafya dikkate al\u0131nd\u0131\u011f\u0131nda f\u0131rsatlar\u0131n ve risklerin [&hellip;]<\/p>\n","protected":false},"author":449,"featured_media":0,"parent":68,"menu_order":0,"comment_status":"closed","ping_status":"closed","template":"","meta":{"footnotes":""},"class_list":["post-5682","page","type-page","status-publish","hentry"],"_links":{"self":[{"href":"https:\/\/atauni.edu.tr\/toplumsal-arastirmalar-uygulama-ve-arastirma-merkezi\/wp-json\/wp\/v2\/pages\/5682","targetHints":{"allow":["GET"]}}],"collection":[{"href":"https:\/\/atauni.edu.tr\/toplumsal-arastirmalar-uygulama-ve-arastirma-merkezi\/wp-json\/wp\/v2\/pages"}],"about":[{"href":"https:\/\/atauni.edu.tr\/toplumsal-arastirmalar-uygulama-ve-arastirma-merkezi\/wp-json\/wp\/v2\/types\/page"}],"author":[{"embeddable":true,"href":"https:\/\/atauni.edu.tr\/toplumsal-arastirmalar-uygulama-ve-arastirma-merkezi\/wp-json\/wp\/v2\/users\/449"}],"replies":[{"embeddable":true,"href":"https:\/\/atauni.edu.tr\/toplumsal-arastirmalar-uygulama-ve-arastirma-merkezi\/wp-json\/wp\/v2\/comments?post=5682"}],"version-history":[{"count":20,"href":"https:\/\/atauni.edu.tr\/toplumsal-arastirmalar-uygulama-ve-arastirma-merkezi\/wp-json\/wp\/v2\/pages\/5682\/revisions"}],"predecessor-version":[{"id":6481,"href":"https:\/\/atauni.edu.tr\/toplumsal-arastirmalar-uygulama-ve-arastirma-merkezi\/wp-json\/wp\/v2\/pages\/5682\/revisions\/6481"}],"up":[{"embeddable":true,"href":"https:\/\/atauni.edu.tr\/toplumsal-arastirmalar-uygulama-ve-arastirma-merkezi\/wp-json\/wp\/v2\/pages\/68"}],"wp:attachment":[{"href":"https:\/\/atauni.edu.tr\/toplumsal-arastirmalar-uygulama-ve-arastirma-merkezi\/wp-json\/wp\/v2\/media?parent=5682"}],"curies":[{"name":"wp","href":"https:\/\/api.w.org\/{rel}","templated":true}]}}