{"id":6175,"date":"2021-12-31T14:38:58","date_gmt":"2021-12-31T11:38:58","guid":{"rendered":"https:\/\/birimler.atauni.edu.tr\/toplumsal-arastirmalar-uygulama-ve-arastirma-merkezi\/?page_id=6175"},"modified":"2023-10-25T17:11:25","modified_gmt":"2023-10-25T14:11:25","slug":"yonetim-kurulu","status":"publish","type":"page","link":"https:\/\/atauni.edu.tr\/toplumsal-arastirmalar-uygulama-ve-arastirma-merkezi\/anasayfa\/yonetim-kurulu\/","title":{"rendered":"Y\u00f6netim Kurulu"},"content":{"rendered":"\t\t<div data-elementor-type=\"wp-page\" data-elementor-id=\"6175\" class=\"elementor elementor-6175\" data-elementor-post-type=\"page\">\n\t\t\t\t\t\t<section class=\"elementor-section elementor-top-section elementor-element elementor-element-c548e4a elementor-section-boxed elementor-section-height-default elementor-section-height-default\" data-id=\"c548e4a\" data-element_type=\"section\">\n\t\t\t\t\t\t<div class=\"elementor-container elementor-column-gap-default\">\n\t\t\t\t\t<div class=\"elementor-column elementor-col-100 elementor-top-column elementor-element elementor-element-1185d5c\" data-id=\"1185d5c\" data-element_type=\"column\">\n\t\t\t<div class=\"elementor-widget-wrap elementor-element-populated\">\n\t\t\t\t\t\t<div class=\"elementor-element elementor-element-3c4371d elementor-widget elementor-widget-text-editor\" data-id=\"3c4371d\" data-element_type=\"widget\" data-widget_type=\"text-editor.default\">\n\t\t\t\t<div class=\"elementor-widget-container\">\n\t\t\t\t\t\t\t\t\t<p><a href=\"https:\/\/atauni.edu.tr\/husnu-aydeniz\">Prof. Dr. H\u00fcsn\u00fc AYDEN\u0130Z<\/a><\/p>\n<p><a href=\"https:\/\/atauni.edu.tr\/mustafa-macit\">Prof. Dr. Mustafa MAC\u0130T<\/a><\/p>\n<p><a href=\"https:\/\/atauni.edu.tr\/ikramettin-dasdemir\">Do\u00e7. Dr. \u0130kramettin DA\u015eDEM\u0130R<\/a><\/p>\n<p><a href=\"https:\/\/atauni.edu.tr\/meltem-oral\">Do\u00e7. Dr. Meltem ORAL<\/a>&nbsp;<\/p>\n<p><a href=\"https:\/\/atauni.edu.tr\/lokman-cerrah\">Do\u00e7. Dr. Lokman CERRAH<\/a><\/p>\n<p><a href=\"https:\/\/atauni.edu.tr\/fikrullah-cakmak\">Dr. \u00d6\u011fr. \u00dcyesi Fikrullah \u00c7AKMAK<\/a><\/p>\n<p><a href=\"https:\/\/atauni.edu.tr\/serpil-sumer\">Dr. \u00d6\u011fr. \u00dcyesi Serpil SUMER<\/a><\/p>\t\t\t\t\t\t\t\t<\/div>\n\t\t\t\t<\/div>\n\t\t\t\t\t<\/div>\n\t\t<\/div>\n\t\t\t\t\t<\/div>\n\t\t<\/section>\n\t\t\t\t<\/div>\n\t\t","protected":false},"excerpt":{"rendered":"<p>Prof. Dr. H\u00fcsn\u00fc AYDEN\u0130Z Prof. Dr. Mustafa MAC\u0130T Do\u00e7. Dr. \u0130kramettin DA\u015eDEM\u0130R Do\u00e7. Dr. Meltem ORAL&nbsp; Do\u00e7. Dr. Lokman CERRAH Dr. \u00d6\u011fr. \u00dcyesi Fikrullah \u00c7AKMAK Dr. \u00d6\u011fr. \u00dcyesi Serpil SUMER<\/p>\n","protected":false},"author":449,"featured_media":0,"parent":68,"menu_order":0,"comment_status":"closed","ping_status":"closed","template":"","meta":{"footnotes":""},"class_list":["post-6175","page","type-page","status-publish","hentry"],"_links":{"self":[{"href":"https:\/\/atauni.edu.tr\/toplumsal-arastirmalar-uygulama-ve-arastirma-merkezi\/wp-json\/wp\/v2\/pages\/6175","targetHints":{"allow":["GET"]}}],"collection":[{"href":"https:\/\/atauni.edu.tr\/toplumsal-arastirmalar-uygulama-ve-arastirma-merkezi\/wp-json\/wp\/v2\/pages"}],"about":[{"href":"https:\/\/atauni.edu.tr\/toplumsal-arastirmalar-uygulama-ve-arastirma-merkezi\/wp-json\/wp\/v2\/types\/page"}],"author":[{"embeddable":true,"href":"https:\/\/atauni.edu.tr\/toplumsal-arastirmalar-uygulama-ve-arastirma-merkezi\/wp-json\/wp\/v2\/users\/449"}],"replies":[{"embeddable":true,"href":"https:\/\/atauni.edu.tr\/toplumsal-arastirmalar-uygulama-ve-arastirma-merkezi\/wp-json\/wp\/v2\/comments?post=6175"}],"version-history":[{"count":22,"href":"https:\/\/atauni.edu.tr\/toplumsal-arastirmalar-uygulama-ve-arastirma-merkezi\/wp-json\/wp\/v2\/pages\/6175\/revisions"}],"predecessor-version":[{"id":6520,"href":"https:\/\/atauni.edu.tr\/toplumsal-arastirmalar-uygulama-ve-arastirma-merkezi\/wp-json\/wp\/v2\/pages\/6175\/revisions\/6520"}],"up":[{"embeddable":true,"href":"https:\/\/atauni.edu.tr\/toplumsal-arastirmalar-uygulama-ve-arastirma-merkezi\/wp-json\/wp\/v2\/pages\/68"}],"wp:attachment":[{"href":"https:\/\/atauni.edu.tr\/toplumsal-arastirmalar-uygulama-ve-arastirma-merkezi\/wp-json\/wp\/v2\/media?parent=6175"}],"curies":[{"name":"wp","href":"https:\/\/api.w.org\/{rel}","templated":true}]}}