{"id":6240,"date":"2022-10-14T15:02:00","date_gmt":"2022-10-14T12:02:00","guid":{"rendered":"https:\/\/birimler.atauni.edu.tr\/toplumsal-arastirmalar-uygulama-ve-arastirma-merkezi\/?page_id=6240"},"modified":"2023-10-25T17:34:41","modified_gmt":"2023-10-25T14:34:41","slug":"bap-projeleri","status":"publish","type":"page","link":"https:\/\/atauni.edu.tr\/toplumsal-arastirmalar-uygulama-ve-arastirma-merkezi\/anasayfa\/bap-projeleri\/","title":{"rendered":"BAP PROJELER\u0130"},"content":{"rendered":"\t\t<div data-elementor-type=\"wp-page\" data-elementor-id=\"6240\" class=\"elementor elementor-6240\" data-elementor-post-type=\"page\">\n\t\t\t\t\t\t<section class=\"elementor-section elementor-top-section elementor-element elementor-element-3bead0e elementor-section-boxed elementor-section-height-default elementor-section-height-default\" data-id=\"3bead0e\" data-element_type=\"section\">\n\t\t\t\t\t\t<div class=\"elementor-container elementor-column-gap-default\">\n\t\t\t\t\t<div class=\"elementor-column elementor-col-100 elementor-top-column elementor-element elementor-element-12e842b2\" data-id=\"12e842b2\" data-element_type=\"column\">\n\t\t\t<div class=\"elementor-widget-wrap elementor-element-populated\">\n\t\t\t\t\t\t<div class=\"elementor-element elementor-element-314802fc elementor-widget elementor-widget-text-editor\" data-id=\"314802fc\" data-element_type=\"widget\" data-widget_type=\"text-editor.default\">\n\t\t\t\t<div class=\"elementor-widget-container\">\n\t\t\t\t\t\t\t\t\t<h6>\u00a0<\/h6><h1 style=\"margin-top: 0.69697em;line-height: 1.27273;text-align: center\">M\u00fcd\u00fcrl\u00fc\u011f\u00fcm\u00fcz Taraf\u0131ndan Desteklenen Bilimsel Ara\u015ft\u0131rma Projeleri<\/h1><ol><li><h2><strong>Farkl\u0131 Paradigmalar \u00c7er\u00e7evesinde \u0130lahiyat \/ \u0130slami \u0130limler Fak\u00fclteleri Lisans \u00d6\u011frencilerinin Din-Bilim \u0130li\u015fkisine Bak\u0131\u015f\u0131<\/strong><\/h2><\/li><li><h2><strong>\u00dcniversite \u00d6\u011frencilerinin Psikososyal Sorunlar\u0131 ile Akademik Ba\u015far\u0131 ve G\u00fcd\u00fclenmeleri Aras\u0131ndaki \u0130li\u015fkide Psikolojik Sa\u011flaml\u0131\u011f\u0131n Arac\u0131 Rol\u00fc<\/strong><\/h2><\/li><li><h2><strong>T\u00fcrkiye&#8217;de Yerli Halk\u0131n G\u00f6\u00e7men Alg\u0131s\u0131 Erzurum \u0130li \u00d6rne\u011fi<\/strong><\/h2><\/li><li><h2><strong>Ergenlerde Din ve Dindar \u0130nsan Alg\u0131s\u0131\u00a0<\/strong><\/h2><\/li><li><h2><strong>\u00dcniversite \u00d6\u011frencilerinin Sosyal Medya Ba\u011f\u0131ml\u0131l\u0131\u011f\u0131 ile Sosyotelizm (Phubbing) Davran\u0131\u015f\u0131 Aras\u0131ndaki \u0130li\u015fkide Sosyal Kayg\u0131n\u0131n Arac\u0131 ve Sosyal G\u00fcvende Hissetmenin<\/strong> <strong>D\u00fczenleyici Rol\u00fc<\/strong><\/h2><\/li><\/ol>\t\t\t\t\t\t\t\t<\/div>\n\t\t\t\t<\/div>\n\t\t\t\t\t<\/div>\n\t\t<\/div>\n\t\t\t\t\t<\/div>\n\t\t<\/section>\n\t\t\t\t<\/div>\n\t\t","protected":false},"excerpt":{"rendered":"<p>\u00a0 M\u00fcd\u00fcrl\u00fc\u011f\u00fcm\u00fcz Taraf\u0131ndan Desteklenen Bilimsel Ara\u015ft\u0131rma Projeleri Farkl\u0131 Paradigmalar \u00c7er\u00e7evesinde \u0130lahiyat \/ \u0130slami \u0130limler Fak\u00fclteleri Lisans \u00d6\u011frencilerinin Din-Bilim \u0130li\u015fkisine Bak\u0131\u015f\u0131 \u00dcniversite \u00d6\u011frencilerinin Psikososyal Sorunlar\u0131 ile Akademik Ba\u015far\u0131 ve G\u00fcd\u00fclenmeleri Aras\u0131ndaki \u0130li\u015fkide Psikolojik Sa\u011flaml\u0131\u011f\u0131n Arac\u0131 Rol\u00fc T\u00fcrkiye&#8217;de Yerli Halk\u0131n G\u00f6\u00e7men Alg\u0131s\u0131 Erzurum \u0130li \u00d6rne\u011fi Ergenlerde Din ve Dindar \u0130nsan Alg\u0131s\u0131\u00a0 \u00dcniversite \u00d6\u011frencilerinin Sosyal Medya Ba\u011f\u0131ml\u0131l\u0131\u011f\u0131 ile [&hellip;]<\/p>\n","protected":false},"author":449,"featured_media":0,"parent":68,"menu_order":0,"comment_status":"closed","ping_status":"closed","template":"","meta":{"footnotes":""},"class_list":["post-6240","page","type-page","status-publish","hentry"],"_links":{"self":[{"href":"https:\/\/atauni.edu.tr\/toplumsal-arastirmalar-uygulama-ve-arastirma-merkezi\/wp-json\/wp\/v2\/pages\/6240","targetHints":{"allow":["GET"]}}],"collection":[{"href":"https:\/\/atauni.edu.tr\/toplumsal-arastirmalar-uygulama-ve-arastirma-merkezi\/wp-json\/wp\/v2\/pages"}],"about":[{"href":"https:\/\/atauni.edu.tr\/toplumsal-arastirmalar-uygulama-ve-arastirma-merkezi\/wp-json\/wp\/v2\/types\/page"}],"author":[{"embeddable":true,"href":"https:\/\/atauni.edu.tr\/toplumsal-arastirmalar-uygulama-ve-arastirma-merkezi\/wp-json\/wp\/v2\/users\/449"}],"replies":[{"embeddable":true,"href":"https:\/\/atauni.edu.tr\/toplumsal-arastirmalar-uygulama-ve-arastirma-merkezi\/wp-json\/wp\/v2\/comments?post=6240"}],"version-history":[{"count":32,"href":"https:\/\/atauni.edu.tr\/toplumsal-arastirmalar-uygulama-ve-arastirma-merkezi\/wp-json\/wp\/v2\/pages\/6240\/revisions"}],"predecessor-version":[{"id":6529,"href":"https:\/\/atauni.edu.tr\/toplumsal-arastirmalar-uygulama-ve-arastirma-merkezi\/wp-json\/wp\/v2\/pages\/6240\/revisions\/6529"}],"up":[{"embeddable":true,"href":"https:\/\/atauni.edu.tr\/toplumsal-arastirmalar-uygulama-ve-arastirma-merkezi\/wp-json\/wp\/v2\/pages\/68"}],"wp:attachment":[{"href":"https:\/\/atauni.edu.tr\/toplumsal-arastirmalar-uygulama-ve-arastirma-merkezi\/wp-json\/wp\/v2\/media?parent=6240"}],"curies":[{"name":"wp","href":"https:\/\/api.w.org\/{rel}","templated":true}]}}