{"id":6351,"date":"2023-10-24T16:06:12","date_gmt":"2023-10-24T13:06:12","guid":{"rendered":"https:\/\/birimler.atauni.edu.tr\/toplumsal-arastirmalar-uygulama-ve-arastirma-merkezi\/?page_id=6351"},"modified":"2023-11-01T14:52:53","modified_gmt":"2023-11-01T11:52:53","slug":"yayinlar","status":"publish","type":"page","link":"https:\/\/atauni.edu.tr\/toplumsal-arastirmalar-uygulama-ve-arastirma-merkezi\/yayinlar\/","title":{"rendered":"Yay\u0131nlar"},"content":{"rendered":"\t\t<div data-elementor-type=\"wp-page\" data-elementor-id=\"6351\" class=\"elementor elementor-6351\" data-elementor-post-type=\"page\">\n\t\t\t\t\t\t<section class=\"elementor-section elementor-top-section elementor-element elementor-element-4872f262 elementor-section-boxed elementor-section-height-default elementor-section-height-default\" data-id=\"4872f262\" data-element_type=\"section\">\n\t\t\t\t\t\t<div class=\"elementor-container elementor-column-gap-default\">\n\t\t\t\t\t<div class=\"elementor-column elementor-col-100 elementor-top-column elementor-element elementor-element-f66e957\" data-id=\"f66e957\" data-element_type=\"column\">\n\t\t\t<div class=\"elementor-widget-wrap elementor-element-populated\">\n\t\t\t\t\t\t<div class=\"elementor-element elementor-element-c184f1f elementor-widget elementor-widget-text-editor\" data-id=\"c184f1f\" data-element_type=\"widget\" data-widget_type=\"text-editor.default\">\n\t\t\t\t<div class=\"elementor-widget-container\">\n\t\t\t\t\t\t\t\t\t<p><\/p>\n<p>Kurumumuz taraf\u0131ndan desteklenen proje ve \u00e7al\u0131\u015fmalar sonucunda \u00fcretilen yay\u0131nlar&#8230;<\/p>\n<p><\/p>\n<ul class=\"wp-block-list\">\n<li style=\"list-style-type: none\">\n<ul><\/ul>\n<\/li>\n<\/ul>\n<ul>\n<li style=\"list-style-type: none\">\n<ul>\n<li><a href=\"https:\/\/ekitap.atauni.edu.tr\/index.php\/gelisen-teknolojiler-ve-degerler\/\">Geli\u015fen Teknolojiler ve De\u011ferler<\/a>\u00a0(Uluslararas\u0131 Kitap)<\/li>\n<li><a href=\"http:\/\/chrome-extension:\/\/efaidnbmnnnibpcajpcglclefindmkaj\/https:\/\/www.egitimyayinevi.com\/u\/egitimyayinevi\/docs\/y\/o\/yoksis-9786256489073-ekitap-ilahiyat-fakultelerinde-din-bilim-iliskisi-icerik-dosyasi-1685730846.pdf\" data-wplink-url-error=\"true\">\u0130lahiyat Fak\u00fcltelerinde Din Bilim \u0130li\u015fkisi\u00a0<\/a>(Uluslararas\u0131 Kitap)<\/li>\n<li><a href=\"https:\/\/birimler.atauni.edu.tr\/toplumsal-arastirmalar-uygulama-ve-arastirma-merkezi\/wp-content\/uploads\/sites\/483\/2020\/07\/Ergenlerde-Din-Dini-Hayat-ve-Din-Toplumsal-Kurumsal-Iliskisine-Bakis.pdf\">Ergenlerde Din Dini Hayat ve Din Toplumsal Kurumsal \u0130li\u015fkisine Bak\u0131\u015f<\/a> (Uluslararas\u0131 Kitap)<\/li>\n<li><a href=\"http:\/\/cuid.cumhuriyet.edu.tr\/tr\/pub\/issue\/73848\/1078101\">Din-Bilim \u0130li\u015fkisi Tutum \u00d6l\u00e7e\u011fi<\/a> (Uluslararas\u0131 Makale \/ ESCI)<\/li>\n<\/ul>\n<\/li>\n<\/ul>\n<p><\/p>\n<p><\/p>\t\t\t\t\t\t\t\t<\/div>\n\t\t\t\t<\/div>\n\t\t\t\t\t<\/div>\n\t\t<\/div>\n\t\t\t\t\t<\/div>\n\t\t<\/section>\n\t\t\t\t<section class=\"elementor-section elementor-top-section elementor-element elementor-element-adf21a6 elementor-section-stretched animated-slow elementor-section-boxed elementor-section-height-default elementor-section-height-default elementor-invisible\" data-id=\"adf21a6\" data-element_type=\"section\" data-settings=\"{&quot;stretch_section&quot;:&quot;section-stretched&quot;,&quot;animation&quot;:&quot;zoomInUp&quot;}\">\n\t\t\t\t\t\t\t<div class=\"elementor-background-overlay\"><\/div>\n\t\t\t\t\t\t\t<div class=\"elementor-container elementor-column-gap-default\">\n\t\t\t\t\t<div class=\"elementor-column elementor-col-33 elementor-top-column elementor-element elementor-element-2669957\" data-id=\"2669957\" data-element_type=\"column\">\n\t\t\t<div class=\"elementor-widget-wrap elementor-element-populated\">\n\t\t\t\t\t\t<div class=\"elementor-element elementor-element-1da53ea elementor-widget elementor-widget-image\" data-id=\"1da53ea\" data-element_type=\"widget\" data-widget_type=\"image.default\">\n\t\t\t\t<div class=\"elementor-widget-container\">\n\t\t\t\t\t\t\t\t\t\t\t\t\t\t\t<img fetchpriority=\"high\" decoding=\"async\" width=\"699\" height=\"1024\" src=\"https:\/\/atauni.edu.tr\/toplumsal-arastirmalar-uygulama-ve-arastirma-merkezi\/wp-content\/uploads\/sites\/483\/2023\/11\/Ergenlerde-699x1024.jpg\" class=\"attachment-large size-large wp-image-6578\" alt=\"\" srcset=\"https:\/\/atauni.edu.tr\/toplumsal-arastirmalar-uygulama-ve-arastirma-merkezi\/wp-content\/uploads\/sites\/483\/2023\/11\/Ergenlerde-699x1024.jpg 699w, https:\/\/atauni.edu.tr\/toplumsal-arastirmalar-uygulama-ve-arastirma-merkezi\/wp-content\/uploads\/sites\/483\/2023\/11\/Ergenlerde-205x300.jpg 205w, https:\/\/atauni.edu.tr\/toplumsal-arastirmalar-uygulama-ve-arastirma-merkezi\/wp-content\/uploads\/sites\/483\/2023\/11\/Ergenlerde-768x1124.jpg 768w, https:\/\/atauni.edu.tr\/toplumsal-arastirmalar-uygulama-ve-arastirma-merkezi\/wp-content\/uploads\/sites\/483\/2023\/11\/Ergenlerde-1049x1536.jpg 1049w, https:\/\/atauni.edu.tr\/toplumsal-arastirmalar-uygulama-ve-arastirma-merkezi\/wp-content\/uploads\/sites\/483\/2023\/11\/Ergenlerde-1399x2048.jpg 1399w, https:\/\/atauni.edu.tr\/toplumsal-arastirmalar-uygulama-ve-arastirma-merkezi\/wp-content\/uploads\/sites\/483\/2023\/11\/Ergenlerde-410x600.jpg 410w, https:\/\/atauni.edu.tr\/toplumsal-arastirmalar-uygulama-ve-arastirma-merkezi\/wp-content\/uploads\/sites\/483\/2023\/11\/Ergenlerde-383x560.jpg 383w, https:\/\/atauni.edu.tr\/toplumsal-arastirmalar-uygulama-ve-arastirma-merkezi\/wp-content\/uploads\/sites\/483\/2023\/11\/Ergenlerde-scaled.jpg 1749w\" sizes=\"(max-width: 699px) 100vw, 699px\" \/>\t\t\t\t\t\t\t\t\t\t\t\t\t\t\t<\/div>\n\t\t\t\t<\/div>\n\t\t\t\t<div class=\"elementor-element elementor-element-c776c66 elementor-widget elementor-widget-image\" data-id=\"c776c66\" data-element_type=\"widget\" data-widget_type=\"image.default\">\n\t\t\t\t<div class=\"elementor-widget-container\">\n\t\t\t\t\t\t\t\t\t\t\t\t\t\t\t<img decoding=\"async\" width=\"600\" height=\"754\" src=\"https:\/\/atauni.edu.tr\/toplumsal-arastirmalar-uygulama-ve-arastirma-merkezi\/wp-content\/uploads\/sites\/483\/2023\/11\/Gelisen-tekn.jpg\" class=\"attachment-large size-large wp-image-6579\" alt=\"\" srcset=\"https:\/\/atauni.edu.tr\/toplumsal-arastirmalar-uygulama-ve-arastirma-merkezi\/wp-content\/uploads\/sites\/483\/2023\/11\/Gelisen-tekn.jpg 600w, https:\/\/atauni.edu.tr\/toplumsal-arastirmalar-uygulama-ve-arastirma-merkezi\/wp-content\/uploads\/sites\/483\/2023\/11\/Gelisen-tekn-239x300.jpg 239w, https:\/\/atauni.edu.tr\/toplumsal-arastirmalar-uygulama-ve-arastirma-merkezi\/wp-content\/uploads\/sites\/483\/2023\/11\/Gelisen-tekn-477x600.jpg 477w, https:\/\/atauni.edu.tr\/toplumsal-arastirmalar-uygulama-ve-arastirma-merkezi\/wp-content\/uploads\/sites\/483\/2023\/11\/Gelisen-tekn-446x560.jpg 446w\" sizes=\"(max-width: 600px) 100vw, 600px\" \/>\t\t\t\t\t\t\t\t\t\t\t\t\t\t\t<\/div>\n\t\t\t\t<\/div>\n\t\t\t\t\t<\/div>\n\t\t<\/div>\n\t\t\t\t<div class=\"elementor-column elementor-col-33 elementor-top-column elementor-element elementor-element-bd66c08\" data-id=\"bd66c08\" data-element_type=\"column\">\n\t\t\t<div class=\"elementor-widget-wrap elementor-element-populated\">\n\t\t\t\t\t\t<div class=\"elementor-element elementor-element-8fea9be elementor-widget elementor-widget-image\" data-id=\"8fea9be\" data-element_type=\"widget\" data-widget_type=\"image.default\">\n\t\t\t\t<div class=\"elementor-widget-container\">\n\t\t\t\t\t\t\t\t\t\t\t\t\t\t\t<img decoding=\"async\" width=\"686\" height=\"1024\" src=\"https:\/\/atauni.edu.tr\/toplumsal-arastirmalar-uygulama-ve-arastirma-merkezi\/wp-content\/uploads\/sites\/483\/2023\/11\/Din-Bilim-686x1024.jpg\" class=\"attachment-large size-large wp-image-6577\" alt=\"\" srcset=\"https:\/\/atauni.edu.tr\/toplumsal-arastirmalar-uygulama-ve-arastirma-merkezi\/wp-content\/uploads\/sites\/483\/2023\/11\/Din-Bilim-686x1024.jpg 686w, https:\/\/atauni.edu.tr\/toplumsal-arastirmalar-uygulama-ve-arastirma-merkezi\/wp-content\/uploads\/sites\/483\/2023\/11\/Din-Bilim-201x300.jpg 201w, https:\/\/atauni.edu.tr\/toplumsal-arastirmalar-uygulama-ve-arastirma-merkezi\/wp-content\/uploads\/sites\/483\/2023\/11\/Din-Bilim-768x1146.jpg 768w, https:\/\/atauni.edu.tr\/toplumsal-arastirmalar-uygulama-ve-arastirma-merkezi\/wp-content\/uploads\/sites\/483\/2023\/11\/Din-Bilim-1029x1536.jpg 1029w, https:\/\/atauni.edu.tr\/toplumsal-arastirmalar-uygulama-ve-arastirma-merkezi\/wp-content\/uploads\/sites\/483\/2023\/11\/Din-Bilim-1373x2048.jpg 1373w, https:\/\/atauni.edu.tr\/toplumsal-arastirmalar-uygulama-ve-arastirma-merkezi\/wp-content\/uploads\/sites\/483\/2023\/11\/Din-Bilim-402x600.jpg 402w, https:\/\/atauni.edu.tr\/toplumsal-arastirmalar-uygulama-ve-arastirma-merkezi\/wp-content\/uploads\/sites\/483\/2023\/11\/Din-Bilim-375x560.jpg 375w, https:\/\/atauni.edu.tr\/toplumsal-arastirmalar-uygulama-ve-arastirma-merkezi\/wp-content\/uploads\/sites\/483\/2023\/11\/Din-Bilim-scaled.jpg 1716w\" sizes=\"(max-width: 686px) 100vw, 686px\" \/>\t\t\t\t\t\t\t\t\t\t\t\t\t\t\t<\/div>\n\t\t\t\t<\/div>\n\t\t\t\t\t<\/div>\n\t\t<\/div>\n\t\t\t\t<div class=\"elementor-column elementor-col-33 elementor-top-column elementor-element elementor-element-f59442a\" data-id=\"f59442a\" data-element_type=\"column\">\n\t\t\t<div class=\"elementor-widget-wrap\">\n\t\t\t\t\t\t\t<\/div>\n\t\t<\/div>\n\t\t\t\t\t<\/div>\n\t\t<\/section>\n\t\t\t\t<\/div>\n\t\t","protected":false},"excerpt":{"rendered":"<p>Kurumumuz taraf\u0131ndan desteklenen proje ve \u00e7al\u0131\u015fmalar sonucunda \u00fcretilen yay\u0131nlar&#8230;<\/p>\n","protected":false},"author":449,"featured_media":0,"parent":0,"menu_order":0,"comment_status":"closed","ping_status":"closed","template":"","meta":{"footnotes":""},"class_list":["post-6351","page","type-page","status-publish","hentry"],"_links":{"self":[{"href":"https:\/\/atauni.edu.tr\/toplumsal-arastirmalar-uygulama-ve-arastirma-merkezi\/wp-json\/wp\/v2\/pages\/6351","targetHints":{"allow":["GET"]}}],"collection":[{"href":"https:\/\/atauni.edu.tr\/toplumsal-arastirmalar-uygulama-ve-arastirma-merkezi\/wp-json\/wp\/v2\/pages"}],"about":[{"href":"https:\/\/atauni.edu.tr\/toplumsal-arastirmalar-uygulama-ve-arastirma-merkezi\/wp-json\/wp\/v2\/types\/page"}],"author":[{"embeddable":true,"href":"https:\/\/atauni.edu.tr\/toplumsal-arastirmalar-uygulama-ve-arastirma-merkezi\/wp-json\/wp\/v2\/users\/449"}],"replies":[{"embeddable":true,"href":"https:\/\/atauni.edu.tr\/toplumsal-arastirmalar-uygulama-ve-arastirma-merkezi\/wp-json\/wp\/v2\/comments?post=6351"}],"version-history":[{"count":28,"href":"https:\/\/atauni.edu.tr\/toplumsal-arastirmalar-uygulama-ve-arastirma-merkezi\/wp-json\/wp\/v2\/pages\/6351\/revisions"}],"predecessor-version":[{"id":6592,"href":"https:\/\/atauni.edu.tr\/toplumsal-arastirmalar-uygulama-ve-arastirma-merkezi\/wp-json\/wp\/v2\/pages\/6351\/revisions\/6592"}],"wp:attachment":[{"href":"https:\/\/atauni.edu.tr\/toplumsal-arastirmalar-uygulama-ve-arastirma-merkezi\/wp-json\/wp\/v2\/media?parent=6351"}],"curies":[{"name":"wp","href":"https:\/\/api.w.org\/{rel}","templated":true}]}}