{"id":6504,"date":"2023-10-25T16:52:25","date_gmt":"2023-10-25T13:52:25","guid":{"rendered":"https:\/\/birimler.atauni.edu.tr\/toplumsal-arastirmalar-uygulama-ve-arastirma-merkezi\/?page_id=6504"},"modified":"2023-10-25T17:08:57","modified_gmt":"2023-10-25T14:08:57","slug":"stratejik-plan","status":"publish","type":"page","link":"https:\/\/atauni.edu.tr\/toplumsal-arastirmalar-uygulama-ve-arastirma-merkezi\/stratejik-plan\/","title":{"rendered":"Stratejik Plan"},"content":{"rendered":"\t\t<div data-elementor-type=\"wp-page\" data-elementor-id=\"6504\" class=\"elementor elementor-6504\" data-elementor-post-type=\"page\">\n\t\t\t\t\t\t<section class=\"elementor-section elementor-top-section elementor-element elementor-element-da646c1 elementor-section-boxed elementor-section-height-default elementor-section-height-default\" data-id=\"da646c1\" data-element_type=\"section\">\n\t\t\t\t\t\t<div class=\"elementor-container elementor-column-gap-default\">\n\t\t\t\t\t<div class=\"elementor-column elementor-col-100 elementor-top-column elementor-element elementor-element-6ca9fb4\" data-id=\"6ca9fb4\" data-element_type=\"column\">\n\t\t\t<div class=\"elementor-widget-wrap elementor-element-populated\">\n\t\t\t\t\t\t<div class=\"elementor-element elementor-element-2bb5520 elementor-widget elementor-widget-text-editor\" data-id=\"2bb5520\" data-element_type=\"widget\" data-widget_type=\"text-editor.default\">\n\t\t\t\t<div class=\"elementor-widget-container\">\n\t\t\t\t\t\t\t\t\t<h2 class=\"elementor-heading-title elementor-size-default elementor-inline-editing pen\" style=\"font-family: var( --e-global-typography-primary-font-family ), Sans-serif;font-weight: var( --e-global-typography-primary-font-weight );color: var( --e-global-color-primary )\" data-elementor-setting-key=\"title\" data-pen-placeholder=\"Buraya yaz...\"><a href=\"https:\/\/birimler.atauni.edu.tr\/toplumsal-arastirmalar-uygulama-ve-arastirma-merkezi\/wp-content\/uploads\/sites\/483\/2023\/10\/Toplumsal-Arastirmalar-Uygulama-ve-Arastirma-Merkezi-Stratejik-Plan.pdf\">Toplumsal Ara\u015ft\u0131rmalar Uygulama ve Ara\u015ft\u0131rma Merkezi &#8211; 2021-2025 Stratejik Plan<\/a><\/h2>\t\t\t\t\t\t\t\t<\/div>\n\t\t\t\t<\/div>\n\t\t\t\t\t<\/div>\n\t\t<\/div>\n\t\t\t\t\t<\/div>\n\t\t<\/section>\n\t\t\t\t<\/div>\n\t\t","protected":false},"excerpt":{"rendered":"<p>Toplumsal Ara\u015ft\u0131rmalar Uygulama ve Ara\u015ft\u0131rma Merkezi &#8211; 2021-2025 Stratejik Plan<\/p>\n","protected":false},"author":449,"featured_media":0,"parent":0,"menu_order":0,"comment_status":"closed","ping_status":"closed","template":"","meta":{"footnotes":""},"class_list":["post-6504","page","type-page","status-publish","hentry"],"_links":{"self":[{"href":"https:\/\/atauni.edu.tr\/toplumsal-arastirmalar-uygulama-ve-arastirma-merkezi\/wp-json\/wp\/v2\/pages\/6504","targetHints":{"allow":["GET"]}}],"collection":[{"href":"https:\/\/atauni.edu.tr\/toplumsal-arastirmalar-uygulama-ve-arastirma-merkezi\/wp-json\/wp\/v2\/pages"}],"about":[{"href":"https:\/\/atauni.edu.tr\/toplumsal-arastirmalar-uygulama-ve-arastirma-merkezi\/wp-json\/wp\/v2\/types\/page"}],"author":[{"embeddable":true,"href":"https:\/\/atauni.edu.tr\/toplumsal-arastirmalar-uygulama-ve-arastirma-merkezi\/wp-json\/wp\/v2\/users\/449"}],"replies":[{"embeddable":true,"href":"https:\/\/atauni.edu.tr\/toplumsal-arastirmalar-uygulama-ve-arastirma-merkezi\/wp-json\/wp\/v2\/comments?post=6504"}],"version-history":[{"count":10,"href":"https:\/\/atauni.edu.tr\/toplumsal-arastirmalar-uygulama-ve-arastirma-merkezi\/wp-json\/wp\/v2\/pages\/6504\/revisions"}],"predecessor-version":[{"id":6517,"href":"https:\/\/atauni.edu.tr\/toplumsal-arastirmalar-uygulama-ve-arastirma-merkezi\/wp-json\/wp\/v2\/pages\/6504\/revisions\/6517"}],"wp:attachment":[{"href":"https:\/\/atauni.edu.tr\/toplumsal-arastirmalar-uygulama-ve-arastirma-merkezi\/wp-json\/wp\/v2\/media?parent=6504"}],"curies":[{"name":"wp","href":"https:\/\/api.w.org\/{rel}","templated":true}]}}