{"id":10969,"date":"2026-04-21T10:28:00","date_gmt":"2026-04-21T07:28:00","guid":{"rendered":"https:\/\/atauni.edu.tr\/toplumsal-duyarlilik-projeleri-uygulama-ve-arastirma-merkezi\/?page_id=10969"},"modified":"2026-04-21T10:28:03","modified_gmt":"2026-04-21T07:28:03","slug":"proje-basvuru-videolari","status":"publish","type":"page","link":"https:\/\/atauni.edu.tr\/toplumsal-duyarlilik-projeleri-uygulama-ve-arastirma-merkezi\/proje-basvuru-videolari\/","title":{"rendered":"Proje Ba\u015fvuru Videolar\u0131"},"content":{"rendered":"\t\t<div data-elementor-type=\"wp-page\" data-elementor-id=\"10969\" class=\"elementor elementor-10969\" data-elementor-post-type=\"page\">\n\t\t\t\t\t\t<section class=\"elementor-section elementor-top-section elementor-element elementor-element-91c512c elementor-section-boxed elementor-section-height-default elementor-section-height-default\" data-id=\"91c512c\" data-element_type=\"section\">\n\t\t\t\t\t\t<div class=\"elementor-container elementor-column-gap-default\">\n\t\t\t\t\t<div class=\"elementor-column elementor-col-100 elementor-top-column elementor-element elementor-element-b599066\" data-id=\"b599066\" data-element_type=\"column\">\n\t\t\t<div class=\"elementor-widget-wrap elementor-element-populated\">\n\t\t\t\t\t\t<div class=\"elementor-element elementor-element-f4b47e7 elementor-widget elementor-widget-text-editor\" data-id=\"f4b47e7\" data-element_type=\"widget\" data-widget_type=\"text-editor.default\">\n\t\t\t\t<div class=\"elementor-widget-container\">\n\t\t\t\t\t\t\t\t\t<div class=\"wpb_column vc_column_container vc_col-sm-3\"><div class=\"vc_column-inner\"><div class=\"wpb_wrapper\"><h3 class=\"vc_custom_heading\">1) Toplumsal Duyarl\u0131l\u0131k Projeleri ve Toplumsal Duyarl\u0131l\u0131k Merkezi Nedir?<\/h3><div class=\"vc_btn3-container vc_btn3-inline\"><span style=\"color: #202b5d; font-family: Ubuntu; font-size: 1.75rem; letter-spacing: 0px;\">2) Projelerin De\u011ferlendirme, Uygulama, Faturaland\u0131rma ve Raporland\u0131rma S\u00fcre\u00e7leri<\/span><\/div><\/div><\/div><\/div><div class=\"wpb_column vc_column_container vc_col-sm-3\"><div class=\"vc_column-inner\"><div class=\"wpb_wrapper\"><div class=\"vc_btn3-container vc_btn3-inline\">\u00a0<\/div><\/div><\/div><\/div><div class=\"wpb_column vc_column_container vc_col-sm-3\"><div class=\"vc_column-inner\"><div class=\"wpb_wrapper\"><h3 class=\"vc_custom_heading\">3) Projelerde S\u00fcrd\u00fcr\u00fclebilir Kalk\u0131nma Ama\u00e7lar\u0131 (SDG) Se\u00e7imi<\/h3><div class=\"vc_btn3-container vc_btn3-inline\">\u00a0<\/div><\/div><\/div><\/div><div class=\"wpb_column vc_column_container vc_col-sm-3\"><div class=\"vc_column-inner\"><div class=\"wpb_wrapper\"><h3 class=\"vc_custom_heading\">4) Toplumsal Duyarl\u0131l\u0131k Proje Ba\u015fvurusu Nas\u0131l Yap\u0131l\u0131r? (Sistem Tan\u0131t\u0131m\u0131)<\/h3><\/div><\/div><\/div>\t\t\t\t\t\t\t\t<\/div>\n\t\t\t\t<\/div>\n\t\t\t\t\t<\/div>\n\t\t<\/div>\n\t\t\t\t\t<\/div>\n\t\t<\/section>\n\t\t\t\t<section class=\"elementor-section elementor-top-section elementor-element elementor-element-529e09a elementor-section-boxed elementor-section-height-default elementor-section-height-default\" data-id=\"529e09a\" data-element_type=\"section\">\n\t\t\t\t\t\t<div class=\"elementor-container elementor-column-gap-default\">\n\t\t\t\t\t<div class=\"elementor-column elementor-col-20 elementor-top-column elementor-element elementor-element-e445962\" data-id=\"e445962\" data-element_type=\"column\">\n\t\t\t<div class=\"elementor-widget-wrap elementor-element-populated\">\n\t\t\t\t\t\t<div class=\"elementor-element elementor-element-a2fe186 elementor-widget__width-initial elementor-widget elementor-widget-video\" data-id=\"a2fe186\" data-element_type=\"widget\" data-settings=\"{&quot;youtube_url&quot;:&quot;https:\\\/\\\/www.youtube.com\\\/watch?v=NmuPGGbT7CM&quot;,&quot;video_type&quot;:&quot;youtube&quot;,&quot;controls&quot;:&quot;yes&quot;}\" data-widget_type=\"video.default\">\n\t\t\t\t<div class=\"elementor-widget-container\">\n\t\t\t\t\t\t\t<div class=\"elementor-wrapper elementor-open-inline\">\n\t\t\t<div class=\"elementor-video\"><\/div>\t\t<\/div>\n\t\t\t\t\t\t<\/div>\n\t\t\t\t<\/div>\n\t\t\t\t\t<\/div>\n\t\t<\/div>\n\t\t\t\t<div class=\"elementor-column elementor-col-20 elementor-top-column elementor-element elementor-element-24071cb\" data-id=\"24071cb\" data-element_type=\"column\">\n\t\t\t<div class=\"elementor-widget-wrap elementor-element-populated\">\n\t\t\t\t\t\t<div class=\"elementor-element elementor-element-27213c0 elementor-widget elementor-widget-video\" data-id=\"27213c0\" data-element_type=\"widget\" data-settings=\"{&quot;youtube_url&quot;:&quot;https:\\\/\\\/www.youtube.com\\\/watch?v=WPjtj8oWyPc&quot;,&quot;video_type&quot;:&quot;youtube&quot;,&quot;controls&quot;:&quot;yes&quot;}\" data-widget_type=\"video.default\">\n\t\t\t\t<div class=\"elementor-widget-container\">\n\t\t\t\t\t\t\t<div class=\"elementor-wrapper elementor-open-inline\">\n\t\t\t<div class=\"elementor-video\"><\/div>\t\t<\/div>\n\t\t\t\t\t\t<\/div>\n\t\t\t\t<\/div>\n\t\t\t\t\t<\/div>\n\t\t<\/div>\n\t\t\t\t<div class=\"elementor-column elementor-col-20 elementor-top-column elementor-element elementor-element-4fda557\" data-id=\"4fda557\" data-element_type=\"column\">\n\t\t\t<div class=\"elementor-widget-wrap elementor-element-populated\">\n\t\t\t\t\t\t<div class=\"elementor-element elementor-element-6a506da elementor-widget elementor-widget-video\" data-id=\"6a506da\" data-element_type=\"widget\" data-settings=\"{&quot;youtube_url&quot;:&quot;https:\\\/\\\/www.youtube.com\\\/watch?v=GHEMSjVw2b4&quot;,&quot;video_type&quot;:&quot;youtube&quot;,&quot;controls&quot;:&quot;yes&quot;}\" data-widget_type=\"video.default\">\n\t\t\t\t<div class=\"elementor-widget-container\">\n\t\t\t\t\t\t\t<div class=\"elementor-wrapper elementor-open-inline\">\n\t\t\t<div class=\"elementor-video\"><\/div>\t\t<\/div>\n\t\t\t\t\t\t<\/div>\n\t\t\t\t<\/div>\n\t\t\t\t\t<\/div>\n\t\t<\/div>\n\t\t\t\t<div class=\"elementor-column elementor-col-20 elementor-top-column elementor-element elementor-element-c24ca12\" data-id=\"c24ca12\" data-element_type=\"column\">\n\t\t\t<div class=\"elementor-widget-wrap elementor-element-populated\">\n\t\t\t\t\t\t<div class=\"elementor-element elementor-element-b4c19c0 elementor-widget elementor-widget-video\" data-id=\"b4c19c0\" data-element_type=\"widget\" data-settings=\"{&quot;youtube_url&quot;:&quot;https:\\\/\\\/www.youtube.com\\\/watch?v=97trRBPlv7Y&quot;,&quot;video_type&quot;:&quot;youtube&quot;,&quot;controls&quot;:&quot;yes&quot;}\" data-widget_type=\"video.default\">\n\t\t\t\t<div class=\"elementor-widget-container\">\n\t\t\t\t\t\t\t<div class=\"elementor-wrapper elementor-open-inline\">\n\t\t\t<div class=\"elementor-video\"><\/div>\t\t<\/div>\n\t\t\t\t\t\t<\/div>\n\t\t\t\t<\/div>\n\t\t\t\t\t<\/div>\n\t\t<\/div>\n\t\t\t\t<div class=\"elementor-column elementor-col-20 elementor-top-column elementor-element elementor-element-0319252\" data-id=\"0319252\" data-element_type=\"column\">\n\t\t\t<div class=\"elementor-widget-wrap\">\n\t\t\t\t\t\t\t<\/div>\n\t\t<\/div>\n\t\t\t\t\t<\/div>\n\t\t<\/section>\n\t\t\t\t<\/div>\n\t\t","protected":false},"excerpt":{"rendered":"<p>1) Toplumsal Duyarl\u0131l\u0131k Projeleri ve Toplumsal Duyarl\u0131l\u0131k Merkezi Nedir? 2) Projelerin De\u011ferlendirme, Uygulama, Faturaland\u0131rma ve Raporland\u0131rma S\u00fcre\u00e7leri\u00a0 3) Projelerde S\u00fcrd\u00fcr\u00fclebilir Kalk\u0131nma Ama\u00e7lar\u0131 (SDG) Se\u00e7imi \u00a0 4) Toplumsal Duyarl\u0131l\u0131k Proje Ba\u015fvurusu Nas\u0131l Yap\u0131l\u0131r? (Sistem Tan\u0131t\u0131m\u0131) https:\/\/www.youtube.com\/watch?v=NmuPGGbT7CMhttps:\/\/www.youtube.com\/watch?v=WPjtj8oWyPchttps:\/\/www.youtube.com\/watch?v=GHEMSjVw2b4https:\/\/www.youtube.com\/watch?v=97trRBPlv7Y<\/p>\n","protected":false},"author":594,"featured_media":0,"parent":0,"menu_order":0,"comment_status":"closed","ping_status":"closed","template":"","meta":{"footnotes":""},"class_list":["post-10969","page","type-page","status-publish","hentry"],"_links":{"self":[{"href":"https:\/\/atauni.edu.tr\/toplumsal-duyarlilik-projeleri-uygulama-ve-arastirma-merkezi\/wp-json\/wp\/v2\/pages\/10969","targetHints":{"allow":["GET"]}}],"collection":[{"href":"https:\/\/atauni.edu.tr\/toplumsal-duyarlilik-projeleri-uygulama-ve-arastirma-merkezi\/wp-json\/wp\/v2\/pages"}],"about":[{"href":"https:\/\/atauni.edu.tr\/toplumsal-duyarlilik-projeleri-uygulama-ve-arastirma-merkezi\/wp-json\/wp\/v2\/types\/page"}],"author":[{"embeddable":true,"href":"https:\/\/atauni.edu.tr\/toplumsal-duyarlilik-projeleri-uygulama-ve-arastirma-merkezi\/wp-json\/wp\/v2\/users\/594"}],"replies":[{"embeddable":true,"href":"https:\/\/atauni.edu.tr\/toplumsal-duyarlilik-projeleri-uygulama-ve-arastirma-merkezi\/wp-json\/wp\/v2\/comments?post=10969"}],"version-history":[{"count":7,"href":"https:\/\/atauni.edu.tr\/toplumsal-duyarlilik-projeleri-uygulama-ve-arastirma-merkezi\/wp-json\/wp\/v2\/pages\/10969\/revisions"}],"predecessor-version":[{"id":11005,"href":"https:\/\/atauni.edu.tr\/toplumsal-duyarlilik-projeleri-uygulama-ve-arastirma-merkezi\/wp-json\/wp\/v2\/pages\/10969\/revisions\/11005"}],"wp:attachment":[{"href":"https:\/\/atauni.edu.tr\/toplumsal-duyarlilik-projeleri-uygulama-ve-arastirma-merkezi\/wp-json\/wp\/v2\/media?parent=10969"}],"curies":[{"name":"wp","href":"https:\/\/api.w.org\/{rel}","templated":true}]}}