{"id":5719,"date":"2021-07-13T10:45:18","date_gmt":"2021-07-13T07:45:18","guid":{"rendered":"https:\/\/portaltest.atauni.edu.tr\/bilgisayar-muhendisligi\/?page_id=5719"},"modified":"2026-04-20T09:37:34","modified_gmt":"2026-04-20T06:37:34","slug":"iletisim","status":"publish","type":"page","link":"https:\/\/atauni.edu.tr\/toplumsal-duyarlilik-projeleri-uygulama-ve-arastirma-merkezi\/iletisim\/","title":{"rendered":"\u0130leti\u015fim"},"content":{"rendered":"\t\t<div data-elementor-type=\"wp-page\" data-elementor-id=\"5719\" class=\"elementor elementor-5719\" data-elementor-post-type=\"page\">\n\t\t\t\t\t\t<section class=\"elementor-section elementor-top-section elementor-element elementor-element-994d775 elementor-section-boxed elementor-section-height-default elementor-section-height-default\" data-id=\"994d775\" data-element_type=\"section\">\n\t\t\t\t\t\t<div class=\"elementor-container elementor-column-gap-default\">\n\t\t\t\t\t<div class=\"elementor-column elementor-col-50 elementor-top-column elementor-element elementor-element-d1caa59\" data-id=\"d1caa59\" data-element_type=\"column\">\n\t\t\t<div class=\"elementor-widget-wrap elementor-element-populated\">\n\t\t\t\t\t\t<div class=\"elementor-element elementor-element-47ea103 elementor-widget elementor-widget-text-editor\" data-id=\"47ea103\" data-element_type=\"widget\" data-widget_type=\"text-editor.default\">\n\t\t\t\t<div class=\"elementor-widget-container\">\n\t\t\t\t\t\t\t\t\t<p data-start=\"66\" data-end=\"188\"><strong>SOSYAL MEDYA HESAPLARIMIZ<\/strong><br data-start=\"95\" data-end=\"98\" \/><strong>Instagram<\/strong>: ataunitdm<br data-start=\"118\" data-end=\"121\" \/><strong>Twitter (X)<\/strong>: ataunitdm<br data-start=\"143\" data-end=\"146\" \/><strong>Facebook<\/strong>: ataunitdm<br data-start=\"165\" data-end=\"168\" \/><strong>YouTube<\/strong>: ataunitdm<\/p>\t\t\t\t\t\t\t\t<\/div>\n\t\t\t\t<\/div>\n\t\t\t\t\t<\/div>\n\t\t<\/div>\n\t\t\t\t<div class=\"elementor-column elementor-col-50 elementor-top-column elementor-element elementor-element-b9d912f\" data-id=\"b9d912f\" data-element_type=\"column\">\n\t\t\t<div class=\"elementor-widget-wrap elementor-element-populated\">\n\t\t\t\t\t\t<div class=\"elementor-element elementor-element-e635768 elementor-widget elementor-widget-text-editor\" data-id=\"e635768\" data-element_type=\"widget\" data-widget_type=\"text-editor.default\">\n\t\t\t\t<div class=\"elementor-widget-container\">\n\t\t\t\t\t\t\t\t\t<p data-start=\"195\" data-end=\"372\"><strong data-start=\"195\" data-end=\"220\">\u0130LET\u0130\u015e\u0130M B\u0130LG\u0130LER\u0130M\u0130Z<\/strong><br data-start=\"220\" data-end=\"223\" \/><strong>E-posta<\/strong>: <a class=\"decorated-link cursor-pointer\" rel=\"noopener\" data-start=\"232\" data-end=\"249\">tdm@atauni.edu.tr<\/a><br data-start=\"249\" data-end=\"252\" \/><strong>Telefon<\/strong>: +90 442 231 61 06 (Dahili Telefon)<br data-start=\"295\" data-end=\"298\" \/><strong>Adres<\/strong>: Ara\u015ft\u0131rma Merkezleri Binas\u0131<br data-start=\"332\" data-end=\"335\" \/>(Eski Edebiyat Fak\u00fcltesi Dekanl\u0131\u011f\u0131)<\/p><p data-start=\"195\" data-end=\"372\"><strong>\u0130nternet Sayfas\u0131<\/strong>:<br data-start=\"391\" data-end=\"394\" \/>atauni.edu.tr\/toplumsal-duyarlilik-projeleri-uygulama-ve-arastirma-merkezi\/<\/p>\t\t\t\t\t\t\t\t<\/div>\n\t\t\t\t<\/div>\n\t\t\t\t\t<\/div>\n\t\t<\/div>\n\t\t\t\t\t<\/div>\n\t\t<\/section>\n\t\t\t\t<\/div>\n\t\t","protected":false},"excerpt":{"rendered":"<p>SOSYAL MEDYA HESAPLARIMIZInstagram: ataunitdmTwitter (X): ataunitdmFacebook: ataunitdmYouTube: ataunitdm \u0130LET\u0130\u015e\u0130M B\u0130LG\u0130LER\u0130M\u0130ZE-posta: tdm@atauni.edu.trTelefon: +90 442 231 61 06 (Dahili Telefon)Adres: Ara\u015ft\u0131rma Merkezleri Binas\u0131(Eski Edebiyat Fak\u00fcltesi Dekanl\u0131\u011f\u0131) \u0130nternet Sayfas\u0131:atauni.edu.tr\/toplumsal-duyarlilik-projeleri-uygulama-ve-arastirma-merkezi\/<\/p>\n","protected":false},"author":1,"featured_media":0,"parent":0,"menu_order":1,"comment_status":"closed","ping_status":"closed","template":"elementor_header_footer","meta":{"footnotes":""},"class_list":["post-5719","page","type-page","status-publish","hentry"],"_links":{"self":[{"href":"https:\/\/atauni.edu.tr\/toplumsal-duyarlilik-projeleri-uygulama-ve-arastirma-merkezi\/wp-json\/wp\/v2\/pages\/5719","targetHints":{"allow":["GET"]}}],"collection":[{"href":"https:\/\/atauni.edu.tr\/toplumsal-duyarlilik-projeleri-uygulama-ve-arastirma-merkezi\/wp-json\/wp\/v2\/pages"}],"about":[{"href":"https:\/\/atauni.edu.tr\/toplumsal-duyarlilik-projeleri-uygulama-ve-arastirma-merkezi\/wp-json\/wp\/v2\/types\/page"}],"author":[{"embeddable":true,"href":"https:\/\/atauni.edu.tr\/toplumsal-duyarlilik-projeleri-uygulama-ve-arastirma-merkezi\/wp-json\/wp\/v2\/users\/1"}],"replies":[{"embeddable":true,"href":"https:\/\/atauni.edu.tr\/toplumsal-duyarlilik-projeleri-uygulama-ve-arastirma-merkezi\/wp-json\/wp\/v2\/comments?post=5719"}],"version-history":[{"count":30,"href":"https:\/\/atauni.edu.tr\/toplumsal-duyarlilik-projeleri-uygulama-ve-arastirma-merkezi\/wp-json\/wp\/v2\/pages\/5719\/revisions"}],"predecessor-version":[{"id":10880,"href":"https:\/\/atauni.edu.tr\/toplumsal-duyarlilik-projeleri-uygulama-ve-arastirma-merkezi\/wp-json\/wp\/v2\/pages\/5719\/revisions\/10880"}],"wp:attachment":[{"href":"https:\/\/atauni.edu.tr\/toplumsal-duyarlilik-projeleri-uygulama-ve-arastirma-merkezi\/wp-json\/wp\/v2\/media?parent=5719"}],"curies":[{"name":"wp","href":"https:\/\/api.w.org\/{rel}","templated":true}]}}