{"id":7204,"date":"2024-12-26T15:59:56","date_gmt":"2024-12-26T12:59:56","guid":{"rendered":"https:\/\/birimler.atauni.edu.tr\/toplumsal-duyarlilik-projeleri-uygulama-ve-arastirma-merkezi\/?page_id=7204"},"modified":"2024-12-26T16:10:42","modified_gmt":"2024-12-26T13:10:42","slug":"etkinlikler","status":"publish","type":"page","link":"https:\/\/atauni.edu.tr\/toplumsal-duyarlilik-projeleri-uygulama-ve-arastirma-merkezi\/etkinlikler\/","title":{"rendered":"Etkinlikler"},"content":{"rendered":"\t\t<div data-elementor-type=\"wp-page\" data-elementor-id=\"7204\" class=\"elementor elementor-7204\" data-elementor-post-type=\"page\">\n\t\t\t\t\t\t<section class=\"elementor-section elementor-top-section elementor-element elementor-element-02518d9 elementor-section-boxed elementor-section-height-default elementor-section-height-default\" data-id=\"02518d9\" data-element_type=\"section\">\n\t\t\t\t\t\t<div class=\"elementor-container elementor-column-gap-default\">\n\t\t\t\t\t<div class=\"elementor-column elementor-col-100 elementor-top-column elementor-element elementor-element-04fd6ec\" data-id=\"04fd6ec\" data-element_type=\"column\">\n\t\t\t<div class=\"elementor-widget-wrap elementor-element-populated\">\n\t\t\t\t\t\t<div class=\"elementor-element elementor-element-f8d0448 elementor-widget elementor-widget-shortcode\" data-id=\"f8d0448\" data-element_type=\"widget\" data-widget_type=\"shortcode.default\">\n\t\t\t\t<div class=\"elementor-widget-container\">\n\t\t\t\t\t\t\t<div class=\"elementor-shortcode\"><form method=\"get\" class=\"row g-3\" style=\"margin-bottom: 20px;\"><div class=\"col-md-3\"><input type=\"text\" name=\"etkinlik_ara\" class=\"form-control\" placeholder=\"Etkinlik ara...\" value=\"\"><\/div><div class=\"col-md-3\"><input type=\"date\" name=\"baslangic_tarihi\" class=\"form-control\" value=\"\"><\/div><div class=\"col-md-3\"><input type=\"date\" name=\"bitis_tarihi\" class=\"form-control\" value=\"\"><\/div><div class=\"col-md-3\"><button type=\"submit\" class=\"btn btn-secondary w-50\">Filtrele<\/button><\/div><\/form><div class=\"etkinlikler-grid-container\" style=\"display: grid; grid-template-columns: repeat(3, 1fr); gap: 20px;\"><div class=\"etkinlik-grid-item\"><div class=\"etkinlik-thumbnail\"><img decoding=\"async\" width=\"150\" height=\"150\" src=\"https:\/\/atauni.edu.tr\/toplumsal-duyarlilik-projeleri-uygulama-ve-arastirma-merkezi\/wp-content\/uploads\/sites\/829\/2026\/04\/12467502-150x150-1.jpeg\" class=\"img-fluid wp-post-image\" alt=\"\" \/><\/div><div class=\"etkinlik-datee\"><span class=\"day\">10<\/span><span class=\"month\">Nisan<\/span><span class=\"year\">2026<\/span><\/div><a href=\"https:\/\/atauni.edu.tr\/toplumsal-duyarlilik-projeleri-uygulama-ve-arastirma-merkezi\/2026\/04\/10\/toplumsal-duyarlilik-projeleri-uygulama-ve-arastirma-merkezi-muduru-doc-dr-ikramettin-dasdemir-trt-erzurum-radyosuna-toplumsal-duyarlilik-proje-surecleri-ve-merkez-hakkinda-demec-vermistir\/\" class=\"etkinlik-titlee\">Toplumsal Duyarl\u0131l\u0131k Projeleri Uygulama ve Ara\u015ft\u0131rma Merkezi m\u00fcd\u00fcr\u00fc Do\u00e7. Dr. \u0130kramettin DA\u015eDEM\u0130R, TRT Erzurum Radyosu\u2019na toplumsal duyarl\u0131l\u0131k proje s\u00fcre\u00e7leri ve merkez hakk\u0131nda deme\u00e7 vermi\u015ftir.<\/a><\/div><div class=\"etkinlik-grid-item\"><div class=\"etkinlik-thumbnail\"><img fetchpriority=\"high\" decoding=\"async\" width=\"214\" height=\"300\" src=\"https:\/\/atauni.edu.tr\/toplumsal-duyarlilik-projeleri-uygulama-ve-arastirma-merkezi\/wp-content\/uploads\/sites\/829\/2026\/04\/TDP-Afis-Spor-Bilimleri-731x1024-1-214x300.jpeg\" class=\"img-fluid wp-post-image\" alt=\"\" srcset=\"https:\/\/atauni.edu.tr\/toplumsal-duyarlilik-projeleri-uygulama-ve-arastirma-merkezi\/wp-content\/uploads\/sites\/829\/2026\/04\/TDP-Afis-Spor-Bilimleri-731x1024-1-214x300.jpeg 214w, https:\/\/atauni.edu.tr\/toplumsal-duyarlilik-projeleri-uygulama-ve-arastirma-merkezi\/wp-content\/uploads\/sites\/829\/2026\/04\/TDP-Afis-Spor-Bilimleri-731x1024-1-428x600.jpeg 428w, https:\/\/atauni.edu.tr\/toplumsal-duyarlilik-projeleri-uygulama-ve-arastirma-merkezi\/wp-content\/uploads\/sites\/829\/2026\/04\/TDP-Afis-Spor-Bilimleri-731x1024-1-400x560.jpeg 400w, https:\/\/atauni.edu.tr\/toplumsal-duyarlilik-projeleri-uygulama-ve-arastirma-merkezi\/wp-content\/uploads\/sites\/829\/2026\/04\/TDP-Afis-Spor-Bilimleri-731x1024-1.jpeg 731w\" sizes=\"(max-width: 214px) 100vw, 214px\" \/><\/div><div class=\"etkinlik-datee\"><span class=\"day\">20<\/span><span class=\"month\">Mart<\/span><span class=\"year\">2025<\/span><\/div><a href=\"https:\/\/atauni.edu.tr\/toplumsal-duyarlilik-projeleri-uygulama-ve-arastirma-merkezi\/2025\/03\/20\/toplumsal-duyarlilik-projeleri-yazma-egitimi\/\" class=\"etkinlik-titlee\">Toplumsal Duyarl\u0131l\u0131k Projeleri Yazma E\u011fitimi<\/a><\/div><div class=\"etkinlik-grid-item\"><div class=\"etkinlik-thumbnail\"><img decoding=\"async\" width=\"300\" height=\"164\" src=\"https:\/\/atauni.edu.tr\/toplumsal-duyarlilik-projeleri-uygulama-ve-arastirma-merkezi\/wp-content\/uploads\/sites\/829\/2026\/04\/tdp-2-1-300x164.jpeg\" class=\"img-fluid wp-post-image\" alt=\"\" srcset=\"https:\/\/atauni.edu.tr\/toplumsal-duyarlilik-projeleri-uygulama-ve-arastirma-merkezi\/wp-content\/uploads\/sites\/829\/2026\/04\/tdp-2-1-300x164.jpeg 300w, https:\/\/atauni.edu.tr\/toplumsal-duyarlilik-projeleri-uygulama-ve-arastirma-merkezi\/wp-content\/uploads\/sites\/829\/2026\/04\/tdp-2-1-600x327.jpeg 600w, https:\/\/atauni.edu.tr\/toplumsal-duyarlilik-projeleri-uygulama-ve-arastirma-merkezi\/wp-content\/uploads\/sites\/829\/2026\/04\/tdp-2-1-560x305.jpeg 560w, https:\/\/atauni.edu.tr\/toplumsal-duyarlilik-projeleri-uygulama-ve-arastirma-merkezi\/wp-content\/uploads\/sites\/829\/2026\/04\/tdp-2-1.jpeg 605w\" sizes=\"(max-width: 300px) 100vw, 300px\" \/><\/div><div class=\"etkinlik-datee\"><span class=\"day\">18<\/span><span class=\"month\">Haziran<\/span><span class=\"year\">2024<\/span><\/div><a href=\"https:\/\/atauni.edu.tr\/toplumsal-duyarlilik-projeleri-uygulama-ve-arastirma-merkezi\/2024\/06\/18\/kodlama-haritasi-kirsalin-bilisim-yolculugu\/\" class=\"etkinlik-titlee\">Kodlama Haritas\u0131 : K\u0131rsal\u0131n Bili\u015fim Yolculu\u011fu<\/a><\/div><div class=\"etkinlik-grid-item\"><div class=\"etkinlik-thumbnail\"><img loading=\"lazy\" decoding=\"async\" width=\"300\" height=\"169\" src=\"https:\/\/atauni.edu.tr\/toplumsal-duyarlilik-projeleri-uygulama-ve-arastirma-merkezi\/wp-content\/uploads\/sites\/829\/2026\/04\/WhatsApp-Image-2025-03-20-at-09.17.55-768x432-1-300x169.jpeg\" class=\"img-fluid wp-post-image\" alt=\"\" srcset=\"https:\/\/atauni.edu.tr\/toplumsal-duyarlilik-projeleri-uygulama-ve-arastirma-merkezi\/wp-content\/uploads\/sites\/829\/2026\/04\/WhatsApp-Image-2025-03-20-at-09.17.55-768x432-1-300x169.jpeg 300w, https:\/\/atauni.edu.tr\/toplumsal-duyarlilik-projeleri-uygulama-ve-arastirma-merkezi\/wp-content\/uploads\/sites\/829\/2026\/04\/WhatsApp-Image-2025-03-20-at-09.17.55-768x432-1-600x338.jpeg 600w, https:\/\/atauni.edu.tr\/toplumsal-duyarlilik-projeleri-uygulama-ve-arastirma-merkezi\/wp-content\/uploads\/sites\/829\/2026\/04\/WhatsApp-Image-2025-03-20-at-09.17.55-768x432-1-560x315.jpeg 560w, https:\/\/atauni.edu.tr\/toplumsal-duyarlilik-projeleri-uygulama-ve-arastirma-merkezi\/wp-content\/uploads\/sites\/829\/2026\/04\/WhatsApp-Image-2025-03-20-at-09.17.55-768x432-1.jpeg 768w\" sizes=\"(max-width: 300px) 100vw, 300px\" \/><\/div><div class=\"etkinlik-datee\"><span class=\"day\">22<\/span><span class=\"month\">May\u0131s<\/span><span class=\"year\">2024<\/span><\/div><a href=\"https:\/\/atauni.edu.tr\/toplumsal-duyarlilik-projeleri-uygulama-ve-arastirma-merkezi\/2024\/05\/22\/erzurum-teknik-universitesi-toplumsal-katki-ve-esitlik-politikalari-koordinatorlugunun-duzenledigi-i-sosyal-sorumluluk-okulu-kapsaminda-22-mayis-2024te-dr-ahmet-polatoglu-tarafindan-toplumsa\/\" class=\"etkinlik-titlee\">Erzurum Teknik \u00dcniversitesi, Toplumsal Katk\u0131 ve E\u015fitlik Politikalar\u0131 Koordinat\u00f6rl\u00fc\u011f\u00fc&#8217;n\u00fcn d\u00fczenledi\u011fi I. Sosyal Sorumluluk Okulu kapsam\u0131nda, 22 May\u0131s 2024&#8217;te Dr. Ahmet Polato\u011flu taraf\u0131ndan &#8220;Toplumsal Duyarl\u0131l\u0131k Projeleri&#8221; hakk\u0131nda bilgilendirme sunumu yap\u0131ld\u0131.<\/a><\/div><div class=\"etkinlik-grid-item\"><div class=\"etkinlik-thumbnail\"><img loading=\"lazy\" decoding=\"async\" width=\"300\" height=\"169\" src=\"https:\/\/atauni.edu.tr\/toplumsal-duyarlilik-projeleri-uygulama-ve-arastirma-merkezi\/wp-content\/uploads\/sites\/829\/2026\/04\/WhatsApp-Image-2023-10-25-at-10.57.40-768x432-1-300x169.jpeg\" class=\"img-fluid wp-post-image\" alt=\"\" srcset=\"https:\/\/atauni.edu.tr\/toplumsal-duyarlilik-projeleri-uygulama-ve-arastirma-merkezi\/wp-content\/uploads\/sites\/829\/2026\/04\/WhatsApp-Image-2023-10-25-at-10.57.40-768x432-1-300x169.jpeg 300w, https:\/\/atauni.edu.tr\/toplumsal-duyarlilik-projeleri-uygulama-ve-arastirma-merkezi\/wp-content\/uploads\/sites\/829\/2026\/04\/WhatsApp-Image-2023-10-25-at-10.57.40-768x432-1-600x338.jpeg 600w, https:\/\/atauni.edu.tr\/toplumsal-duyarlilik-projeleri-uygulama-ve-arastirma-merkezi\/wp-content\/uploads\/sites\/829\/2026\/04\/WhatsApp-Image-2023-10-25-at-10.57.40-768x432-1-560x315.jpeg 560w, https:\/\/atauni.edu.tr\/toplumsal-duyarlilik-projeleri-uygulama-ve-arastirma-merkezi\/wp-content\/uploads\/sites\/829\/2026\/04\/WhatsApp-Image-2023-10-25-at-10.57.40-768x432-1.jpeg 768w\" sizes=\"(max-width: 300px) 100vw, 300px\" \/><\/div><div class=\"etkinlik-datee\"><span class=\"day\">20<\/span><span class=\"month\">Ekim<\/span><span class=\"year\">2023<\/span><\/div><a href=\"https:\/\/atauni.edu.tr\/toplumsal-duyarlilik-projeleri-uygulama-ve-arastirma-merkezi\/2023\/10\/20\/edebiyat-fakultesinde-20-10-2023-tarihinde-akademisyenlere-toplumsal-duyarlilikla-ilgili-bilgilendirme-toplantisi-yapildi\/\" class=\"etkinlik-titlee\">Edebiyat Fak\u00fcltesi&#8217;nde 20.10.2023 tarihinde akademisyenlere toplumsal duyarl\u0131l\u0131kla ilgili bilgilendirme toplant\u0131s\u0131 yap\u0131ld\u0131.<\/a><\/div><div class=\"etkinlik-grid-item\"><div class=\"etkinlik-thumbnail\"><img loading=\"lazy\" decoding=\"async\" width=\"214\" height=\"300\" src=\"https:\/\/atauni.edu.tr\/toplumsal-duyarlilik-projeleri-uygulama-ve-arastirma-merkezi\/wp-content\/uploads\/sites\/829\/2026\/04\/Toplumsal-Duyarlilik-Projeleri-Ilahiyat-Calistayi-731x1024-1-214x300.jpg\" class=\"img-fluid wp-post-image\" alt=\"\" srcset=\"https:\/\/atauni.edu.tr\/toplumsal-duyarlilik-projeleri-uygulama-ve-arastirma-merkezi\/wp-content\/uploads\/sites\/829\/2026\/04\/Toplumsal-Duyarlilik-Projeleri-Ilahiyat-Calistayi-731x1024-1-214x300.jpg 214w, https:\/\/atauni.edu.tr\/toplumsal-duyarlilik-projeleri-uygulama-ve-arastirma-merkezi\/wp-content\/uploads\/sites\/829\/2026\/04\/Toplumsal-Duyarlilik-Projeleri-Ilahiyat-Calistayi-731x1024-1-428x600.jpg 428w, https:\/\/atauni.edu.tr\/toplumsal-duyarlilik-projeleri-uygulama-ve-arastirma-merkezi\/wp-content\/uploads\/sites\/829\/2026\/04\/Toplumsal-Duyarlilik-Projeleri-Ilahiyat-Calistayi-731x1024-1-400x560.jpg 400w, https:\/\/atauni.edu.tr\/toplumsal-duyarlilik-projeleri-uygulama-ve-arastirma-merkezi\/wp-content\/uploads\/sites\/829\/2026\/04\/Toplumsal-Duyarlilik-Projeleri-Ilahiyat-Calistayi-731x1024-1.jpg 731w\" sizes=\"(max-width: 214px) 100vw, 214px\" \/><\/div><div class=\"etkinlik-datee\"><span class=\"day\">17<\/span><span class=\"month\">Ekim<\/span><span class=\"year\">2023<\/span><\/div><a href=\"https:\/\/atauni.edu.tr\/toplumsal-duyarlilik-projeleri-uygulama-ve-arastirma-merkezi\/2023\/10\/17\/toplumsal-duyarlilik-projeleri-ilahiyat-calistayi\/\" class=\"etkinlik-titlee\">Toplumsal Duyarl\u0131l\u0131k Projeleri \u0130lahiyat \u00c7al\u0131\u015ftay\u0131<\/a><\/div><div class=\"etkinlik-grid-item\"><div class=\"etkinlik-thumbnail\"><img loading=\"lazy\" decoding=\"async\" width=\"214\" height=\"300\" src=\"https:\/\/atauni.edu.tr\/toplumsal-duyarlilik-projeleri-uygulama-ve-arastirma-merkezi\/wp-content\/uploads\/sites\/829\/2026\/04\/WhatsApp-Image-2023-09-28-at-13.20.11-731x1024-1-214x300.jpeg\" class=\"img-fluid wp-post-image\" alt=\"\" srcset=\"https:\/\/atauni.edu.tr\/toplumsal-duyarlilik-projeleri-uygulama-ve-arastirma-merkezi\/wp-content\/uploads\/sites\/829\/2026\/04\/WhatsApp-Image-2023-09-28-at-13.20.11-731x1024-1-214x300.jpeg 214w, https:\/\/atauni.edu.tr\/toplumsal-duyarlilik-projeleri-uygulama-ve-arastirma-merkezi\/wp-content\/uploads\/sites\/829\/2026\/04\/WhatsApp-Image-2023-09-28-at-13.20.11-731x1024-1-428x600.jpeg 428w, https:\/\/atauni.edu.tr\/toplumsal-duyarlilik-projeleri-uygulama-ve-arastirma-merkezi\/wp-content\/uploads\/sites\/829\/2026\/04\/WhatsApp-Image-2023-09-28-at-13.20.11-731x1024-1-400x560.jpeg 400w, https:\/\/atauni.edu.tr\/toplumsal-duyarlilik-projeleri-uygulama-ve-arastirma-merkezi\/wp-content\/uploads\/sites\/829\/2026\/04\/WhatsApp-Image-2023-09-28-at-13.20.11-731x1024-1.jpeg 731w\" sizes=\"(max-width: 214px) 100vw, 214px\" \/><\/div><div class=\"etkinlik-datee\"><span class=\"day\">28<\/span><span class=\"month\">Eyl\u00fcl<\/span><span class=\"year\">2023<\/span><\/div><a href=\"https:\/\/atauni.edu.tr\/toplumsal-duyarlilik-projeleri-uygulama-ve-arastirma-merkezi\/2023\/09\/28\/sosyal-sorumluluk-dersi-calistayi-iii\/\" class=\"etkinlik-titlee\">Sosyal Sorumluluk Dersi \u00c7al\u0131\u015ftay\u0131-III<\/a><\/div><div class=\"etkinlik-grid-item\"><div class=\"etkinlik-thumbnail\"><img loading=\"lazy\" decoding=\"async\" width=\"214\" height=\"300\" src=\"https:\/\/atauni.edu.tr\/toplumsal-duyarlilik-projeleri-uygulama-ve-arastirma-merkezi\/wp-content\/uploads\/sites\/829\/2026\/04\/5-732x1024-1-214x300.jpg\" class=\"img-fluid wp-post-image\" alt=\"\" srcset=\"https:\/\/atauni.edu.tr\/toplumsal-duyarlilik-projeleri-uygulama-ve-arastirma-merkezi\/wp-content\/uploads\/sites\/829\/2026\/04\/5-732x1024-1-214x300.jpg 214w, https:\/\/atauni.edu.tr\/toplumsal-duyarlilik-projeleri-uygulama-ve-arastirma-merkezi\/wp-content\/uploads\/sites\/829\/2026\/04\/5-732x1024-1-429x600.jpg 429w, https:\/\/atauni.edu.tr\/toplumsal-duyarlilik-projeleri-uygulama-ve-arastirma-merkezi\/wp-content\/uploads\/sites\/829\/2026\/04\/5-732x1024-1-400x560.jpg 400w, https:\/\/atauni.edu.tr\/toplumsal-duyarlilik-projeleri-uygulama-ve-arastirma-merkezi\/wp-content\/uploads\/sites\/829\/2026\/04\/5-732x1024-1.jpg 732w\" sizes=\"(max-width: 214px) 100vw, 214px\" \/><\/div><div class=\"etkinlik-datee\"><span class=\"day\">16<\/span><span class=\"month\">\u015eubat<\/span><span class=\"year\">2023<\/span><\/div><a href=\"https:\/\/atauni.edu.tr\/toplumsal-duyarlilik-projeleri-uygulama-ve-arastirma-merkezi\/2023\/02\/16\/dis-paydas-bulusmalari-calistayi-i\/\" class=\"etkinlik-titlee\">D\u0131\u015f Payda\u015f Bulu\u015fmalar\u0131 \u00c7al\u0131\u015ftay\u0131-I<\/a><\/div><div class=\"etkinlik-grid-item\"><div class=\"etkinlik-thumbnail\"><img loading=\"lazy\" decoding=\"async\" width=\"214\" height=\"300\" src=\"https:\/\/atauni.edu.tr\/toplumsal-duyarlilik-projeleri-uygulama-ve-arastirma-merkezi\/wp-content\/uploads\/sites\/829\/2026\/04\/3-1-731x1024-1-214x300.jpeg\" class=\"img-fluid wp-post-image\" alt=\"\" srcset=\"https:\/\/atauni.edu.tr\/toplumsal-duyarlilik-projeleri-uygulama-ve-arastirma-merkezi\/wp-content\/uploads\/sites\/829\/2026\/04\/3-1-731x1024-1-214x300.jpeg 214w, https:\/\/atauni.edu.tr\/toplumsal-duyarlilik-projeleri-uygulama-ve-arastirma-merkezi\/wp-content\/uploads\/sites\/829\/2026\/04\/3-1-731x1024-1-428x600.jpeg 428w, https:\/\/atauni.edu.tr\/toplumsal-duyarlilik-projeleri-uygulama-ve-arastirma-merkezi\/wp-content\/uploads\/sites\/829\/2026\/04\/3-1-731x1024-1-400x560.jpeg 400w, https:\/\/atauni.edu.tr\/toplumsal-duyarlilik-projeleri-uygulama-ve-arastirma-merkezi\/wp-content\/uploads\/sites\/829\/2026\/04\/3-1-731x1024-1.jpeg 731w\" sizes=\"(max-width: 214px) 100vw, 214px\" \/><\/div><div class=\"etkinlik-datee\"><span class=\"day\">15<\/span><span class=\"month\">\u015eubat<\/span><span class=\"year\">2023<\/span><\/div><a href=\"https:\/\/atauni.edu.tr\/toplumsal-duyarlilik-projeleri-uygulama-ve-arastirma-merkezi\/2023\/02\/15\/ic-paydas-bulusmalari-calistayi-iiiogrenci-kulupleri\/\" class=\"etkinlik-titlee\">\u0130\u00e7 Payda\u015f Bulu\u015fmalar\u0131 \u00c7al\u0131\u015ftay\u0131- III(\u00d6\u011frenci Kul\u00fcpleri)<\/a><\/div><\/div><div class=\"pagination\" style=\"margin-top: 20px;\"><span aria-current=\"page\" class=\"page-numbers current\">1<\/span>\n<a class=\"page-numbers\" href=\"https:\/\/atauni.edu.tr\/toplumsal-duyarlilik-projeleri-uygulama-ve-arastirma-merkezi\/wp-json\/wp\/v2\/pages\/7204\/page\/2\/\">2<\/a>\n<a class=\"page-numbers\" href=\"https:\/\/atauni.edu.tr\/toplumsal-duyarlilik-projeleri-uygulama-ve-arastirma-merkezi\/wp-json\/wp\/v2\/pages\/7204\/page\/3\/\">3<\/a>\n<a class=\"next page-numbers\" href=\"https:\/\/atauni.edu.tr\/toplumsal-duyarlilik-projeleri-uygulama-ve-arastirma-merkezi\/wp-json\/wp\/v2\/pages\/7204\/page\/2\/\">Sonraki &raquo;<\/a><\/div><\/div>\n\t\t\t\t\t\t<\/div>\n\t\t\t\t<\/div>\n\t\t\t\t\t<\/div>\n\t\t<\/div>\n\t\t\t\t\t<\/div>\n\t\t<\/section>\n\t\t\t\t<\/div>\n\t\t","protected":false},"excerpt":{"rendered":"","protected":false},"author":8,"featured_media":0,"parent":0,"menu_order":0,"comment_status":"closed","ping_status":"closed","template":"","meta":{"footnotes":""},"class_list":["post-7204","page","type-page","status-publish","hentry"],"_links":{"self":[{"href":"https:\/\/atauni.edu.tr\/toplumsal-duyarlilik-projeleri-uygulama-ve-arastirma-merkezi\/wp-json\/wp\/v2\/pages\/7204","targetHints":{"allow":["GET"]}}],"collection":[{"href":"https:\/\/atauni.edu.tr\/toplumsal-duyarlilik-projeleri-uygulama-ve-arastirma-merkezi\/wp-json\/wp\/v2\/pages"}],"about":[{"href":"https:\/\/atauni.edu.tr\/toplumsal-duyarlilik-projeleri-uygulama-ve-arastirma-merkezi\/wp-json\/wp\/v2\/types\/page"}],"author":[{"embeddable":true,"href":"https:\/\/atauni.edu.tr\/toplumsal-duyarlilik-projeleri-uygulama-ve-arastirma-merkezi\/wp-json\/wp\/v2\/users\/8"}],"replies":[{"embeddable":true,"href":"https:\/\/atauni.edu.tr\/toplumsal-duyarlilik-projeleri-uygulama-ve-arastirma-merkezi\/wp-json\/wp\/v2\/comments?post=7204"}],"version-history":[{"count":8,"href":"https:\/\/atauni.edu.tr\/toplumsal-duyarlilik-projeleri-uygulama-ve-arastirma-merkezi\/wp-json\/wp\/v2\/pages\/7204\/revisions"}],"predecessor-version":[{"id":7215,"href":"https:\/\/atauni.edu.tr\/toplumsal-duyarlilik-projeleri-uygulama-ve-arastirma-merkezi\/wp-json\/wp\/v2\/pages\/7204\/revisions\/7215"}],"wp:attachment":[{"href":"https:\/\/atauni.edu.tr\/toplumsal-duyarlilik-projeleri-uygulama-ve-arastirma-merkezi\/wp-json\/wp\/v2\/media?parent=7204"}],"curies":[{"name":"wp","href":"https:\/\/api.w.org\/{rel}","templated":true}]}}