{"id":7594,"date":"2026-04-09T10:22:44","date_gmt":"2026-04-09T07:22:44","guid":{"rendered":"https:\/\/atauni.edu.tr\/toplumsal-duyarlilik-projeleri-uygulama-ve-arastirma-merkezi\/?page_id=7594"},"modified":"2026-04-09T10:23:27","modified_gmt":"2026-04-09T07:23:27","slug":"misyon-vizyon-ve-stratejik-hedef","status":"publish","type":"page","link":"https:\/\/atauni.edu.tr\/toplumsal-duyarlilik-projeleri-uygulama-ve-arastirma-merkezi\/misyon-vizyon-ve-stratejik-hedef\/","title":{"rendered":"Misyon &amp; Vizyon ve Stratejik Hedef"},"content":{"rendered":"\t\t<div data-elementor-type=\"wp-page\" data-elementor-id=\"7594\" class=\"elementor elementor-7594\" data-elementor-post-type=\"page\">\n\t\t\t\t\t\t<section class=\"elementor-section elementor-top-section elementor-element elementor-element-b3bdd23 elementor-section-boxed elementor-section-height-default elementor-section-height-default\" data-id=\"b3bdd23\" data-element_type=\"section\">\n\t\t\t\t\t\t<div class=\"elementor-container elementor-column-gap-default\">\n\t\t\t\t\t<div class=\"elementor-column elementor-col-100 elementor-top-column elementor-element elementor-element-9b3481b\" data-id=\"9b3481b\" data-element_type=\"column\">\n\t\t\t<div class=\"elementor-widget-wrap elementor-element-populated\">\n\t\t\t\t\t\t<div class=\"elementor-element elementor-element-8877896 elementor-widget elementor-widget-text-editor\" data-id=\"8877896\" data-element_type=\"widget\" data-widget_type=\"text-editor.default\">\n\t\t\t\t<div class=\"elementor-widget-container\">\n\t\t\t\t\t\t\t\t\t<p><b>M\u0130SYON<\/b><\/p><p>Toplumsal Duyarl\u0131l\u0131k Merkezi\u2019nin misyonu; Atat\u00fcrk \u00dcniversitesi\u2019nin toplumsal katk\u0131 boyutunu g\u00fc\u00e7lendirmek \u00fczere, toplumsal duyarl\u0131l\u0131k bilincini geli\u015ftiren toplumun sosyal, ekonomik, k\u00fclt\u00fcrel ve \u00e7evresel sorunlar\u0131na bilimsel temelli \u00e7\u00f6z\u00fcmler \u00fcretmeyi ama\u00e7layan \u00e7al\u0131\u015fmalar\u0131 planlamak, y\u00fcr\u00fctmek ve koordine etmektir. Bu kapsamda, Merkez;<\/p><ul><li>Toplumsal duyarl\u0131l\u0131k odakl\u0131 bilimsel ara\u015ft\u0131rmalar, uygulama projeleri, e\u011fitim faaliyetleri ve dok\u00fcmantasyon \u00e7al\u0131\u015fmalar\u0131n\u0131 desteklemeyi,<\/li><li>\u00dcniversitede y\u00fcr\u00fct\u00fclen Toplumsal Duyarl\u0131l\u0131k Projeleri dersinin akademik ve teknik alt yap\u0131s\u0131n\u0131 g\u00fc\u00e7lendirerek birimler aras\u0131 e\u015f g\u00fcd\u00fcm\u00fc sa\u011flamay\u0131,<\/li><li>\u00dcniversite mensuplar\u0131n\u0131n bilgi, birikim ve uzmanl\u0131klar\u0131n\u0131 toplumun, kamunun ve ekonomik akt\u00f6rlerin hizmetine sunan kurumsal bir ara y\u00fcz i\u015flevi g\u00f6rmeyi temel g\u00f6rev edinir.<\/li><\/ul><p>Merkez, bunun yan\u0131 s\u0131ra\u00a0<strong>\u00dcniversite-Sanayi i\u015f birli\u011fi kapsam\u0131nda firmalar\u0131n \u00fcretim s\u00fcre\u00e7lerinde ortaya \u00e7\u0131kan teknik ve yap\u0131sal sorunlar\u0131na y\u00f6nelik y\u00fcr\u00fct\u00fclen akademik Ar-Ge projeleri, saha analizleri ve \u00e7\u00f6z\u00fcm odakl\u0131 \u00e7al\u0131\u015fmalar\u0131nda toplumsal katk\u0131 kapsam\u0131nda ele al\u0131nmas\u0131n\u0131<\/strong>\u00a0stratejik olarak destekler. \u00c7\u00fcnk\u00fc \u00fcretim s\u00fcre\u00e7lerinde ya\u015fanan sorunlar\u0131n giderilmesi;\u00a0<strong>istihdam\u0131n g\u00fc\u00e7lenmesi, \u00fcretim kalitesinin artmas\u0131, verimlilik ve rekabet\u00e7ili\u011fin y\u00fckselmesi, enerji ve kaynak tasarrufu ile \u00e7evresel s\u00fcrd\u00fcr\u00fclebilirli\u011fe katk\u0131 sunmas\u0131<\/strong>\u00a0bak\u0131m\u0131ndan do\u011frudan toplumsal etki \u00fcretmektedir. Bu \u00e7er\u00e7evede akademisyenlerin sanayiye d\u00f6n\u00fck teknik \u00e7\u00f6z\u00fcm \u00f6nerileri ve Ar-Ge faaliyetleri,\u00a0<strong>ekonomik ve sosyal kalk\u0131nmaya hizmet eden nitelikli toplumsal duyarl\u0131l\u0131k uygulamalar\u0131<\/strong>\u00a0olarak g\u00f6r\u00fclmektedir.<\/p><p><strong>V\u0130ZYON<\/strong><\/p><p>Toplumsal Duyarl\u0131l\u0131k Merkezi\u2019nin vizyonu; Atat\u00fcrk \u00dcniversitesi mensuplar\u0131n\u0131n, i\u00e7inde ya\u015fad\u0131klar\u0131 topluma kar\u015f\u0131 sorumluluklar\u0131n\u0131n bilincinde, \u00fcrettikleri akademik bilgi, teknoloji ve deneyimi toplumsal faydaya d\u00f6n\u00fc\u015ft\u00fcrme konusunda\u00a0<strong>kurumsal k\u00fclt\u00fcr\u00fc olu\u015fmu\u015f ve s\u00fcrd\u00fcr\u00fclebilir bir yap\u0131ya kavu\u015fmu\u015f<\/strong>\u00a0bir \u00fcniversite ortam\u0131 olu\u015fturmakt\u0131r.<\/p><p>Merkez, bu vizyon do\u011frultusunda:<\/p><ul><li>\u00dcniversite-toplum, \u00fcniversite-kamu ve \u00fcniversite-sanayi etkile\u015fimini sistematik ve \u00f6l\u00e7\u00fclebilir bir toplumsal katk\u0131 mekanizmas\u0131na d\u00f6n\u00fc\u015ft\u00fcrmeyi,<\/li><li>Toplumsal sorunlara y\u00f6nelik bilimsel, yenilik\u00e7i ve kan\u0131ta dayal\u0131 \u00e7\u00f6z\u00fcm modelleri geli\u015ftirilmesine te\u015fvik etmeyi,<\/li><li>\u00dcniversitenin her d\u00fczeyde \u00fcretti\u011fi akademik \u00e7\u0131kt\u0131n\u0131n (proje, yay\u0131n, dan\u0131\u015fmanl\u0131k, e\u011fitim, Ar-Ge vb.)\u00a0<strong>en az bir toplumsal fayda alan\u0131na dokunmas\u0131n\u0131<\/strong>\u00a0sa\u011flamay\u0131,<\/li><li>B\u00f6lgesel ve ulusal kal\u0131nma hedefleriyle uyumlu, g\u00f6r\u00fcn\u00fcr ve s\u00fcrd\u00fcr\u00fclebilir bir toplumsal katk\u0131 ekosistemi in\u015fa etmeyi hedefler.\u00a0<\/li><\/ul><p>Bu \u00e7er\u00e7evede, sanayi kurulu\u015flar\u0131n\u0131n teknik, \u00fcretimsel veya Ar-Ge temelli ihtiya\u00e7lar\u0131na y\u00f6nelik verilen akademik destekler; yaln\u0131zca tekil firmalara sa\u011flanan hizmetler olarak de\u011fil,\u00a0<strong>b\u00f6lgesel kalk\u0131nma, nitelikli istihdam, rekabet g\u00fcc\u00fc ve s\u00fcrd\u00fcr\u00fclebilir ekonomi<\/strong>\u00a0boyutlar\u0131 ile birlikte ele al\u0131narak Toplumsal Duyarl\u0131l\u0131k Merkezi\u2019nin vizyonunu destekleyen temel unsurlardan biri olarak konumland\u0131r\u0131l\u0131r.<\/p><p><strong>STRATEJ\u0130K HEDEFLER<\/strong><\/p><p>Toplumsal Duyarl\u0131l\u0131k Merkezi\u2019nin stratejik hedefleri, Atat\u00fcrk \u00dcniversitesi\u2019nin toplumsal katk\u0131 politikas\u0131n\u0131 somutla\u015ft\u0131ran ve s\u00fcrd\u00fcr\u00fclebilir k\u0131lan bir \u00e7er\u00e7eve sunmay\u0131 ama\u00e7lamaktad\u0131r. Bu do\u011frultuda Merkez;<\/p><ol><li><strong>Toplumsal Duyarl\u0131l\u0131k Projelerini Yayg\u0131nla\u015ft\u0131rma\u00a0 \u00a0\u00a0<\/strong><\/li><\/ol><ul><li>Toplumsal Duyarl\u0131l\u0131k Projelerini \u00fcniversitenin t\u00fcm fak\u00fclye, y\u00fcksekokul ve enstit\u00fclerinde sistematik bi\u00e7imde yayg\u0131nla\u015ft\u0131rmak,<\/li><li>\u00d6\u011frenci ve akademisyenlerin toplumsal duyarl\u0131l\u0131k temelli proje geli\u015ftirme, y\u00fcr\u00fctme ve raporlama kapasitelerini art\u0131rmak,<\/li><li>Toplumsal Duyarl\u0131l\u0131k Projeleri dersini bir g\u00f6n\u00fcll\u00fcl\u00fck faaliyeti \u00f6tesinde planl\u0131, \u00f6l\u00e7\u00fclebilir \u00e7\u0131kt\u0131lar\u0131 olan akademik bir s\u00fcre\u00e7 haline getirmek<\/li><\/ul><p>\u00a0 \u00a0<strong>\u00a0\u00a0 2. Payda\u015f Odakl\u0131 \u0130\u015fbirliklerini G\u00fc\u00e7lendirme<\/strong><\/p><ul><li>Ulusal ve uluslararas\u0131 d\u00fczeyde resmi kurumlar, yerel y\u00f6netimler, sivil toplum kurulu\u015flar\u0131, \u00f6zel sekt\u00f6r ve sanayi kurulu\u015flar\u0131 ile stratejik i\u015f birlikleri tesis etmek,<\/li><li>Bu i\u015f birliklerine,\u00a0<strong>Y\u00d6KAK\u2019\u0131n toplumsal katk\u0131 boyutu<\/strong>\u00a0ve\u00a0<strong>S\u00fcrd\u00fcr\u00fclebilir Kalk\u0131nma Ama\u00e7lar\u0131 (SDG)<\/strong>\u00a0ile uyumlu, izlenebilir ve raporlanabilir projelere d\u00f6n\u00fc\u015ft\u00fcrmek,<\/li><li>\u00d6zellikle \u00fcniversite-sanayi i\u015f birli\u011fi kapsam\u0131nda y\u00fcr\u00fct\u00fclen Ar-Ge, s\u00fcre\u00e7 iyile\u015ftirme, \u00fcretim sorunlar\u0131 analizi, enerji verimlili\u011fi, \u00e7evresel s\u00fcrd\u00fcr\u00fclebilirlik ve yenilik\u00e7i teknoloji geli\u015ftirme \u00e7al\u0131\u015fmalar\u0131n\u0131n Toplumsal Duyarl\u0131l\u0131k Merkezi\u2019nin \u00e7er\u00e7evesi i\u00e7erisinde\u00a0<strong>toplumsal katk\u0131 g\u00f6stergesi olarak tan\u0131mlanmas\u0131n\u0131 ve desteklenmesini<\/strong>\u00a0sa\u011flamak,<\/li><\/ul><p><strong>\u00a0 \u00a0 \u00a03. Etki Odakl\u0131 \u0130zleme, De\u011ferlendirme ve G\u00f6r\u00fcn\u00fcrl\u00fck<\/strong><\/p><ul><li>Y\u00fcr\u00fct\u00fclen toplumsal duyarl\u0131l\u0131k faaliyetlerinin\u00a0<strong>etki odakl\u0131 izleme ve de\u011ferlendirme sistemini<\/strong>\u00a0geli\u015ftirmek,<\/li><li>Yap\u0131lan projelerin \u00e7\u0131kt\u0131 ve sonu\u00e7lar\u0131n\u0131 toplumsal fayda, b\u00f6lgesel kalk\u0131nma, payda\u015f memnuniyeti ve s\u00fcrd\u00fcr\u00fclebilirlik a\u00e7\u0131lar\u0131ndan d\u00fczenli olarak raporlamak,<\/li><li>\u0130yi uygulama \u00f6rneklerini g\u00f6r\u00fcn\u00fcr k\u0131larak \u00fcniversite i\u00e7inde ve d\u0131\u015f\u0131nda\u00a0<strong>model al\u0131nabilecek bir toplumsal katk\u0131 k\u00fclt\u00fcr\u00fc<\/strong>\u00a0olu\u015fturmak.<\/li><\/ul>\t\t\t\t\t\t\t\t<\/div>\n\t\t\t\t<\/div>\n\t\t\t\t\t<\/div>\n\t\t<\/div>\n\t\t\t\t\t<\/div>\n\t\t<\/section>\n\t\t\t\t<\/div>\n\t\t","protected":false},"excerpt":{"rendered":"<p>M\u0130SYON Toplumsal Duyarl\u0131l\u0131k Merkezi\u2019nin misyonu; Atat\u00fcrk \u00dcniversitesi\u2019nin toplumsal katk\u0131 boyutunu g\u00fc\u00e7lendirmek \u00fczere, toplumsal duyarl\u0131l\u0131k bilincini geli\u015ftiren toplumun sosyal, ekonomik, k\u00fclt\u00fcrel ve \u00e7evresel sorunlar\u0131na bilimsel temelli \u00e7\u00f6z\u00fcmler \u00fcretmeyi ama\u00e7layan \u00e7al\u0131\u015fmalar\u0131 planlamak, y\u00fcr\u00fctmek ve koordine etmektir. Bu kapsamda, Merkez; Toplumsal duyarl\u0131l\u0131k odakl\u0131 bilimsel ara\u015ft\u0131rmalar, uygulama projeleri, e\u011fitim faaliyetleri ve dok\u00fcmantasyon \u00e7al\u0131\u015fmalar\u0131n\u0131 desteklemeyi, \u00dcniversitede y\u00fcr\u00fct\u00fclen Toplumsal Duyarl\u0131l\u0131k Projeleri [&hellip;]<\/p>\n","protected":false},"author":594,"featured_media":0,"parent":0,"menu_order":0,"comment_status":"closed","ping_status":"closed","template":"","meta":{"footnotes":""},"class_list":["post-7594","page","type-page","status-publish","hentry"],"_links":{"self":[{"href":"https:\/\/atauni.edu.tr\/toplumsal-duyarlilik-projeleri-uygulama-ve-arastirma-merkezi\/wp-json\/wp\/v2\/pages\/7594","targetHints":{"allow":["GET"]}}],"collection":[{"href":"https:\/\/atauni.edu.tr\/toplumsal-duyarlilik-projeleri-uygulama-ve-arastirma-merkezi\/wp-json\/wp\/v2\/pages"}],"about":[{"href":"https:\/\/atauni.edu.tr\/toplumsal-duyarlilik-projeleri-uygulama-ve-arastirma-merkezi\/wp-json\/wp\/v2\/types\/page"}],"author":[{"embeddable":true,"href":"https:\/\/atauni.edu.tr\/toplumsal-duyarlilik-projeleri-uygulama-ve-arastirma-merkezi\/wp-json\/wp\/v2\/users\/594"}],"replies":[{"embeddable":true,"href":"https:\/\/atauni.edu.tr\/toplumsal-duyarlilik-projeleri-uygulama-ve-arastirma-merkezi\/wp-json\/wp\/v2\/comments?post=7594"}],"version-history":[{"count":7,"href":"https:\/\/atauni.edu.tr\/toplumsal-duyarlilik-projeleri-uygulama-ve-arastirma-merkezi\/wp-json\/wp\/v2\/pages\/7594\/revisions"}],"predecessor-version":[{"id":7601,"href":"https:\/\/atauni.edu.tr\/toplumsal-duyarlilik-projeleri-uygulama-ve-arastirma-merkezi\/wp-json\/wp\/v2\/pages\/7594\/revisions\/7601"}],"wp:attachment":[{"href":"https:\/\/atauni.edu.tr\/toplumsal-duyarlilik-projeleri-uygulama-ve-arastirma-merkezi\/wp-json\/wp\/v2\/media?parent=7594"}],"curies":[{"name":"wp","href":"https:\/\/api.w.org\/{rel}","templated":true}]}}