{"id":7638,"date":"2026-04-09T11:27:21","date_gmt":"2026-04-09T08:27:21","guid":{"rendered":"https:\/\/atauni.edu.tr\/toplumsal-duyarlilik-projeleri-uygulama-ve-arastirma-merkezi\/?page_id=7638"},"modified":"2026-04-21T15:03:48","modified_gmt":"2026-04-21T12:03:48","slug":"akademik-personel","status":"publish","type":"page","link":"https:\/\/atauni.edu.tr\/toplumsal-duyarlilik-projeleri-uygulama-ve-arastirma-merkezi\/akademik-personel\/","title":{"rendered":"Akademik Personel"},"content":{"rendered":"\t\t<div data-elementor-type=\"wp-page\" data-elementor-id=\"7638\" class=\"elementor elementor-7638\" data-elementor-post-type=\"page\">\n\t\t\t\t\t\t<section class=\"elementor-section elementor-top-section elementor-element elementor-element-77b88da elementor-section-boxed elementor-section-height-default elementor-section-height-default\" data-id=\"77b88da\" data-element_type=\"section\">\n\t\t\t\t\t\t<div class=\"elementor-container elementor-column-gap-default\">\n\t\t\t\t\t<div class=\"elementor-column elementor-col-100 elementor-top-column elementor-element elementor-element-16ecd97\" data-id=\"16ecd97\" data-element_type=\"column\">\n\t\t\t<div class=\"elementor-widget-wrap elementor-element-populated\">\n\t\t\t\t\t\t<div class=\"elementor-element elementor-element-df6ec6d elementor-widget elementor-widget-text-editor\" data-id=\"df6ec6d\" data-element_type=\"widget\" data-widget_type=\"text-editor.default\">\n\t\t\t\t<div class=\"elementor-widget-container\">\n\t\t\t\t\t\t\t\t\t<p><strong>Dr. \u00d6\u011fr. \u00dcyesi Ebru Buket AYG\u00dcN\u00a0<\/strong><\/p><p><strong>Dr. \u00d6\u011fr. \u00dcyesi H\u00fcriye SUBA\u015eI\u00a0<\/strong><\/p><p><strong>Dr. \u00d6\u011fr. \u00dcyesi\u00a0\u0130lker ACAR<\/strong><\/p><p><strong>Dr. \u00d6\u011fr. \u00dcyesi K\u00fcbra SOLAK\u00a0<\/strong><\/p><p><strong>Dr. \u00d6\u011fr. \u00dcyesi \u00d6zlem S\u00dcR\u00dcC\u00dc\u00a0<\/strong><\/p><p><strong>Dr. \u00d6\u011fr. \u00dcyesi\u00a0Taha Yasin KO\u00c7<\/strong><\/p><p><strong>Ar\u015f. G\u00f6r. Dr. \u00d6mer G\u00dcLEN<\/strong><\/p><p><strong>Ar\u015f. G\u00f6r. Dr. \u015eeyda POLAT<\/strong><\/p><p><strong>Ar\u015f. G\u00f6r. Ay\u015fenur AKAN<\/strong><\/p><p><strong>Ar\u015f. G\u00f6r. Emir Enis YURDAG\u00dcL\u00dc<\/strong><\/p><p><strong>Ar\u015f. G\u00f6r. F\u0131rat TAN<\/strong><\/p><p><strong>Ar\u015f. G\u00f6r. G\u00f6zdenur HALICI KURT<\/strong><\/p><p><strong>Ar\u015f. G\u00f6r. K\u00fcbra ASLAN<\/strong><\/p><p><strong>Ar\u015f. G\u00f6r. Muhammet M\u00dcEZZ\u0130NO\u011eLU<\/strong><\/p><p><strong>Ar\u015f. G\u00f6r. Osman AKG\u00dcND\u00dcZ<\/strong><\/p><p><strong>Ar\u015f. G\u00f6r. \u00d6zlem Ece BA\u015eESK\u0130O\u011eLU<\/strong><\/p><p><strong>Ar\u015f. G\u00f6r. Recep BATIR<\/strong><\/p><p><strong>Ar\u015f. G\u00f6r. Tuba EK\u0130NC\u0130 GEZM\u0130\u015e<\/strong><\/p><p><strong>Ar\u015f. G\u00f6r. Ya\u011fmur \u00c7OLAK<\/strong><\/p>\t\t\t\t\t\t\t\t<\/div>\n\t\t\t\t<\/div>\n\t\t\t\t\t<\/div>\n\t\t<\/div>\n\t\t\t\t\t<\/div>\n\t\t<\/section>\n\t\t\t\t<\/div>\n\t\t","protected":false},"excerpt":{"rendered":"<p>Dr. \u00d6\u011fr. \u00dcyesi Ebru Buket AYG\u00dcN\u00a0 Dr. \u00d6\u011fr. \u00dcyesi H\u00fcriye SUBA\u015eI\u00a0 Dr. \u00d6\u011fr. \u00dcyesi\u00a0\u0130lker ACAR Dr. \u00d6\u011fr. \u00dcyesi K\u00fcbra SOLAK\u00a0 Dr. \u00d6\u011fr. \u00dcyesi \u00d6zlem S\u00dcR\u00dcC\u00dc\u00a0 Dr. \u00d6\u011fr. \u00dcyesi\u00a0Taha Yasin KO\u00c7 Ar\u015f. G\u00f6r. Dr. \u00d6mer G\u00dcLEN Ar\u015f. G\u00f6r. Dr. \u015eeyda POLAT Ar\u015f. G\u00f6r. Ay\u015fenur AKAN Ar\u015f. G\u00f6r. Emir Enis YURDAG\u00dcL\u00dc Ar\u015f. G\u00f6r. F\u0131rat TAN Ar\u015f. G\u00f6r. [&hellip;]<\/p>\n","protected":false},"author":594,"featured_media":0,"parent":0,"menu_order":0,"comment_status":"closed","ping_status":"closed","template":"","meta":{"footnotes":""},"class_list":["post-7638","page","type-page","status-publish","hentry"],"_links":{"self":[{"href":"https:\/\/atauni.edu.tr\/toplumsal-duyarlilik-projeleri-uygulama-ve-arastirma-merkezi\/wp-json\/wp\/v2\/pages\/7638","targetHints":{"allow":["GET"]}}],"collection":[{"href":"https:\/\/atauni.edu.tr\/toplumsal-duyarlilik-projeleri-uygulama-ve-arastirma-merkezi\/wp-json\/wp\/v2\/pages"}],"about":[{"href":"https:\/\/atauni.edu.tr\/toplumsal-duyarlilik-projeleri-uygulama-ve-arastirma-merkezi\/wp-json\/wp\/v2\/types\/page"}],"author":[{"embeddable":true,"href":"https:\/\/atauni.edu.tr\/toplumsal-duyarlilik-projeleri-uygulama-ve-arastirma-merkezi\/wp-json\/wp\/v2\/users\/594"}],"replies":[{"embeddable":true,"href":"https:\/\/atauni.edu.tr\/toplumsal-duyarlilik-projeleri-uygulama-ve-arastirma-merkezi\/wp-json\/wp\/v2\/comments?post=7638"}],"version-history":[{"count":13,"href":"https:\/\/atauni.edu.tr\/toplumsal-duyarlilik-projeleri-uygulama-ve-arastirma-merkezi\/wp-json\/wp\/v2\/pages\/7638\/revisions"}],"predecessor-version":[{"id":11798,"href":"https:\/\/atauni.edu.tr\/toplumsal-duyarlilik-projeleri-uygulama-ve-arastirma-merkezi\/wp-json\/wp\/v2\/pages\/7638\/revisions\/11798"}],"wp:attachment":[{"href":"https:\/\/atauni.edu.tr\/toplumsal-duyarlilik-projeleri-uygulama-ve-arastirma-merkezi\/wp-json\/wp\/v2\/media?parent=7638"}],"curies":[{"name":"wp","href":"https:\/\/api.w.org\/{rel}","templated":true}]}}