{"id":8645,"date":"2026-04-13T13:49:22","date_gmt":"2026-04-13T10:49:22","guid":{"rendered":"https:\/\/atauni.edu.tr\/toplumsal-duyarlilik-projeleri-uygulama-ve-arastirma-merkezi\/?page_id=8645"},"modified":"2026-04-13T13:58:11","modified_gmt":"2026-04-13T10:58:11","slug":"bilgi-bankasi","status":"publish","type":"page","link":"https:\/\/atauni.edu.tr\/toplumsal-duyarlilik-projeleri-uygulama-ve-arastirma-merkezi\/bilgi-bankasi\/","title":{"rendered":"Bilgi Bankas\u0131"},"content":{"rendered":"\t\t<div data-elementor-type=\"wp-page\" data-elementor-id=\"8645\" class=\"elementor elementor-8645\" data-elementor-post-type=\"page\">\n\t\t\t\t\t\t<section class=\"elementor-section elementor-top-section elementor-element elementor-element-526dfce elementor-section-boxed elementor-section-height-default elementor-section-height-default\" data-id=\"526dfce\" data-element_type=\"section\">\n\t\t\t\t\t\t<div class=\"elementor-container elementor-column-gap-default\">\n\t\t\t\t\t<div class=\"elementor-column elementor-col-100 elementor-top-column elementor-element elementor-element-f6f696e\" data-id=\"f6f696e\" data-element_type=\"column\">\n\t\t\t<div class=\"elementor-widget-wrap elementor-element-populated\">\n\t\t\t\t\t\t<div class=\"elementor-element elementor-element-7f347bb elementor-widget__width-initial elementor-widget elementor-widget-text-editor\" data-id=\"7f347bb\" data-element_type=\"widget\" data-widget_type=\"text-editor.default\">\n\t\t\t\t<div class=\"elementor-widget-container\">\n\t\t\t\t\t\t\t\t\t<div class=\"vc_row wpb_row vc_row-fluid\"><div id=\"ATAT\u00dcRK \u00dcN\u0130VERS\u0130TES\u0130 TOPLUMSAL KATKI POL\u0130T\u0130KA BELGES\u0130\" class=\"wpb_column vc_column_container vc_col-sm-3\"><div class=\"vc_column-inner\"><div class=\"wpb_wrapper\"><h5 class=\"vc_custom_heading\"><a href=\"https:\/\/atauni.edu.tr\/toplumsal-duyarlilik-projeleri-uygulama-ve-arastirma-merkezi\/wp-content\/uploads\/sites\/829\/2026\/04\/ATA-UNIV-TOPLUMSAL-KATKI-POLITIKA-BELGESI-V.01.pdf\">1) ATAT\u00dcRK \u00dcN\u0130VERS\u0130TES\u0130 TOPLUMSAL KATKI POL\u0130T\u0130KA BELGES\u0130<\/a><\/h5><\/div><\/div><\/div><div class=\"wpb_wrapper\"><h4><a href=\"https:\/\/tdm.atauni.edu.tr\/wp-content\/uploads\/2023\/01\/ACIK-RIZA-ALMA-PROSEDURU.pdf\" target=\" _blank\">2) A\u00c7IK RIZA ALMA PROSED\u00dcR\u00dc<\/a><\/h4><\/div><\/div><div class=\"vc_column-inner\"><div class=\"wpb_wrapper\"><h4 class=\"vc_custom_heading\"><a href=\"https:\/\/tdm.atauni.edu.tr\/wp-content\/uploads\/2023\/01\/Aydinlatma-Yukumlulugu-Proseduru.pdf\" target=\" _blank\">3) AYDINLATMA Y\u00dcK\u00dcML\u00dcL\u00dc\u011e\u00dc PROSED\u00dcR\u00dc<\/a><\/h4><\/div><\/div><div class=\"vc_column-inner\"><div class=\"wpb_wrapper\"><h4 class=\"vc_custom_heading\"><a href=\"https:\/\/tdm.atauni.edu.tr\/wp-content\/uploads\/2023\/01\/Fotokopi-Makinesi-Yazici-Tarayici-Kullanim-Kurallari-Proseduru.pdf\" target=\" _blank\">4) C\u0130HAZLARA \u0130L\u0130\u015eK\u0130N KULLANIM KURALLARI PROSED\u00dcR\u00dc<\/a><\/h4><\/div><\/div><div class=\"vc_column-inner\"><div class=\"wpb_wrapper\"><h4 class=\"vc_custom_heading\"><a href=\"https:\/\/tdm.atauni.edu.tr\/wp-content\/uploads\/2023\/01\/Personel-ve-Egitim-Proseduru.pdf\" target=\" _blank\">5) PERSONEL VE E\u011e\u0130T\u0130M PROSED\u00dcR\u00dc<\/a><\/h4><\/div><\/div><div class=\"vc_column-inner\"><div class=\"wpb_wrapper\"><h4 class=\"vc_custom_heading\"><a href=\"https:\/\/tdm.atauni.edu.tr\/wp-content\/uploads\/2023\/01\/Ozel-Nitelikli-Kisisel-Verileri-Isleme-Proseduru.pdf\" target=\" _blank\">6) \u00d6ZEL N\u0130TEL\u0130KTEK\u0130 K\u0130\u015e\u0130SEL VER\u0130 \u0130\u015eLEME PROSED\u00dcR\u00dc<\/a><\/h4><\/div><\/div><div class=\"vc_column-inner\"><div class=\"wpb_wrapper\"><h4 class=\"vc_custom_heading\"><a href=\"https:\/\/tdm.atauni.edu.tr\/wp-content\/uploads\/2023\/01\/Kisisel-Veri-Saklama-ve-Imha-Politikasi.pdf\" target=\" _blank\">7) K\u0130\u015e\u0130SEL VER\u0130 SAKLAMA VE \u0130MHA POL\u0130T\u0130KASI<\/a><\/h4><\/div><\/div><div class=\"vc_column-inner\"><div class=\"wpb_wrapper\"><h4 class=\"vc_custom_heading\"><a href=\"https:\/\/tdm.atauni.edu.tr\/wp-content\/uploads\/2023\/01\/Kisisel-Verilerin-Korunmasi-Politikasi.pdf\" target=\" _blank\">8) K\u0130\u015e\u0130SEL VER\u0130LER\u0130N KORUNMASI POL\u0130T\u0130KASI<\/a><\/h4><\/div><\/div><div class=\"vc_row wpb_row vc_row-fluid\"><div class=\"wpb_column vc_column_container vc_col-sm-12\"><div class=\"vc_column-inner\"><div class=\"wpb_wrapper\"><h5 class=\"vc_custom_heading\"><a href=\"https:\/\/tdm.atauni.edu.tr\/wp-content\/uploads\/2023\/01\/Bilgi-Guvenligi-Politikasi.pdf\" target=\" _blank\">9) B\u0130LG\u0130 G\u00dcVENL\u0130\u011e\u0130 POL\u0130T\u0130KASI<\/a><\/h5><\/div><\/div><\/div><\/div>\t\t\t\t\t\t\t\t<\/div>\n\t\t\t\t<\/div>\n\t\t\t\t\t<\/div>\n\t\t<\/div>\n\t\t\t\t\t<\/div>\n\t\t<\/section>\n\t\t\t\t<\/div>\n\t\t","protected":false},"excerpt":{"rendered":"<p>1) ATAT\u00dcRK \u00dcN\u0130VERS\u0130TES\u0130 TOPLUMSAL KATKI POL\u0130T\u0130KA BELGES\u0130 2) A\u00c7IK RIZA ALMA PROSED\u00dcR\u00dc 3) AYDINLATMA Y\u00dcK\u00dcML\u00dcL\u00dc\u011e\u00dc PROSED\u00dcR\u00dc 4) C\u0130HAZLARA \u0130L\u0130\u015eK\u0130N KULLANIM KURALLARI PROSED\u00dcR\u00dc 5) PERSONEL VE E\u011e\u0130T\u0130M PROSED\u00dcR\u00dc 6) \u00d6ZEL N\u0130TEL\u0130KTEK\u0130 K\u0130\u015e\u0130SEL VER\u0130 \u0130\u015eLEME PROSED\u00dcR\u00dc 7) K\u0130\u015e\u0130SEL VER\u0130 SAKLAMA VE \u0130MHA POL\u0130T\u0130KASI 8) K\u0130\u015e\u0130SEL VER\u0130LER\u0130N KORUNMASI POL\u0130T\u0130KASI 9) B\u0130LG\u0130 G\u00dcVENL\u0130\u011e\u0130 POL\u0130T\u0130KASI<\/p>\n","protected":false},"author":594,"featured_media":0,"parent":0,"menu_order":0,"comment_status":"closed","ping_status":"closed","template":"","meta":{"footnotes":""},"class_list":["post-8645","page","type-page","status-publish","hentry"],"_links":{"self":[{"href":"https:\/\/atauni.edu.tr\/toplumsal-duyarlilik-projeleri-uygulama-ve-arastirma-merkezi\/wp-json\/wp\/v2\/pages\/8645","targetHints":{"allow":["GET"]}}],"collection":[{"href":"https:\/\/atauni.edu.tr\/toplumsal-duyarlilik-projeleri-uygulama-ve-arastirma-merkezi\/wp-json\/wp\/v2\/pages"}],"about":[{"href":"https:\/\/atauni.edu.tr\/toplumsal-duyarlilik-projeleri-uygulama-ve-arastirma-merkezi\/wp-json\/wp\/v2\/types\/page"}],"author":[{"embeddable":true,"href":"https:\/\/atauni.edu.tr\/toplumsal-duyarlilik-projeleri-uygulama-ve-arastirma-merkezi\/wp-json\/wp\/v2\/users\/594"}],"replies":[{"embeddable":true,"href":"https:\/\/atauni.edu.tr\/toplumsal-duyarlilik-projeleri-uygulama-ve-arastirma-merkezi\/wp-json\/wp\/v2\/comments?post=8645"}],"version-history":[{"count":10,"href":"https:\/\/atauni.edu.tr\/toplumsal-duyarlilik-projeleri-uygulama-ve-arastirma-merkezi\/wp-json\/wp\/v2\/pages\/8645\/revisions"}],"predecessor-version":[{"id":8676,"href":"https:\/\/atauni.edu.tr\/toplumsal-duyarlilik-projeleri-uygulama-ve-arastirma-merkezi\/wp-json\/wp\/v2\/pages\/8645\/revisions\/8676"}],"wp:attachment":[{"href":"https:\/\/atauni.edu.tr\/toplumsal-duyarlilik-projeleri-uygulama-ve-arastirma-merkezi\/wp-json\/wp\/v2\/media?parent=8645"}],"curies":[{"name":"wp","href":"https:\/\/api.w.org\/{rel}","templated":true}]}}