{"id":9274,"date":"2026-04-14T11:18:04","date_gmt":"2026-04-14T08:18:04","guid":{"rendered":"https:\/\/atauni.edu.tr\/toplumsal-duyarlilik-projeleri-uygulama-ve-arastirma-merkezi\/?page_id=9274"},"modified":"2026-04-14T11:18:07","modified_gmt":"2026-04-14T08:18:07","slug":"ornek-proje-sonuc-raporu","status":"publish","type":"page","link":"https:\/\/atauni.edu.tr\/toplumsal-duyarlilik-projeleri-uygulama-ve-arastirma-merkezi\/ornek-proje-sonuc-raporu\/","title":{"rendered":"\u00d6rnek Proje Sonu\u00e7 Raporu"},"content":{"rendered":"\t\t<div data-elementor-type=\"wp-page\" data-elementor-id=\"9274\" class=\"elementor elementor-9274\" data-elementor-post-type=\"page\">\n\t\t\t\t\t\t<section class=\"elementor-section elementor-top-section elementor-element elementor-element-5f8384e elementor-section-boxed elementor-section-height-default elementor-section-height-default\" data-id=\"5f8384e\" data-element_type=\"section\">\n\t\t\t\t\t\t<div class=\"elementor-container elementor-column-gap-default\">\n\t\t\t\t\t<div class=\"elementor-column elementor-col-100 elementor-top-column elementor-element elementor-element-8fb10c2\" data-id=\"8fb10c2\" data-element_type=\"column\">\n\t\t\t<div class=\"elementor-widget-wrap elementor-element-populated\">\n\t\t\t\t\t\t<div class=\"elementor-element elementor-element-6ac4c50 elementor-widget elementor-widget-text-editor\" data-id=\"6ac4c50\" data-element_type=\"widget\" data-widget_type=\"text-editor.default\">\n\t\t\t\t<div class=\"elementor-widget-container\">\n\t\t\t\t\t\t\t\t\t<p><a href=\"https:\/\/atauni.edu.tr\/toplumsal-duyarlilik-projeleri-uygulama-ve-arastirma-merkezi\/wp-content\/uploads\/sites\/829\/2026\/04\/ENGELSIZ-GOKYUZU-TDP.docx\">Engelsiz G\u00f6ky\u00fcz\u00fc TDP Sonu\u00e7 Raporu<\/a><\/p>\t\t\t\t\t\t\t\t<\/div>\n\t\t\t\t<\/div>\n\t\t\t\t\t<\/div>\n\t\t<\/div>\n\t\t\t\t\t<\/div>\n\t\t<\/section>\n\t\t\t\t<\/div>\n\t\t","protected":false},"excerpt":{"rendered":"<p>Engelsiz G\u00f6ky\u00fcz\u00fc TDP Sonu\u00e7 Raporu<\/p>\n","protected":false},"author":594,"featured_media":0,"parent":0,"menu_order":0,"comment_status":"closed","ping_status":"closed","template":"","meta":{"footnotes":""},"class_list":["post-9274","page","type-page","status-publish","hentry"],"_links":{"self":[{"href":"https:\/\/atauni.edu.tr\/toplumsal-duyarlilik-projeleri-uygulama-ve-arastirma-merkezi\/wp-json\/wp\/v2\/pages\/9274","targetHints":{"allow":["GET"]}}],"collection":[{"href":"https:\/\/atauni.edu.tr\/toplumsal-duyarlilik-projeleri-uygulama-ve-arastirma-merkezi\/wp-json\/wp\/v2\/pages"}],"about":[{"href":"https:\/\/atauni.edu.tr\/toplumsal-duyarlilik-projeleri-uygulama-ve-arastirma-merkezi\/wp-json\/wp\/v2\/types\/page"}],"author":[{"embeddable":true,"href":"https:\/\/atauni.edu.tr\/toplumsal-duyarlilik-projeleri-uygulama-ve-arastirma-merkezi\/wp-json\/wp\/v2\/users\/594"}],"replies":[{"embeddable":true,"href":"https:\/\/atauni.edu.tr\/toplumsal-duyarlilik-projeleri-uygulama-ve-arastirma-merkezi\/wp-json\/wp\/v2\/comments?post=9274"}],"version-history":[{"count":13,"href":"https:\/\/atauni.edu.tr\/toplumsal-duyarlilik-projeleri-uygulama-ve-arastirma-merkezi\/wp-json\/wp\/v2\/pages\/9274\/revisions"}],"predecessor-version":[{"id":9288,"href":"https:\/\/atauni.edu.tr\/toplumsal-duyarlilik-projeleri-uygulama-ve-arastirma-merkezi\/wp-json\/wp\/v2\/pages\/9274\/revisions\/9288"}],"wp:attachment":[{"href":"https:\/\/atauni.edu.tr\/toplumsal-duyarlilik-projeleri-uygulama-ve-arastirma-merkezi\/wp-json\/wp\/v2\/media?parent=9274"}],"curies":[{"name":"wp","href":"https:\/\/api.w.org\/{rel}","templated":true}]}}