{"id":9291,"date":"2026-04-14T15:02:19","date_gmt":"2026-04-14T12:02:19","guid":{"rendered":"https:\/\/atauni.edu.tr\/toplumsal-duyarlilik-projeleri-uygulama-ve-arastirma-merkezi\/?page_id=9291"},"modified":"2026-04-14T15:12:19","modified_gmt":"2026-04-14T12:12:19","slug":"proje-sistemi-tanitim-kilavuzlari","status":"publish","type":"page","link":"https:\/\/atauni.edu.tr\/toplumsal-duyarlilik-projeleri-uygulama-ve-arastirma-merkezi\/proje-sistemi-tanitim-kilavuzlari\/","title":{"rendered":"Proje Sistemi Tan\u0131t\u0131m K\u0131lavuzlar\u0131"},"content":{"rendered":"\t\t<div data-elementor-type=\"wp-page\" data-elementor-id=\"9291\" class=\"elementor elementor-9291\" data-elementor-post-type=\"page\">\n\t\t\t\t\t\t<section class=\"elementor-section elementor-top-section elementor-element elementor-element-9eb209d elementor-section-boxed elementor-section-height-default elementor-section-height-default\" data-id=\"9eb209d\" data-element_type=\"section\">\n\t\t\t\t\t\t<div class=\"elementor-container elementor-column-gap-default\">\n\t\t\t\t\t<div class=\"elementor-column elementor-col-100 elementor-top-column elementor-element elementor-element-c5d01d2\" data-id=\"c5d01d2\" data-element_type=\"column\">\n\t\t\t<div class=\"elementor-widget-wrap elementor-element-populated\">\n\t\t\t\t\t\t<div class=\"elementor-element elementor-element-a661fd4 elementor-widget elementor-widget-text-editor\" data-id=\"a661fd4\" data-element_type=\"widget\" data-widget_type=\"text-editor.default\">\n\t\t\t\t<div class=\"elementor-widget-container\">\n\t\t\t\t\t\t\t\t\t<h1 class=\"entry-title\">2026 TDP Ba\u015fvuru Sistemi Destek K\u0131lavuzlar\u0131<\/h1>\t\t\t\t\t\t\t\t<\/div>\n\t\t\t\t<\/div>\n\t\t\t\t\t<\/div>\n\t\t<\/div>\n\t\t\t\t\t<\/div>\n\t\t<\/section>\n\t\t\t\t<section class=\"elementor-section elementor-top-section elementor-element elementor-element-c269343 elementor-section-boxed elementor-section-height-default elementor-section-height-default\" data-id=\"c269343\" data-element_type=\"section\">\n\t\t\t\t\t\t<div class=\"elementor-container elementor-column-gap-default\">\n\t\t\t\t\t<div class=\"elementor-column elementor-col-100 elementor-top-column elementor-element elementor-element-556a8b4\" data-id=\"556a8b4\" data-element_type=\"column\">\n\t\t\t<div class=\"elementor-widget-wrap elementor-element-populated\">\n\t\t\t\t\t\t<div class=\"elementor-element elementor-element-d1bb27a elementor-widget elementor-widget-text-editor\" data-id=\"d1bb27a\" data-element_type=\"widget\" data-widget_type=\"text-editor.default\">\n\t\t\t\t<div class=\"elementor-widget-container\">\n\t\t\t\t\t\t\t\t\t<style>\n.kurumsal-liste {\n    max-width: 600px;\n    margin: 20px 0;\n    padding: 0;\n    list-style: none;\n    font-family: Arial, sans-serif;\n}\n\n.kurumsal-liste li {\n    background: #f4f8fb;\n    margin-bottom: 10px;\n    padding: 14px 18px;\n    border-left: 5px solid #2c7be5;\n    border-radius: 6px;\n    transition: all 0.3s ease;\n    font-size: 15px;\n    color: #2c3e50;\n}\n\n.kurumsal-liste li:hover {\n    background: #e8f1fb;\n    transform: translateX(5px);\n    box-shadow: 0 4px 10px rgba(0,0,0,0.08);\n}\n\n.kurumsal-liste a {\n    text-decoration: none;\n    color: inherit;\n    display: block;\n}\n<\/style>\n\n<ul class=\"kurumsal-liste\">\n    <li>\n        <a href=\"https:\/\/atauni.edu.tr\/toplumsal-duyarlilik-projeleri-uygulama-ve-arastirma-merkezi\/wp-content\/uploads\/sites\/829\/2026\/04\/Toplumsal-Duyarlilik-Projeleri-Sistemi_Ogrenci-Destek-Kilavuzu.pdf\" target=\"_blank\">\n            \u00d6\u011frenci Destek K\u0131lavuzu\n        <\/a>\n    <\/li>\n    <li>\n        <a href=\"https:\/\/atauni.edu.tr\/toplumsal-duyarlilik-projeleri-uygulama-ve-arastirma-merkezi\/wp-content\/uploads\/sites\/829\/2026\/04\/Toplumsal-Duyarlilik-Projeleri-Sistemi_Akademisyen-Destek-Kilavuzu.pdf\" target=\"_blank\">\n            Akademisyen Destek K\u0131lavuzu\n        <\/a>\n    <\/li>\n    <li>\n        <a href=\"https:\/\/atauni.edu.tr\/toplumsal-duyarlilik-projeleri-uygulama-ve-arastirma-merkezi\/wp-content\/uploads\/sites\/829\/2026\/04\/Toplumsal-Duyarlilik-Projeleri-Sistemi_Danisman-Destek-Kilavuzu.pdf\" target=\"_blank\">\n            Dan\u0131\u015fman Destek K\u0131lavuzu\n        <\/a>\n    <\/li>\n    <li>\n        Y\u00f6netici Destek K\u0131lavuzu\n    <\/li>\n    <li>\n        <a href=\"https:\/\/atauni.edu.tr\/toplumsal-duyarlilik-projeleri-uygulama-ve-arastirma-merkezi\/wp-content\/uploads\/sites\/829\/2026\/04\/Toplumsal-Duyarlilik-Projeleri-Sistemi_Gorevli-Komisyon-Destek-Kilavuzu.pdf\" target=\"_blank\">\n            G\u00f6revli-Komisyon Destek K\u0131lavuzu\n        <\/a>\n    <\/li>\n    <li>\n        <a href=\"https:\/\/atauni.edu.tr\/toplumsal-duyarlilik-projeleri-uygulama-ve-arastirma-merkezi\/wp-content\/uploads\/sites\/829\/2026\/04\/Toplumsal-Duyarlilik-Projeleri-Sistemi_Hakem-Destek-Kilavuzu.pdf\" target=\"_blank\">\n            Hakem Destek K\u0131lavuzu\n        <\/a>\n    <\/li>\n<\/ul>\t\t\t\t\t\t\t\t<\/div>\n\t\t\t\t<\/div>\n\t\t\t\t\t<\/div>\n\t\t<\/div>\n\t\t\t\t\t<\/div>\n\t\t<\/section>\n\t\t\t\t<section class=\"elementor-section elementor-top-section elementor-element elementor-element-b6e3a51 elementor-section-boxed elementor-section-height-default elementor-section-height-default\" data-id=\"b6e3a51\" data-element_type=\"section\">\n\t\t\t\t\t\t<div class=\"elementor-container elementor-column-gap-default\">\n\t\t\t\t\t<div class=\"elementor-column elementor-col-100 elementor-top-column elementor-element elementor-element-1e447e5\" data-id=\"1e447e5\" data-element_type=\"column\">\n\t\t\t<div class=\"elementor-widget-wrap elementor-element-populated\">\n\t\t\t\t\t\t<div class=\"elementor-element elementor-element-11f1b52 elementor-widget elementor-widget-image\" data-id=\"11f1b52\" data-element_type=\"widget\" data-widget_type=\"image.default\">\n\t\t\t\t<div class=\"elementor-widget-container\">\n\t\t\t\t\t\t\t\t\t\t\t\t\t\t\t<img fetchpriority=\"high\" decoding=\"async\" width=\"1024\" height=\"670\" src=\"https:\/\/atauni.edu.tr\/toplumsal-duyarlilik-projeleri-uygulama-ve-arastirma-merkezi\/wp-content\/uploads\/sites\/829\/2026\/04\/tdpsistemi-1024x670.jpg\" class=\"attachment-large size-large wp-image-9310\" alt=\"\" srcset=\"https:\/\/atauni.edu.tr\/toplumsal-duyarlilik-projeleri-uygulama-ve-arastirma-merkezi\/wp-content\/uploads\/sites\/829\/2026\/04\/tdpsistemi-1024x670.jpg 1024w, https:\/\/atauni.edu.tr\/toplumsal-duyarlilik-projeleri-uygulama-ve-arastirma-merkezi\/wp-content\/uploads\/sites\/829\/2026\/04\/tdpsistemi-300x196.jpg 300w, https:\/\/atauni.edu.tr\/toplumsal-duyarlilik-projeleri-uygulama-ve-arastirma-merkezi\/wp-content\/uploads\/sites\/829\/2026\/04\/tdpsistemi-768x502.jpg 768w, https:\/\/atauni.edu.tr\/toplumsal-duyarlilik-projeleri-uygulama-ve-arastirma-merkezi\/wp-content\/uploads\/sites\/829\/2026\/04\/tdpsistemi-600x392.jpg 600w, https:\/\/atauni.edu.tr\/toplumsal-duyarlilik-projeleri-uygulama-ve-arastirma-merkezi\/wp-content\/uploads\/sites\/829\/2026\/04\/tdpsistemi-560x366.jpg 560w, https:\/\/atauni.edu.tr\/toplumsal-duyarlilik-projeleri-uygulama-ve-arastirma-merkezi\/wp-content\/uploads\/sites\/829\/2026\/04\/tdpsistemi.jpg 1199w\" sizes=\"(max-width: 1024px) 100vw, 1024px\" \/>\t\t\t\t\t\t\t\t\t\t\t\t\t\t\t<\/div>\n\t\t\t\t<\/div>\n\t\t\t\t\t<\/div>\n\t\t<\/div>\n\t\t\t\t\t<\/div>\n\t\t<\/section>\n\t\t\t\t<\/div>\n\t\t","protected":false},"excerpt":{"rendered":"<p>2026 TDP Ba\u015fvuru Sistemi Destek K\u0131lavuzlar\u0131 \u00d6\u011frenci Destek K\u0131lavuzu Akademisyen Destek K\u0131lavuzu Dan\u0131\u015fman Destek K\u0131lavuzu Y\u00f6netici Destek K\u0131lavuzu G\u00f6revli-Komisyon Destek K\u0131lavuzu Hakem Destek K\u0131lavuzu<\/p>\n","protected":false},"author":594,"featured_media":0,"parent":0,"menu_order":0,"comment_status":"closed","ping_status":"closed","template":"","meta":{"footnotes":""},"class_list":["post-9291","page","type-page","status-publish","hentry"],"_links":{"self":[{"href":"https:\/\/atauni.edu.tr\/toplumsal-duyarlilik-projeleri-uygulama-ve-arastirma-merkezi\/wp-json\/wp\/v2\/pages\/9291","targetHints":{"allow":["GET"]}}],"collection":[{"href":"https:\/\/atauni.edu.tr\/toplumsal-duyarlilik-projeleri-uygulama-ve-arastirma-merkezi\/wp-json\/wp\/v2\/pages"}],"about":[{"href":"https:\/\/atauni.edu.tr\/toplumsal-duyarlilik-projeleri-uygulama-ve-arastirma-merkezi\/wp-json\/wp\/v2\/types\/page"}],"author":[{"embeddable":true,"href":"https:\/\/atauni.edu.tr\/toplumsal-duyarlilik-projeleri-uygulama-ve-arastirma-merkezi\/wp-json\/wp\/v2\/users\/594"}],"replies":[{"embeddable":true,"href":"https:\/\/atauni.edu.tr\/toplumsal-duyarlilik-projeleri-uygulama-ve-arastirma-merkezi\/wp-json\/wp\/v2\/comments?post=9291"}],"version-history":[{"count":22,"href":"https:\/\/atauni.edu.tr\/toplumsal-duyarlilik-projeleri-uygulama-ve-arastirma-merkezi\/wp-json\/wp\/v2\/pages\/9291\/revisions"}],"predecessor-version":[{"id":9321,"href":"https:\/\/atauni.edu.tr\/toplumsal-duyarlilik-projeleri-uygulama-ve-arastirma-merkezi\/wp-json\/wp\/v2\/pages\/9291\/revisions\/9321"}],"wp:attachment":[{"href":"https:\/\/atauni.edu.tr\/toplumsal-duyarlilik-projeleri-uygulama-ve-arastirma-merkezi\/wp-json\/wp\/v2\/media?parent=9291"}],"curies":[{"name":"wp","href":"https:\/\/api.w.org\/{rel}","templated":true}]}}