{"id":5682,"date":"2021-07-13T10:10:01","date_gmt":"2021-07-13T07:10:01","guid":{"rendered":"https:\/\/portaltest.atauni.edu.tr\/bilgisayar-muhendisligi\/?page_id=5682"},"modified":"2022-04-21T14:09:34","modified_gmt":"2022-04-21T11:09:34","slug":"misyon-vizyon-ve-temel-degerler","status":"publish","type":"page","link":"https:\/\/atauni.edu.tr\/toprak-bilimi-ve-bitki-besleme-bolumu\/misyon-vizyon-ve-temel-degerler\/","title":{"rendered":"Misyon, Vizyon ve Temel De\u011ferler"},"content":{"rendered":"\t\t<div data-elementor-type=\"wp-page\" data-elementor-id=\"5682\" class=\"elementor elementor-5682\" data-elementor-post-type=\"page\">\n\t\t\t\t\t\t<section class=\"elementor-section elementor-top-section elementor-element elementor-element-9be811a elementor-section-boxed elementor-section-height-default elementor-section-height-default\" data-id=\"9be811a\" data-element_type=\"section\">\n\t\t\t\t\t\t<div class=\"elementor-container elementor-column-gap-default\">\n\t\t\t\t\t<div class=\"elementor-column elementor-col-100 elementor-top-column elementor-element elementor-element-1ed847b7\" data-id=\"1ed847b7\" data-element_type=\"column\">\n\t\t\t<div class=\"elementor-widget-wrap elementor-element-populated\">\n\t\t\t\t\t\t<div class=\"elementor-element elementor-element-4ce0d07f elementor-widget elementor-widget-heading\" data-id=\"4ce0d07f\" data-element_type=\"widget\" data-widget_type=\"heading.default\">\n\t\t\t\t<div class=\"elementor-widget-container\">\n\t\t\t\t\t<h2 class=\"elementor-heading-title elementor-size-default\">Misyon, Vizyon ve Temel De\u011ferler<\/h2>\t\t\t\t<\/div>\n\t\t\t\t<\/div>\n\t\t\t\t<div class=\"elementor-element elementor-element-63260862 elementor-widget-divider--view-line elementor-widget elementor-widget-divider\" data-id=\"63260862\" data-element_type=\"widget\" data-widget_type=\"divider.default\">\n\t\t\t\t<div class=\"elementor-widget-container\">\n\t\t\t\t\t\t\t<div class=\"elementor-divider\">\n\t\t\t<span class=\"elementor-divider-separator\">\n\t\t\t\t\t\t<\/span>\n\t\t<\/div>\n\t\t\t\t\t\t<\/div>\n\t\t\t\t<\/div>\n\t\t\t\t\t<\/div>\n\t\t<\/div>\n\t\t\t\t\t<\/div>\n\t\t<\/section>\n\t\t\t\t<section class=\"elementor-section elementor-top-section elementor-element elementor-element-56e202d elementor-section-boxed elementor-section-height-default elementor-section-height-default\" data-id=\"56e202d\" data-element_type=\"section\">\n\t\t\t\t\t\t<div class=\"elementor-container elementor-column-gap-default\">\n\t\t\t\t\t<div class=\"elementor-column elementor-col-100 elementor-top-column elementor-element elementor-element-3943286\" data-id=\"3943286\" data-element_type=\"column\">\n\t\t\t<div class=\"elementor-widget-wrap elementor-element-populated\">\n\t\t\t\t\t\t<div class=\"elementor-element elementor-element-8b85a55 elementor-widget elementor-widget-text-editor\" data-id=\"8b85a55\" data-element_type=\"widget\" data-widget_type=\"text-editor.default\">\n\t\t\t\t<div class=\"elementor-widget-container\">\n\t\t\t\t\t\t\t\t\t<p><span style=\"color: #0d1461\"><strong>M\u0130SYONUMUZ<\/strong><\/span><\/p><p><span style=\"color: #0d1461\">\u201cHayat\u0131n Hizmetinde\u201d<\/span><\/p><p><span style=\"color: #0d1461\">B\u00f6lge ve \u00fclke tar\u0131m\u0131 ba\u015fta olmak \u00fczere tar\u0131m faaliyetlerine toprak bilimi ve bitki besleme alan\u0131nda katk\u0131 sa\u011flamak, g\u00fcncel ve etkin e\u011fitim, ara\u015ft\u0131rma ve toplumsal katk\u0131 faaliyetleri ile \u00e7evre ve toplum sa\u011fl\u0131\u011f\u0131na duyarl\u0131 bilgi, beceri ve yetkinli\u011fe sahip nitelikli bireyler yeti\u015ftirmektir.<\/span><\/p><p><span style=\"color: #0d1461\"><strong>V\u0130ZYONUMUZ<\/strong><\/span><\/p><p><span style=\"color: #0d1461\">\u201cHep \u0130leriye\u201d<\/span><\/p><p><span style=\"color: #0d1461\">B\u00fcnyesinde yer ald\u0131\u011f\u0131 \u2018ad\u0131 gibi \u00f6nc\u00fc\u2019 yeni nesil \u00dcniversitenin g\u00fcc\u00fcnden ald\u0131\u011f\u0131 enerjiyle alan\u0131nda ulusal ve uluslararas\u0131 d\u00fczeyde bir b\u00f6l\u00fcm olmakt\u0131r.<\/span><\/p><p><span style=\"color: #0d1461\"><strong>TEMEL DE\u011eERLER<\/strong><\/span><\/p><ul><li><span style=\"color: #0d1461\"><strong>Bilimsellik<\/strong>: Ald\u0131\u011f\u0131 karar ve uygulamalarda bilimsel kriter ve do\u011frular\u0131 temel al\u0131r.<\/span><\/li><li><span style=\"color: #0d1461\"><strong>Yenilik\u00e7ilik ve Giri\u015fimcilik<\/strong>: Etkinli\u011fini art\u0131racak alanlarda yeni ve farkl\u0131 uygulamalar\u0131 hayata ge\u00e7irir.<\/span><\/li><li><span style=\"color: #0d1461\"><strong>Kat\u0131l\u0131mc\u0131l\u0131k ve Payla\u015f\u0131mc\u0131l\u0131k<\/strong>: Kararlar kat\u0131l\u0131ml\u0131 \u015fekilde al\u0131n\u0131r, bilgiler \u015feffaf \u015fekilde payla\u015f\u0131l\u0131r.<\/span><\/li><li><span style=\"color: #0d1461\"><strong>\u00d6\u011frenme Odakl\u0131l\u0131k<\/strong>: T\u00fcm bireylerin \u00f6\u011frenme deneyimlerini kolayla\u015ft\u0131r\u0131r ve geli\u015ftirir.<\/span><\/li><li><span style=\"color: #0d1461\"><strong>Eme\u011fe sayg\u0131 g\u00f6sterme ve ba\u015far\u0131y\u0131 takdir etme<\/strong>: G\u00f6sterilen \u00e7abalara sayg\u0131 g\u00f6sterilir ve ba\u015far\u0131lar tan\u0131n\u0131r.<\/span><\/li><li><span style=\"color: #0d1461\"><strong>Ulusal ve evrensel de\u011ferlere ba\u011fl\u0131l\u0131k<\/strong>: \u00dclkemizin de\u011ferlerine ba\u011fl\u0131l\u0131\u011f\u0131n yan\u0131nda evrensel de\u011ferlere de sahip \u00e7\u0131k\u0131l\u0131r.<\/span><\/li><li><span style=\"color: #0d1461\"><strong>Toplumsal, k\u00fclt\u00fcrel, \u00e7evresel ve sanatsal duyarl\u0131l\u0131k<\/strong>: Toplumsal alanlardaki sorun ve ihtiya\u00e7lara kar\u015f\u0131 duyarl\u0131 davran\u0131l\u0131r.<\/span><\/li><\/ul><p>\u00a0<\/p>\t\t\t\t\t\t\t\t<\/div>\n\t\t\t\t<\/div>\n\t\t\t\t\t<\/div>\n\t\t<\/div>\n\t\t\t\t\t<\/div>\n\t\t<\/section>\n\t\t\t\t<\/div>\n\t\t","protected":false},"excerpt":{"rendered":"<p>Misyon, Vizyon ve Temel De\u011ferler M\u0130SYONUMUZ \u201cHayat\u0131n Hizmetinde\u201d B\u00f6lge ve \u00fclke tar\u0131m\u0131 ba\u015fta olmak \u00fczere tar\u0131m faaliyetlerine toprak bilimi ve bitki besleme alan\u0131nda katk\u0131 sa\u011flamak, g\u00fcncel ve etkin e\u011fitim, ara\u015ft\u0131rma ve toplumsal katk\u0131 faaliyetleri ile \u00e7evre ve toplum sa\u011fl\u0131\u011f\u0131na duyarl\u0131 bilgi, beceri ve yetkinli\u011fe sahip nitelikli bireyler yeti\u015ftirmektir. V\u0130ZYONUMUZ \u201cHep \u0130leriye\u201d B\u00fcnyesinde yer ald\u0131\u011f\u0131 \u2018ad\u0131 [&hellip;]<\/p>\n","protected":false},"author":1,"featured_media":0,"parent":0,"menu_order":0,"comment_status":"closed","ping_status":"closed","template":"elementor_header_footer","meta":{"footnotes":""},"class_list":["post-5682","page","type-page","status-publish","hentry"],"_links":{"self":[{"href":"https:\/\/atauni.edu.tr\/toprak-bilimi-ve-bitki-besleme-bolumu\/wp-json\/wp\/v2\/pages\/5682","targetHints":{"allow":["GET"]}}],"collection":[{"href":"https:\/\/atauni.edu.tr\/toprak-bilimi-ve-bitki-besleme-bolumu\/wp-json\/wp\/v2\/pages"}],"about":[{"href":"https:\/\/atauni.edu.tr\/toprak-bilimi-ve-bitki-besleme-bolumu\/wp-json\/wp\/v2\/types\/page"}],"author":[{"embeddable":true,"href":"https:\/\/atauni.edu.tr\/toprak-bilimi-ve-bitki-besleme-bolumu\/wp-json\/wp\/v2\/users\/1"}],"replies":[{"embeddable":true,"href":"https:\/\/atauni.edu.tr\/toprak-bilimi-ve-bitki-besleme-bolumu\/wp-json\/wp\/v2\/comments?post=5682"}],"version-history":[{"count":107,"href":"https:\/\/atauni.edu.tr\/toprak-bilimi-ve-bitki-besleme-bolumu\/wp-json\/wp\/v2\/pages\/5682\/revisions"}],"predecessor-version":[{"id":6518,"href":"https:\/\/atauni.edu.tr\/toprak-bilimi-ve-bitki-besleme-bolumu\/wp-json\/wp\/v2\/pages\/5682\/revisions\/6518"}],"wp:attachment":[{"href":"https:\/\/atauni.edu.tr\/toprak-bilimi-ve-bitki-besleme-bolumu\/wp-json\/wp\/v2\/media?parent=5682"}],"curies":[{"name":"wp","href":"https:\/\/api.w.org\/{rel}","templated":true}]}}