{"id":6431,"date":"2022-04-20T14:24:32","date_gmt":"2022-04-20T11:24:32","guid":{"rendered":"https:\/\/birimler.atauni.edu.tr\/toprak-bilimi-ve-bitki-besleme-bolumu\/?page_id=6431"},"modified":"2022-04-20T16:06:49","modified_gmt":"2022-04-20T13:06:49","slug":"stratejik-plan","status":"publish","type":"page","link":"https:\/\/atauni.edu.tr\/toprak-bilimi-ve-bitki-besleme-bolumu\/stratejik-plan\/","title":{"rendered":"Stratejik Plan"},"content":{"rendered":"\t\t<div data-elementor-type=\"wp-page\" data-elementor-id=\"6431\" class=\"elementor elementor-6431\" data-elementor-post-type=\"page\">\n\t\t\t\t\t\t<section class=\"elementor-section elementor-top-section elementor-element elementor-element-3549f79 elementor-section-boxed elementor-section-height-default elementor-section-height-default\" data-id=\"3549f79\" data-element_type=\"section\">\n\t\t\t\t\t\t<div class=\"elementor-container elementor-column-gap-default\">\n\t\t\t\t\t<div class=\"elementor-column elementor-col-100 elementor-top-column elementor-element elementor-element-2159b1d\" data-id=\"2159b1d\" data-element_type=\"column\">\n\t\t\t<div class=\"elementor-widget-wrap elementor-element-populated\">\n\t\t\t\t\t\t<div class=\"elementor-element elementor-element-59e95da elementor-widget elementor-widget-text-editor\" data-id=\"59e95da\" data-element_type=\"widget\" data-widget_type=\"text-editor.default\">\n\t\t\t\t<div class=\"elementor-widget-container\">\n\t\t\t\t\t\t\t\t\t<p><span style=\"text-decoration: underline\"><strong>TOPRAK B\u0130L\u0130M\u0130 VE B\u0130TK\u0130 BESLEME B\u00d6L\u00dcM\u00dc 2020-2024 STRATEJ\u0130K PLAN AMA\u00c7LARI<\/strong><\/span><\/p><ul><li><strong><span style=\"text-decoration: underline\">Stratejik Ama\u00e7 1:<\/span> B\u00f6l\u00fcm\u00fcm\u00fczde nitelikli e\u011fitim ve \u00f6\u011fretim faaliyetleri sunarak bilimsel erki y\u00fcksek, yenilik\u00e7i, giri\u015fimci ve rekabet\u00e7i mezunlar vermek <\/strong><ul><li><strong>Stratejik Hedef 1.1: B\u00f6l\u00fcm \u00f6l\u00e7e\u011finde lisans program\u0131m\u0131z\u0131n akredite olmas\u0131n\u0131 sa\u011flamak <\/strong><\/li><li><strong>Stratejik Hedef 1.2: Uluslararas\u0131 de\u011fi\u015fim programlar\u0131na kat\u0131l\u0131m sa\u011flayan \u00f6\u011frenci say\u0131s\u0131n\u0131 bir \u00f6nceki y\u0131la g\u00f6re % 10 oran\u0131nda art\u0131rmak <\/strong><\/li><li><strong>Stratejik Hedef 1.3: \u00d6\u011frencilerimize Yan Dal e\u011fitimi alma imkan\u0131 sunmak<\/strong><\/li><li><strong>Stratejik Hedef 1.4: B\u00f6l\u00fcm\u00fcm\u00fczde fiziksel ve teknolojik altyap\u0131n\u0131n iyile\u015ftirilmesini sa\u011flamak<\/strong><\/li><li><strong>Stratejik Hedef 1.5: Genelde tar\u0131m \u00f6\u011fretiminin \u00f6zelde bilim alan\u0131m\u0131zdaki \u00f6\u011fretimin yeniden planlanmas\u0131 i\u00e7in projeler \u00fcretmek<\/strong><\/li><li><strong>Stratejik Hedef 1.6: Tar\u0131m\u0131n dijitalle\u015fmesinde \u00e7a\u011f\u0131 yakalayacak bilim alan\u0131m\u0131zda pratik e\u011fitimi verebilecek alt yap\u0131y\u0131 olu\u015fturmak<\/strong><\/li><\/ul><\/li><li><strong><span style=\"text-decoration: underline\">Stratejik Ama\u00e7 2:<\/span> B\u00f6lge ve \u00fclke ekonomisine katma de\u011fer olu\u015fturacak ve evrensel bilime katk\u0131 sa\u011flayacak Ara\u015ft\u0131rma ve Giri\u015fimcilik faaliyetlerini en y\u00fcksek d\u00fczeye \u00e7\u0131karmak <\/strong><ul><li><strong>Stratejik Hedef 2.1: SCI, SCI-Exp., SSCI, SSCI-Exp ve AHCI indekslerine giren yay\u0131n say\u0131s\u0131\/ \u00f6\u011fretim \u00fcyesi oran\u0131n\u0131 y\u00fckseltmek <\/strong><\/li><li><strong>Stratejik Hedef 2.2: Kurum d\u0131\u015f\u0131 (ulusal ve uluslararas\u0131 kaynakl\u0131 ) proje say\u0131s\u0131n\u0131 y\u0131ll\u0131k % 10 ve Bilimsel Ara\u015ft\u0131rma Proje say\u0131s\u0131n\u0131 y\u0131ll\u0131k % 20 oran\u0131nda art\u0131rmak <\/strong><\/li><li><strong>Stratejik Hedef 2.3: Toprak Bilimi ve Bitki Besleme B\u00f6l\u00fcm\u00fcnde y\u00fcr\u00fct\u00fclen ara\u015ft\u0131rmalar\u0131n tescil veya patent odakl\u0131 olarak projelendirmesini sa\u011flamak <\/strong><\/li><li><strong>Stratejik Hedef 2.4: Ulusal ve Uluslararas\u0131 \u00f6l\u00e7ekte \u00f6d\u00fcl alan akademisyen say\u0131s\u0131n\u0131 % 10\u2019a y\u00fckseltmek.<\/strong><\/li><li><strong>Stratejik Hedef 2.5: Laboratuvarlar\u0131m\u0131z\u0131n altyap\u0131 olanaklar\u0131 ve teknik donan\u0131mlar\u0131n\u0131 geli\u015ftirmek ve b\u00f6l\u00fcm\u00fcm\u00fcze akredite laboratuvar kazand\u0131rmak.<\/strong><\/li><\/ul><\/li><li><strong><span style=\"text-decoration: underline\">Stratejik Ama\u00e7 3:<\/span> Toplumsal taleplere kar\u015f\u0131 duyarl\u0131 olmak ve bu taleplere y\u00f6n vermek <\/strong><ul><li><strong>Stratejik Hedef 3.1: B\u00f6lgesel ve Ulusal \u00f6l\u00e7ekte b\u00f6l\u00fcm\u00fcm\u00fcz\u00fcn bilim alan\u0131ndaki hizmetlerinin, tar\u0131msal faaliyetlerde \u00fcretim kapasitesi ve kalitesini art\u0131rmak amac\u0131yla, e\u011fitim ve yay\u0131n faaliyetlerini \u00e7e\u015fitlendirerek s\u00fcreklili\u011fini sa\u011flamak <\/strong><\/li><li><strong>Stratejik Hedef 3.2: D\u00fczenlenecek tarla g\u00fcnlerinde y\u00fcr\u00fct\u00fclen ara\u015ft\u0131rma sonu\u00e7lar\u0131n\u0131 payda\u015flar\u0131m\u0131zla de\u011ferlendirmek.<\/strong><\/li><li><strong>Stratejik Hedef 3.3: Sosyal ve payla\u015f\u0131mc\u0131 etkinliklerin say\u0131s\u0131n\u0131n art\u0131r\u0131larak akademik sonu\u00e7lar\u0131n uygulanabilirli\u011fini sa\u011flamak.<\/strong><\/li><\/ul><\/li><li><strong><span style=\"text-decoration: underline\">Stratejik Ama\u00e7 4.<\/span> E\u011fitim &#8211; Ara\u015ft\u0131rma odakl\u0131 \u00e7al\u0131\u015fmalar\u0131 geli\u015ftirmek <\/strong><ul><li><strong>Stratejik Hedef 4.1: B\u00f6lgesel, ulusal ve uluslararas\u0131 \u00f6l\u00e7ekte b\u00f6l\u00fcm\u00fcm\u00fcz\u00fcn, alan\u0131nda ve interdisipliner alanlarda g\u00fcncel, \u00fcretime katk\u0131 sa\u011flayan, uygulanabilirli\u011fi y\u00fcksek konularda \u00e7al\u0131\u015fmak.<\/strong><\/li><\/ul><\/li><li><strong><span style=\"text-decoration: underline\">Stratejik Ama\u00e7 5:<\/span> E\u011fitim \u2013 Topluma katk\u0131 odakl\u0131 \u00e7al\u0131\u015fmak <\/strong><ul><li><strong>Stratejik Hedef 5.1: Mezunlar\u0131m\u0131z\u0131n tar\u0131msal konularda toprakla ilgili ya\u015fan\u0131lan problemlere \u00e7\u00f6z\u00fcm olanaklar\u0131n\u0131 sunma becerilerini geli\u015ftirmek.<\/strong><\/li><li><strong>Stratejik Hedef 5.2: Genelde topluma \u00f6zelde \u00fcreticilere toprak ve bitki besleme ile ilgili alanlarda bilgi aktarmak.<\/strong><\/li><\/ul><\/li><li><strong><span style=\"text-decoration: underline\">Stratejik Ama\u00e7 6:<\/span> Ara\u015ft\u0131rma \u2013 Topluma katk\u0131 odakl\u0131 \u00e7al\u0131\u015fmak <\/strong><ul><li><strong>Stratejik Hedef 6.1: Ara\u015ft\u0131rma \u00e7\u0131kt\u0131lar\u0131n\u0131n ba\u015fta \u00fcreticiler olmak \u00fczere farkl\u0131 ilgi alanlar\u0131nda payla\u015fmak<\/strong><\/li><li><strong>Stratejik Hedef 6.2: Sorunlara y\u00f6nelik ara\u015ft\u0131rma projelerini geli\u015ftirmek ve sonu\u00e7land\u0131rmak.<\/strong><\/li><li><strong>Stratejik Hedef 6.3: Toplumun farkl\u0131 kesimlerinin ilgisini odaklayabilen katma de\u011feri y\u00fcksek ara\u015ft\u0131rmalar\u0131n y\u00fcr\u00fct\u00fclerek sonu\u00e7lar\u0131n\u0131n payla\u015f\u0131lmas\u0131.<\/strong><\/li><\/ul><\/li><li><strong><span style=\"text-decoration: underline\">Stratejik Ama\u00e7 7:<\/span> Kurumsalla\u015fmay\u0131 g\u00fc\u00e7lendirerek e\u011fitim, ara\u015ft\u0131rma ve topluma katk\u0131 odakl\u0131 \u00e7\u0131kt\u0131lar\u0131 sa\u011flamak<\/strong><ul><li><strong>Stratejik Hedef 7.1: \u0130\u00e7 ve d\u0131\u015f payda\u015flar\u0131n g\u00f6r\u00fc\u015flerini de alarak b\u00f6l\u00fcmden memnuniyet d\u00fczeyini art\u0131r\u0131c\u0131 e\u011fitim, ara\u015ft\u0131rma ve topluma katk\u0131 \u00e7al\u0131\u015fmalar\u0131n\u0131 y\u00f6netmek ve y\u00f6nlendirmek.<\/strong><\/li><li><strong>Stratejik Hedef 7.2: E\u011fitim, ara\u015ft\u0131rma ve topluma katk\u0131 \u00e7al\u0131\u015fmalar\u0131nda faaliyetlerin izlenebilir ve kay\u0131t alt\u0131na al\u0131nabilir olmas\u0131. <\/strong><\/li><\/ul><\/li><\/ul>\t\t\t\t\t\t\t\t<\/div>\n\t\t\t\t<\/div>\n\t\t\t\t\t<\/div>\n\t\t<\/div>\n\t\t\t\t\t<\/div>\n\t\t<\/section>\n\t\t\t\t<\/div>\n\t\t","protected":false},"excerpt":{"rendered":"<p>TOPRAK B\u0130L\u0130M\u0130 VE B\u0130TK\u0130 BESLEME B\u00d6L\u00dcM\u00dc 2020-2024 STRATEJ\u0130K PLAN AMA\u00c7LARI Stratejik Ama\u00e7 1: B\u00f6l\u00fcm\u00fcm\u00fczde nitelikli e\u011fitim ve \u00f6\u011fretim faaliyetleri sunarak bilimsel erki y\u00fcksek, yenilik\u00e7i, giri\u015fimci ve rekabet\u00e7i mezunlar vermek Stratejik Hedef 1.1: B\u00f6l\u00fcm \u00f6l\u00e7e\u011finde lisans program\u0131m\u0131z\u0131n akredite olmas\u0131n\u0131 sa\u011flamak Stratejik Hedef 1.2: Uluslararas\u0131 de\u011fi\u015fim programlar\u0131na kat\u0131l\u0131m sa\u011flayan \u00f6\u011frenci say\u0131s\u0131n\u0131 bir \u00f6nceki y\u0131la g\u00f6re % 10 [&hellip;]<\/p>\n","protected":false},"author":150,"featured_media":0,"parent":0,"menu_order":0,"comment_status":"closed","ping_status":"closed","template":"","meta":{"footnotes":""},"class_list":["post-6431","page","type-page","status-publish","hentry"],"_links":{"self":[{"href":"https:\/\/atauni.edu.tr\/toprak-bilimi-ve-bitki-besleme-bolumu\/wp-json\/wp\/v2\/pages\/6431","targetHints":{"allow":["GET"]}}],"collection":[{"href":"https:\/\/atauni.edu.tr\/toprak-bilimi-ve-bitki-besleme-bolumu\/wp-json\/wp\/v2\/pages"}],"about":[{"href":"https:\/\/atauni.edu.tr\/toprak-bilimi-ve-bitki-besleme-bolumu\/wp-json\/wp\/v2\/types\/page"}],"author":[{"embeddable":true,"href":"https:\/\/atauni.edu.tr\/toprak-bilimi-ve-bitki-besleme-bolumu\/wp-json\/wp\/v2\/users\/150"}],"replies":[{"embeddable":true,"href":"https:\/\/atauni.edu.tr\/toprak-bilimi-ve-bitki-besleme-bolumu\/wp-json\/wp\/v2\/comments?post=6431"}],"version-history":[{"count":16,"href":"https:\/\/atauni.edu.tr\/toprak-bilimi-ve-bitki-besleme-bolumu\/wp-json\/wp\/v2\/pages\/6431\/revisions"}],"predecessor-version":[{"id":6493,"href":"https:\/\/atauni.edu.tr\/toprak-bilimi-ve-bitki-besleme-bolumu\/wp-json\/wp\/v2\/pages\/6431\/revisions\/6493"}],"wp:attachment":[{"href":"https:\/\/atauni.edu.tr\/toprak-bilimi-ve-bitki-besleme-bolumu\/wp-json\/wp\/v2\/media?parent=6431"}],"curies":[{"name":"wp","href":"https:\/\/api.w.org\/{rel}","templated":true}]}}