{"id":6467,"date":"2022-04-20T15:41:28","date_gmt":"2022-04-20T12:41:28","guid":{"rendered":"https:\/\/birimler.atauni.edu.tr\/toprak-bilimi-ve-bitki-besleme-bolumu\/?page_id=6467"},"modified":"2022-04-20T16:05:00","modified_gmt":"2022-04-20T13:05:00","slug":"oncelikli-alanlar","status":"publish","type":"page","link":"https:\/\/atauni.edu.tr\/toprak-bilimi-ve-bitki-besleme-bolumu\/oncelikli-alanlar\/","title":{"rendered":"\u00d6ncelikli Alanlar"},"content":{"rendered":"\t\t<div data-elementor-type=\"wp-page\" data-elementor-id=\"6467\" class=\"elementor elementor-6467\" data-elementor-post-type=\"page\">\n\t\t\t\t\t\t<section class=\"elementor-section elementor-top-section elementor-element elementor-element-67fd16d elementor-section-boxed elementor-section-height-default elementor-section-height-default\" data-id=\"67fd16d\" data-element_type=\"section\">\n\t\t\t\t\t\t<div class=\"elementor-container elementor-column-gap-default\">\n\t\t\t\t\t<div class=\"elementor-column elementor-col-100 elementor-top-column elementor-element elementor-element-af403d1\" data-id=\"af403d1\" data-element_type=\"column\">\n\t\t\t<div class=\"elementor-widget-wrap elementor-element-populated\">\n\t\t\t\t\t\t<div class=\"elementor-element elementor-element-415b587 elementor-widget elementor-widget-text-editor\" data-id=\"415b587\" data-element_type=\"widget\" data-widget_type=\"text-editor.default\">\n\t\t\t\t<div class=\"elementor-widget-container\">\n\t\t\t\t\t\t\t\t\t<p><span style=\"text-decoration: underline;color: #0d1461\"><strong>TOPRAK B\u0130L\u0130M\u0130 VE B\u0130TK\u0130 BESLEME B\u00d6L\u00dcM\u00dcN\u00dcN \u00d6NCEL\u0130KL\u0130 ALANLARI<\/strong><\/span><\/p><ul><li><span style=\"color: #0d1461\"><strong>Nitelikli E\u011fitim <\/strong><\/span><\/li><li><span style=\"color: #0d1461\"><strong>Karasal Ya\u015fam<\/strong><\/span><\/li><li><span style=\"color: #0d1461\"><strong>Sa\u011fl\u0131kl\u0131 Bireyler<\/strong><\/span><\/li><li><span style=\"color: #0d1461\"><strong>Eri\u015filebilir ve Temiz Enerji<\/strong><\/span><\/li><li><span style=\"color: #0d1461\"><strong>Arazi ve Toprak Y\u00f6netimi<\/strong><\/span><\/li><li><span style=\"color: #0d1461\"><strong>Toprak Kalitesi<\/strong><\/span><\/li><li><span style=\"color: #0d1461\"><strong>Toprak Biyo\u00e7e\u015fitlili\u011fi<\/strong><\/span><\/li><li><span style=\"color: #0d1461\"><strong>Bitki Besleme ve G\u00fcbreleme<\/strong><\/span><\/li><\/ul>\t\t\t\t\t\t\t\t<\/div>\n\t\t\t\t<\/div>\n\t\t\t\t\t<\/div>\n\t\t<\/div>\n\t\t\t\t\t<\/div>\n\t\t<\/section>\n\t\t\t\t<\/div>\n\t\t","protected":false},"excerpt":{"rendered":"<p>TOPRAK B\u0130L\u0130M\u0130 VE B\u0130TK\u0130 BESLEME B\u00d6L\u00dcM\u00dcN\u00dcN \u00d6NCEL\u0130KL\u0130 ALANLARI Nitelikli E\u011fitim Karasal Ya\u015fam Sa\u011fl\u0131kl\u0131 Bireyler Eri\u015filebilir ve Temiz Enerji Arazi ve Toprak Y\u00f6netimi Toprak Kalitesi Toprak Biyo\u00e7e\u015fitlili\u011fi Bitki Besleme ve G\u00fcbreleme<\/p>\n","protected":false},"author":150,"featured_media":0,"parent":0,"menu_order":0,"comment_status":"closed","ping_status":"closed","template":"","meta":{"footnotes":""},"class_list":["post-6467","page","type-page","status-publish","hentry"],"_links":{"self":[{"href":"https:\/\/atauni.edu.tr\/toprak-bilimi-ve-bitki-besleme-bolumu\/wp-json\/wp\/v2\/pages\/6467","targetHints":{"allow":["GET"]}}],"collection":[{"href":"https:\/\/atauni.edu.tr\/toprak-bilimi-ve-bitki-besleme-bolumu\/wp-json\/wp\/v2\/pages"}],"about":[{"href":"https:\/\/atauni.edu.tr\/toprak-bilimi-ve-bitki-besleme-bolumu\/wp-json\/wp\/v2\/types\/page"}],"author":[{"embeddable":true,"href":"https:\/\/atauni.edu.tr\/toprak-bilimi-ve-bitki-besleme-bolumu\/wp-json\/wp\/v2\/users\/150"}],"replies":[{"embeddable":true,"href":"https:\/\/atauni.edu.tr\/toprak-bilimi-ve-bitki-besleme-bolumu\/wp-json\/wp\/v2\/comments?post=6467"}],"version-history":[{"count":13,"href":"https:\/\/atauni.edu.tr\/toprak-bilimi-ve-bitki-besleme-bolumu\/wp-json\/wp\/v2\/pages\/6467\/revisions"}],"predecessor-version":[{"id":6484,"href":"https:\/\/atauni.edu.tr\/toprak-bilimi-ve-bitki-besleme-bolumu\/wp-json\/wp\/v2\/pages\/6467\/revisions\/6484"}],"wp:attachment":[{"href":"https:\/\/atauni.edu.tr\/toprak-bilimi-ve-bitki-besleme-bolumu\/wp-json\/wp\/v2\/media?parent=6467"}],"curies":[{"name":"wp","href":"https:\/\/api.w.org\/{rel}","templated":true}]}}