{"id":6689,"date":"2024-05-17T16:43:10","date_gmt":"2024-05-17T13:43:10","guid":{"rendered":"https:\/\/birimler.atauni.edu.tr\/toprak-bilimi-ve-bitki-besleme-bolumu\/?page_id=6689"},"modified":"2024-05-21T17:39:06","modified_gmt":"2024-05-21T14:39:06","slug":"bolum-komisyon-kurullari","status":"publish","type":"page","link":"https:\/\/atauni.edu.tr\/toprak-bilimi-ve-bitki-besleme-bolumu\/bolum-komisyon-kurullari\/","title":{"rendered":"B\u00f6l\u00fcm Komisyon Kurullar\u0131"},"content":{"rendered":"\t\t<div data-elementor-type=\"wp-page\" data-elementor-id=\"6689\" class=\"elementor elementor-6689\" data-elementor-post-type=\"page\">\n\t\t\t\t\t\t<section class=\"elementor-section elementor-top-section elementor-element elementor-element-deb3c73 elementor-section-boxed elementor-section-height-default elementor-section-height-default\" data-id=\"deb3c73\" data-element_type=\"section\">\n\t\t\t\t\t\t<div class=\"elementor-container elementor-column-gap-default\">\n\t\t\t\t\t<div class=\"elementor-column elementor-col-100 elementor-top-column elementor-element elementor-element-6343c38\" data-id=\"6343c38\" data-element_type=\"column\">\n\t\t\t<div class=\"elementor-widget-wrap elementor-element-populated\">\n\t\t\t\t\t\t<div class=\"elementor-element elementor-element-290ba01 elementor-widget elementor-widget-text-editor\" data-id=\"290ba01\" data-element_type=\"widget\" data-widget_type=\"text-editor.default\">\n\t\t\t\t<div class=\"elementor-widget-container\">\n\t\t\t\t\t\t\t\t\t<p><!--[if gte mso 9]&gt;--><\/p>\n<p><!--[if gte mso 9]&gt;--><\/p><br><p class=\"MsoNormal\" style=\"margin-top:6.0pt;text-indent:7.1pt;line-height:250%\"><b>B\u00f6l\u00fcm Komisyonlar\u0131 ve G\u00f6rev Alan \u00d6\u011fretim Elemanlar\u0131<\/b><\/p>\n<table class=\"MsoTableGrid\" border=\"1\" cellspacing=\"0\" cellpadding=\"0\" style=\"margin-left:12.5pt;border-collapse:collapse;border:none\">\n<tbody>\n<tr>\n<td width=\"301\" style=\"width:225.95pt;border:solid windowtext 1.0pt;padding:0cm 5.4pt 0cm 5.4pt\">\n<p class=\"MsoNormal\" style=\"line-height:115%\"><b><span lang=\"EN-US\">Komisyon<\/span><\/b><\/p>\n<\/td>\n<td width=\"301\" style=\"width:225.95pt;border:solid windowtext 1.0pt;border-left: none;padding:0cm 5.4pt 0cm 5.4pt\">\n<p class=\"MsoNormal\" style=\"line-height:115%\"><b><span lang=\"EN-US\">\u00dcyeler<\/span><\/b><\/p>\n<\/td>\n<\/tr>\n<tr>\n<td width=\"301\" style=\"width:225.95pt;border:solid windowtext 1.0pt;border-top: none;padding:0cm 5.4pt 0cm 5.4pt\">\n<p class=\"MsoNormal\" style=\"line-height:115%\"><b><span lang=\"EN-US\">Proje Ofisi <\/span><\/b><span lang=\"EN-US\"><\/span><\/p>\n<\/td>\n<td width=\"301\" style=\"width:225.95pt;border-top:none;border-left:none;border-bottom:solid windowtext 1.0pt;border-right:solid windowtext 1.0pt;padding:0cm 5.4pt 0cm 5.4pt\">\n<p class=\"MsoNormal\" style=\"line-height:115%\"><span lang=\"EN-US\">Prof. Dr. Ta\u015fk\u0131n \u00d6ZTA\u015e<\/span><\/p>\n<p class=\"MsoNormal\" style=\"line-height:115%\"><span lang=\"EN-US\">Prof. Dr. Serdar B\u0130LEN<\/span><\/p>\n<p class=\"MsoNormal\" style=\"line-height:115%\"><span lang=\"EN-US\">Prof. Dr. Ekrem L. AKSAKAL<\/span><\/p>\n<p class=\"MsoNormal\" style=\"line-height:115%\"><span lang=\"EN-US\">Do\u00e7. Dr. Emre \u00c7OMAKLI<\/span><\/p>\n<\/td>\n<\/tr>\n<tr>\n<td width=\"301\" style=\"width:225.95pt;border:solid windowtext 1.0pt;border-top: none;padding:0cm 5.4pt 0cm 5.4pt\">\n<p class=\"MsoNormal\" style=\"line-height:115%\"><b><span lang=\"EN-US\">Uluslararas\u0131la\u015fma<\/span><\/b><span lang=\"EN-US\"><\/span><\/p>\n<\/td>\n<td width=\"301\" style=\"width:225.95pt;border-top:none;border-left:none;border-bottom:solid windowtext 1.0pt;border-right:solid windowtext 1.0pt;padding:0cm 5.4pt 0cm 5.4pt\">\n<p class=\"MsoNormal\" style=\"line-height:115%\"><span lang=\"EN-US\">Prof. Dr. Ta\u015fk\u0131n \u00d6ZTA\u015e<\/span><\/p>\n<p class=\"MsoNormal\" style=\"line-height:115%\"><span lang=\"EN-US\">Prof. Dr. Serdar B\u0130LEN<\/span><\/p>\n<p class=\"MsoNormal\" style=\"line-height:115%\"><span lang=\"EN-US\">Prof. Dr. Kenan BAR\u0130K<\/span><\/p>\n<\/td>\n<\/tr>\n<tr>\n<td width=\"301\" style=\"width:225.95pt;border:solid windowtext 1.0pt;border-top: none;padding:0cm 5.4pt 0cm 5.4pt\">\n<p class=\"MsoNormal\" style=\"line-height:115%\"><b><span lang=\"EN-US\">Dijitalle\u015fme<\/span><\/b><span lang=\"EN-US\"><\/span><\/p>\n<\/td>\n<td width=\"301\" style=\"width:225.95pt;border-top:none;border-left:none;border-bottom:solid windowtext 1.0pt;border-right:solid windowtext 1.0pt;padding:0cm 5.4pt 0cm 5.4pt\">\n<p class=\"MsoNormal\" style=\"line-height:115%\"><span lang=\"EN-US\">Prof. Dr. Serdar B\u0130LEN<\/span><\/p>\n<p class=\"MsoNormal\" style=\"line-height:115%\"><span lang=\"EN-US\">Do\u00e7. Dr. Emre \u00c7OMAKLI <\/span><\/p>\n<p class=\"MsoNormal\" style=\"line-height:115%\"><span lang=\"EN-US\">Dr. <\/span>\u00d6\u011fr. \u00dc.<span lang=\"EN-US\"> Faz\u0131l HACIM\u00dcFT\u00dcO\u011eLU<\/span><\/p>\n<\/td>\n<\/tr>\n<tr>\n<td width=\"301\" style=\"width:225.95pt;border:solid windowtext 1.0pt;border-top: none;padding:0cm 5.4pt 0cm 5.4pt\">\n<p class=\"MsoNormal\" style=\"line-height:115%\"><b><span lang=\"EN-US\">Kurumsal \u0130leti\u015fim<\/span><\/b><span lang=\"EN-US\"><\/span><\/p>\n<\/td>\n<td width=\"301\" style=\"width:225.95pt;border-top:none;border-left:none;border-bottom:solid windowtext 1.0pt;border-right:solid windowtext 1.0pt;padding:0cm 5.4pt 0cm 5.4pt\">\n<p class=\"MsoNormal\" style=\"line-height:115%\"><span lang=\"EN-US\">Prof. Dr. Mustafa Y. CANBOLAT <\/span><\/p>\n<p class=\"MsoNormal\" style=\"line-height:115%\"><span lang=\"EN-US\">Prof. Dr. M\u00fcdahir \u00d6ZG\u00dcL<\/span><\/p>\n<p class=\"MsoNormal\" style=\"line-height:115%\"><span lang=\"EN-US\">Dr. <\/span>\u00d6\u011fr. \u00dc.<span lang=\"EN-US\"> Faz\u0131l HACIM\u00dcFT\u00dcO\u011eLU<\/span><\/p>\n<\/td>\n<\/tr>\n<tr>\n<td width=\"301\" style=\"width:225.95pt;border:solid windowtext 1.0pt;border-top: none;padding:0cm 5.4pt 0cm 5.4pt\">\n<p class=\"MsoNormal\" style=\"line-height:115%\"><b><span lang=\"EN-US\">Veri Y\u00f6netimi<\/span><\/b><span lang=\"EN-US\"><\/span><\/p>\n<\/td>\n<td width=\"301\" style=\"width:225.95pt;border-top:none;border-left:none;border-bottom:solid windowtext 1.0pt;border-right:solid windowtext 1.0pt;padding:0cm 5.4pt 0cm 5.4pt\">\n<p class=\"MsoNormal\" style=\"line-height:115%\"><span lang=\"EN-US\">Prof. Dr. Mustafa Y. CANBOLAT<\/span><\/p>\n<p class=\"MsoNormal\" style=\"line-height:115%\"><span lang=\"EN-US\">Prof. Dr. Ta\u015fk\u0131n \u00d6ZTA\u015e<\/span><\/p>\n<p class=\"MsoNormal\" style=\"line-height:115%\"><span lang=\"EN-US\">Prof. Dr.<br>\n  Ekrem L\u00fctfi AKSAKAL<\/span><span lang=\"EN-US\"><\/span><\/p>\n<\/td>\n<\/tr>\n<tr>\n<td width=\"301\" style=\"width:225.95pt;border:solid windowtext 1.0pt;border-top: none;padding:0cm 5.4pt 0cm 5.4pt\">\n<p class=\"MsoNormal\" style=\"line-height:115%\"><b><span lang=\"EN-US\">SDG Komisyonu<\/span><\/b><span lang=\"EN-US\"><\/span><\/p>\n<\/td>\n<td width=\"301\" style=\"width:225.95pt;border-top:none;border-left:none;border-bottom:solid windowtext 1.0pt;border-right:solid windowtext 1.0pt;padding:0cm 5.4pt 0cm 5.4pt\">\n<p class=\"MsoNormal\" style=\"line-height:115%\"><span lang=\"EN-US\">Prof. Dr.<br>\n  Nesrin YILDIZ<\/span><span lang=\"EN-US\"><\/span><\/p>\n<p class=\"MsoNormal\" style=\"line-height:115%\"><span lang=\"EN-US\">Prof. Dr. Kenan BAR\u0130K <\/span><\/p>\n<p class=\"MsoNormal\" style=\"line-height:115%\"><span lang=\"EN-US\">Prof. Dr. M\u00fcdahir \u00d6ZG\u00dcL<\/span><\/p>\n<p class=\"MsoNormal\" style=\"line-height:115%\"><span lang=\"EN-US\">Dr. \u00d6\u011fr. \u00dc. Adil AYDIN<\/span><\/p>\n<\/td>\n<\/tr>\n<tr>\n<td width=\"301\" style=\"width:225.95pt;border:solid windowtext 1.0pt;border-top: none;padding:0cm 5.4pt 0cm 5.4pt\">\n<p class=\"MsoNormal\" style=\"line-height:115%\"><b><span lang=\"EN-US\">\u00d6\u011fretim \u00dcyesi \/<br>\n  \u00d6\u011frenci Geli\u015ftirme Pro\u011fram\u0131<\/span><\/b><span lang=\"EN-US\"><\/span><\/p>\n<\/td>\n<td width=\"301\" style=\"width:225.95pt;border-top:none;border-left:none;border-bottom:solid windowtext 1.0pt;border-right:solid windowtext 1.0pt;padding:0cm 5.4pt 0cm 5.4pt\">\n<p class=\"MsoNormal\" style=\"line-height:115%\"><span lang=\"EN-US\">Prof. Dr. Ta\u015fk\u0131n \u00d6ZTA\u015e<\/span><\/p>\n<p class=\"MsoNormal\" style=\"line-height:115%\"><span lang=\"EN-US\">Prof. Dr. Nesrin YILDIZ<\/span><\/p>\n<p class=\"MsoNormal\" style=\"line-height:115%\"><span lang=\"EN-US\">Prof. Dr. M\u00fcdahir \u00d6ZG\u00dcL<\/span><\/p>\n<p class=\"MsoNormal\" style=\"line-height:115%\"><span lang=\"EN-US\">Dr. \u00d6\u011fr. \u00dc. Faz\u0131l HACIM\u00dcFT\u00dcO\u011eLU<\/span><\/p>\n<\/td>\n<\/tr>\n<tr>\n<td width=\"301\" style=\"width:225.95pt;border:solid windowtext 1.0pt;border-top: none;padding:0cm 5.4pt 0cm 5.4pt\">\n<p class=\"MsoNormal\" style=\"line-height:115%\"><b><span lang=\"EN-US\">Burslar<\/span><\/b><span lang=\"EN-US\"><\/span><\/p>\n<\/td>\n<td width=\"301\" style=\"width:225.95pt;border-top:none;border-left:none;border-bottom:solid windowtext 1.0pt;border-right:solid windowtext 1.0pt;padding:0cm 5.4pt 0cm 5.4pt\">\n<p class=\"MsoNormal\" style=\"line-height:115%\"><span lang=\"EN-US\">Prof. Dr. M\u00fcdahir \u00d6ZG\u00dcL<\/span><\/p>\n<p class=\"MsoNormal\" style=\"line-height:115%\"><span lang=\"EN-US\">Prof. Dr. Ekrem L. AKSAKAL<\/span><\/p>\n<p class=\"MsoNormal\" style=\"line-height:115%\">Dr. \u00d6\u011fr. \u00dc. <span lang=\"EN-US\">Elif YA\u011eANO\u011eLU<\/span><\/p>\n<\/td>\n<\/tr>\n<tr>\n<td width=\"301\" style=\"width:225.95pt;border:solid windowtext 1.0pt;border-top: none;padding:0cm 5.4pt 0cm 5.4pt\">\n<p class=\"MsoNormal\" style=\"line-height:115%\"><b><span lang=\"EN-US\">Mezunlarla \u0130li\u015fkiler<br>\n  Komisyonu<\/span><\/b><span lang=\"EN-US\"><\/span><\/p>\n<\/td>\n<td width=\"301\" style=\"width:225.95pt;border-top:none;border-left:none;border-bottom:solid windowtext 1.0pt;border-right:solid windowtext 1.0pt;padding:0cm 5.4pt 0cm 5.4pt\">\n<p class=\"MsoNormal\" style=\"line-height:115%\"><span lang=\"EN-US\">Prof. Dr. Serdar B\u0130LEN<\/span><\/p>\n<p class=\"MsoNormal\" style=\"line-height:115%\"><span lang=\"EN-US\">Prof. Dr. M\u00fcdahir \u00d6ZG\u00dcL<\/span><\/p>\n<p class=\"MsoNormal\" style=\"line-height:115%\"><span lang=\"EN-US\">Dr. \u00d6\u011fr. \u00dc. Adil AYDIN<\/span><\/p>\n<p class=\"MsoNormal\" style=\"line-height:115%\"><span lang=\"EN-US\">Dr. \u00d6\u011fr. \u00dc. Elif YA\u011eANO\u011eLU<\/span><\/p>\n<\/td>\n<\/tr>\n<tr>\n<td width=\"301\" style=\"width:225.95pt;border:solid windowtext 1.0pt;border-top: none;padding:0cm 5.4pt 0cm 5.4pt\">\n<p class=\"MsoNormal\" style=\"line-height:115%\"><b><span lang=\"EN-US\">Kariyer Planlama<\/span><\/b><span lang=\"EN-US\"><\/span><\/p>\n<\/td>\n<td width=\"301\" style=\"width:225.95pt;border-top:none;border-left:none;border-bottom:solid windowtext 1.0pt;border-right:solid windowtext 1.0pt;padding:0cm 5.4pt 0cm 5.4pt\">\n<p class=\"MsoNormal\" style=\"line-height:115%\"><span lang=\"EN-US\">Prof. Dr. Serdar B\u0130LEN<\/span><\/p>\n<p class=\"MsoNormal\" style=\"line-height:115%\"><span lang=\"EN-US\">Prof. Dr. Kenan BAR\u0130K <\/span><\/p>\n<p class=\"MsoNormal\" style=\"line-height:115%\"><span lang=\"EN-US\">Prof. Dr. M\u00fcdahir \u00d6ZG\u00dcL<\/span><\/p>\n<\/td>\n<\/tr>\n<tr>\n<td width=\"301\" style=\"width:225.95pt;border:solid windowtext 1.0pt;border-top: none;padding:0cm 5.4pt 0cm 5.4pt\">\n<p class=\"MsoNormal\" style=\"line-height:115%\"><b><span lang=\"EN-US\">\u00d6\u011frenci Kul\u00fcpleri<\/span><\/b><span lang=\"EN-US\"><\/span><\/p>\n<\/td>\n<td width=\"301\" style=\"width:225.95pt;border-top:none;border-left:none;border-bottom:solid windowtext 1.0pt;border-right:solid windowtext 1.0pt;padding:0cm 5.4pt 0cm 5.4pt\">\n<p class=\"MsoNormal\" style=\"line-height:115%\"><span lang=\"EN-US\">Prof. Dr. Serdar B\u0130LEN<\/span><\/p>\n<p class=\"MsoNormal\" style=\"line-height:115%\">Dr. \u00d6\u011fr. \u00dc. <span lang=\"EN-US\">Faz\u0131l HACIM\u00dcFT\u00dcO\u011eLU<\/span><\/p>\n<p class=\"MsoNormal\" style=\"line-height:115%\"><span lang=\"EN-US\">Dr. \u00d6\u011fr. \u00dc. Elif YA\u011eANO\u011eLU<\/span><\/p>\n<p class=\"MsoNormal\" style=\"line-height:115%\"><span lang=\"EN-US\">Ara\u015f. G\u00f6r. H\u00fcseyin AYDIN<\/span><\/p>\n<\/td>\n<\/tr>\n<tr>\n<td width=\"301\" style=\"width:225.95pt;border:solid windowtext 1.0pt;border-top: none;padding:0cm 5.4pt 0cm 5.4pt\">\n<p class=\"MsoNormal\" style=\"line-height:115%\"><b><span lang=\"EN-US\">Teknokentle<br>\n  \u0130li\u015fkiler<\/span><\/b><span lang=\"EN-US\"><\/span><\/p>\n<\/td>\n<td width=\"301\" style=\"width:225.95pt;border-top:none;border-left:none;border-bottom:solid windowtext 1.0pt;border-right:solid windowtext 1.0pt;padding:0cm 5.4pt 0cm 5.4pt\">\n<p class=\"MsoNormal\" style=\"line-height:115%\"><span lang=\"EN-US\">Prof. Dr. Mustafa Y. CANBOLAT<\/span><\/p>\n<p class=\"MsoNormal\" style=\"line-height:115%\"><span lang=\"EN-US\">Prof. Dr. Nesrin YILDIZ<\/span><\/p>\n<p class=\"MsoNormal\" style=\"line-height:115%\"><span lang=\"EN-US\">Prof. Dr. Kenan BAR\u0130K <\/span><\/p>\n<p class=\"MsoNormal\" style=\"line-height:115%\"><span lang=\"EN-US\">Do\u00e7. Dr. Emre \u00c7OMAKLI<\/span><\/p>\n<\/td>\n<\/tr>\n<tr>\n<td width=\"301\" style=\"width:225.95pt;border:solid windowtext 1.0pt;border-top: none;padding:0cm 5.4pt 0cm 5.4pt\">\n<p class=\"MsoNormal\" style=\"line-height:115%\"><b><span lang=\"EN-US\">Bilimsel Dergi Takip<\/span><\/b><span lang=\"EN-US\"><\/span><\/p>\n<\/td>\n<td width=\"301\" style=\"width:225.95pt;border-top:none;border-left:none;border-bottom:solid windowtext 1.0pt;border-right:solid windowtext 1.0pt;padding:0cm 5.4pt 0cm 5.4pt\">\n<p class=\"MsoNormal\" style=\"line-height:115%\"><span lang=\"EN-US\">Prof. Dr. Mustafa Y. CANBOLAT <\/span><\/p>\n<p class=\"MsoNormal\" style=\"line-height:115%\"><span lang=\"EN-US\">Prof. Dr. Ekrem L. AKSAKAL<\/span><\/p>\n<p class=\"MsoNormal\" style=\"line-height:115%\"><span lang=\"EN-US\">Do\u00e7. Dr. Emre \u00c7OMAKLI<\/span><\/p>\n<p class=\"MsoNormal\" style=\"line-height:115%\"><span lang=\"EN-US\">Dr. \u00d6\u011fr. \u00dc. Faz\u0131l HACIM\u00dcFT\u00dcO\u011eLU<\/span><\/p>\n<\/td>\n<\/tr>\n<tr>\n<td width=\"301\" style=\"width:225.95pt;border:solid windowtext 1.0pt;border-top: none;padding:0cm 5.4pt 0cm 5.4pt\">\n<p class=\"MsoNormal\" style=\"line-height:115%\"><b><span lang=\"EN-US\">Toplumsal Duyarl\u0131l\u0131k<br>\n  Projeleri Takip<\/span><\/b><span lang=\"EN-US\"><\/span><\/p>\n<\/td>\n<td width=\"301\" style=\"width:225.95pt;border-top:none;border-left:none;border-bottom:solid windowtext 1.0pt;border-right:solid windowtext 1.0pt;padding:0cm 5.4pt 0cm 5.4pt\">\n<p class=\"MsoNormal\" style=\"line-height:115%\"><span lang=\"EN-US\">Prof. Dr. Nesrin YILDIZ<\/span><\/p>\n<p class=\"MsoNormal\" style=\"line-height:115%\"><span lang=\"EN-US\">Prof. Dr. M\u00fcdahir \u00d6ZG\u00dcL<\/span><\/p>\n<p class=\"MsoNormal\" style=\"line-height:115%\"><span lang=\"EN-US\">Prof. Dr. Ekrem L. AKSAKAL<\/span><\/p>\n<p class=\"MsoNormal\" style=\"line-height:115%\">Do\u00e7. Dr. Emre \u00c7OMAKLI<span lang=\"EN-US\"><\/span><\/p>\n<\/td>\n<\/tr>\n<tr>\n<td width=\"301\" style=\"width:225.95pt;border:solid windowtext 1.0pt;border-top: none;padding:0cm 5.4pt 0cm 5.4pt\">\n<p class=\"MsoNormal\" style=\"line-height:115%\"><b><span lang=\"EN-US\">Kalite ve Akreditasyon<br>\n  Komisyonu<\/span><\/b><span lang=\"EN-US\"><\/span><\/p>\n<\/td>\n<td width=\"301\" style=\"width:225.95pt;border-top:none;border-left:none;border-bottom:solid windowtext 1.0pt;border-right:solid windowtext 1.0pt;padding:0cm 5.4pt 0cm 5.4pt\">\n<p class=\"MsoNormal\" style=\"line-height:115%\"><span lang=\"EN-US\">Prof. Dr. Mustafa Y. CANBOLAT<\/span><\/p>\n<p class=\"MsoNormal\" style=\"line-height:115%\"><span lang=\"EN-US\">Prof. Dr.<br>\n  Ta\u015fk\u0131n \u00d6ZTA\u015e <\/span><\/p>\n<p class=\"MsoNormal\" style=\"line-height:115%\"><span lang=\"EN-US\">Prof. Dr.<br>\n  Nesrin YILDIZ <\/span><\/p>\n<p class=\"MsoNormal\" style=\"line-height:115%\"><span lang=\"EN-US\">Prof. Dr.<br>\n  Serdar B\u0130LEN <\/span><\/p>\n<p class=\"MsoNormal\" style=\"line-height:115%\"><span lang=\"EN-US\">Prof. Dr. Kenan BAR\u0130K<\/span><\/p>\n<p class=\"MsoNormal\" style=\"line-height:115%\"><span lang=\"EN-US\">Prof. Dr.<br>\n  M\u00fcdahir \u00d6ZG\u00dcL <\/span><\/p>\n<p class=\"MsoNormal\" style=\"line-height:115%\"><span lang=\"EN-US\">Prof. Dr. Ekrem L. AKSAKAL<\/span><\/p>\n<p class=\"MsoNormal\" style=\"line-height:115%\"><span lang=\"EN-US\">Do\u00e7. Dr. Emre \u00c7OMAKLI<\/span><\/p>\n<p class=\"MsoNormal\" style=\"line-height:115%\"><span lang=\"EN-US\">Dr. \u00d6\u011fr. \u00dc. Adil AYDIN<\/span><\/p>\n<p class=\"MsoNormal\" style=\"line-height:115%\"><span lang=\"EN-US\">Dr. \u00d6\u011fr. \u00dc. Faz\u0131l HACIM\u00dcFT\u00dcO\u011eLU<\/span><\/p>\n<\/td>\n<\/tr>\n<tr>\n<td width=\"301\" style=\"width:225.95pt;border:solid windowtext 1.0pt;border-top: none;padding:0cm 5.4pt 0cm 5.4pt\">\n<p class=\"MsoNormal\" style=\"line-height:115%\"><b><span lang=\"EN-US\">E\u011fitim \u00d6\u011fretim Komisyonu<\/span><\/b><span lang=\"EN-US\"><\/span><\/p>\n<\/td>\n<td width=\"301\" style=\"width:225.95pt;border-top:none;border-left:none;border-bottom:solid windowtext 1.0pt;border-right:solid windowtext 1.0pt;padding:0cm 5.4pt 0cm 5.4pt\">\n<p class=\"MsoNormal\" style=\"line-height:115%\"><span lang=\"EN-US\">Prof. Dr. Mustafa Y. CANBOLAT<\/span><\/p>\n<p class=\"MsoNormal\" style=\"line-height:115%\"><span lang=\"EN-US\">Prof. Dr.<br>\n  Ta\u015fk\u0131n \u00d6ZTA\u015e <\/span><\/p>\n<p class=\"MsoNormal\" style=\"line-height:115%\"><span lang=\"EN-US\">Prof. Dr.<br>\n  Nesrin YILDIZ <\/span><\/p>\n<p class=\"MsoNormal\" style=\"line-height:115%\"><span lang=\"EN-US\">Prof. Dr.<br>\n  Serdar B\u0130LEN <\/span><\/p>\n<p class=\"MsoNormal\" style=\"line-height:115%\"><span lang=\"EN-US\">Prof. Dr. Kenan BAR\u0130K<\/span><\/p>\n<p class=\"MsoNormal\" style=\"line-height:115%\"><span lang=\"EN-US\">Prof. Dr.<br>\n  M\u00fcdahir \u00d6ZG\u00dcL <\/span><\/p>\n<p class=\"MsoNormal\" style=\"line-height:115%\"><span lang=\"EN-US\">Prof. Dr. Ekrem L. AKSAKAL<\/span><\/p>\n<p class=\"MsoNormal\" style=\"line-height:115%\"><span lang=\"EN-US\">Do\u00e7. Dr. Emre \u00c7OMAKLI<\/span><\/p>\n<p class=\"MsoNormal\" style=\"line-height:115%\"><span lang=\"EN-US\">Dr. \u00d6\u011fr. \u00dc. Adil AYDIN<\/span><\/p>\n<p class=\"MsoNormal\" style=\"line-height:115%\"><span lang=\"EN-US\">Dr. \u00d6\u011fr. \u00dc. Faz\u0131l HACIM\u00dcFT\u00dcO\u011eLU<\/span><\/p>\n<p class=\"MsoNormal\" style=\"line-height:115%\"><span lang=\"EN-US\">Dr. \u00d6\u011fr. \u00dc. Elif YA\u011eANO\u011eLU<\/span><\/p>\n<\/td>\n<\/tr>\n<tr>\n<td width=\"301\" style=\"width:225.95pt;border:solid windowtext 1.0pt;border-top: none;padding:0cm 5.4pt 0cm 5.4pt\">\n<p class=\"MsoNormal\"><b><span lang=\"EN-US\">Stratejik Plan Komisyonu<\/span><\/b><\/p>\n<p class=\"MsoNormal\" style=\"line-height:115%\"><b><span lang=\"EN-US\">&nbsp;<\/span><\/b><\/p>\n<\/td>\n<td width=\"301\" style=\"width:225.95pt;border-top:none;border-left:none;border-bottom:solid windowtext 1.0pt;border-right:solid windowtext 1.0pt;padding:0cm 5.4pt 0cm 5.4pt\">\n<p class=\"MsoNormal\" style=\"line-height:115%\"><span lang=\"EN-US\">Prof. Dr. Mustafa Y. CANBOLAT<\/span><\/p>\n<p class=\"MsoNormal\" style=\"line-height:115%\"><span lang=\"EN-US\">Prof. Dr.<br>\n  Ta\u015fk\u0131n \u00d6ZTA\u015e <\/span><\/p>\n<p class=\"MsoNormal\" style=\"line-height:115%\"><span lang=\"EN-US\">Prof. Dr.<br>\n  Nesrin YILDIZ <\/span><\/p>\n<p class=\"MsoNormal\" style=\"line-height:115%\"><span lang=\"EN-US\">Prof. Dr.<br>\n  Serdar B\u0130LEN <\/span><\/p>\n<p class=\"MsoNormal\" style=\"line-height:115%\"><span lang=\"EN-US\">Prof. Dr. Kenan BAR\u0130K<\/span><\/p>\n<p class=\"MsoNormal\" style=\"line-height:115%\"><span lang=\"EN-US\">Prof. Dr.<br>\n  M\u00fcdahir \u00d6ZG\u00dcL <\/span><\/p>\n<p class=\"MsoNormal\" style=\"line-height:115%\"><span lang=\"EN-US\">Prof. Dr. Ekrem L. AKSAKAL<\/span><\/p>\n<p class=\"MsoNormal\" style=\"line-height:115%\"><span lang=\"EN-US\">Do\u00e7. Dr. Emre \u00c7OMAKLI<\/span><\/p>\n<p class=\"MsoNormal\" style=\"line-height:115%\"><span lang=\"EN-US\">Dr. \u00d6\u011fr. \u00dc. Adil AYDIN<\/span><\/p>\n<p class=\"MsoNormal\" style=\"line-height:115%\"><span lang=\"EN-US\">Dr. \u00d6\u011fr. \u00dc. Faz\u0131l HACIM\u00dcFT\u00dcO\u011eLU<\/span><\/p>\n<p class=\"MsoNormal\" style=\"line-height:115%\"><span lang=\"EN-US\">Dr. \u00d6\u011fr. \u00dc. Elif YA\u011eANO\u011eLU<\/span><\/p>\n<\/td>\n<\/tr>\n<\/tbody>\n<\/table>\t\t\t\t\t\t\t\t<\/div>\n\t\t\t\t<\/div>\n\t\t\t\t\t<\/div>\n\t\t<\/div>\n\t\t\t\t\t<\/div>\n\t\t<\/section>\n\t\t\t\t<\/div>\n\t\t","protected":false},"excerpt":{"rendered":"<p>B\u00f6l\u00fcm Komisyonlar\u0131 ve G\u00f6rev Alan \u00d6\u011fretim Elemanlar\u0131 Komisyon \u00dcyeler Proje Ofisi Prof. Dr. Ta\u015fk\u0131n \u00d6ZTA\u015e Prof. Dr. Serdar B\u0130LEN Prof. Dr. Ekrem L. AKSAKAL Do\u00e7. Dr. Emre \u00c7OMAKLI Uluslararas\u0131la\u015fma Prof. Dr. Ta\u015fk\u0131n \u00d6ZTA\u015e Prof. Dr. Serdar B\u0130LEN Prof. Dr. Kenan BAR\u0130K Dijitalle\u015fme Prof. Dr. Serdar B\u0130LEN Do\u00e7. Dr. Emre \u00c7OMAKLI Dr. \u00d6\u011fr. \u00dc. Faz\u0131l HACIM\u00dcFT\u00dcO\u011eLU [&hellip;]<\/p>\n","protected":false},"author":150,"featured_media":0,"parent":0,"menu_order":0,"comment_status":"closed","ping_status":"closed","template":"","meta":{"footnotes":""},"class_list":["post-6689","page","type-page","status-publish","hentry"],"_links":{"self":[{"href":"https:\/\/atauni.edu.tr\/toprak-bilimi-ve-bitki-besleme-bolumu\/wp-json\/wp\/v2\/pages\/6689","targetHints":{"allow":["GET"]}}],"collection":[{"href":"https:\/\/atauni.edu.tr\/toprak-bilimi-ve-bitki-besleme-bolumu\/wp-json\/wp\/v2\/pages"}],"about":[{"href":"https:\/\/atauni.edu.tr\/toprak-bilimi-ve-bitki-besleme-bolumu\/wp-json\/wp\/v2\/types\/page"}],"author":[{"embeddable":true,"href":"https:\/\/atauni.edu.tr\/toprak-bilimi-ve-bitki-besleme-bolumu\/wp-json\/wp\/v2\/users\/150"}],"replies":[{"embeddable":true,"href":"https:\/\/atauni.edu.tr\/toprak-bilimi-ve-bitki-besleme-bolumu\/wp-json\/wp\/v2\/comments?post=6689"}],"version-history":[{"count":19,"href":"https:\/\/atauni.edu.tr\/toprak-bilimi-ve-bitki-besleme-bolumu\/wp-json\/wp\/v2\/pages\/6689\/revisions"}],"predecessor-version":[{"id":6743,"href":"https:\/\/atauni.edu.tr\/toprak-bilimi-ve-bitki-besleme-bolumu\/wp-json\/wp\/v2\/pages\/6689\/revisions\/6743"}],"wp:attachment":[{"href":"https:\/\/atauni.edu.tr\/toprak-bilimi-ve-bitki-besleme-bolumu\/wp-json\/wp\/v2\/media?parent=6689"}],"curies":[{"name":"wp","href":"https:\/\/api.w.org\/{rel}","templated":true}]}}