{"id":6705,"date":"2024-05-17T18:02:04","date_gmt":"2024-05-17T15:02:04","guid":{"rendered":"https:\/\/birimler.atauni.edu.tr\/toprak-bilimi-ve-bitki-besleme-bolumu\/?page_id=6705"},"modified":"2024-05-17T18:04:43","modified_gmt":"2024-05-17T15:04:43","slug":"is-ve-istihdam-olanaklari","status":"publish","type":"page","link":"https:\/\/atauni.edu.tr\/toprak-bilimi-ve-bitki-besleme-bolumu\/is-ve-istihdam-olanaklari\/","title":{"rendered":"\u0130\u015f ve \u0130stihdam Olanaklar\u0131"},"content":{"rendered":"\t\t<div data-elementor-type=\"wp-page\" data-elementor-id=\"6705\" class=\"elementor elementor-6705\" data-elementor-post-type=\"page\">\n\t\t\t\t\t\t<section class=\"elementor-section elementor-top-section elementor-element elementor-element-3b19660 elementor-section-boxed elementor-section-height-default elementor-section-height-default\" data-id=\"3b19660\" data-element_type=\"section\">\n\t\t\t\t\t\t<div class=\"elementor-container elementor-column-gap-default\">\n\t\t\t\t\t<div class=\"elementor-column elementor-col-100 elementor-top-column elementor-element elementor-element-55e4551\" data-id=\"55e4551\" data-element_type=\"column\">\n\t\t\t<div class=\"elementor-widget-wrap elementor-element-populated\">\n\t\t\t\t\t\t<div class=\"elementor-element elementor-element-51aa855 elementor-widget elementor-widget-image\" data-id=\"51aa855\" data-element_type=\"widget\" data-widget_type=\"image.default\">\n\t\t\t\t<div class=\"elementor-widget-container\">\n\t\t\t\t\t\t\t\t\t\t\t\t\t\t\t<img fetchpriority=\"high\" decoding=\"async\" width=\"866\" height=\"617\" src=\"https:\/\/atauni.edu.tr\/toprak-bilimi-ve-bitki-besleme-bolumu\/wp-content\/uploads\/sites\/168\/2024\/05\/is-ve-istihdam-1.png\" class=\"attachment-large size-large wp-image-6707\" alt=\"\" srcset=\"https:\/\/atauni.edu.tr\/toprak-bilimi-ve-bitki-besleme-bolumu\/wp-content\/uploads\/sites\/168\/2024\/05\/is-ve-istihdam-1.png 866w, https:\/\/atauni.edu.tr\/toprak-bilimi-ve-bitki-besleme-bolumu\/wp-content\/uploads\/sites\/168\/2024\/05\/is-ve-istihdam-1-300x214.png 300w, https:\/\/atauni.edu.tr\/toprak-bilimi-ve-bitki-besleme-bolumu\/wp-content\/uploads\/sites\/168\/2024\/05\/is-ve-istihdam-1-768x547.png 768w, https:\/\/atauni.edu.tr\/toprak-bilimi-ve-bitki-besleme-bolumu\/wp-content\/uploads\/sites\/168\/2024\/05\/is-ve-istihdam-1-600x427.png 600w, https:\/\/atauni.edu.tr\/toprak-bilimi-ve-bitki-besleme-bolumu\/wp-content\/uploads\/sites\/168\/2024\/05\/is-ve-istihdam-1-560x399.png 560w\" sizes=\"(max-width: 866px) 100vw, 866px\" \/>\t\t\t\t\t\t\t\t\t\t\t\t\t\t\t<\/div>\n\t\t\t\t<\/div>\n\t\t\t\t\t<\/div>\n\t\t<\/div>\n\t\t\t\t\t<\/div>\n\t\t<\/section>\n\t\t\t\t<section class=\"elementor-section elementor-top-section elementor-element elementor-element-50a3b5c elementor-section-boxed elementor-section-height-default elementor-section-height-default\" data-id=\"50a3b5c\" data-element_type=\"section\">\n\t\t\t\t\t\t<div class=\"elementor-container elementor-column-gap-default\">\n\t\t\t\t\t<div class=\"elementor-column elementor-col-100 elementor-top-column elementor-element elementor-element-cb46795\" data-id=\"cb46795\" data-element_type=\"column\">\n\t\t\t<div class=\"elementor-widget-wrap elementor-element-populated\">\n\t\t\t\t\t\t<div class=\"elementor-element elementor-element-2aac112 elementor-widget elementor-widget-image\" data-id=\"2aac112\" data-element_type=\"widget\" data-widget_type=\"image.default\">\n\t\t\t\t<div class=\"elementor-widget-container\">\n\t\t\t\t\t\t\t\t\t\t\t\t\t\t\t<img decoding=\"async\" width=\"703\" height=\"497\" src=\"https:\/\/atauni.edu.tr\/toprak-bilimi-ve-bitki-besleme-bolumu\/wp-content\/uploads\/sites\/168\/2024\/05\/is-ve-istihdam-2.png\" class=\"attachment-large size-large wp-image-6708\" alt=\"\" srcset=\"https:\/\/atauni.edu.tr\/toprak-bilimi-ve-bitki-besleme-bolumu\/wp-content\/uploads\/sites\/168\/2024\/05\/is-ve-istihdam-2.png 703w, https:\/\/atauni.edu.tr\/toprak-bilimi-ve-bitki-besleme-bolumu\/wp-content\/uploads\/sites\/168\/2024\/05\/is-ve-istihdam-2-300x212.png 300w, https:\/\/atauni.edu.tr\/toprak-bilimi-ve-bitki-besleme-bolumu\/wp-content\/uploads\/sites\/168\/2024\/05\/is-ve-istihdam-2-600x424.png 600w, https:\/\/atauni.edu.tr\/toprak-bilimi-ve-bitki-besleme-bolumu\/wp-content\/uploads\/sites\/168\/2024\/05\/is-ve-istihdam-2-560x396.png 560w\" sizes=\"(max-width: 703px) 100vw, 703px\" \/>\t\t\t\t\t\t\t\t\t\t\t\t\t\t\t<\/div>\n\t\t\t\t<\/div>\n\t\t\t\t\t<\/div>\n\t\t<\/div>\n\t\t\t\t\t<\/div>\n\t\t<\/section>\n\t\t\t\t<\/div>\n\t\t","protected":false},"excerpt":{"rendered":"","protected":false},"author":150,"featured_media":0,"parent":0,"menu_order":0,"comment_status":"closed","ping_status":"closed","template":"","meta":{"footnotes":""},"class_list":["post-6705","page","type-page","status-publish","hentry"],"_links":{"self":[{"href":"https:\/\/atauni.edu.tr\/toprak-bilimi-ve-bitki-besleme-bolumu\/wp-json\/wp\/v2\/pages\/6705","targetHints":{"allow":["GET"]}}],"collection":[{"href":"https:\/\/atauni.edu.tr\/toprak-bilimi-ve-bitki-besleme-bolumu\/wp-json\/wp\/v2\/pages"}],"about":[{"href":"https:\/\/atauni.edu.tr\/toprak-bilimi-ve-bitki-besleme-bolumu\/wp-json\/wp\/v2\/types\/page"}],"author":[{"embeddable":true,"href":"https:\/\/atauni.edu.tr\/toprak-bilimi-ve-bitki-besleme-bolumu\/wp-json\/wp\/v2\/users\/150"}],"replies":[{"embeddable":true,"href":"https:\/\/atauni.edu.tr\/toprak-bilimi-ve-bitki-besleme-bolumu\/wp-json\/wp\/v2\/comments?post=6705"}],"version-history":[{"count":4,"href":"https:\/\/atauni.edu.tr\/toprak-bilimi-ve-bitki-besleme-bolumu\/wp-json\/wp\/v2\/pages\/6705\/revisions"}],"predecessor-version":[{"id":6711,"href":"https:\/\/atauni.edu.tr\/toprak-bilimi-ve-bitki-besleme-bolumu\/wp-json\/wp\/v2\/pages\/6705\/revisions\/6711"}],"wp:attachment":[{"href":"https:\/\/atauni.edu.tr\/toprak-bilimi-ve-bitki-besleme-bolumu\/wp-json\/wp\/v2\/media?parent=6705"}],"curies":[{"name":"wp","href":"https:\/\/api.w.org\/{rel}","templated":true}]}}