{"id":5638,"date":"2021-07-13T09:49:25","date_gmt":"2021-07-13T06:49:25","guid":{"rendered":"https:\/\/portaltest.atauni.edu.tr\/bilgisayar-muhendisligi\/?page_id=5638"},"modified":"2021-12-09T16:51:47","modified_gmt":"2021-12-09T13:51:47","slug":"tarihce","status":"publish","type":"page","link":"https:\/\/atauni.edu.tr\/tortum-meslek-yuksekokulu\/tarihce\/","title":{"rendered":"Tarih\u00e7e"},"content":{"rendered":"\t\t<div data-elementor-type=\"wp-page\" data-elementor-id=\"5638\" class=\"elementor elementor-5638\" data-elementor-post-type=\"page\">\n\t\t\t\t\t\t<section class=\"elementor-section elementor-top-section elementor-element elementor-element-730d320 elementor-section-boxed elementor-section-height-default elementor-section-height-default\" data-id=\"730d320\" data-element_type=\"section\">\n\t\t\t\t\t\t<div class=\"elementor-container elementor-column-gap-default\">\n\t\t\t\t\t<div class=\"elementor-column elementor-col-100 elementor-top-column elementor-element elementor-element-753d0860\" data-id=\"753d0860\" data-element_type=\"column\">\n\t\t\t<div class=\"elementor-widget-wrap\">\n\t\t\t\t\t\t\t<\/div>\n\t\t<\/div>\n\t\t\t\t\t<\/div>\n\t\t<\/section>\n\t\t\t\t<section class=\"elementor-section elementor-top-section elementor-element elementor-element-9be811a elementor-section-boxed elementor-section-height-default elementor-section-height-default\" data-id=\"9be811a\" data-element_type=\"section\">\n\t\t\t\t\t\t<div class=\"elementor-container elementor-column-gap-default\">\n\t\t\t\t\t<div class=\"elementor-column elementor-col-100 elementor-top-column elementor-element elementor-element-1ed847b7\" data-id=\"1ed847b7\" data-element_type=\"column\">\n\t\t\t<div class=\"elementor-widget-wrap elementor-element-populated\">\n\t\t\t\t\t\t<div class=\"elementor-element elementor-element-4ce0d07f elementor-widget elementor-widget-heading\" data-id=\"4ce0d07f\" data-element_type=\"widget\" data-widget_type=\"heading.default\">\n\t\t\t\t<div class=\"elementor-widget-container\">\n\t\t\t\t\t<h2 class=\"elementor-heading-title elementor-size-default\">Genel Bilgi<\/h2>\t\t\t\t<\/div>\n\t\t\t\t<\/div>\n\t\t\t\t<div class=\"elementor-element elementor-element-63260862 elementor-widget-divider--view-line elementor-widget elementor-widget-divider\" data-id=\"63260862\" data-element_type=\"widget\" data-widget_type=\"divider.default\">\n\t\t\t\t<div class=\"elementor-widget-container\">\n\t\t\t\t\t\t\t<div class=\"elementor-divider\">\n\t\t\t<span class=\"elementor-divider-separator\">\n\t\t\t\t\t\t<\/span>\n\t\t<\/div>\n\t\t\t\t\t\t<\/div>\n\t\t\t\t<\/div>\n\t\t\t\t\t<\/div>\n\t\t<\/div>\n\t\t\t\t\t<\/div>\n\t\t<\/section>\n\t\t\t\t<section class=\"elementor-section elementor-top-section elementor-element elementor-element-681db8b elementor-section-boxed elementor-section-height-default elementor-section-height-default\" data-id=\"681db8b\" data-element_type=\"section\">\n\t\t\t\t\t\t<div class=\"elementor-container elementor-column-gap-default\">\n\t\t\t\t\t<div class=\"elementor-column elementor-col-100 elementor-top-column elementor-element elementor-element-ad4dac5\" data-id=\"ad4dac5\" data-element_type=\"column\">\n\t\t\t<div class=\"elementor-widget-wrap elementor-element-populated\">\n\t\t\t\t\t\t<div class=\"elementor-element elementor-element-2f96b3d elementor-widget elementor-widget-text-editor\" data-id=\"2f96b3d\" data-element_type=\"widget\" data-widget_type=\"text-editor.default\">\n\t\t\t\t<div class=\"elementor-widget-container\">\n\t\t\t\t\t\t\t\t\t<p>Tortum Meslek Y\u00fcksekokulu, Erzurum\u2019un 52 km kuzeydo\u011fusunda bulunan Tortum il\u00e7esinde, Y\u00fcksek\u00f6\u011fretim Kurulu\u2019nun 28.05.2009 tarihli toplant\u0131s\u0131nda al\u0131nan kararla kurulmu\u015f ve 2010-2011 akademik y\u0131l\u0131ndan itibaren 9 b\u00f6l\u00fcm ve 9 programla e\u011fitim-\u00f6\u011fretim hizmetine ba\u015flam\u0131\u015ft\u0131r. 2547 Say\u0131l\u0131 Kanun\u2019un 2880 say\u0131l\u0131 kanunla de\u011fi\u015fik 7\/d-2 maddesi uyar\u0131nca Y\u00fcksek\u00f6\u011fretim Kurulu Ba\u015fkanl\u0131\u011f\u0131\u2019n\u0131n 07.04.2010 tarihli y\u00fcr\u00fctme kurul toplant\u0131s\u0131nda Elektrik Enerjisi \u00dcretim, \u0130letim ve Da\u011f\u0131t\u0131m\u0131 ve Bilgisayar Destekli Tasar\u0131m ve Animasyon Programlar\u0131n\u0131n a\u00e7\u0131lmas\u0131n\u0131n uygun g\u00f6r\u00fclmesiyle program say\u0131s\u0131 11\u2019e \u00e7\u0131kar\u0131lm\u0131\u015ft\u0131r. \u00d6\u011fretim eleman\u0131 ve \u00f6\u011frenci yetersizli\u011finden dolay\u0131 di\u011fer b\u00f6l\u00fcmlerin kapanmas\u0131 ile 2020-2021 e\u011fitim-\u00f6\u011fretim d\u00f6neminden itibaren y\u0131l\u0131nda Bilgisayar Teknolojileri B\u00f6l\u00fcm\u00fc\/Bilgisayar Programc\u0131l\u0131\u011f\u0131 Program\u0131 ve Tasar\u0131m B\u00f6l\u00fcm\u00fc\/Grafik Tasar\u0131m\u0131 Program\u0131 ile hizmet vermektedir.<\/p><p><span style=\"letter-spacing: 0px\">Hedefi \u00fclkemizin ve b\u00f6lgemizin ihtiya\u00e7 duydu\u011fu alanlarda, \u00fclkesini ve milletini seven, \u00e7evresine duyarl\u0131, d\u00fcr\u00fcstl\u00fc\u011f\u00fc ve \u00e7al\u0131\u015fmay\u0131 ilke edinen ve kendini s\u00fcrekli geli\u015ftiren nitelikli ara elemanlar yeti\u015ftirmektir.<\/span><\/p>\t\t\t\t\t\t\t\t<\/div>\n\t\t\t\t<\/div>\n\t\t\t\t\t<\/div>\n\t\t<\/div>\n\t\t\t\t\t<\/div>\n\t\t<\/section>\n\t\t\t\t<\/div>\n\t\t","protected":false},"excerpt":{"rendered":"<p>Genel Bilgi Tortum Meslek Y\u00fcksekokulu, Erzurum\u2019un 52 km kuzeydo\u011fusunda bulunan Tortum il\u00e7esinde, Y\u00fcksek\u00f6\u011fretim Kurulu\u2019nun 28.05.2009 tarihli toplant\u0131s\u0131nda al\u0131nan kararla kurulmu\u015f ve 2010-2011 akademik y\u0131l\u0131ndan itibaren 9 b\u00f6l\u00fcm ve 9 programla e\u011fitim-\u00f6\u011fretim hizmetine ba\u015flam\u0131\u015ft\u0131r. 2547 Say\u0131l\u0131 Kanun\u2019un 2880 say\u0131l\u0131 kanunla de\u011fi\u015fik 7\/d-2 maddesi uyar\u0131nca Y\u00fcksek\u00f6\u011fretim Kurulu Ba\u015fkanl\u0131\u011f\u0131\u2019n\u0131n 07.04.2010 tarihli y\u00fcr\u00fctme kurul toplant\u0131s\u0131nda Elektrik Enerjisi \u00dcretim, \u0130letim [&hellip;]<\/p>\n","protected":false},"author":1,"featured_media":0,"parent":0,"menu_order":0,"comment_status":"closed","ping_status":"closed","template":"","meta":{"footnotes":""},"class_list":["post-5638","page","type-page","status-publish","hentry"],"_links":{"self":[{"href":"https:\/\/atauni.edu.tr\/tortum-meslek-yuksekokulu\/wp-json\/wp\/v2\/pages\/5638","targetHints":{"allow":["GET"]}}],"collection":[{"href":"https:\/\/atauni.edu.tr\/tortum-meslek-yuksekokulu\/wp-json\/wp\/v2\/pages"}],"about":[{"href":"https:\/\/atauni.edu.tr\/tortum-meslek-yuksekokulu\/wp-json\/wp\/v2\/types\/page"}],"author":[{"embeddable":true,"href":"https:\/\/atauni.edu.tr\/tortum-meslek-yuksekokulu\/wp-json\/wp\/v2\/users\/1"}],"replies":[{"embeddable":true,"href":"https:\/\/atauni.edu.tr\/tortum-meslek-yuksekokulu\/wp-json\/wp\/v2\/comments?post=5638"}],"version-history":[{"count":22,"href":"https:\/\/atauni.edu.tr\/tortum-meslek-yuksekokulu\/wp-json\/wp\/v2\/pages\/5638\/revisions"}],"predecessor-version":[{"id":6281,"href":"https:\/\/atauni.edu.tr\/tortum-meslek-yuksekokulu\/wp-json\/wp\/v2\/pages\/5638\/revisions\/6281"}],"wp:attachment":[{"href":"https:\/\/atauni.edu.tr\/tortum-meslek-yuksekokulu\/wp-json\/wp\/v2\/media?parent=5638"}],"curies":[{"name":"wp","href":"https:\/\/api.w.org\/{rel}","templated":true}]}}