{"id":5728,"date":"2021-07-13T11:33:38","date_gmt":"2021-07-13T08:33:38","guid":{"rendered":"https:\/\/portaltest.atauni.edu.tr\/bilgisayar-muhendisligi\/?page_id=5728"},"modified":"2023-08-23T14:11:47","modified_gmt":"2023-08-23T11:11:47","slug":"bolum-tanitimi","status":"publish","type":"page","link":"https:\/\/atauni.edu.tr\/tortum-meslek-yuksekokulu\/bolum-tanitimi\/","title":{"rendered":"B\u00f6l\u00fcm Tan\u0131t\u0131m\u0131"},"content":{"rendered":"\t\t<div data-elementor-type=\"wp-page\" data-elementor-id=\"5728\" class=\"elementor elementor-5728\" data-elementor-post-type=\"page\">\n\t\t\t\t\t\t<section class=\"elementor-section elementor-top-section elementor-element elementor-element-730d320 elementor-section-boxed elementor-section-height-default elementor-section-height-default\" data-id=\"730d320\" data-element_type=\"section\">\n\t\t\t\t\t\t<div class=\"elementor-container elementor-column-gap-default\">\n\t\t\t\t\t<div class=\"elementor-column elementor-col-100 elementor-top-column elementor-element elementor-element-753d0860\" data-id=\"753d0860\" data-element_type=\"column\">\n\t\t\t<div class=\"elementor-widget-wrap\">\n\t\t\t\t\t\t\t<\/div>\n\t\t<\/div>\n\t\t\t\t\t<\/div>\n\t\t<\/section>\n\t\t\t\t<section class=\"elementor-section elementor-top-section elementor-element elementor-element-9be811a elementor-section-boxed elementor-section-height-default elementor-section-height-default\" data-id=\"9be811a\" data-element_type=\"section\">\n\t\t\t\t\t\t<div class=\"elementor-container elementor-column-gap-default\">\n\t\t\t\t\t<div class=\"elementor-column elementor-col-100 elementor-top-column elementor-element elementor-element-1ed847b7\" data-id=\"1ed847b7\" data-element_type=\"column\">\n\t\t\t<div class=\"elementor-widget-wrap elementor-element-populated\">\n\t\t\t\t\t\t<div class=\"elementor-element elementor-element-4ce0d07f elementor-widget elementor-widget-heading\" data-id=\"4ce0d07f\" data-element_type=\"widget\" data-widget_type=\"heading.default\">\n\t\t\t\t<div class=\"elementor-widget-container\">\n\t\t\t\t\t<h2 class=\"elementor-heading-title elementor-size-default\">B\u00f6l\u00fcm Tan\u0131t\u0131m\u0131<\/h2>\t\t\t\t<\/div>\n\t\t\t\t<\/div>\n\t\t\t\t<div class=\"elementor-element elementor-element-63260862 elementor-widget-divider--view-line elementor-widget elementor-widget-divider\" data-id=\"63260862\" data-element_type=\"widget\" data-widget_type=\"divider.default\">\n\t\t\t\t<div class=\"elementor-widget-container\">\n\t\t\t\t\t\t\t<div class=\"elementor-divider\">\n\t\t\t<span class=\"elementor-divider-separator\">\n\t\t\t\t\t\t<\/span>\n\t\t<\/div>\n\t\t\t\t\t\t<\/div>\n\t\t\t\t<\/div>\n\t\t\t\t\t<\/div>\n\t\t<\/div>\n\t\t\t\t\t<\/div>\n\t\t<\/section>\n\t\t\t\t<section class=\"elementor-section elementor-top-section elementor-element elementor-element-681db8b elementor-section-boxed elementor-section-height-default elementor-section-height-default\" data-id=\"681db8b\" data-element_type=\"section\">\n\t\t\t\t\t\t<div class=\"elementor-container elementor-column-gap-default\">\n\t\t\t\t\t<div class=\"elementor-column elementor-col-100 elementor-top-column elementor-element elementor-element-ad4dac5\" data-id=\"ad4dac5\" data-element_type=\"column\">\n\t\t\t<div class=\"elementor-widget-wrap elementor-element-populated\">\n\t\t\t\t\t\t<div class=\"elementor-element elementor-element-2f96b3d elementor-widget elementor-widget-text-editor\" data-id=\"2f96b3d\" data-element_type=\"widget\" data-widget_type=\"text-editor.default\">\n\t\t\t\t<div class=\"elementor-widget-container\">\n\t\t\t\t\t\t\t\t\t<div>\n<h1>Neden Bilgisayar Programc\u0131l\u0131\u011f\u0131?<\/h1>\n<p class=\"MsoNormal\" style=\"margin-left: 18pt\"><span style=\"font-size: 12pt;line-height: 107%;font-family: 'Times New Roman', serif;color: #000000\">Bilgisayar Programc\u0131l\u0131\u011f\u0131\u00a0Program\u0131n\u0131n\u00a0amac\u0131, i\u015f hayat\u0131 ve toplumsal ya\u015fam\u0131n veri depolama ve i\u015fleme ihtiyac\u0131n\u0131 giderme, i\u015f hayat\u0131ndaki i\u015flemlerin ve problemlerin programlama ya da haz\u0131r paket programlar\u0131n kullan\u0131m\u0131 vas\u0131tas\u0131yla \u00e7\u00f6z\u00fcm\u00fc, kamu kurumlar\u0131 veya \u00f6zel \u015firketlerinin bilgisayar a\u011f\u0131 ve internet ihtiya\u00e7lar\u0131n\u0131n kar\u015f\u0131lanmas\u0131 konusunda e\u011fitimli ara insan g\u00fcc\u00fcn\u00fc yeti\u015ftirmektir. \u00d6zel ve kamu sekt\u00f6r \u015firketlerinin ihtiyac\u0131 olan mesleki bilgilerle donat\u0131lm\u0131\u015f, kar\u015f\u0131la\u015ft\u0131\u011f\u0131 beklenmedik problemlere \u00e7\u00f6z\u00fcmler \u00fcretebilen, teknolojik geli\u015fmeleri yak\u0131ndan takip edebilen, ba\u011f\u0131ms\u0131z d\u00fc\u015f\u00fcnme ve analiz yapabilme yetene\u011fine sahip ara elemanlar yeti\u015ftirmektir.<\/span><\/p>\n<p class=\"MsoNormal\" style=\"margin-left: 18pt\"><span style=\"font-size: 12pt;line-height: 107%;font-family: 'Times New Roman', serif;color: #000000\">\u0130\u00e7inde bulundu\u011fumuz \u00e7a\u011f \u201cbili\u015fim \u00e7a\u011f\u0131\u201d olarak adland\u0131r\u0131lmaktad\u0131r. \u0130nternetin g\u00fcnl\u00fck hayat\u0131m\u0131z\u0131 etkileyecek derecede b\u00fcy\u00fcmesi ve yayg\u0131nla\u015fmas\u0131yla hemen hemen her sahada bilgisayar ya\u015fant\u0131m\u0131zda daha fazla yer almaktad\u0131r. H\u0131zla geli\u015fen bilgi teknolojileri konusunda deneyimli insan g\u00fcc\u00fc a\u00e7\u0131\u011f\u0131 da her ge\u00e7en g\u00fcn artmaktad\u0131r. Geli\u015fmeleri takip edebilecek derecede <b>teknolojiye h\u00e2kim, yeniliklere a\u00e7\u0131k ve merakl\u0131, inisiyatif kullanabilecek elemanlar ama\u00e7lanmaktad\u0131r<\/b>.<\/span><\/p>\n<p class=\"MsoNormal\" style=\"margin-left: 18pt\"><span style=\"font-size: 12pt;line-height: 107%;font-family: 'Times New Roman', serif;color: #000000\">Bilgisayar Teknolojileri \/Bilgisayar Programc\u0131l\u0131\u011f\u0131 d\u00fcnyada ve T\u00fcrkiye\u2019de h\u0131zla geli\u015fen bir\u00e7ok i\u015f kolunda\u00a0ihtiya\u00e7 duyulan <b>yaz\u0131l\u0131m, veri taban\u0131, bilgisayar a\u011flar\u0131 ve web teknolojileri<\/b> konular\u0131nda\u00a0bilgisayar teknikeri ve bilgisayar programc\u0131s\u0131 yeti\u015ftirmeyi ama\u00e7lamaktad\u0131r.<\/span><\/p>\n<p class=\"MsoNormal\" style=\"margin-left: 18pt\"><span style=\"font-size: 12pt;line-height: 107%;font-family: 'Times New Roman', serif;color: #000000\">Hedefimiz, bili\u015fim d\u00fcnyas\u0131n\u0131n ula\u015ft\u0131\u011f\u0131 seviyeyi alg\u0131layabilen, bunun gereklerini yerine getirebilen, kar\u015f\u0131la\u015ft\u0131\u011f\u0131 problemleri kendi becerisiyle \u00e7\u00f6zmeye \u00e7al\u0131\u015fan <b>ara elemanlar yeti\u015ftirmektir.<\/b><\/span><\/p>\n\n<\/div>\n<div><\/div>\t\t\t\t\t\t\t\t<\/div>\n\t\t\t\t<\/div>\n\t\t\t\t\t<\/div>\n\t\t<\/div>\n\t\t\t\t\t<\/div>\n\t\t<\/section>\n\t\t\t\t<section class=\"elementor-section elementor-top-section elementor-element elementor-element-a3cb82c elementor-section-boxed elementor-section-height-default elementor-section-height-default\" data-id=\"a3cb82c\" data-element_type=\"section\">\n\t\t\t\t\t\t<div class=\"elementor-container elementor-column-gap-default\">\n\t\t\t\t\t<div class=\"elementor-column elementor-col-100 elementor-top-column elementor-element elementor-element-7cc4ae1\" data-id=\"7cc4ae1\" data-element_type=\"column\">\n\t\t\t<div class=\"elementor-widget-wrap elementor-element-populated\">\n\t\t\t\t\t\t<div class=\"elementor-element elementor-element-1aa1180 elementor-widget elementor-widget-text-editor\" data-id=\"1aa1180\" data-element_type=\"widget\" data-widget_type=\"text-editor.default\">\n\t\t\t\t<div class=\"elementor-widget-container\">\n\t\t\t\t\t\t\t\t\t<div>\n<h1>Neden Grafik Tasar\u0131m Program\u0131?<\/h1>\n\n   \n<p class=\"MsoNormal\" style=\"margin-left: 18pt\"><span style=\"font-size: 12pt;line-height: 107%;font-family: 'Times New Roman', serif;color: #000000\">\nGrafik Tasar\u0131m\u0131 program\u0131ndan mezun olan \u00f6\u011frenciler; tan\u0131t\u0131m ve reklam ajanslar\u0131nda, firmalar\u0131n reklam ve tan\u0131t\u0131m birimlerinde, gazete, dergi, yay\u0131nevi gibi bas\u0131l\u0131 medya kurulu\u015flar\u0131nda, matbaac\u0131l\u0131k ve foto\u011fraf\u00e7\u0131l\u0131k sekt\u00f6rlerinde, televizyon kanallar\u0131na ba\u011fl\u0131 tasar\u0131m birimlerinde, film sekt\u00f6rlerinde, web tabanl\u0131 yay\u0131m yapan kurulu\u015flarda istihdam edilebildikleri gibi kendi kurduklar\u0131 i\u015fletmelerde ya da serbest tasar\u0131mc\u0131 olarak da mesleklerini s\u00fcrd\u00fcrebilirler.<\/span><\/p>\n<p class=\"MsoNormal\" style=\"margin-left: 18pt\"><span style=\"font-size: 12pt;line-height: 107%;font-family: 'Times New Roman', serif;color: #000000\">\nBa\u011f\u0131ms\u0131z olarak \u00e7al\u0131\u015fma ger\u00e7ekle\u015ftiren grafik tasar\u0131mc\u0131lar, birden fazla firma ile \u00e7al\u0131\u015fabilme avantaj\u0131na da sahiptir. Di\u011fer yandan \u00f6n lisans, \u00f6\u011frencileri Dikey Ge\u00e7i\u015f S\u0131nav\u0131 sonucunda uygun puan\u0131 ald\u0131klar\u0131 takdirde lisans e\u011fitimine ge\u00e7ebilir.<\/span><\/p>\n\n<\/div>\n<div><\/div>\t\t\t\t\t\t\t\t<\/div>\n\t\t\t\t<\/div>\n\t\t\t\t\t<\/div>\n\t\t<\/div>\n\t\t\t\t\t<\/div>\n\t\t<\/section>\n\t\t\t\t<\/div>\n\t\t","protected":false},"excerpt":{"rendered":"<p>B\u00f6l\u00fcm Tan\u0131t\u0131m\u0131 Neden Bilgisayar Programc\u0131l\u0131\u011f\u0131? Bilgisayar Programc\u0131l\u0131\u011f\u0131\u00a0Program\u0131n\u0131n\u00a0amac\u0131, i\u015f hayat\u0131 ve toplumsal ya\u015fam\u0131n veri depolama ve i\u015fleme ihtiyac\u0131n\u0131 giderme, i\u015f hayat\u0131ndaki i\u015flemlerin ve problemlerin programlama ya da haz\u0131r paket programlar\u0131n kullan\u0131m\u0131 vas\u0131tas\u0131yla \u00e7\u00f6z\u00fcm\u00fc, kamu kurumlar\u0131 veya \u00f6zel \u015firketlerinin bilgisayar a\u011f\u0131 ve internet ihtiya\u00e7lar\u0131n\u0131n kar\u015f\u0131lanmas\u0131 konusunda e\u011fitimli ara insan g\u00fcc\u00fcn\u00fc yeti\u015ftirmektir. \u00d6zel ve kamu sekt\u00f6r \u015firketlerinin ihtiyac\u0131 [&hellip;]<\/p>\n","protected":false},"author":1,"featured_media":0,"parent":0,"menu_order":0,"comment_status":"closed","ping_status":"closed","template":"elementor_header_footer","meta":{"footnotes":""},"class_list":["post-5728","page","type-page","status-publish","hentry"],"_links":{"self":[{"href":"https:\/\/atauni.edu.tr\/tortum-meslek-yuksekokulu\/wp-json\/wp\/v2\/pages\/5728","targetHints":{"allow":["GET"]}}],"collection":[{"href":"https:\/\/atauni.edu.tr\/tortum-meslek-yuksekokulu\/wp-json\/wp\/v2\/pages"}],"about":[{"href":"https:\/\/atauni.edu.tr\/tortum-meslek-yuksekokulu\/wp-json\/wp\/v2\/types\/page"}],"author":[{"embeddable":true,"href":"https:\/\/atauni.edu.tr\/tortum-meslek-yuksekokulu\/wp-json\/wp\/v2\/users\/1"}],"replies":[{"embeddable":true,"href":"https:\/\/atauni.edu.tr\/tortum-meslek-yuksekokulu\/wp-json\/wp\/v2\/comments?post=5728"}],"version-history":[{"count":29,"href":"https:\/\/atauni.edu.tr\/tortum-meslek-yuksekokulu\/wp-json\/wp\/v2\/pages\/5728\/revisions"}],"predecessor-version":[{"id":7007,"href":"https:\/\/atauni.edu.tr\/tortum-meslek-yuksekokulu\/wp-json\/wp\/v2\/pages\/5728\/revisions\/7007"}],"wp:attachment":[{"href":"https:\/\/atauni.edu.tr\/tortum-meslek-yuksekokulu\/wp-json\/wp\/v2\/media?parent=5728"}],"curies":[{"name":"wp","href":"https:\/\/api.w.org\/{rel}","templated":true}]}}