{"id":6163,"date":"2021-12-09T12:40:51","date_gmt":"2021-12-09T09:40:51","guid":{"rendered":"https:\/\/birimler.atauni.edu.tr\/tortum-meslek-yuksekokulu\/?page_id=6163"},"modified":"2021-12-10T16:47:00","modified_gmt":"2021-12-10T13:47:00","slug":"is-birligi","status":"publish","type":"page","link":"https:\/\/atauni.edu.tr\/tortum-meslek-yuksekokulu\/is-birligi\/","title":{"rendered":"\u0130\u015f Birli\u011fi"},"content":{"rendered":"\t\t<div data-elementor-type=\"wp-page\" data-elementor-id=\"6163\" class=\"elementor elementor-6163\" data-elementor-post-type=\"page\">\n\t\t\t\t\t\t<section class=\"elementor-section elementor-top-section elementor-element elementor-element-a539c23 elementor-section-boxed elementor-section-height-default elementor-section-height-default\" data-id=\"a539c23\" data-element_type=\"section\">\n\t\t\t\t\t\t<div class=\"elementor-container elementor-column-gap-default\">\n\t\t\t\t\t<div class=\"elementor-column elementor-col-100 elementor-top-column elementor-element elementor-element-14dfc20\" data-id=\"14dfc20\" data-element_type=\"column\">\n\t\t\t<div class=\"elementor-widget-wrap elementor-element-populated\">\n\t\t\t\t\t\t<div class=\"elementor-element elementor-element-cb6166f elementor-widget elementor-widget-text-editor\" data-id=\"cb6166f\" data-element_type=\"widget\" data-widget_type=\"text-editor.default\">\n\t\t\t\t<div class=\"elementor-widget-container\">\n\t\t\t\t\t\t\t\t\t<p><a href=\"https:\/\/birimler.atauni.edu.tr\/tortum-meslek-yuksekokulu\/wp-content\/uploads\/sites\/466\/2020\/07\/Tortum-Kaymakamligi-Covid-19-Faaliyet-Kitapcigi.pdf\">Tortum Kaymakaml\u0131\u011f\u0131 Covid 19 Faaliyet Kitap\u00e7\u0131\u011f\u0131<\/a><\/p><p><a href=\"https:\/\/birimler.atauni.edu.tr\/tortum-meslek-yuksekokulu\/wp-content\/uploads\/sites\/466\/2020\/07\/Tortum-Belediyesi-Covid-19-Faaliyet-Kitapcigi.pdf\">Tortum Belediyesi Covid 19 Faaliyet Kitap\u00e7\u0131\u011f\u0131<\/a><\/p><p>Tortum MYO Yeni Nesil-\u0130z B\u00fclten<\/p><p><img fetchpriority=\"high\" decoding=\"async\" class=\"alignnone size-medium wp-image-6336\" src=\"https:\/\/birimler.atauni.edu.tr\/tortum-meslek-yuksekokulu\/wp-content\/uploads\/sites\/466\/2020\/07\/3.-sayi-1.-sayfa-212x300.png\" alt=\"\" width=\"212\" height=\"300\" srcset=\"https:\/\/atauni.edu.tr\/tortum-meslek-yuksekokulu\/wp-content\/uploads\/sites\/466\/2020\/07\/3.-sayi-1.-sayfa-212x300.png 212w, https:\/\/atauni.edu.tr\/tortum-meslek-yuksekokulu\/wp-content\/uploads\/sites\/466\/2020\/07\/3.-sayi-1.-sayfa-724x1024.png 724w, https:\/\/atauni.edu.tr\/tortum-meslek-yuksekokulu\/wp-content\/uploads\/sites\/466\/2020\/07\/3.-sayi-1.-sayfa-768x1086.png 768w, https:\/\/atauni.edu.tr\/tortum-meslek-yuksekokulu\/wp-content\/uploads\/sites\/466\/2020\/07\/3.-sayi-1.-sayfa-1087x1536.png 1087w, https:\/\/atauni.edu.tr\/tortum-meslek-yuksekokulu\/wp-content\/uploads\/sites\/466\/2020\/07\/3.-sayi-1.-sayfa-1449x2048.png 1449w, https:\/\/atauni.edu.tr\/tortum-meslek-yuksekokulu\/wp-content\/uploads\/sites\/466\/2020\/07\/3.-sayi-1.-sayfa-424x600.png 424w, https:\/\/atauni.edu.tr\/tortum-meslek-yuksekokulu\/wp-content\/uploads\/sites\/466\/2020\/07\/3.-sayi-1.-sayfa-396x560.png 396w\" sizes=\"(max-width: 212px) 100vw, 212px\" \/>\u00a0\u00a0<img decoding=\"async\" class=\"alignnone size-medium wp-image-6337\" src=\"https:\/\/birimler.atauni.edu.tr\/tortum-meslek-yuksekokulu\/wp-content\/uploads\/sites\/466\/2020\/07\/3.-sayi-2.-sayfa-210x300.jpg\" alt=\"\" width=\"210\" height=\"300\" srcset=\"https:\/\/atauni.edu.tr\/tortum-meslek-yuksekokulu\/wp-content\/uploads\/sites\/466\/2020\/07\/3.-sayi-2.-sayfa-210x300.jpg 210w, https:\/\/atauni.edu.tr\/tortum-meslek-yuksekokulu\/wp-content\/uploads\/sites\/466\/2020\/07\/3.-sayi-2.-sayfa-717x1024.jpg 717w, https:\/\/atauni.edu.tr\/tortum-meslek-yuksekokulu\/wp-content\/uploads\/sites\/466\/2020\/07\/3.-sayi-2.-sayfa-768x1097.jpg 768w, https:\/\/atauni.edu.tr\/tortum-meslek-yuksekokulu\/wp-content\/uploads\/sites\/466\/2020\/07\/3.-sayi-2.-sayfa-1075x1536.jpg 1075w, https:\/\/atauni.edu.tr\/tortum-meslek-yuksekokulu\/wp-content\/uploads\/sites\/466\/2020\/07\/3.-sayi-2.-sayfa-1434x2048.jpg 1434w, https:\/\/atauni.edu.tr\/tortum-meslek-yuksekokulu\/wp-content\/uploads\/sites\/466\/2020\/07\/3.-sayi-2.-sayfa-420x600.jpg 420w, https:\/\/atauni.edu.tr\/tortum-meslek-yuksekokulu\/wp-content\/uploads\/sites\/466\/2020\/07\/3.-sayi-2.-sayfa-392x560.jpg 392w, https:\/\/atauni.edu.tr\/tortum-meslek-yuksekokulu\/wp-content\/uploads\/sites\/466\/2020\/07\/3.-sayi-2.-sayfa-scaled.jpg 1792w\" sizes=\"(max-width: 210px) 100vw, 210px\" \/>\u00a0\u00a0<img decoding=\"async\" class=\"alignnone size-medium wp-image-6338\" src=\"https:\/\/birimler.atauni.edu.tr\/tortum-meslek-yuksekokulu\/wp-content\/uploads\/sites\/466\/2020\/07\/3.-sayi-3.-sayfa-210x300.jpg\" alt=\"\" width=\"210\" height=\"300\" srcset=\"https:\/\/atauni.edu.tr\/tortum-meslek-yuksekokulu\/wp-content\/uploads\/sites\/466\/2020\/07\/3.-sayi-3.-sayfa-210x300.jpg 210w, https:\/\/atauni.edu.tr\/tortum-meslek-yuksekokulu\/wp-content\/uploads\/sites\/466\/2020\/07\/3.-sayi-3.-sayfa-718x1024.jpg 718w, https:\/\/atauni.edu.tr\/tortum-meslek-yuksekokulu\/wp-content\/uploads\/sites\/466\/2020\/07\/3.-sayi-3.-sayfa-768x1096.jpg 768w, https:\/\/atauni.edu.tr\/tortum-meslek-yuksekokulu\/wp-content\/uploads\/sites\/466\/2020\/07\/3.-sayi-3.-sayfa-1076x1536.jpg 1076w, https:\/\/atauni.edu.tr\/tortum-meslek-yuksekokulu\/wp-content\/uploads\/sites\/466\/2020\/07\/3.-sayi-3.-sayfa-1435x2048.jpg 1435w, https:\/\/atauni.edu.tr\/tortum-meslek-yuksekokulu\/wp-content\/uploads\/sites\/466\/2020\/07\/3.-sayi-3.-sayfa-420x600.jpg 420w, https:\/\/atauni.edu.tr\/tortum-meslek-yuksekokulu\/wp-content\/uploads\/sites\/466\/2020\/07\/3.-sayi-3.-sayfa-392x560.jpg 392w, https:\/\/atauni.edu.tr\/tortum-meslek-yuksekokulu\/wp-content\/uploads\/sites\/466\/2020\/07\/3.-sayi-3.-sayfa-scaled.jpg 1794w\" sizes=\"(max-width: 210px) 100vw, 210px\" \/><\/p>\t\t\t\t\t\t\t\t<\/div>\n\t\t\t\t<\/div>\n\t\t\t\t\t<\/div>\n\t\t<\/div>\n\t\t\t\t\t<\/div>\n\t\t<\/section>\n\t\t\t\t<section class=\"elementor-section elementor-top-section elementor-element elementor-element-4ea4b5d elementor-section-boxed elementor-section-height-default elementor-section-height-default\" data-id=\"4ea4b5d\" data-element_type=\"section\">\n\t\t\t\t\t\t<div class=\"elementor-container elementor-column-gap-default\">\n\t\t\t\t\t<div class=\"elementor-column elementor-col-100 elementor-top-column elementor-element elementor-element-0596192\" data-id=\"0596192\" data-element_type=\"column\">\n\t\t\t<div class=\"elementor-widget-wrap elementor-element-populated\">\n\t\t\t\t\t\t\t<\/div>\n\t\t<\/div>\n\t\t\t\t\t<\/div>\n\t\t<\/section>\n\t\t\t\t<\/div>\n\t\t","protected":false},"excerpt":{"rendered":"<p>Tortum Kaymakaml\u0131\u011f\u0131 Covid 19 Faaliyet Kitap\u00e7\u0131\u011f\u0131 Tortum Belediyesi Covid 19 Faaliyet Kitap\u00e7\u0131\u011f\u0131 Tortum MYO Yeni Nesil-\u0130z B\u00fclten \u00a0\u00a0\u00a0\u00a0<\/p>\n","protected":false},"author":417,"featured_media":0,"parent":0,"menu_order":0,"comment_status":"closed","ping_status":"closed","template":"","meta":{"footnotes":""},"class_list":["post-6163","page","type-page","status-publish","hentry"],"_links":{"self":[{"href":"https:\/\/atauni.edu.tr\/tortum-meslek-yuksekokulu\/wp-json\/wp\/v2\/pages\/6163","targetHints":{"allow":["GET"]}}],"collection":[{"href":"https:\/\/atauni.edu.tr\/tortum-meslek-yuksekokulu\/wp-json\/wp\/v2\/pages"}],"about":[{"href":"https:\/\/atauni.edu.tr\/tortum-meslek-yuksekokulu\/wp-json\/wp\/v2\/types\/page"}],"author":[{"embeddable":true,"href":"https:\/\/atauni.edu.tr\/tortum-meslek-yuksekokulu\/wp-json\/wp\/v2\/users\/417"}],"replies":[{"embeddable":true,"href":"https:\/\/atauni.edu.tr\/tortum-meslek-yuksekokulu\/wp-json\/wp\/v2\/comments?post=6163"}],"version-history":[{"count":16,"href":"https:\/\/atauni.edu.tr\/tortum-meslek-yuksekokulu\/wp-json\/wp\/v2\/pages\/6163\/revisions"}],"predecessor-version":[{"id":6527,"href":"https:\/\/atauni.edu.tr\/tortum-meslek-yuksekokulu\/wp-json\/wp\/v2\/pages\/6163\/revisions\/6527"}],"wp:attachment":[{"href":"https:\/\/atauni.edu.tr\/tortum-meslek-yuksekokulu\/wp-json\/wp\/v2\/media?parent=6163"}],"curies":[{"name":"wp","href":"https:\/\/api.w.org\/{rel}","templated":true}]}}