{"id":6383,"date":"2021-12-09T21:12:08","date_gmt":"2021-12-09T18:12:08","guid":{"rendered":"https:\/\/birimler.atauni.edu.tr\/tortum-meslek-yuksekokulu\/?page_id=6383"},"modified":"2023-08-23T13:52:47","modified_gmt":"2023-08-23T10:52:47","slug":"tasarim-bolumu-grafik-tasarim-programi","status":"publish","type":"page","link":"https:\/\/atauni.edu.tr\/tortum-meslek-yuksekokulu\/tasarim-bolumu-grafik-tasarim-programi\/","title":{"rendered":"TASARIM B\u00d6L\u00dcM\u00dc \\ Grafik Tasar\u0131m program\u0131"},"content":{"rendered":"\t\t<div data-elementor-type=\"wp-page\" data-elementor-id=\"6383\" class=\"elementor elementor-6383\" data-elementor-post-type=\"page\">\n\t\t\t\t\t\t<section class=\"elementor-section elementor-top-section elementor-element elementor-element-cd2de49 elementor-section-boxed elementor-section-height-default elementor-section-height-default\" data-id=\"cd2de49\" data-element_type=\"section\">\n\t\t\t\t\t\t<div class=\"elementor-container elementor-column-gap-default\">\n\t\t\t\t\t<div class=\"elementor-column elementor-col-100 elementor-top-column elementor-element elementor-element-30c95a0\" data-id=\"30c95a0\" data-element_type=\"column\">\n\t\t\t<div class=\"elementor-widget-wrap elementor-element-populated\">\n\t\t\t\t\t\t<div class=\"elementor-element elementor-element-dd7ba84 elementor-widget elementor-widget-text-editor\" data-id=\"dd7ba84\" data-element_type=\"widget\" data-widget_type=\"text-editor.default\">\n\t\t\t\t<div class=\"elementor-widget-container\">\n\t\t\t\t\t\t\t\t\t<p><a href=\"https:\/\/birimler.atauni.edu.tr\/tortum-meslek-yuksekokulu\/wp-content\/uploads\/sites\/466\/2020\/07\/Tortum-MYO-Tasarim-Bolumu-BolumTanitimi.pptx\">Tortum MYO Tasar\u0131m B\u00f6l\u00fcm\u00fc B\u00f6l\u00fcmTan\u0131t\u0131m\u0131<\/a><\/p>\t\t\t\t\t\t\t\t<\/div>\n\t\t\t\t<\/div>\n\t\t\t\t\t<\/div>\n\t\t<\/div>\n\t\t\t\t\t<\/div>\n\t\t<\/section>\n\t\t\t\t<section class=\"elementor-section elementor-top-section elementor-element elementor-element-2b3f1f5 elementor-section-boxed elementor-section-height-default elementor-section-height-default\" data-id=\"2b3f1f5\" data-element_type=\"section\">\n\t\t\t\t\t\t<div class=\"elementor-container elementor-column-gap-default\">\n\t\t\t\t\t<div class=\"elementor-column elementor-col-100 elementor-top-column elementor-element elementor-element-798f179\" data-id=\"798f179\" data-element_type=\"column\">\n\t\t\t<div class=\"elementor-widget-wrap elementor-element-populated\">\n\t\t\t\t\t\t<div class=\"elementor-element elementor-element-48d56c3 elementor-widget elementor-widget-text-editor\" data-id=\"48d56c3\" data-element_type=\"widget\" data-widget_type=\"text-editor.default\">\n\t\t\t\t<div class=\"elementor-widget-container\">\n\t\t\t\t\t\t\t\t\t<p><a href=\"https:\/\/birimler.atauni.edu.tr\/tortum-meslek-yuksekokulu\/wp-content\/uploads\/sites\/466\/2020\/07\/Tasarim-Bolumu-Ogretim-Plani.pdf\">Tortum MYO Tasar\u0131m B\u00f6l\u00fcm\u00fc\u00a0 M\u00fcfreda Plan\u0131<\/a><\/p>\t\t\t\t\t\t\t\t<\/div>\n\t\t\t\t<\/div>\n\t\t\t\t\t<\/div>\n\t\t<\/div>\n\t\t\t\t\t<\/div>\n\t\t<\/section>\n\t\t\t\t<\/div>\n\t\t","protected":false},"excerpt":{"rendered":"<p>Tortum MYO Tasar\u0131m B\u00f6l\u00fcm\u00fc B\u00f6l\u00fcmTan\u0131t\u0131m\u0131 Tortum MYO Tasar\u0131m B\u00f6l\u00fcm\u00fc\u00a0 M\u00fcfreda Plan\u0131<\/p>\n","protected":false},"author":417,"featured_media":0,"parent":0,"menu_order":0,"comment_status":"closed","ping_status":"closed","template":"","meta":{"footnotes":""},"class_list":["post-6383","page","type-page","status-publish","hentry"],"_links":{"self":[{"href":"https:\/\/atauni.edu.tr\/tortum-meslek-yuksekokulu\/wp-json\/wp\/v2\/pages\/6383","targetHints":{"allow":["GET"]}}],"collection":[{"href":"https:\/\/atauni.edu.tr\/tortum-meslek-yuksekokulu\/wp-json\/wp\/v2\/pages"}],"about":[{"href":"https:\/\/atauni.edu.tr\/tortum-meslek-yuksekokulu\/wp-json\/wp\/v2\/types\/page"}],"author":[{"embeddable":true,"href":"https:\/\/atauni.edu.tr\/tortum-meslek-yuksekokulu\/wp-json\/wp\/v2\/users\/417"}],"replies":[{"embeddable":true,"href":"https:\/\/atauni.edu.tr\/tortum-meslek-yuksekokulu\/wp-json\/wp\/v2\/comments?post=6383"}],"version-history":[{"count":16,"href":"https:\/\/atauni.edu.tr\/tortum-meslek-yuksekokulu\/wp-json\/wp\/v2\/pages\/6383\/revisions"}],"predecessor-version":[{"id":6982,"href":"https:\/\/atauni.edu.tr\/tortum-meslek-yuksekokulu\/wp-json\/wp\/v2\/pages\/6383\/revisions\/6982"}],"wp:attachment":[{"href":"https:\/\/atauni.edu.tr\/tortum-meslek-yuksekokulu\/wp-json\/wp\/v2\/media?parent=6383"}],"curies":[{"name":"wp","href":"https:\/\/api.w.org\/{rel}","templated":true}]}}