{"id":6388,"date":"2021-12-09T21:15:06","date_gmt":"2021-12-09T18:15:06","guid":{"rendered":"https:\/\/birimler.atauni.edu.tr\/tortum-meslek-yuksekokulu\/?page_id=6388"},"modified":"2022-01-25T13:28:47","modified_gmt":"2022-01-25T10:28:47","slug":"dilekce-formlar","status":"publish","type":"page","link":"https:\/\/atauni.edu.tr\/tortum-meslek-yuksekokulu\/dilekce-formlar\/","title":{"rendered":"Dilek\u00e7e-Formlar"},"content":{"rendered":"\t\t<div data-elementor-type=\"wp-page\" data-elementor-id=\"6388\" class=\"elementor elementor-6388\" data-elementor-post-type=\"page\">\n\t\t\t\t\t\t<section class=\"elementor-section elementor-top-section elementor-element elementor-element-917ca39 elementor-section-boxed elementor-section-height-default elementor-section-height-default\" data-id=\"917ca39\" data-element_type=\"section\">\n\t\t\t\t\t\t<div class=\"elementor-container elementor-column-gap-default\">\n\t\t\t\t\t<div class=\"elementor-column elementor-col-100 elementor-top-column elementor-element elementor-element-b64d8ce\" data-id=\"b64d8ce\" data-element_type=\"column\">\n\t\t\t<div class=\"elementor-widget-wrap elementor-element-populated\">\n\t\t\t\t\t\t<div class=\"elementor-element elementor-element-e1026f8 elementor-widget elementor-widget-text-editor\" data-id=\"e1026f8\" data-element_type=\"widget\" data-widget_type=\"text-editor.default\">\n\t\t\t\t<div class=\"elementor-widget-container\">\n\t\t\t\t\t\t\t\t\t<ul><li><a href=\"https:\/\/birimler.atauni.edu.tr\/tortum-meslek-yuksekokulu\/wp-content\/uploads\/sites\/466\/2020\/07\/Kurum-Ici-Yatay-Gecis-Basvuru-Dilekcesi-Icin-Tiklayiniz..pdf\">Kurum \u0130\u00e7i Yatay Ge\u00e7i\u015f Ba\u015fvuru Dilek\u00e7esi \u0130\u00e7in T\u0131klay\u0131n\u0131z.<\/a><\/li><li><a style=\"text-align: -webkit-match-parent;letter-spacing: 0px\" href=\"https:\/\/birimler.atauni.edu.tr\/tortum-meslek-yuksekokulu\/wp-content\/uploads\/sites\/466\/2020\/07\/Ders-Muafiyet-Basvuru-Dilekcesi-Icin-Tiklayiniz..pdf\">Ders Muafiyet Ba\u015fvuru Dilek\u00e7esi \u0130\u00e7in T\u0131klay\u0131n\u0131z.<\/a><\/li><li><a href=\"https:\/\/birimler.atauni.edu.tr\/tortum-meslek-yuksekokulu\/wp-content\/uploads\/sites\/466\/2020\/07\/Mezuniyet-Tek-Ders-Sinavi-Basvuru-Dilekcesi-Icin-Tiklayiniz..pdf\">Mezuniyet Tek Ders S\u0131nav\u0131 Ba\u015fvuru Dilek\u00e7esi \u0130\u00e7in T\u0131klay\u0131n\u0131z.<\/a><\/li><li><a href=\"https:\/\/birimler.atauni.edu.tr\/tortum-meslek-yuksekokulu\/wp-content\/uploads\/sites\/466\/2020\/07\/Mazeret-Sinavi-Basvuru-Dilekcesi-Icin-Tiklayiniz..pdf\">Mazeret S\u0131nav\u0131 Ba\u015fvuru Dilek\u00e7esi \u0130\u00e7in T\u0131klay\u0131n\u0131z.<\/a><\/li><li><a href=\"https:\/\/birimler.atauni.edu.tr\/tortum-meslek-yuksekokulu\/wp-content\/uploads\/sites\/466\/2020\/07\/Kayit-Dondurma-Basvuru-Dilekcesi.pdf\">Kay\u0131t Dondurma Ba\u015fvuru Dilek\u00e7esi<\/a><\/li><li><a href=\"https:\/\/birimler.atauni.edu.tr\/tortum-meslek-yuksekokulu\/wp-content\/uploads\/sites\/466\/2020\/07\/Sinav-Notu-Itiraz-Dilekcesi.pdf\">S\u0131nav Notu \u0130tiraz Dilek\u00e7esi<\/a><\/li><li><a href=\"https:\/\/birimler.atauni.edu.tr\/tortum-meslek-yuksekokulu\/wp-content\/uploads\/sites\/466\/2020\/07\/2017-staj-yonetmeligi.pdf\">2017 staj y\u00f6netmeli\u011fi<\/a><\/li><li><a href=\"https:\/\/birimler.atauni.edu.tr\/tortum-meslek-yuksekokulu\/wp-content\/uploads\/sites\/466\/2020\/07\/Staj-formu-2017.pdf\">Zorunlu Staj formu 2017<\/a><\/li><li><a href=\"https:\/\/birimler.atauni.edu.tr\/tortum-meslek-yuksekokulu\/wp-content\/uploads\/sites\/466\/2020\/07\/staj-dosyasi_butun-halinde-2.pdf\">staj dosyas\u0131_b\u00fct\u00fcn halinde (2)<\/a><\/li><\/ul>\t\t\t\t\t\t\t\t<\/div>\n\t\t\t\t<\/div>\n\t\t\t\t\t<\/div>\n\t\t<\/div>\n\t\t\t\t\t<\/div>\n\t\t<\/section>\n\t\t\t\t<section class=\"elementor-section elementor-top-section elementor-element elementor-element-154817a elementor-section-boxed elementor-section-height-default elementor-section-height-default\" data-id=\"154817a\" data-element_type=\"section\">\n\t\t\t\t\t\t<div class=\"elementor-container elementor-column-gap-default\">\n\t\t\t\t\t<div class=\"elementor-column elementor-col-100 elementor-top-column elementor-element elementor-element-7cb8461\" data-id=\"7cb8461\" data-element_type=\"column\">\n\t\t\t<div class=\"elementor-widget-wrap elementor-element-populated\">\n\t\t\t\t\t\t\t<\/div>\n\t\t<\/div>\n\t\t\t\t\t<\/div>\n\t\t<\/section>\n\t\t\t\t<section class=\"elementor-section elementor-top-section elementor-element elementor-element-1963720 elementor-section-boxed elementor-section-height-default elementor-section-height-default\" data-id=\"1963720\" data-element_type=\"section\">\n\t\t\t\t\t\t<div class=\"elementor-container elementor-column-gap-default\">\n\t\t\t\t\t<div class=\"elementor-column elementor-col-100 elementor-top-column elementor-element elementor-element-b6250cd\" data-id=\"b6250cd\" data-element_type=\"column\">\n\t\t\t<div class=\"elementor-widget-wrap elementor-element-populated\">\n\t\t\t\t\t\t\t<\/div>\n\t\t<\/div>\n\t\t\t\t\t<\/div>\n\t\t<\/section>\n\t\t\t\t<\/div>\n\t\t","protected":false},"excerpt":{"rendered":"<p>Kurum \u0130\u00e7i Yatay Ge\u00e7i\u015f Ba\u015fvuru Dilek\u00e7esi \u0130\u00e7in T\u0131klay\u0131n\u0131z. Ders Muafiyet Ba\u015fvuru Dilek\u00e7esi \u0130\u00e7in T\u0131klay\u0131n\u0131z. Mezuniyet Tek Ders S\u0131nav\u0131 Ba\u015fvuru Dilek\u00e7esi \u0130\u00e7in T\u0131klay\u0131n\u0131z. Mazeret S\u0131nav\u0131 Ba\u015fvuru Dilek\u00e7esi \u0130\u00e7in T\u0131klay\u0131n\u0131z. Kay\u0131t Dondurma Ba\u015fvuru Dilek\u00e7esi S\u0131nav Notu \u0130tiraz Dilek\u00e7esi 2017 staj y\u00f6netmeli\u011fi Zorunlu Staj formu 2017 staj dosyas\u0131_b\u00fct\u00fcn halinde (2)<\/p>\n","protected":false},"author":417,"featured_media":0,"parent":0,"menu_order":0,"comment_status":"closed","ping_status":"closed","template":"","meta":{"footnotes":""},"class_list":["post-6388","page","type-page","status-publish","hentry"],"_links":{"self":[{"href":"https:\/\/atauni.edu.tr\/tortum-meslek-yuksekokulu\/wp-json\/wp\/v2\/pages\/6388","targetHints":{"allow":["GET"]}}],"collection":[{"href":"https:\/\/atauni.edu.tr\/tortum-meslek-yuksekokulu\/wp-json\/wp\/v2\/pages"}],"about":[{"href":"https:\/\/atauni.edu.tr\/tortum-meslek-yuksekokulu\/wp-json\/wp\/v2\/types\/page"}],"author":[{"embeddable":true,"href":"https:\/\/atauni.edu.tr\/tortum-meslek-yuksekokulu\/wp-json\/wp\/v2\/users\/417"}],"replies":[{"embeddable":true,"href":"https:\/\/atauni.edu.tr\/tortum-meslek-yuksekokulu\/wp-json\/wp\/v2\/comments?post=6388"}],"version-history":[{"count":40,"href":"https:\/\/atauni.edu.tr\/tortum-meslek-yuksekokulu\/wp-json\/wp\/v2\/pages\/6388\/revisions"}],"predecessor-version":[{"id":6660,"href":"https:\/\/atauni.edu.tr\/tortum-meslek-yuksekokulu\/wp-json\/wp\/v2\/pages\/6388\/revisions\/6660"}],"wp:attachment":[{"href":"https:\/\/atauni.edu.tr\/tortum-meslek-yuksekokulu\/wp-json\/wp\/v2\/media?parent=6388"}],"curies":[{"name":"wp","href":"https:\/\/api.w.org\/{rel}","templated":true}]}}