{"id":6584,"date":"2022-01-19T11:04:08","date_gmt":"2022-01-19T08:04:08","guid":{"rendered":"https:\/\/birimler.atauni.edu.tr\/tortum-meslek-yuksekokulu\/?page_id=6584"},"modified":"2022-05-05T15:19:50","modified_gmt":"2022-05-05T12:19:50","slug":"yeni-nesil-iz-bulten","status":"publish","type":"page","link":"https:\/\/atauni.edu.tr\/tortum-meslek-yuksekokulu\/yeni-nesil-iz-bulten\/","title":{"rendered":"Yeni Nesil-iz B\u00fclten"},"content":{"rendered":"\t\t<div data-elementor-type=\"wp-page\" data-elementor-id=\"6584\" class=\"elementor elementor-6584\" data-elementor-post-type=\"page\">\n\t\t\t\t\t\t<section class=\"elementor-section elementor-top-section elementor-element elementor-element-52239ed elementor-section-boxed elementor-section-height-default elementor-section-height-default\" data-id=\"52239ed\" data-element_type=\"section\">\n\t\t\t\t\t\t<div class=\"elementor-container elementor-column-gap-default\">\n\t\t\t\t\t<div class=\"elementor-column elementor-col-33 elementor-top-column elementor-element elementor-element-f058afc\" data-id=\"f058afc\" data-element_type=\"column\">\n\t\t\t<div class=\"elementor-widget-wrap elementor-element-populated\">\n\t\t\t\t\t\t<div class=\"elementor-element elementor-element-8747d85 elementor-widget elementor-widget-ova_feature_box\" data-id=\"8747d85\" data-element_type=\"widget\" data-widget_type=\"ova_feature_box.default\">\n\t\t\t\t<div class=\"elementor-widget-container\">\n\t\t\t\t\t\t\t<div class=\"ova_feature_box version_2\">\n\t\t\t<div class=\"ova-image\">\n\t\t\t\t<a href=\"https:\/\/tortumbulten.atauni.edu.tr\/web-bulten3\/\" title=\" Tortum Meslek Y\u00fcksekokulu e-b\u00fclten 3. Say\u0131\">\n\t\t\t\t\t\t\t\t\t\t\t\t\t\t\t\t<span class=\"lnr lnr-book\"><\/span>\n\t\t\t\t\t\t\t\t\t<\/a>\n\t\t\t<\/div>\n\t\t\t<div class=\"ova-content\">\n\t\t\t\t<h3 class=\"title\">\n\t\t\t\t\t<a href=\"https:\/\/tortumbulten.atauni.edu.tr\/web-bulten3\/\">\n\t\t\t\t\t\t Tortum Meslek Y\u00fcksekokulu e-b\u00fclten 3. Say\u0131\t\t\t\t\t<\/a>\n\t\t\t\t<\/h3>\n\t\t\t\t\t\t\t\t\t\t\t\t<\/div>\n\n\t\t<\/div>\n\t\t\t\t\t\t<\/div>\n\t\t\t\t<\/div>\n\t\t\t\t\t<\/div>\n\t\t<\/div>\n\t\t\t\t<div class=\"elementor-column elementor-col-33 elementor-top-column elementor-element elementor-element-3a83dd3\" data-id=\"3a83dd3\" data-element_type=\"column\">\n\t\t\t<div class=\"elementor-widget-wrap elementor-element-populated\">\n\t\t\t\t\t\t<div class=\"elementor-element elementor-element-b4cc3b7 elementor-widget elementor-widget-ova_feature_box\" data-id=\"b4cc3b7\" data-element_type=\"widget\" data-widget_type=\"ova_feature_box.default\">\n\t\t\t\t<div class=\"elementor-widget-container\">\n\t\t\t\t\t\t\t<div class=\"ova_feature_box version_2\">\n\t\t\t<div class=\"ova-image\">\n\t\t\t\t<a href=\"https:\/\/tortumbulten.atauni.edu.tr\/web-bulten2\/\" title=\" Tortum Meslek Y\u00fcksekokulu e-b\u00fclten 2. Say\u0131\">\n\t\t\t\t\t\t\t\t\t\t\t\t\t\t\t\t<span class=\"lnr lnr-book\"><\/span>\n\t\t\t\t\t\t\t\t\t<\/a>\n\t\t\t<\/div>\n\t\t\t<div class=\"ova-content\">\n\t\t\t\t<h3 class=\"title\">\n\t\t\t\t\t<a href=\"https:\/\/tortumbulten.atauni.edu.tr\/web-bulten2\/\">\n\t\t\t\t\t\t Tortum Meslek Y\u00fcksekokulu e-b\u00fclten 2. Say\u0131\t\t\t\t\t<\/a>\n\t\t\t\t<\/h3>\n\t\t\t\t\t\t\t\t\t\t\t\t<\/div>\n\n\t\t<\/div>\n\t\t\t\t\t\t<\/div>\n\t\t\t\t<\/div>\n\t\t\t\t\t<\/div>\n\t\t<\/div>\n\t\t\t\t<div class=\"elementor-column elementor-col-33 elementor-top-column elementor-element elementor-element-5ef04b2\" data-id=\"5ef04b2\" data-element_type=\"column\">\n\t\t\t<div class=\"elementor-widget-wrap elementor-element-populated\">\n\t\t\t\t\t\t<div class=\"elementor-element elementor-element-40844e3 elementor-widget elementor-widget-ova_feature_box\" data-id=\"40844e3\" data-element_type=\"widget\" data-widget_type=\"ova_feature_box.default\">\n\t\t\t\t<div class=\"elementor-widget-container\">\n\t\t\t\t\t\t\t<div class=\"ova_feature_box version_2\">\n\t\t\t<div class=\"ova-image\">\n\t\t\t\t<a href=\"https:\/\/tortumbulten.atauni.edu.tr\/web-bulten1\/\" title=\" Tortum Meslek Y\u00fcksekokulu e-b\u00fclten 1. Say\u0131\">\n\t\t\t\t\t\t\t\t\t\t\t\t\t\t\t\t<span class=\"lnr lnr-book\"><\/span>\n\t\t\t\t\t\t\t\t\t<\/a>\n\t\t\t<\/div>\n\t\t\t<div class=\"ova-content\">\n\t\t\t\t<h3 class=\"title\">\n\t\t\t\t\t<a href=\"https:\/\/tortumbulten.atauni.edu.tr\/web-bulten1\/\">\n\t\t\t\t\t\t Tortum Meslek Y\u00fcksekokulu e-b\u00fclten 1. Say\u0131\t\t\t\t\t<\/a>\n\t\t\t\t<\/h3>\n\t\t\t\t\t\t\t\t\t\t\t\t<\/div>\n\n\t\t<\/div>\n\t\t\t\t\t\t<\/div>\n\t\t\t\t<\/div>\n\t\t\t\t\t<\/div>\n\t\t<\/div>\n\t\t\t\t\t<\/div>\n\t\t<\/section>\n\t\t\t\t<section class=\"elementor-section elementor-top-section elementor-element elementor-element-84dd029 elementor-hidden-desktop elementor-hidden-tablet elementor-hidden-mobile elementor-section-boxed elementor-section-height-default elementor-section-height-default\" data-id=\"84dd029\" data-element_type=\"section\">\n\t\t\t\t\t\t<div class=\"elementor-container elementor-column-gap-default\">\n\t\t\t\t\t<div class=\"elementor-column elementor-col-33 elementor-top-column elementor-element elementor-element-c6d1def\" data-id=\"c6d1def\" data-element_type=\"column\">\n\t\t\t<div class=\"elementor-widget-wrap elementor-element-populated\">\n\t\t\t\t\t\t<div class=\"elementor-element elementor-element-81a37d8 elementor-widget elementor-widget-ova_feature_box\" data-id=\"81a37d8\" data-element_type=\"widget\" data-widget_type=\"ova_feature_box.default\">\n\t\t\t\t<div class=\"elementor-widget-container\">\n\t\t\t\t\t\t\t<div class=\"ova_feature_box version_2\">\n\t\t\t<div class=\"ova-image\">\n\t\t\t\t<a href=\"https:\/\/tortumbulten.atauni.edu.tr\/web-bulten3\/\" title=\" Tortum Meslek Y\u00fcksekokulu e-b\u00fclten 3. Say\u0131\">\n\t\t\t\t\t\t\t\t\t\t\t\t\t\t\t\t<span class=\"lnr lnr-book\"><\/span>\n\t\t\t\t\t\t\t\t\t<\/a>\n\t\t\t<\/div>\n\t\t\t<div class=\"ova-content\">\n\t\t\t\t<h3 class=\"title\">\n\t\t\t\t\t<a href=\"https:\/\/tortumbulten.atauni.edu.tr\/web-bulten3\/\">\n\t\t\t\t\t\t Tortum Meslek Y\u00fcksekokulu e-b\u00fclten 3. Say\u0131\t\t\t\t\t<\/a>\n\t\t\t\t<\/h3>\n\t\t\t\t\t\t\t\t\t\t\t\t<\/div>\n\n\t\t<\/div>\n\t\t\t\t\t\t<\/div>\n\t\t\t\t<\/div>\n\t\t\t\t\t<\/div>\n\t\t<\/div>\n\t\t\t\t<div class=\"elementor-column elementor-col-33 elementor-top-column elementor-element elementor-element-50bed22\" data-id=\"50bed22\" data-element_type=\"column\">\n\t\t\t<div class=\"elementor-widget-wrap elementor-element-populated\">\n\t\t\t\t\t\t<div class=\"elementor-element elementor-element-249a43e elementor-widget elementor-widget-ova_feature_box\" data-id=\"249a43e\" data-element_type=\"widget\" data-widget_type=\"ova_feature_box.default\">\n\t\t\t\t<div class=\"elementor-widget-container\">\n\t\t\t\t\t\t\t<div class=\"ova_feature_box version_2\">\n\t\t\t<div class=\"ova-image\">\n\t\t\t\t<a href=\"https:\/\/tortumbulten.atauni.edu.tr\/web-bulten3\/\" title=\" Tortum Meslek Y\u00fcksekokulu e-b\u00fclten 2. Say\u0131\">\n\t\t\t\t\t\t\t\t\t\t\t\t\t\t\t\t<span class=\"lnr lnr-book\"><\/span>\n\t\t\t\t\t\t\t\t\t<\/a>\n\t\t\t<\/div>\n\t\t\t<div class=\"ova-content\">\n\t\t\t\t<h3 class=\"title\">\n\t\t\t\t\t<a href=\"https:\/\/tortumbulten.atauni.edu.tr\/web-bulten3\/\">\n\t\t\t\t\t\t Tortum Meslek Y\u00fcksekokulu e-b\u00fclten 2. Say\u0131\t\t\t\t\t<\/a>\n\t\t\t\t<\/h3>\n\t\t\t\t\t\t\t\t\t\t\t\t<\/div>\n\n\t\t<\/div>\n\t\t\t\t\t\t<\/div>\n\t\t\t\t<\/div>\n\t\t\t\t\t<\/div>\n\t\t<\/div>\n\t\t\t\t<div class=\"elementor-column elementor-col-33 elementor-top-column elementor-element elementor-element-54b6c24\" data-id=\"54b6c24\" data-element_type=\"column\">\n\t\t\t<div class=\"elementor-widget-wrap elementor-element-populated\">\n\t\t\t\t\t\t<div class=\"elementor-element elementor-element-63edef3 elementor-widget elementor-widget-ova_feature_box\" data-id=\"63edef3\" data-element_type=\"widget\" data-widget_type=\"ova_feature_box.default\">\n\t\t\t\t<div class=\"elementor-widget-container\">\n\t\t\t\t\t\t\t<div class=\"ova_feature_box version_2\">\n\t\t\t<div class=\"ova-image\">\n\t\t\t\t<a href=\"https:\/\/tortumbulten.atauni.edu.tr\/web-bulten3\/\" title=\" Tortum Meslek Y\u00fcksekokulu e-b\u00fclten 1. Say\u0131\">\n\t\t\t\t\t\t\t\t\t\t\t\t\t\t\t\t<span class=\"lnr lnr-book\"><\/span>\n\t\t\t\t\t\t\t\t\t<\/a>\n\t\t\t<\/div>\n\t\t\t<div class=\"ova-content\">\n\t\t\t\t<h3 class=\"title\">\n\t\t\t\t\t<a href=\"https:\/\/tortumbulten.atauni.edu.tr\/web-bulten3\/\">\n\t\t\t\t\t\t Tortum Meslek Y\u00fcksekokulu e-b\u00fclten 1. Say\u0131\t\t\t\t\t<\/a>\n\t\t\t\t<\/h3>\n\t\t\t\t\t\t\t\t\t\t\t\t<\/div>\n\n\t\t<\/div>\n\t\t\t\t\t\t<\/div>\n\t\t\t\t<\/div>\n\t\t\t\t\t<\/div>\n\t\t<\/div>\n\t\t\t\t\t<\/div>\n\t\t<\/section>\n\t\t\t\t<section class=\"elementor-section elementor-top-section elementor-element elementor-element-b76a55e elementor-section-boxed elementor-section-height-default elementor-section-height-default\" data-id=\"b76a55e\" data-element_type=\"section\">\n\t\t\t\t\t\t<div class=\"elementor-container elementor-column-gap-default\">\n\t\t\t\t\t<div class=\"elementor-column elementor-col-100 elementor-top-column elementor-element elementor-element-ed2b13a\" data-id=\"ed2b13a\" data-element_type=\"column\">\n\t\t\t<div class=\"elementor-widget-wrap\">\n\t\t\t\t\t\t\t<\/div>\n\t\t<\/div>\n\t\t\t\t\t<\/div>\n\t\t<\/section>\n\t\t\t\t<\/div>\n\t\t","protected":false},"excerpt":{"rendered":"<p>Tortum Meslek Y\u00fcksekokulu e-b\u00fclten 3. Say\u0131 Tortum Meslek Y\u00fcksekokulu e-b\u00fclten 2. Say\u0131 Tortum Meslek Y\u00fcksekokulu e-b\u00fclten 1. Say\u0131 Tortum Meslek Y\u00fcksekokulu e-b\u00fclten 3. Say\u0131 Tortum Meslek Y\u00fcksekokulu e-b\u00fclten 2. Say\u0131 Tortum Meslek Y\u00fcksekokulu e-b\u00fclten 1. Say\u0131<\/p>\n","protected":false},"author":417,"featured_media":0,"parent":0,"menu_order":0,"comment_status":"closed","ping_status":"closed","template":"","meta":{"footnotes":""},"class_list":["post-6584","page","type-page","status-publish","hentry"],"_links":{"self":[{"href":"https:\/\/atauni.edu.tr\/tortum-meslek-yuksekokulu\/wp-json\/wp\/v2\/pages\/6584","targetHints":{"allow":["GET"]}}],"collection":[{"href":"https:\/\/atauni.edu.tr\/tortum-meslek-yuksekokulu\/wp-json\/wp\/v2\/pages"}],"about":[{"href":"https:\/\/atauni.edu.tr\/tortum-meslek-yuksekokulu\/wp-json\/wp\/v2\/types\/page"}],"author":[{"embeddable":true,"href":"https:\/\/atauni.edu.tr\/tortum-meslek-yuksekokulu\/wp-json\/wp\/v2\/users\/417"}],"replies":[{"embeddable":true,"href":"https:\/\/atauni.edu.tr\/tortum-meslek-yuksekokulu\/wp-json\/wp\/v2\/comments?post=6584"}],"version-history":[{"count":16,"href":"https:\/\/atauni.edu.tr\/tortum-meslek-yuksekokulu\/wp-json\/wp\/v2\/pages\/6584\/revisions"}],"predecessor-version":[{"id":6811,"href":"https:\/\/atauni.edu.tr\/tortum-meslek-yuksekokulu\/wp-json\/wp\/v2\/pages\/6584\/revisions\/6811"}],"wp:attachment":[{"href":"https:\/\/atauni.edu.tr\/tortum-meslek-yuksekokulu\/wp-json\/wp\/v2\/media?parent=6584"}],"curies":[{"name":"wp","href":"https:\/\/api.w.org\/{rel}","templated":true}]}}