{"id":10105,"date":"2025-07-29T15:35:06","date_gmt":"2025-07-29T12:35:06","guid":{"rendered":"https:\/\/birimler.atauni.edu.tr\/turizm-fakultesi\/?page_id=10105"},"modified":"2025-07-29T15:35:12","modified_gmt":"2025-07-29T12:35:12","slug":"etkinlikler","status":"publish","type":"page","link":"https:\/\/atauni.edu.tr\/turizm-fakultesi\/etkinlikler\/","title":{"rendered":"Etkinlikler"},"content":{"rendered":"<form method=\"get\" class=\"row g-3\" style=\"margin-bottom: 20px;\"><div class=\"col-md-3\"><input type=\"text\" name=\"etkinlik_ara\" class=\"form-control\" placeholder=\"Etkinlik ara...\" value=\"\"><\/div><div class=\"col-md-3\"><input type=\"date\" name=\"baslangic_tarihi\" class=\"form-control\" value=\"\"><\/div><div class=\"col-md-3\"><input type=\"date\" name=\"bitis_tarihi\" class=\"form-control\" value=\"\"><\/div><div class=\"col-md-3\"><button type=\"submit\" class=\"btn btn-secondary w-50\">Filtrele<\/button><\/div><\/form><div class=\"etkinlikler-grid-container\" style=\"display: grid; grid-template-columns: repeat(3, 1fr); gap: 20px;\"><div class=\"etkinlik-grid-item\"><div class=\"etkinlik-datee\"><span class=\"day\">06<\/span><span class=\"month\">Mart<\/span><span class=\"year\">2026<\/span><\/div><a href=\"https:\/\/atauni.edu.tr\/turizm-fakultesi\/ata-turizm-mezun-ogrenci-iftar-bulusmasi-gerceklesti\/\" class=\"etkinlik-titlee\">Ata-Turizm Mezun \u00d6\u011frenci \u0130ftar Bulu\u015fmas\u0131 Ger\u00e7ekle\u015fti<\/a><\/div><div class=\"etkinlik-grid-item\"><div class=\"etkinlik-datee\"><span class=\"day\">16<\/span><span class=\"month\">Ekim<\/span><span class=\"year\">2025<\/span><\/div><a href=\"https:\/\/atauni.edu.tr\/turizm-fakultesi\/lezzete-engel-yok-etkinligi\/\" class=\"etkinlik-titlee\">Lezzete Engel Yok Etkinli\u011fi<\/a><\/div><div class=\"etkinlik-grid-item\"><div class=\"etkinlik-datee\"><span class=\"day\">19<\/span><span class=\"month\">Eyl\u00fcl<\/span><span class=\"year\">2025<\/span><\/div><a href=\"https:\/\/atauni.edu.tr\/turizm-fakultesi\/turizm-fakultesi-ve-ataogem-is-birligiyle-olcme-ve-degerlendirme-egitimleri-gerceklestirildi\/\" class=\"etkinlik-titlee\">Turizm Fak\u00fcltesi ve ATA\u00d6GEM \u0130\u015f Birli\u011fiyle \u00d6l\u00e7me ve De\u011ferlendirme E\u011fitimleri Ger\u00e7ekle\u015ftirildi<\/a><\/div><div class=\"etkinlik-grid-item\"><div class=\"etkinlik-datee\"><span class=\"day\">16<\/span><span class=\"month\">Eyl\u00fcl<\/span><span class=\"year\">2025<\/span><\/div><a href=\"https:\/\/atauni.edu.tr\/turizm-fakultesi\/turizm-fakultesi-ve-ataogem-isbirligi-ile-iki-egitimle-sizlerleyiz\/\" class=\"etkinlik-titlee\">Turizm Fak\u00fcltesi ve ATA\u00d6GEM i\u015fbirli\u011fi ile iki e\u011fitimle sizlerleyiz<\/a><\/div><div class=\"etkinlik-grid-item\"><div class=\"etkinlik-thumbnail\"><img fetchpriority=\"high\" decoding=\"async\" width=\"300\" height=\"231\" src=\"https:\/\/atauni.edu.tr\/turizm-fakultesi\/wp-content\/uploads\/sites\/74\/2023\/06\/duyuru-300x231-1.jpg\" class=\"img-fluid wp-post-image\" alt=\"\" \/><\/div><div class=\"etkinlik-datee\"><span class=\"day\">02<\/span><span class=\"month\">May\u0131s<\/span><span class=\"year\">2025<\/span><\/div><a href=\"https:\/\/atauni.edu.tr\/turizm-fakultesi\/turizm-fakultesi-2024-2025-egitim-ogretim-yili-guz-donemi-etkinlik-programi\/\" class=\"etkinlik-titlee\">Turizm Fak\u00fcltesi 2024-2025 E\u011fitim \u00d6\u011fretim Y\u0131l\u0131 G\u00fcz D\u00f6nemi Etkinlik Program\u0131<\/a><\/div><div class=\"etkinlik-grid-item\"><div class=\"etkinlik-thumbnail\"><img fetchpriority=\"high\" decoding=\"async\" width=\"300\" height=\"231\" src=\"https:\/\/atauni.edu.tr\/turizm-fakultesi\/wp-content\/uploads\/sites\/74\/2023\/06\/duyuru-300x231-1.jpg\" class=\"img-fluid wp-post-image\" alt=\"\" \/><\/div><div class=\"etkinlik-datee\"><span class=\"day\">24<\/span><span class=\"month\">Nisan<\/span><span class=\"year\">2025<\/span><\/div><a href=\"https:\/\/atauni.edu.tr\/turizm-fakultesi\/puskin-ve-redhause-erzurumda-panel-konusu-oldu\/\" class=\"etkinlik-titlee\">Atat\u00fcrk \u00dcniversitesi\u2019nden K\u00fclt\u00fcr Turizmine Katk\u0131: Pu\u015fkin ve Redhouse Paneli Yo\u011fun \u0130lgi G\u00f6rd\u00fc<\/a><\/div><div class=\"etkinlik-grid-item\"><div class=\"etkinlik-thumbnail\"><img fetchpriority=\"high\" decoding=\"async\" width=\"300\" height=\"231\" src=\"https:\/\/atauni.edu.tr\/turizm-fakultesi\/wp-content\/uploads\/sites\/74\/2023\/06\/duyuru-300x231-1.jpg\" class=\"img-fluid wp-post-image\" alt=\"\" \/><\/div><div class=\"etkinlik-datee\"><span class=\"day\">16<\/span><span class=\"month\">Nisan<\/span><span class=\"year\">2025<\/span><\/div><a href=\"https:\/\/atauni.edu.tr\/turizm-fakultesi\/turizm-fakultesinden-49-turizm-haftasi-kapsaminda-turizm-lisesine-ziyaret\/\" class=\"etkinlik-titlee\">Turizm Fak\u00fcltesinden 49. Turizm Haftas\u0131 Kapsam\u0131nda Turizm Lisesine Ziyaret<\/a><\/div><div class=\"etkinlik-grid-item\"><div class=\"etkinlik-thumbnail\"><img fetchpriority=\"high\" decoding=\"async\" width=\"300\" height=\"231\" src=\"https:\/\/atauni.edu.tr\/turizm-fakultesi\/wp-content\/uploads\/sites\/74\/2023\/06\/duyuru-300x231-1.jpg\" class=\"img-fluid wp-post-image\" alt=\"\" \/><\/div><div class=\"etkinlik-datee\"><span class=\"day\">21<\/span><span class=\"month\">\u015eubat<\/span><span class=\"year\">2025<\/span><\/div><a href=\"https:\/\/atauni.edu.tr\/turizm-fakultesi\/turizmde-kariyer-yolculugu-gelecege-yon-veren-bulusma\/\" class=\"etkinlik-titlee\">Turizmde Kariyer Yolculu\u011fu: Gelece\u011fe Y\u00f6n Veren Bulu\u015fma<\/a><\/div><\/div><div class=\"pagination\" style=\"margin-top: 20px;\"><\/div>\n","protected":false},"excerpt":{"rendered":"","protected":false},"author":1,"featured_media":0,"parent":0,"menu_order":0,"comment_status":"closed","ping_status":"closed","template":"","meta":{"footnotes":""},"class_list":["post-10105","page","type-page","status-publish","hentry"],"_links":{"self":[{"href":"https:\/\/atauni.edu.tr\/turizm-fakultesi\/wp-json\/wp\/v2\/pages\/10105","targetHints":{"allow":["GET"]}}],"collection":[{"href":"https:\/\/atauni.edu.tr\/turizm-fakultesi\/wp-json\/wp\/v2\/pages"}],"about":[{"href":"https:\/\/atauni.edu.tr\/turizm-fakultesi\/wp-json\/wp\/v2\/types\/page"}],"author":[{"embeddable":true,"href":"https:\/\/atauni.edu.tr\/turizm-fakultesi\/wp-json\/wp\/v2\/users\/1"}],"replies":[{"embeddable":true,"href":"https:\/\/atauni.edu.tr\/turizm-fakultesi\/wp-json\/wp\/v2\/comments?post=10105"}],"version-history":[{"count":1,"href":"https:\/\/atauni.edu.tr\/turizm-fakultesi\/wp-json\/wp\/v2\/pages\/10105\/revisions"}],"predecessor-version":[{"id":10109,"href":"https:\/\/atauni.edu.tr\/turizm-fakultesi\/wp-json\/wp\/v2\/pages\/10105\/revisions\/10109"}],"wp:attachment":[{"href":"https:\/\/atauni.edu.tr\/turizm-fakultesi\/wp-json\/wp\/v2\/media?parent=10105"}],"curies":[{"name":"wp","href":"https:\/\/api.w.org\/{rel}","templated":true}]}}