{"id":5572,"date":"2021-07-13T09:18:40","date_gmt":"2021-07-13T06:18:40","guid":{"rendered":"https:\/\/portaltest.atauni.edu.tr\/muhendislik-fakultesi\/?page_id=5572"},"modified":"2021-08-19T11:38:37","modified_gmt":"2021-08-19T08:38:37","slug":"yonetim","status":"publish","type":"page","link":"https:\/\/atauni.edu.tr\/turizm-fakultesi\/yonetim\/","title":{"rendered":"Y\u00f6netim"},"content":{"rendered":"\t\t<div data-elementor-type=\"wp-page\" data-elementor-id=\"5572\" class=\"elementor elementor-5572\" data-elementor-post-type=\"page\">\n\t\t\t\t\t\t<section class=\"elementor-section elementor-top-section elementor-element elementor-element-46c2cb5d elementor-section-boxed elementor-section-height-default elementor-section-height-default\" data-id=\"46c2cb5d\" data-element_type=\"section\">\n\t\t\t\t\t\t<div class=\"elementor-container elementor-column-gap-default\">\n\t\t\t\t\t<div class=\"elementor-column elementor-col-100 elementor-top-column elementor-element elementor-element-299813e7\" data-id=\"299813e7\" data-element_type=\"column\">\n\t\t\t<div class=\"elementor-widget-wrap elementor-element-populated\">\n\t\t\t\t\t\t<div class=\"elementor-element elementor-element-3ec495a9 elementor-widget elementor-widget-heading\" data-id=\"3ec495a9\" data-element_type=\"widget\" data-widget_type=\"heading.default\">\n\t\t\t\t<div class=\"elementor-widget-container\">\n\t\t\t\t\t<h2 class=\"elementor-heading-title elementor-size-default\">Y\u00f6netim<\/h2>\t\t\t\t<\/div>\n\t\t\t\t<\/div>\n\t\t\t\t<div class=\"elementor-element elementor-element-2092e3b3 elementor-widget-divider--view-line elementor-widget elementor-widget-divider\" data-id=\"2092e3b3\" data-element_type=\"widget\" data-widget_type=\"divider.default\">\n\t\t\t\t<div class=\"elementor-widget-container\">\n\t\t\t\t\t\t\t<div class=\"elementor-divider\">\n\t\t\t<span class=\"elementor-divider-separator\">\n\t\t\t\t\t\t<\/span>\n\t\t<\/div>\n\t\t\t\t\t\t<\/div>\n\t\t\t\t<\/div>\n\t\t\t\t\t<\/div>\n\t\t<\/div>\n\t\t\t\t\t<\/div>\n\t\t<\/section>\n\t\t\t\t<section class=\"elementor-section elementor-top-section elementor-element elementor-element-75541bc elementor-section-boxed elementor-section-height-default elementor-section-height-default\" data-id=\"75541bc\" data-element_type=\"section\">\n\t\t\t\t\t\t<div class=\"elementor-container elementor-column-gap-default\">\n\t\t\t\t\t<div class=\"elementor-column elementor-col-100 elementor-top-column elementor-element elementor-element-cd2e100\" data-id=\"cd2e100\" data-element_type=\"column\">\n\t\t\t<div class=\"elementor-widget-wrap elementor-element-populated\">\n\t\t\t\t\t\t<div class=\"elementor-element elementor-element-2e570f2 elementor-widget elementor-widget-shortcode\" data-id=\"2e570f2\" data-element_type=\"widget\" data-widget_type=\"shortcode.default\">\n\t\t\t\t<div class=\"elementor-widget-container\">\n\t\t\t\t\t            <div class=\"accordion\" id=\"personel-kart\">\n                <div class=\"card p-liste\">\n                    <div class=\"card-header \" id=\"p-0\">\n                        <h2 class=\"mb-0\">\n                            <button class=\"btn btn-link collapsed\" type=\"button\" data-toggle=\"collapse\"\n                                    data-target=\"#k-0\"\n                                    aria-expanded=\"false\" aria-controls=\"collapseOne\">\n                                <span class=\"unvan\">Dekan<\/span>\n                                Prof. Dr. G\u00f6kalp Nuri Sel\u00e7uk                            <\/button>\n                        <\/h2>\n                    <\/div>\n                    <div id=\"k-0\" class=\"collapse\" aria-labelledby=\"p-0\"\n                         data-parent=\"#personel-kart\" style=\"\">\n                        <div class=\"card-body\">\n                            <div class=\"row\">\n                                <div class=\"col-3 kart-resim\">\n                                    <img decoding=\"async\" src=\"\/\/eski.atauni.edu.tr\/resizer.php?w=189&amp;h=228&amp;zc=1&amp;src=\/uploads\/profilResimleriSha1\/c24901e8e6d0d80ff94e473d4a28aa75.png\"\n                                         class=\"img-fluid\">\n                                <\/div>\n                                <div class=\"col-7\">\n                                    <h3 class=\"kart-baslik kart-baslik-yonetim\">Dekan<\/h3>\n                                    <div class=\"row\">\n                                        <div class=\"ad-soyad\">Prof. Dr. G\u00f6kalp Nuri Sel\u00e7uk<\/div>\n                                        <div class=\"birim\">Turizm \u0130\u015fletmecili\u011fi<\/div>\n                                        <div class=\"bilgiler\">\n                                            <strong>E-Posta<\/strong>gokalpns@atauni.edu.tr                                        <\/div>\n                                                                                <div class=\"bilgiler\"><strong>Profil<\/strong> <a target=\"_blank\"\n                                         href=\"http:\/\/avesis.atauni.edu.tr\/gokalpns\">https:\/\/avesis.atauni.edu.tr\/gokalpns<\/a>\n                                        <\/div>\n                                        <div class=\"bilgiler\">\n                                            <strong>Telefon<\/strong>\n                                            +90 442 231                                           (5042)&nbsp;\n                                        <\/div>\n                                        <div class=\"bilgiler\"><strong>Posta Adresi<\/strong> \n                                        <span class=\"posta\">\n                                                                                                Atat\u00fcrk \u00dcniversitesi Turizm Fak\u00fcltesi 25240 Yakutiye - ERZURUM                                                                                                                                                                                                                                                                                                                                                                                                                                                                                                                                                                                                                                                                                                                                                                                                                                                                                                                                                                                                                                                                                                        <\/span>\n                                        <\/div>\n                                    <\/div>\n                                <\/div>\n                                <div class=\"col-10 kart-egitim\">\n                                    <h3>E\u011fitim<\/h3>\n                                    <ul>\n\n                                                                                        <li>Doktora, Atat\u00fcrk \u00dcniversitesi, Iktisat B\u00f6l\u00fcm\u00fc, 2004 <\/li>\n\n\n                                                                                                <li>Y\u00fcksek Lisans, Atat\u00fcrk \u00dcniversitesi, Iktisat B\u00f6l\u00fcm\u00fc, 1999 <\/li>\n\n\n                                                                                                <li>Lisans, Uluda\u011f \u00dcniversitesi, Maliye B\u00f6l\u00fcm\u00fc, 1991 <\/li>\n\n\n                                                \n                                    <\/ul>\n                                <\/div>\n                                 <!--<div class=\"col-2 qr\">\n                                    <img decoding=\"async\" src=\"https:\/\/chart.googleapis.com\/chart?chs=100x100&amp;cht=qr&amp;chl=BEGIN:VCARD%0AVERSION:3.0%0ATITLE:%0AN:G\u00f6kalp Nuri%20Sel\u00e7uk%0ATEL;type=WORK:%2B904422315042%0AEMAIL:gokalpns@atauni.edu.tr%0AEND:VCARD\"\n                                         class=\"img-fluid qr\">\n                                <\/div>-->\n                            <\/div>\n                        <\/div>\n                    <\/div>\n                <\/div>\n            <\/div>\n\n\n                    <div class=\"accordion\" id=\"personel-kart\">\n            <div class=\"card p-liste\">\n                <div class=\"card-header \" id=\"p-1\">\n                    <h2 class=\"mb-0\">\n                        <button class=\"btn btn-link collapsed\" type=\"button\" data-toggle=\"collapse\"\n                                data-target=\"#k-1\"\n                                aria-expanded=\"false\" aria-controls=\"collapseOne\">\n                            <span class=\"unvan\">Dekan Yard\u0131mc\u0131s\u0131<\/span>\n                            Prof. Dr. Ahmet \u00c7avu\u015f                        <\/button>\n                    <\/h2>\n                <\/div>\n\n                <div id=\"k-1\" class=\"collapse\" aria-labelledby=\"p-1\"\n                     data-parent=\"#personel-kart\" style=\"\">\n                    <div class=\"card-body\">\n                        <div class=\"row\">\n                            <div class=\"col-3 kart-resim\">\n                                <img decoding=\"async\" src=\"\/\/eski.atauni.edu.tr\/resizer.php?w=189&amp;h=228&amp;zc=1&amp;src=\/uploads\/profilResimleriSha1\/8a9d41cb18dfa862407a2277e86a86d9.png\"\n                                     class=\"img-fluid\">\n                            <\/div>\n                            <div class=\"col-7\">\n                                <h3 class=\"kart-baslik kart-baslik-yonetim\">Dekan Yard\u0131mc\u0131s\u0131<\/h3>\n                                <div class=\"row\">\n                                    <div class=\"ad-soyad\">Prof. Dr. Ahmet \u00c7avu\u015f<\/div>\n                                    <div class=\"birim\">Turizm Rehberli\u011fi<\/div>\n                                    <div class=\"bilgiler\"><strong>E-Posta<\/strong>ahmetcavus@atauni.edu.tr                                    <\/div>\n                                                                        <div class=\"bilgiler\"><strong>Profil<\/strong> <a target=\"_blank\"\n                                     href=\"http:\/\/avesis.atauni.edu.tr\/ahmetcavus\">https:\/\/avesis.atauni.edu.tr\/ahmetcavus<\/a>\n                                    <\/div>\n                                    <div class=\"bilgiler\">\n                                        <strong>Telefon<\/strong>\n                                        +90 442 231                                        (5042)&nbsp;\n                                    <\/div>\n                                    <div class=\"bilgiler\"><strong>Posta Adresi<\/strong> \n                                   <span class=\"posta\">\n                                 \n                                                                                           Atat\u00fcrk \u00dcniversitesi Turizm Fak\u00fcltesi 25240 Yakutiye - ERZURUM                                                                                                                                                                                                                                                                                                                                                                                                                                                                                                                                                                                                                                                                                                                                                                                                                                                                                                                                                                                                                                                                                                           \n                                           \n                                        <\/span>\n                                    <\/div>\n                                <\/div>\n                            <\/div>\n                            <div class=\"col-10 kart-egitim\">\n\n                            \n                                <h3>E\u011fitim<\/h3>\n                                <ul>\n\n                                                                                <li>Lisans, Atat\u00fcrk \u00dcniversitesi, T\u00fcrk\u00e7e Ve Sosyal Bilimler E\u011fitimi B\u00f6l\u00fcm\u00fc, 2003 <\/li>\n\n\n                                                                                        <li>Doktora, Atat\u00fcrk \u00dcniversitesi, Be\u015feri Ve Iktisadi Co\u011frafya (Dr), 2013 <\/li>\n\n\n                                            \n                                <\/ul>\n\n                               \n\n                            <\/div>\n                             <!--<div class=\"col-2 qr\">\n                                <img decoding=\"async\" src=\"https:\/\/chart.googleapis.com\/chart?chs=100x100&amp;cht=qr&amp;chl=BEGIN:VCARD%0AVERSION:3.0%0ATITLE:%0AN:Ahmet%20\u00c7avu\u015f%0ATEL;type=WORK:%2B904422315042%0AEMAIL:ahmetcavus@atauni.edu.tr%0AEND:VCARD\"\n                                     class=\"img-fluid qr\">\n                            <\/div>-->\n                        <\/div>\n                    <\/div>\n                <\/div>\n            <\/div>\n        <\/div>\n\n\n                <div class=\"accordion\" id=\"personel-kart\">\n            <div class=\"card p-liste\">\n                <div class=\"card-header \" id=\"p-2\">\n                    <h2 class=\"mb-0\">\n                        <button class=\"btn btn-link collapsed\" type=\"button\" data-toggle=\"collapse\"\n                                data-target=\"#k-2\"\n                                aria-expanded=\"false\" aria-controls=\"collapseOne\">\n                            <span class=\"unvan\">Dekan Yard\u0131mc\u0131s\u0131<\/span>\n                            Do\u00e7. Dr. Neslihan \u00c7etinkaya                        <\/button>\n                    <\/h2>\n                <\/div>\n\n                <div id=\"k-2\" class=\"collapse\" aria-labelledby=\"p-2\"\n                     data-parent=\"#personel-kart\" style=\"\">\n                    <div class=\"card-body\">\n                        <div class=\"row\">\n                            <div class=\"col-3 kart-resim\">\n                                <img decoding=\"async\" src=\"\/\/eski.atauni.edu.tr\/resizer.php?w=189&amp;h=228&amp;zc=1&amp;src=\/uploads\/profilResimleriSha1\/e2e095ed843cc1f64ddfb42601433170.png\"\n                                     class=\"img-fluid\">\n                            <\/div>\n                            <div class=\"col-7\">\n                                <h3 class=\"kart-baslik kart-baslik-yonetim\">Dekan Yard\u0131mc\u0131s\u0131<\/h3>\n                                <div class=\"row\">\n                                    <div class=\"ad-soyad\">Do\u00e7. Dr. Neslihan \u00c7etinkaya<\/div>\n                                    <div class=\"birim\">Gastronomi ve Mutfak Sanatlar\u0131<\/div>\n                                    <div class=\"bilgiler\"><strong>E-Posta<\/strong>nserceoglu@atauni.edu.tr                                    <\/div>\n                                                                        <div class=\"bilgiler\"><strong>Profil<\/strong> <a target=\"_blank\"\n                                     href=\"http:\/\/avesis.atauni.edu.tr\/nserceoglu\">https:\/\/avesis.atauni.edu.tr\/nserceoglu<\/a>\n                                    <\/div>\n                                    <div class=\"bilgiler\">\n                                        <strong>Telefon<\/strong>\n                                        +90 442 231                                        (5407)&nbsp;\n                                    <\/div>\n                                    <div class=\"bilgiler\"><strong>Posta Adresi<\/strong> \n                                   <span class=\"posta\">\n                                 \n                                                                                           Atat\u00fcrk \u00dcniversitesi Turizm Fak\u00fcltesi 25240 Yakutiye - ERZURUM                                                                                                                                                                                                                                                                                                                                                                                                                                                                                                                                                                                                                                                                                                                                                                                                                                                                                                                                                                                                                                                                                                           \n                                           \n                                        <\/span>\n                                    <\/div>\n                                <\/div>\n                            <\/div>\n                            <div class=\"col-10 kart-egitim\">\n\n                            \n                                <h3>E\u011fitim<\/h3>\n                                <ul>\n\n                                                                                <li>Doktora, Atat\u00fcrk \u00dcniversitesi, , 2015 <\/li>\n\n\n                                                                                        <li>Y\u00fcksek Lisans, Atat\u00fcrk \u00dcniversitesi, Turizm I\u015fletmecili\u011fi Ve Otelcilik (Yl) (Tezli), 2011 <\/li>\n\n\n                                                                                        <li>Lisans, Gaziosmanpa\u015fa \u00dcniversitesi, Turizm I\u015fletmecili\u011fi Ve Otelcilik B\u00f6l\u00fcm\u00fc, 2009 <\/li>\n\n\n                                            \n                                <\/ul>\n\n                               \n\n                            <\/div>\n                             <!--<div class=\"col-2 qr\">\n                                <img decoding=\"async\" src=\"https:\/\/chart.googleapis.com\/chart?chs=100x100&amp;cht=qr&amp;chl=BEGIN:VCARD%0AVERSION:3.0%0ATITLE:%0AN:Neslihan%20\u00c7etinkaya%0ATEL;type=WORK:%2B904422315407%0AEMAIL:nserceoglu@atauni.edu.tr%0AEND:VCARD\"\n                                     class=\"img-fluid qr\">\n                            <\/div>-->\n                        <\/div>\n                    <\/div>\n                <\/div>\n            <\/div>\n        <\/div>\n\n\n                <div class=\"accordion\" id=\"personel-kart\">\n            <div class=\"card p-liste\">\n                <div class=\"card-header \" id=\"p-3\">\n                    <h2 class=\"mb-0\">\n                        <button class=\"btn btn-link collapsed\" type=\"button\" data-toggle=\"collapse\"\n                                data-target=\"#k-3\"\n                                aria-expanded=\"false\" aria-controls=\"collapseOne\">\n                            <span class=\"unvan\">Fak\u00fclte Sekreteri<\/span>\n                            Fak. Sek. Ay\u015fe Nailo\u011flu                        <\/button>\n                    <\/h2>\n                <\/div>\n\n                <div id=\"k-3\" class=\"collapse\" aria-labelledby=\"p-3\"\n                     data-parent=\"#personel-kart\" style=\"\">\n                    <div class=\"card-body\">\n                        <div class=\"row\">\n                            <div class=\"col-3 kart-resim\">\n                                <img decoding=\"async\" src=\"\/\/eski.atauni.edu.tr\/resizer.php?w=189&amp;h=228&amp;zc=1&amp;src=\/uploads\/profilResimleriSha1\/94bda10782cd9528e3f0fcb1467697bd.png\"\n                                     class=\"img-fluid\">\n                            <\/div>\n                            <div class=\"col-7\">\n                                <h3 class=\"kart-baslik kart-baslik-yonetim\">Fak\u00fclte Sekreteri<\/h3>\n                                <div class=\"row\">\n                                    <div class=\"ad-soyad\">Fak. Sek. Ay\u015fe Nailo\u011flu<\/div>\n                                    <div class=\"birim\">Turizm Fak\u00fcltesi<\/div>\n                                    <div class=\"bilgiler\"><strong>E-Posta<\/strong>ayse.nailoglu@atauni.edu.tr                                    <\/div>\n                                                                        <div class=\"bilgiler\"><strong>Profil<\/strong> <a target=\"_blank\"\n                                     href=\"http:\/\/avesis.atauni.edu.tr\/ayse.nailoglu\">https:\/\/avesis.atauni.edu.tr\/ayse.nailoglu<\/a>\n                                    <\/div>\n                                    <div class=\"bilgiler\">\n                                        <strong>Telefon<\/strong>\n                                        +90 442 231                                        ()&nbsp;\n                                    <\/div>\n                                    <div class=\"bilgiler\"><strong>Posta Adresi<\/strong> <span\n                                                class=\"posta\">\n                                                                                                        Atat\u00fcrk \u00dcniversitesi Turizm Fak\u00fcltesi 25240 Yakutiye - ERZURUM                                                                                                                                                                                                                                                                                                                                                                                                                                                                                                                                                                                                                                                                                                                                                                                                                                                                                                                                                                                                                                                                                                            <\/span>\n                                    <\/div>\n                                <\/div>\n                            <\/div>\n                            <div class=\"col-10 kart-egitim\">\n                                <h3>E\u011fitim<\/h3>\n                                <ul>\n\n                                    \n                                <\/ul>\n                            <\/div>\n                             <!--<div class=\"col-2 qr\">\n                                <img decoding=\"async\" src=\"https:\/\/chart.googleapis.com\/chart?chs=100x100&amp;cht=qr&amp;chl=BEGIN:VCARD%0AVERSION:3.0%0ATITLE:%0AN:Ay\u015fe%20Nailo\u011flu%0ATEL;type=WORK:%2B90442231%0AEMAIL:ayse.nailoglu@atauni.edu.tr%0AEND:VCARD\"\n                                     class=\"img-fluid qr\">\n                            <\/div>-->\n                        <\/div>\n                    <\/div>\n                <\/div>\n            <\/div>\n        <\/div>\n\n\n        \t\t<div class=\"elementor-shortcode\"><\/div>\n\t\t\t\t\t\t<\/div>\n\t\t\t\t<\/div>\n\t\t\t\t\t<\/div>\n\t\t<\/div>\n\t\t\t\t\t<\/div>\n\t\t<\/section>\n\t\t\t\t<\/div>\n\t\t","protected":false},"excerpt":{"rendered":"<p>Y\u00f6netim<\/p>\n","protected":false},"author":1,"featured_media":0,"parent":0,"menu_order":0,"comment_status":"closed","ping_status":"closed","template":"","meta":{"footnotes":""},"class_list":["post-5572","page","type-page","status-publish","hentry"],"_links":{"self":[{"href":"https:\/\/atauni.edu.tr\/turizm-fakultesi\/wp-json\/wp\/v2\/pages\/5572","targetHints":{"allow":["GET"]}}],"collection":[{"href":"https:\/\/atauni.edu.tr\/turizm-fakultesi\/wp-json\/wp\/v2\/pages"}],"about":[{"href":"https:\/\/atauni.edu.tr\/turizm-fakultesi\/wp-json\/wp\/v2\/types\/page"}],"author":[{"embeddable":true,"href":"https:\/\/atauni.edu.tr\/turizm-fakultesi\/wp-json\/wp\/v2\/users\/1"}],"replies":[{"embeddable":true,"href":"https:\/\/atauni.edu.tr\/turizm-fakultesi\/wp-json\/wp\/v2\/comments?post=5572"}],"version-history":[{"count":57,"href":"https:\/\/atauni.edu.tr\/turizm-fakultesi\/wp-json\/wp\/v2\/pages\/5572\/revisions"}],"predecessor-version":[{"id":6246,"href":"https:\/\/atauni.edu.tr\/turizm-fakultesi\/wp-json\/wp\/v2\/pages\/5572\/revisions\/6246"}],"wp:attachment":[{"href":"https:\/\/atauni.edu.tr\/turizm-fakultesi\/wp-json\/wp\/v2\/media?parent=5572"}],"curies":[{"name":"wp","href":"https:\/\/api.w.org\/{rel}","templated":true}]}}