{"id":5674,"date":"2021-07-13T10:47:12","date_gmt":"2021-07-13T07:47:12","guid":{"rendered":"https:\/\/portaltest.atauni.edu.tr\/muhendislik-fakultesi\/?page_id=5674"},"modified":"2025-09-05T15:17:22","modified_gmt":"2025-09-05T12:17:22","slug":"fakulte-kurulu","status":"publish","type":"page","link":"https:\/\/atauni.edu.tr\/turizm-fakultesi\/fakulte-kurulu\/","title":{"rendered":"Fak\u00fclte Kurulu"},"content":{"rendered":"\t\t<div data-elementor-type=\"wp-page\" data-elementor-id=\"5674\" class=\"elementor elementor-5674\" data-elementor-post-type=\"page\">\n\t\t\t\t\t\t<section class=\"elementor-section elementor-top-section elementor-element elementor-element-46c2cb5d elementor-section-boxed elementor-section-height-default elementor-section-height-default\" data-id=\"46c2cb5d\" data-element_type=\"section\">\n\t\t\t\t\t\t<div class=\"elementor-container elementor-column-gap-default\">\n\t\t\t\t\t<div class=\"elementor-column elementor-col-100 elementor-top-column elementor-element elementor-element-299813e7\" data-id=\"299813e7\" data-element_type=\"column\">\n\t\t\t<div class=\"elementor-widget-wrap elementor-element-populated\">\n\t\t\t\t\t\t<div class=\"elementor-element elementor-element-a016a62 elementor-widget elementor-widget-heading\" data-id=\"a016a62\" data-element_type=\"widget\" data-widget_type=\"heading.default\">\n\t\t\t\t<div class=\"elementor-widget-container\">\n\t\t\t\t\t<h2 class=\"elementor-heading-title elementor-size-default\">Fak\u00fclte Kurulu<\/h2>\t\t\t\t<\/div>\n\t\t\t\t<\/div>\n\t\t\t\t<div class=\"elementor-element elementor-element-2092e3b3 elementor-widget-divider--view-line elementor-widget elementor-widget-divider\" data-id=\"2092e3b3\" data-element_type=\"widget\" data-widget_type=\"divider.default\">\n\t\t\t\t<div class=\"elementor-widget-container\">\n\t\t\t\t\t\t\t<div class=\"elementor-divider\">\n\t\t\t<span class=\"elementor-divider-separator\">\n\t\t\t\t\t\t<\/span>\n\t\t<\/div>\n\t\t\t\t\t\t<\/div>\n\t\t\t\t<\/div>\n\t\t\t\t\t<\/div>\n\t\t<\/div>\n\t\t\t\t\t<\/div>\n\t\t<\/section>\n\t\t\t\t<section class=\"elementor-section elementor-top-section elementor-element elementor-element-7727b5a elementor-section-boxed elementor-section-height-default elementor-section-height-default\" data-id=\"7727b5a\" data-element_type=\"section\">\n\t\t\t\t\t\t<div class=\"elementor-container elementor-column-gap-default\">\n\t\t\t\t\t<div class=\"elementor-column elementor-col-100 elementor-top-column elementor-element elementor-element-590a86b\" data-id=\"590a86b\" data-element_type=\"column\">\n\t\t\t<div class=\"elementor-widget-wrap elementor-element-populated\">\n\t\t\t\t\t\t<div class=\"elementor-element elementor-element-e02a6b9 elementor-drop-cap-yes elementor-drop-cap-view-default elementor-widget elementor-widget-text-editor\" data-id=\"e02a6b9\" data-element_type=\"widget\" data-settings=\"{&quot;drop_cap&quot;:&quot;yes&quot;}\" data-widget_type=\"text-editor.default\">\n\t\t\t\t<div class=\"elementor-widget-container\">\n\t\t\t\t\t\t\t\t\t<p><strong>Fak\u00fclte Kurulu \u00dcyeleri<\/strong><\/p><p>Dekan Prof. Dr. G\u00f6kalp Nuri SEL\u00c7UK<\/p><p>Prof. Dr. Murat TOSUN<\/p><p>\u00a0Prof. Dr. Ahmet \u00c7AVU\u015e<\/p><p>Do\u00e7. Dr. Nilg\u00fcn SANALAN B\u0130L\u0130C\u0130<\/p><p>Do\u00e7. Dr. H\u00fcseyin BOZ<\/p><p>Do\u00e7. Dr. Neslihan SER\u00c7EO\u011eLU<\/p><p>Dr. \u00d6\u011fr. \u00dcyesi Ali \u0130SKENDER<\/p>\t\t\t\t\t\t\t\t<\/div>\n\t\t\t\t<\/div>\n\t\t\t\t<div class=\"elementor-element elementor-element-3ec495a9 elementor-widget elementor-widget-heading\" data-id=\"3ec495a9\" data-element_type=\"widget\" data-widget_type=\"heading.default\">\n\t\t\t\t<div class=\"elementor-widget-container\">\n\t\t\t\t\t<h2 class=\"elementor-heading-title elementor-size-default\">Turizm Fak\u00fcltesi Dan\u0131\u015fma Kurulu.<\/h2>\t\t\t\t<\/div>\n\t\t\t\t<\/div>\n\t\t\t\t\t<\/div>\n\t\t<\/div>\n\t\t\t\t\t<\/div>\n\t\t<\/section>\n\t\t\t\t<section class=\"elementor-section elementor-top-section elementor-element elementor-element-c89eae4 elementor-section-boxed elementor-section-height-default elementor-section-height-default\" data-id=\"c89eae4\" data-element_type=\"section\">\n\t\t\t\t\t\t<div class=\"elementor-container elementor-column-gap-default\">\n\t\t\t\t\t<div class=\"elementor-column elementor-col-100 elementor-top-column elementor-element elementor-element-94549dd\" data-id=\"94549dd\" data-element_type=\"column\">\n\t\t\t<div class=\"elementor-widget-wrap elementor-element-populated\">\n\t\t\t\t\t\t<div class=\"elementor-element elementor-element-bdf8f3c elementor-drop-cap-yes elementor-drop-cap-view-default elementor-widget elementor-widget-text-editor\" data-id=\"bdf8f3c\" data-element_type=\"widget\" data-settings=\"{&quot;drop_cap&quot;:&quot;yes&quot;}\" data-widget_type=\"text-editor.default\">\n\t\t\t\t<div class=\"elementor-widget-container\">\n\t\t\t\t\t\t\t\t\t<p>Dr. Cem KINAY (Dan\u0131\u015fman)<br \/>Prof.Dr. Muharrem TUNA (Turizm Akademisyenleri Derne\u011fi ve Turizm Akreditasyon<br \/>Kurulu Ba\u015fkan\u0131)<br \/>Av.Kaan \u015eAH\u0130NALP (THKU M\u00fctevelli Heyet Ba\u015fkan Vekili ve TUI Grup T\u00fcrkiye<br \/>Yetkilisi)<br \/>l Dr. \u0130sa YAYLA (Mezun) (Turizm Bakanl\u0131\u011f\u0131 Bakan Yard\u0131mc\u0131s\u0131 Dan\u0131\u015fman\u0131)<br \/>Nuh SE\u00c7ER (Polat Erzurum Otel Genel M\u00fcd\u00fcr\u00fc)<br \/>Y\u00fccel G\u00dcNEY (Polat Erzurum Otel Executive Chef)<br \/>Rag\u0131p P\u0130RSEL\u0130MO\u011eLU (Trabzon B\u00f6lgesel Turist Rehberleri Odas\u0131 Ba\u015fkan\u0131)<br \/>Prof.Dr. G\u00f6kalp Nuri SEL\u00c7UK (Turizm \u0130\u015fletmecili\u011fi B\u00f6l\u00fcm Ba\u015fkan\u0131)<br \/>Prof.Dr. Murat TOSUN (Gastronomi ve Mutfak Sanatlar\u0131 B\u00f6l\u00fcm Ba\u015fkan\u0131)<br \/>Prof.Dr. Ahmet \u00c7AVU\u015e (Turizm Rehberli\u011fi B\u00f6l\u00fcm Ba\u015fkan\u0131)<br \/>Muhammet SAL\u0130 (Mezun) (Muska Restoranlar\u0131 \u015eefi &amp; \u0130\u015fletmecisi Erzurum)<br \/>Ufuk KIRMIZI (Erzurum VE Hotels M\u00fcd\u00fcr\u00fc)<br \/>Ufuk NUHO\u011eLU (Mezun \u00c7al\u0131\u015fan) (The Erzurum Otel- Paland\u00f6ken)<br \/>Nuh \u015eENOL (TURSAB B\u00f6lge Ba\u015fkan\u0131)<\/p><p><a href=\"http:\/\/birimler.atauni.edu.tr\/turizm-fakultesi\/wp-content\/uploads\/sites\/74\/2025\/09\/Turizm-Fakultesi-Danisma-Kurulu.pdf__-2025-09-05-pmt-15.06.05.pdf\">Turizm Fak\u00fcltesi Dan\u0131\u015fma Kurulu.pdf__ 2025-09-05 pmt 15.06.05<\/a><\/p><p>\u00a0<\/p>\t\t\t\t\t\t\t\t<\/div>\n\t\t\t\t<\/div>\n\t\t\t\t\t<\/div>\n\t\t<\/div>\n\t\t\t\t\t<\/div>\n\t\t<\/section>\n\t\t\t\t<\/div>\n\t\t","protected":false},"excerpt":{"rendered":"<p>Fak\u00fclte Kurulu Fak\u00fclte Kurulu \u00dcyeleri Dekan Prof. Dr. G\u00f6kalp Nuri SEL\u00c7UK Prof. Dr. Murat TOSUN \u00a0Prof. Dr. Ahmet \u00c7AVU\u015e Do\u00e7. Dr. Nilg\u00fcn SANALAN B\u0130L\u0130C\u0130 Do\u00e7. Dr. H\u00fcseyin BOZ Do\u00e7. Dr. Neslihan SER\u00c7EO\u011eLU Dr. \u00d6\u011fr. \u00dcyesi Ali \u0130SKENDER Turizm Fak\u00fcltesi Dan\u0131\u015fma Kurulu. Dr. Cem KINAY (Dan\u0131\u015fman)Prof.Dr. Muharrem TUNA (Turizm Akademisyenleri Derne\u011fi ve Turizm AkreditasyonKurulu Ba\u015fkan\u0131)Av.Kaan \u015eAH\u0130NALP [&hellip;]<\/p>\n","protected":false},"author":1,"featured_media":0,"parent":0,"menu_order":0,"comment_status":"closed","ping_status":"closed","template":"elementor_header_footer","meta":{"footnotes":""},"class_list":["post-5674","page","type-page","status-publish","hentry"],"_links":{"self":[{"href":"https:\/\/atauni.edu.tr\/turizm-fakultesi\/wp-json\/wp\/v2\/pages\/5674","targetHints":{"allow":["GET"]}}],"collection":[{"href":"https:\/\/atauni.edu.tr\/turizm-fakultesi\/wp-json\/wp\/v2\/pages"}],"about":[{"href":"https:\/\/atauni.edu.tr\/turizm-fakultesi\/wp-json\/wp\/v2\/types\/page"}],"author":[{"embeddable":true,"href":"https:\/\/atauni.edu.tr\/turizm-fakultesi\/wp-json\/wp\/v2\/users\/1"}],"replies":[{"embeddable":true,"href":"https:\/\/atauni.edu.tr\/turizm-fakultesi\/wp-json\/wp\/v2\/comments?post=5674"}],"version-history":[{"count":26,"href":"https:\/\/atauni.edu.tr\/turizm-fakultesi\/wp-json\/wp\/v2\/pages\/5674\/revisions"}],"predecessor-version":[{"id":10153,"href":"https:\/\/atauni.edu.tr\/turizm-fakultesi\/wp-json\/wp\/v2\/pages\/5674\/revisions\/10153"}],"wp:attachment":[{"href":"https:\/\/atauni.edu.tr\/turizm-fakultesi\/wp-json\/wp\/v2\/media?parent=5674"}],"curies":[{"name":"wp","href":"https:\/\/api.w.org\/{rel}","templated":true}]}}