{"id":5774,"date":"2021-07-13T13:54:52","date_gmt":"2021-07-13T10:54:52","guid":{"rendered":"https:\/\/portaltest.atauni.edu.tr\/muhendislik-fakultesi\/?page_id=5774"},"modified":"2024-09-30T12:16:15","modified_gmt":"2024-09-30T09:16:15","slug":"tarihce","status":"publish","type":"page","link":"https:\/\/atauni.edu.tr\/turizm-fakultesi\/tarihce\/","title":{"rendered":"Tarih\u00e7e"},"content":{"rendered":"\t\t<div data-elementor-type=\"wp-page\" data-elementor-id=\"5774\" class=\"elementor elementor-5774\" data-elementor-post-type=\"page\">\n\t\t\t\t\t\t<section class=\"elementor-section elementor-top-section elementor-element elementor-element-46c2cb5d elementor-section-boxed elementor-section-height-default elementor-section-height-default\" data-id=\"46c2cb5d\" data-element_type=\"section\">\n\t\t\t\t\t\t<div class=\"elementor-container elementor-column-gap-default\">\n\t\t\t\t\t<div class=\"elementor-column elementor-col-100 elementor-top-column elementor-element elementor-element-299813e7\" data-id=\"299813e7\" data-element_type=\"column\">\n\t\t\t<div class=\"elementor-widget-wrap elementor-element-populated\">\n\t\t\t\t\t\t<div class=\"elementor-element elementor-element-3ec495a9 elementor-widget elementor-widget-heading\" data-id=\"3ec495a9\" data-element_type=\"widget\" data-widget_type=\"heading.default\">\n\t\t\t\t<div class=\"elementor-widget-container\">\n\t\t\t\t\t<h2 class=\"elementor-heading-title elementor-size-default\">Tarih\u00e7e<\/h2>\t\t\t\t<\/div>\n\t\t\t\t<\/div>\n\t\t\t\t<div class=\"elementor-element elementor-element-2092e3b3 elementor-widget-divider--view-line elementor-widget elementor-widget-divider\" data-id=\"2092e3b3\" data-element_type=\"widget\" data-widget_type=\"divider.default\">\n\t\t\t\t<div class=\"elementor-widget-container\">\n\t\t\t\t\t\t\t<div class=\"elementor-divider\">\n\t\t\t<span class=\"elementor-divider-separator\">\n\t\t\t\t\t\t<\/span>\n\t\t<\/div>\n\t\t\t\t\t\t<\/div>\n\t\t\t\t<\/div>\n\t\t\t\t\t<\/div>\n\t\t<\/div>\n\t\t\t\t\t<\/div>\n\t\t<\/section>\n\t\t\t\t<section class=\"elementor-section elementor-top-section elementor-element elementor-element-a00ea8d elementor-section-boxed elementor-section-height-default elementor-section-height-default\" data-id=\"a00ea8d\" data-element_type=\"section\">\n\t\t\t\t\t\t<div class=\"elementor-container elementor-column-gap-default\">\n\t\t\t\t\t<div class=\"elementor-column elementor-col-100 elementor-top-column elementor-element elementor-element-0ad1be4\" data-id=\"0ad1be4\" data-element_type=\"column\">\n\t\t\t<div class=\"elementor-widget-wrap elementor-element-populated\">\n\t\t\t\t\t\t<div class=\"elementor-element elementor-element-c133bed elementor-widget elementor-widget-text-editor\" data-id=\"c133bed\" data-element_type=\"widget\" data-widget_type=\"text-editor.default\">\n\t\t\t\t<div class=\"elementor-widget-container\">\n\t\t\t\t\t\t\t\t\t<p>2008 y\u0131l\u0131nda Turizm \u0130\u015fletmecili\u011fi ve Otelcilik Y\u00fcksekokulunda Konaklama \u0130\u015fletmecili\u011fi ad\u0131yla e\u011fitim-\u00f6\u011fretim faaliyetlerine ba\u015flan\u0131lm\u0131\u015ft\u0131r. S\u00fcre\u00e7 Boyunca Konaklama \u0130\u015fletmecili\u011fi ve Yiyecek-\u0130\u00e7ecek \u0130\u015fletmecili\u011fi b\u00f6l\u00fcmleri ile e\u011fitim \u00f6\u011fretim hayat\u0131na devam etmi\u015ftir. 2011 y\u0131l\u0131nda 2007 y\u0131l\u0131ndan beri faaliyetlerini s\u00fcrd\u00fcren Turizm \u0130\u015fletmecili\u011fi ve Otelcilik Y\u00fcksekokulumuz, 23.07.2013 tarih ve 2013\/4958 say\u0131l\u0131 Bakanlar Kurulu karar\u0131 ile kapat\u0131lm\u0131\u015f ve 24.10.2011 tarih ve 2011\/2276 say\u0131l\u0131 Bakanlar Kurulu karar\u0131 ile Turizm \u0130\u015fletmecili\u011fi ve Otelcilik Y\u00fcksekokulu, Turizm Fak\u00fcltesine d\u00f6n\u00fc\u015ft\u00fcr\u00fclm\u00fc\u015ft\u00fcr.&nbsp;<\/p>\n<p>Bu tarihten itibaren Turizm \u0130\u015fletmecili\u011fi ve Otelcilik Anabilim dal\u0131 alt\u0131nda Turizm \u0130\u015fletmecili\u011fi, Gastronomi ve Mutfak Sanatlar\u0131, Turizm Rehberli\u011fi ve Rekreasyon Y\u00f6netimi (faal de\u011fildir) b\u00f6l\u00fcmleri e\u011fitim \u00f6\u011fretim hayat\u0131na devam etmektedir. Fak\u00fcltemiz B\u00fcnyesinde an&nbsp; itibari Turizm \u0130\u015fletmecili\u011fi ve Otelcilik, Gastronomi ve Mutfak Sanatlar\u0131 Anabilim dallar\u0131 b\u00fcnyesinde Y\u00fckseklisans ve Doktora e\u011fitimleri de Sosyal Bilimler Enstit\u00fcs\u00fcne ba\u011fl\u0131 olarak e\u011fitim-\u00f6\u011fretim faaliyetleri s\u00fcrd\u00fcr\u00fclmektedir.<br><\/p>\t\t\t\t\t\t\t\t<\/div>\n\t\t\t\t<\/div>\n\t\t\t\t\t<\/div>\n\t\t<\/div>\n\t\t\t\t\t<\/div>\n\t\t<\/section>\n\t\t\t\t<\/div>\n\t\t","protected":false},"excerpt":{"rendered":"<p>Tarih\u00e7e 2008 y\u0131l\u0131nda Turizm \u0130\u015fletmecili\u011fi ve Otelcilik Y\u00fcksekokulunda Konaklama \u0130\u015fletmecili\u011fi ad\u0131yla e\u011fitim-\u00f6\u011fretim faaliyetlerine ba\u015flan\u0131lm\u0131\u015ft\u0131r. S\u00fcre\u00e7 Boyunca Konaklama \u0130\u015fletmecili\u011fi ve Yiyecek-\u0130\u00e7ecek \u0130\u015fletmecili\u011fi b\u00f6l\u00fcmleri ile e\u011fitim \u00f6\u011fretim hayat\u0131na devam etmi\u015ftir. 2011 y\u0131l\u0131nda 2007 y\u0131l\u0131ndan beri faaliyetlerini s\u00fcrd\u00fcren Turizm \u0130\u015fletmecili\u011fi ve Otelcilik Y\u00fcksekokulumuz, 23.07.2013 tarih ve 2013\/4958 say\u0131l\u0131 Bakanlar Kurulu karar\u0131 ile kapat\u0131lm\u0131\u015f ve 24.10.2011 tarih ve 2011\/2276 [&hellip;]<\/p>\n","protected":false},"author":1,"featured_media":0,"parent":0,"menu_order":0,"comment_status":"closed","ping_status":"closed","template":"elementor_header_footer","meta":{"footnotes":""},"class_list":["post-5774","page","type-page","status-publish","hentry"],"_links":{"self":[{"href":"https:\/\/atauni.edu.tr\/turizm-fakultesi\/wp-json\/wp\/v2\/pages\/5774","targetHints":{"allow":["GET"]}}],"collection":[{"href":"https:\/\/atauni.edu.tr\/turizm-fakultesi\/wp-json\/wp\/v2\/pages"}],"about":[{"href":"https:\/\/atauni.edu.tr\/turizm-fakultesi\/wp-json\/wp\/v2\/types\/page"}],"author":[{"embeddable":true,"href":"https:\/\/atauni.edu.tr\/turizm-fakultesi\/wp-json\/wp\/v2\/users\/1"}],"replies":[{"embeddable":true,"href":"https:\/\/atauni.edu.tr\/turizm-fakultesi\/wp-json\/wp\/v2\/comments?post=5774"}],"version-history":[{"count":30,"href":"https:\/\/atauni.edu.tr\/turizm-fakultesi\/wp-json\/wp\/v2\/pages\/5774\/revisions"}],"predecessor-version":[{"id":8745,"href":"https:\/\/atauni.edu.tr\/turizm-fakultesi\/wp-json\/wp\/v2\/pages\/5774\/revisions\/8745"}],"wp:attachment":[{"href":"https:\/\/atauni.edu.tr\/turizm-fakultesi\/wp-json\/wp\/v2\/media?parent=5774"}],"curies":[{"name":"wp","href":"https:\/\/api.w.org\/{rel}","templated":true}]}}