{"id":7516,"date":"2022-07-21T11:20:39","date_gmt":"2022-07-21T08:20:39","guid":{"rendered":"https:\/\/birimler.atauni.edu.tr\/turizm-fakultesi\/?page_id=7516"},"modified":"2022-07-21T11:20:40","modified_gmt":"2022-07-21T08:20:40","slug":"uygulama-esaslari","status":"publish","type":"page","link":"https:\/\/atauni.edu.tr\/turizm-fakultesi\/uygulama-esaslari\/","title":{"rendered":"Turizm Fak\u00fcltesi E\u011fitim \u00d6\u011fretim ve S\u0131nav Uygulama Esaslar\u0131"},"content":{"rendered":"\n<div data-wp-interactive=\"core\/file\" class=\"wp-block-file\"><object data-wp-bind--hidden=\"!state.hasPdfPreview\" hidden class=\"wp-block-file__embed\" data=\"https:\/\/birimler.atauni.edu.tr\/turizm-fakultesi\/wp-content\/uploads\/sites\/74\/2022\/07\/Turizm-Fakultesi-Uygulama-Esaslari-19.07.2022-2.pdf\" type=\"application\/pdf\" style=\"width:100%;height:600px\" aria-label=\"Turizm-Fakultesi-Uygulama-Esaslari-19.07.2022 g\u00f6m\u00fcs\u00fc. g\u00f6m\u00fcs\u00fc.\"><\/object><a id=\"wp-block-file--media-d33ef13c-ff78-46ec-b0ea-f2d4a4c730f9\" href=\"https:\/\/birimler.atauni.edu.tr\/turizm-fakultesi\/wp-content\/uploads\/sites\/74\/2022\/07\/Turizm-Fakultesi-Uygulama-Esaslari-19.07.2022-2.pdf\">Turizm-Fakultesi-Uygulama-Esaslari-19.07.2022<\/a><a href=\"https:\/\/birimler.atauni.edu.tr\/turizm-fakultesi\/wp-content\/uploads\/sites\/74\/2022\/07\/Turizm-Fakultesi-Uygulama-Esaslari-19.07.2022-2.pdf\" class=\"wp-block-file__button\" download aria-describedby=\"wp-block-file--media-d33ef13c-ff78-46ec-b0ea-f2d4a4c730f9\">\u0130ndir<\/a><\/div>\n","protected":false},"excerpt":{"rendered":"","protected":false},"author":63,"featured_media":0,"parent":0,"menu_order":0,"comment_status":"closed","ping_status":"closed","template":"","meta":{"footnotes":""},"class_list":["post-7516","page","type-page","status-publish","hentry"],"_links":{"self":[{"href":"https:\/\/atauni.edu.tr\/turizm-fakultesi\/wp-json\/wp\/v2\/pages\/7516","targetHints":{"allow":["GET"]}}],"collection":[{"href":"https:\/\/atauni.edu.tr\/turizm-fakultesi\/wp-json\/wp\/v2\/pages"}],"about":[{"href":"https:\/\/atauni.edu.tr\/turizm-fakultesi\/wp-json\/wp\/v2\/types\/page"}],"author":[{"embeddable":true,"href":"https:\/\/atauni.edu.tr\/turizm-fakultesi\/wp-json\/wp\/v2\/users\/63"}],"replies":[{"embeddable":true,"href":"https:\/\/atauni.edu.tr\/turizm-fakultesi\/wp-json\/wp\/v2\/comments?post=7516"}],"version-history":[{"count":1,"href":"https:\/\/atauni.edu.tr\/turizm-fakultesi\/wp-json\/wp\/v2\/pages\/7516\/revisions"}],"predecessor-version":[{"id":7518,"href":"https:\/\/atauni.edu.tr\/turizm-fakultesi\/wp-json\/wp\/v2\/pages\/7516\/revisions\/7518"}],"wp:attachment":[{"href":"https:\/\/atauni.edu.tr\/turizm-fakultesi\/wp-json\/wp\/v2\/media?parent=7516"}],"curies":[{"name":"wp","href":"https:\/\/api.w.org\/{rel}","templated":true}]}}