{"id":7917,"date":"2023-01-05T14:04:42","date_gmt":"2023-01-05T11:04:42","guid":{"rendered":"https:\/\/birimler.atauni.edu.tr\/turizm-fakultesi\/?page_id=7917"},"modified":"2023-01-05T14:31:09","modified_gmt":"2023-01-05T11:31:09","slug":"gastronomi-ve-mutfak-sanatlari-ozel-sartlar","status":"publish","type":"page","link":"https:\/\/atauni.edu.tr\/turizm-fakultesi\/gastronomi-ve-mutfak-sanatlari-ozel-sartlar\/","title":{"rendered":"Gastronomi ve Mutfak Sanatlar\u0131 \u00d6zel \u015eartlar"},"content":{"rendered":"\t\t<div data-elementor-type=\"wp-page\" data-elementor-id=\"7917\" class=\"elementor elementor-7917\" data-elementor-post-type=\"page\">\n\t\t\t\t\t\t<section class=\"elementor-section elementor-top-section elementor-element elementor-element-7dd6b63 elementor-section-boxed elementor-section-height-default elementor-section-height-default\" data-id=\"7dd6b63\" data-element_type=\"section\">\n\t\t\t\t\t\t<div class=\"elementor-container elementor-column-gap-default\">\n\t\t\t\t\t<div class=\"elementor-column elementor-col-100 elementor-top-column elementor-element elementor-element-0737266\" data-id=\"0737266\" data-element_type=\"column\">\n\t\t\t<div class=\"elementor-widget-wrap elementor-element-populated\">\n\t\t\t\t\t\t<div class=\"elementor-element elementor-element-7caffb7 elementor-tabs-view-vertical elementor-widget elementor-widget-tabs\" data-id=\"7caffb7\" data-element_type=\"widget\" data-widget_type=\"tabs.default\">\n\t\t\t\t<div class=\"elementor-widget-container\">\n\t\t\t\t\t\t\t<div class=\"elementor-tabs\">\n\t\t\t<div class=\"elementor-tabs-wrapper\" role=\"tablist\" >\n\t\t\t\t\t\t\t\t\t<div id=\"elementor-tab-title-1301\" class=\"elementor-tab-title elementor-tab-desktop-title\" aria-selected=\"true\" data-tab=\"1\" role=\"tab\" tabindex=\"0\" aria-controls=\"elementor-tab-content-1301\" aria-expanded=\"false\">\u0130ste\u011fe Ba\u011fl\u0131 Yabanc\u0131 Dil Haz\u0131rl\u0131k S\u0131n\u0131f\u0131 Uygulamas\u0131<\/div>\n\t\t\t\t\t\t\t\t\t<div id=\"elementor-tab-title-1302\" class=\"elementor-tab-title elementor-tab-desktop-title\" aria-selected=\"false\" data-tab=\"2\" role=\"tab\" tabindex=\"-1\" aria-controls=\"elementor-tab-content-1302\" aria-expanded=\"false\">Staj, E\u011fitim Modeli (Bir Y\u0131lda Ka\u00e7 D\u00f6nem Uyguland\u0131\u011f\u0131, Sekt\u00f6r Ve I\u015fletmelerde Uygulama E\u011fitimi Vb), End\u00fcstriye Dayal\u0131 \u00d6\u011fretim Staj\u0131, Uygulamal\u0131 E\u011fitimlerin Nas\u0131l Y\u00fcr\u00fct\u00fcld\u00fc\u011f\u00fc Ile Ilgili Y\u00fcksek\u00f6\u011fretim Kurumunun Bulundu\u011fu Ilin D\u0131\u015f\u0131nda Yap\u0131l\u0131p Yap\u0131lamad\u0131\u011f\u0131<\/div>\n\t\t\t\t\t\t\t\t\t<div id=\"elementor-tab-title-1303\" class=\"elementor-tab-title elementor-tab-desktop-title\" aria-selected=\"false\" data-tab=\"3\" role=\"tab\" tabindex=\"-1\" aria-controls=\"elementor-tab-content-1303\" aria-expanded=\"false\">Mesle\u011fin Gerektirdi\u011fi K\u0131yafet Ve Donan\u0131m Malzemelerine Ili\u015fkin Ko\u015fullar<\/div>\n\t\t\t\t\t\t\t\t\t<div id=\"elementor-tab-title-1304\" class=\"elementor-tab-title elementor-tab-desktop-title\" aria-selected=\"false\" data-tab=\"4\" role=\"tab\" tabindex=\"-1\" aria-controls=\"elementor-tab-content-1304\" aria-expanded=\"false\">Ders Uygulamalar\u0131nda Kullan\u0131lacak Sarf Malzeme, Ara\u00e7 Ve Gere\u00e7 Gideri; S\u0131nav, Materyal Ve E\u011fitim \u00d6\u011fretim Hizmeti Kar\u015f\u0131l\u0131\u011f\u0131 \u00d6\u011fretim Gideri<\/div>\n\t\t\t\t\t\t\t\t\t<div id=\"elementor-tab-title-1305\" class=\"elementor-tab-title elementor-tab-desktop-title\" aria-selected=\"false\" data-tab=\"5\" role=\"tab\" tabindex=\"-1\" aria-controls=\"elementor-tab-content-1305\" aria-expanded=\"false\">K\u0131sm\u0131 Zamanl\u0131 \u00d6\u011frenci Olarak \u00c7al\u0131\u015fabilme Imk\u00e2nlar\u0131 Ile Staj Ve Uygulama E\u011fitimleri S\u0131ras\u0131nda Belirli Ko\u015fullarla Ayr\u0131ca \u00dccret \u00d6denip \u00d6denmedi\u011fi<\/div>\n\t\t\t\t\t\t\t\t\t<div id=\"elementor-tab-title-1306\" class=\"elementor-tab-title elementor-tab-desktop-title\" aria-selected=\"false\" data-tab=\"6\" role=\"tab\" tabindex=\"-1\" aria-controls=\"elementor-tab-content-1306\" aria-expanded=\"false\">\u0130lgili Y\u00fcksek\u00f6\u011fretim Kurumunun Vakf\u0131 Veya Anla\u015fmal\u0131 Oldu\u011fu Kurum Taraf\u0131ndan Burs, Yemek, Yurt Vb. Imkanlar Sunup Sunmad\u0131\u011f\u0131.<\/div>\n\t\t\t\t\t\t\t\t\t<div id=\"elementor-tab-title-1307\" class=\"elementor-tab-title elementor-tab-desktop-title\" aria-selected=\"false\" data-tab=\"7\" role=\"tab\" tabindex=\"-1\" aria-controls=\"elementor-tab-content-1307\" aria-expanded=\"false\">Yabanc\u0131 Dil Derslerinden Muafiyet Durumu<\/div>\n\t\t\t\t\t\t\t<\/div>\n\t\t\t<div class=\"elementor-tabs-content-wrapper\" role=\"tablist\" aria-orientation=\"vertical\">\n\t\t\t\t\t\t\t\t\t<div class=\"elementor-tab-title elementor-tab-mobile-title\" aria-selected=\"true\" data-tab=\"1\" role=\"tab\" tabindex=\"0\" aria-controls=\"elementor-tab-content-1301\" aria-expanded=\"false\">\u0130ste\u011fe Ba\u011fl\u0131 Yabanc\u0131 Dil Haz\u0131rl\u0131k S\u0131n\u0131f\u0131 Uygulamas\u0131<\/div>\n\t\t\t\t\t<div id=\"elementor-tab-content-1301\" class=\"elementor-tab-content elementor-clearfix\" data-tab=\"1\" role=\"tabpanel\" aria-labelledby=\"elementor-tab-title-1301\" tabindex=\"0\" hidden=\"false\"><p>Bulunmamaktad\u0131r. Fakat sekiz d\u00f6nem boyunca \u0130ngilizce dersi verilmektedir. Ayr\u0131ca b\u00f6l\u00fcme kay\u0131t yapt\u0131ran her \u00f6\u011frenci ilk d\u00f6nemde\u00a0<strong>se\u00e7meli yabanc\u0131 dil<\/strong>\u00a0olarak\u00a0<strong>Rus\u00e7a, Arap\u00e7a ve Almanca<\/strong>\u00a0derslerinden birini se\u00e7erek bu derse 8 d\u00f6nem boyunca devam etmektedir.<\/p><\/div>\n\t\t\t\t\t\t\t\t\t<div class=\"elementor-tab-title elementor-tab-mobile-title\" aria-selected=\"false\" data-tab=\"2\" role=\"tab\" tabindex=\"-1\" aria-controls=\"elementor-tab-content-1302\" aria-expanded=\"false\">Staj, E\u011fitim Modeli (Bir Y\u0131lda Ka\u00e7 D\u00f6nem Uyguland\u0131\u011f\u0131, Sekt\u00f6r Ve I\u015fletmelerde Uygulama E\u011fitimi Vb), End\u00fcstriye Dayal\u0131 \u00d6\u011fretim Staj\u0131, Uygulamal\u0131 E\u011fitimlerin Nas\u0131l Y\u00fcr\u00fct\u00fcld\u00fc\u011f\u00fc Ile Ilgili Y\u00fcksek\u00f6\u011fretim Kurumunun Bulundu\u011fu Ilin D\u0131\u015f\u0131nda Yap\u0131l\u0131p Yap\u0131lamad\u0131\u011f\u0131<\/div>\n\t\t\t\t\t<div id=\"elementor-tab-content-1302\" class=\"elementor-tab-content elementor-clearfix\" data-tab=\"2\" role=\"tabpanel\" aria-labelledby=\"elementor-tab-title-1302\" tabindex=\"0\" hidden=\"hidden\"><p>B\u00f6l\u00fcm\u00fcm\u00fczde 90 g\u00fcnl\u00fck zorunlu staj uygulamas\u0131 bulunmaktad\u0131r. Zorunlu staj b\u00f6l\u00fcm\u00fcm\u00fcz\u00fcn bulundu\u011fu il d\u0131\u015f\u0131nda da \u201cZorunlu Staj Uygulama Esaslar\u0131\u201d do\u011frultusunda yap\u0131labilmektedir. Bir y\u0131lda 2 ders d\u00f6nemi (g\u00fcz ve bahar d\u00f6nemleri) bulunmaktad\u0131r. 8 yar\u0131y\u0131ldan olu\u015fan e\u011fitim modelimizde mezun olabilmek i\u00e7in 240 AKTS kredisinin tamamlanmas\u0131 gerekmektedir. 240 AKTS kredisinin yakla\u015f\u0131k 1\/3\u2019\u00fc uygulamal\u0131 derslerden, di\u011fer k\u0131sm\u0131 ise teorik ve yabanc\u0131 dil derslerinden olu\u015fmaktad\u0131r. B\u00f6l\u00fcm\u00fcm\u00fczde uygulamal\u0131 e\u011fitimler mutfak uygulama alanlar\u0131nda y\u00fcr\u00fct\u00fclmektedir. B\u00f6l\u00fcm\u00fcm\u00fcz Turizm E\u011fitimi De\u011ferlendirme ve Akreditasyon Kurulu (TURAK) taraf\u0131ndan TURAK Y\u00f6nergesi\u2019nin 13\/4-a maddesi gere\u011fince 01.01.2022 \u2013 31.12.2024 tarihleri aras\u0131nda 3 y\u0131l s\u00fcre ile \u201cTam Akreditasyon\u201d ile akredite edilmi\u015ftir.<\/p><\/div>\n\t\t\t\t\t\t\t\t\t<div class=\"elementor-tab-title elementor-tab-mobile-title\" aria-selected=\"false\" data-tab=\"3\" role=\"tab\" tabindex=\"-1\" aria-controls=\"elementor-tab-content-1303\" aria-expanded=\"false\">Mesle\u011fin Gerektirdi\u011fi K\u0131yafet Ve Donan\u0131m Malzemelerine Ili\u015fkin Ko\u015fullar<\/div>\n\t\t\t\t\t<div id=\"elementor-tab-content-1303\" class=\"elementor-tab-content elementor-clearfix\" data-tab=\"3\" role=\"tabpanel\" aria-labelledby=\"elementor-tab-title-1303\" tabindex=\"0\" hidden=\"hidden\"><div class=\"elementor-accordion-item\"><div id=\"elementor-tab-content-2303\" class=\"elementor-tab-content elementor-clearfix elementor-active\" role=\"tabpanel\" data-tab=\"3\" aria-labelledby=\"elementor-tab-title-2303\"><p>B\u00f6l\u00fcm\u00fcm\u00fczde y\u00fcr\u00fct\u00fclen uygulamal\u0131 derslerde \u00e7al\u0131\u015fma alan\u0131 olan mutfa\u011f\u0131n ko\u015fullar\u0131na uygun a\u015f\u00e7\u0131 ceketi, a\u015f\u00e7\u0131 \u00f6nl\u00fc\u011f\u00fc, bandana ve kaymaz tabanl\u0131 terlik giyilmektedir. Bu k\u0131yafet ve donan\u0131m malzemeleri \u00f6\u011frenci taraf\u0131ndan temin edilecektir.<\/p><\/div><\/div><div class=\"elementor-accordion-item\">\u00a0<\/div><\/div>\n\t\t\t\t\t\t\t\t\t<div class=\"elementor-tab-title elementor-tab-mobile-title\" aria-selected=\"false\" data-tab=\"4\" role=\"tab\" tabindex=\"-1\" aria-controls=\"elementor-tab-content-1304\" aria-expanded=\"false\">Ders Uygulamalar\u0131nda Kullan\u0131lacak Sarf Malzeme, Ara\u00e7 Ve Gere\u00e7 Gideri; S\u0131nav, Materyal Ve E\u011fitim \u00d6\u011fretim Hizmeti Kar\u015f\u0131l\u0131\u011f\u0131 \u00d6\u011fretim Gideri<\/div>\n\t\t\t\t\t<div id=\"elementor-tab-content-1304\" class=\"elementor-tab-content elementor-clearfix\" data-tab=\"4\" role=\"tabpanel\" aria-labelledby=\"elementor-tab-title-1304\" tabindex=\"0\" hidden=\"hidden\"><p>B\u00f6l\u00fcm\u00fcm\u00fczde y\u00fcr\u00fct\u00fclen uygulamal\u0131 derslerde kullan\u0131lacak sarf malzemeler \u00f6\u011frencilerimiz taraf\u0131ndan kar\u015f\u0131lanacakt\u0131r.<\/p><\/div>\n\t\t\t\t\t\t\t\t\t<div class=\"elementor-tab-title elementor-tab-mobile-title\" aria-selected=\"false\" data-tab=\"5\" role=\"tab\" tabindex=\"-1\" aria-controls=\"elementor-tab-content-1305\" aria-expanded=\"false\">K\u0131sm\u0131 Zamanl\u0131 \u00d6\u011frenci Olarak \u00c7al\u0131\u015fabilme Imk\u00e2nlar\u0131 Ile Staj Ve Uygulama E\u011fitimleri S\u0131ras\u0131nda Belirli Ko\u015fullarla Ayr\u0131ca \u00dccret \u00d6denip \u00d6denmedi\u011fi<\/div>\n\t\t\t\t\t<div id=\"elementor-tab-content-1305\" class=\"elementor-tab-content elementor-clearfix\" data-tab=\"5\" role=\"tabpanel\" aria-labelledby=\"elementor-tab-title-1305\" tabindex=\"0\" hidden=\"hidden\"><p>\u00d6\u011frenciler fak\u00fcltemiz ve \u00fcniversitemizin ilgili alanlar\u0131nda k\u0131smi zamanl\u0131 olarak \u00e7al\u0131\u015fabilme imk\u00e2nlar\u0131na sahiptir. Bu alanlar fak\u00fcltemiz mutfak alanlar\u0131, uygulama oteli ve sosyal tesislerdir. Ayn\u0131 zamanda \u00fcniversitemiz taraf\u0131ndan zaman zaman d\u00fczenlenen etkinliklerde b\u00f6l\u00fcm \u00f6\u011frencilerine de \u00e7e\u015fitli g\u00f6revler verilerek k\u0131smi zamanl\u0131 \u00e7al\u0131\u015fma imk\u00e2n\u0131 sunulmaktad\u0131r.\u00a0 K\u0131smi zamanl\u0131 \u00e7al\u0131\u015fan \u00f6\u011frencilere \u00fccret \u00f6denmektedir.<\/p><\/div>\n\t\t\t\t\t\t\t\t\t<div class=\"elementor-tab-title elementor-tab-mobile-title\" aria-selected=\"false\" data-tab=\"6\" role=\"tab\" tabindex=\"-1\" aria-controls=\"elementor-tab-content-1306\" aria-expanded=\"false\">\u0130lgili Y\u00fcksek\u00f6\u011fretim Kurumunun Vakf\u0131 Veya Anla\u015fmal\u0131 Oldu\u011fu Kurum Taraf\u0131ndan Burs, Yemek, Yurt Vb. Imkanlar Sunup Sunmad\u0131\u011f\u0131.<\/div>\n\t\t\t\t\t<div id=\"elementor-tab-content-1306\" class=\"elementor-tab-content elementor-clearfix\" data-tab=\"6\" role=\"tabpanel\" aria-labelledby=\"elementor-tab-title-1306\" tabindex=\"0\" hidden=\"hidden\"><p>\u00dcniversitemiz kalk\u0131nd\u0131rma vakf\u0131 taraf\u0131ndan ihtiya\u00e7 sahiplerine burs verilmektedir. Ayr\u0131ca her y\u0131l ihtiya\u00e7 sahibi 15 fak\u00fclte \u00f6\u011frencimiz \u00fccretsiz yemek kart\u0131 hizmetinden yararlanmaktad\u0131r.<\/p><\/div>\n\t\t\t\t\t\t\t\t\t<div class=\"elementor-tab-title elementor-tab-mobile-title\" aria-selected=\"false\" data-tab=\"7\" role=\"tab\" tabindex=\"-1\" aria-controls=\"elementor-tab-content-1307\" aria-expanded=\"false\">Yabanc\u0131 Dil Derslerinden Muafiyet Durumu<\/div>\n\t\t\t\t\t<div id=\"elementor-tab-content-1307\" class=\"elementor-tab-content elementor-clearfix\" data-tab=\"7\" role=\"tabpanel\" aria-labelledby=\"elementor-tab-title-1307\" tabindex=\"0\" hidden=\"hidden\"><p>Gastronomi ve Mutfak Sanatlar\u0131 B\u00f6l\u00fcm\u00fc \u00f6\u011frencilerinden, YDS\u2013Y\u00d6KD\u0130L ve linkte (https:\/\/birimler.atauni.edu.tr\/turizm-fakultesi\/uygulama-esaslari\/) bulunan tabloda g\u00f6sterilen e\u015f de\u011ferlili\u011fi kabul edilen yabanc\u0131 dil s\u0131navlar\u0131n\u0131n herhangi birinden son be\u015f y\u0131lda 80 ve \u00fczeri puan alm\u0131\u015f olanlar; TRZ101 kodlu Temel \u0130ngilizce I ve TRZ102 kodlu Temel \u0130ngilizce II derslerinden, Temel Se\u00e7meli Yabanc\u0131 Dil I-II-III ve IV derslerinden muaf olabilirler.<\/p><\/div>\n\t\t\t\t\t\t\t<\/div>\n\t\t<\/div>\n\t\t\t\t\t\t<\/div>\n\t\t\t\t<\/div>\n\t\t\t\t\t<\/div>\n\t\t<\/div>\n\t\t\t\t\t<\/div>\n\t\t<\/section>\n\t\t\t\t<section class=\"elementor-section elementor-top-section elementor-element elementor-element-a29ed9a elementor-section-boxed elementor-section-height-default elementor-section-height-default\" data-id=\"a29ed9a\" data-element_type=\"section\">\n\t\t\t\t\t\t<div class=\"elementor-container elementor-column-gap-default\">\n\t\t\t\t\t<div class=\"elementor-column elementor-col-100 elementor-top-column elementor-element elementor-element-2674d1d\" data-id=\"2674d1d\" data-element_type=\"column\">\n\t\t\t<div class=\"elementor-widget-wrap elementor-element-populated\">\n\t\t\t\t\t\t<div class=\"elementor-element elementor-element-09a61ab elementor-alert-danger elementor-widget elementor-widget-alert\" data-id=\"09a61ab\" data-element_type=\"widget\" data-widget_type=\"alert.default\">\n\t\t\t\t<div class=\"elementor-widget-container\">\n\t\t\t\t\t\t\t<div class=\"elementor-alert\" role=\"alert\">\n\n\t\t\t\t\t\t<span class=\"elementor-alert-title\">G\u00dcNCELLEME TAR\u0130H\u0130 20.06.2021<\/span>\n\t\t\t\n\t\t\t\n\t\t\t\t\t\t<button type=\"button\" class=\"elementor-alert-dismiss\" aria-label=\"Bu uyar\u0131y\u0131 kapat\u0131n.\">\n\t\t\t\t\t\t\t\t\t<span aria-hidden=\"true\">&times;<\/span>\n\t\t\t\t\t\t\t<\/button>\n\t\t\t\n\t\t<\/div>\n\t\t\t\t\t\t<\/div>\n\t\t\t\t<\/div>\n\t\t\t\t\t<\/div>\n\t\t<\/div>\n\t\t\t\t\t<\/div>\n\t\t<\/section>\n\t\t\t\t<\/div>\n\t\t","protected":false},"excerpt":{"rendered":"<p>\u0130ste\u011fe Ba\u011fl\u0131 Yabanc\u0131 Dil Haz\u0131rl\u0131k S\u0131n\u0131f\u0131 Uygulamas\u0131 Staj, E\u011fitim Modeli (Bir Y\u0131lda Ka\u00e7 D\u00f6nem Uyguland\u0131\u011f\u0131, Sekt\u00f6r Ve I\u015fletmelerde Uygulama E\u011fitimi Vb), End\u00fcstriye Dayal\u0131 \u00d6\u011fretim Staj\u0131, Uygulamal\u0131 E\u011fitimlerin Nas\u0131l Y\u00fcr\u00fct\u00fcld\u00fc\u011f\u00fc Ile Ilgili Y\u00fcksek\u00f6\u011fretim Kurumunun Bulundu\u011fu Ilin D\u0131\u015f\u0131nda Yap\u0131l\u0131p Yap\u0131lamad\u0131\u011f\u0131 Mesle\u011fin Gerektirdi\u011fi K\u0131yafet Ve Donan\u0131m Malzemelerine Ili\u015fkin Ko\u015fullar Ders Uygulamalar\u0131nda Kullan\u0131lacak Sarf Malzeme, Ara\u00e7 Ve Gere\u00e7 Gideri; [&hellip;]<\/p>\n","protected":false},"author":63,"featured_media":0,"parent":0,"menu_order":0,"comment_status":"closed","ping_status":"closed","template":"","meta":{"footnotes":""},"class_list":["post-7917","page","type-page","status-publish","hentry"],"_links":{"self":[{"href":"https:\/\/atauni.edu.tr\/turizm-fakultesi\/wp-json\/wp\/v2\/pages\/7917","targetHints":{"allow":["GET"]}}],"collection":[{"href":"https:\/\/atauni.edu.tr\/turizm-fakultesi\/wp-json\/wp\/v2\/pages"}],"about":[{"href":"https:\/\/atauni.edu.tr\/turizm-fakultesi\/wp-json\/wp\/v2\/types\/page"}],"author":[{"embeddable":true,"href":"https:\/\/atauni.edu.tr\/turizm-fakultesi\/wp-json\/wp\/v2\/users\/63"}],"replies":[{"embeddable":true,"href":"https:\/\/atauni.edu.tr\/turizm-fakultesi\/wp-json\/wp\/v2\/comments?post=7917"}],"version-history":[{"count":7,"href":"https:\/\/atauni.edu.tr\/turizm-fakultesi\/wp-json\/wp\/v2\/pages\/7917\/revisions"}],"predecessor-version":[{"id":7955,"href":"https:\/\/atauni.edu.tr\/turizm-fakultesi\/wp-json\/wp\/v2\/pages\/7917\/revisions\/7955"}],"wp:attachment":[{"href":"https:\/\/atauni.edu.tr\/turizm-fakultesi\/wp-json\/wp\/v2\/media?parent=7917"}],"curies":[{"name":"wp","href":"https:\/\/api.w.org\/{rel}","templated":true}]}}