{"id":7934,"date":"2023-01-05T14:16:08","date_gmt":"2023-01-05T11:16:08","guid":{"rendered":"https:\/\/birimler.atauni.edu.tr\/turizm-fakultesi\/?page_id=7934"},"modified":"2023-01-05T14:31:46","modified_gmt":"2023-01-05T11:31:46","slug":"turizm-rehberligi-ozel-sartlar","status":"publish","type":"page","link":"https:\/\/atauni.edu.tr\/turizm-fakultesi\/turizm-rehberligi-ozel-sartlar\/","title":{"rendered":"Turizm Rehberli\u011fi \u00d6zel \u015eartlar"},"content":{"rendered":"\t\t<div data-elementor-type=\"wp-page\" data-elementor-id=\"7934\" class=\"elementor elementor-7934\" data-elementor-post-type=\"page\">\n\t\t\t\t\t\t<section class=\"elementor-section elementor-top-section elementor-element elementor-element-87c8f2f elementor-section-boxed elementor-section-height-default elementor-section-height-default\" data-id=\"87c8f2f\" data-element_type=\"section\">\n\t\t\t\t\t\t<div class=\"elementor-container elementor-column-gap-default\">\n\t\t\t\t\t<div class=\"elementor-column elementor-col-100 elementor-top-column elementor-element elementor-element-903f3f0\" data-id=\"903f3f0\" data-element_type=\"column\">\n\t\t\t<div class=\"elementor-widget-wrap elementor-element-populated\">\n\t\t\t\t\t\t<div class=\"elementor-element elementor-element-ba2e714 elementor-tabs-view-vertical elementor-widget elementor-widget-tabs\" data-id=\"ba2e714\" data-element_type=\"widget\" data-widget_type=\"tabs.default\">\n\t\t\t\t<div class=\"elementor-widget-container\">\n\t\t\t\t\t\t\t<div class=\"elementor-tabs\">\n\t\t\t<div class=\"elementor-tabs-wrapper\" role=\"tablist\" >\n\t\t\t\t\t\t\t\t\t<div id=\"elementor-tab-title-1951\" class=\"elementor-tab-title elementor-tab-desktop-title\" aria-selected=\"true\" data-tab=\"1\" role=\"tab\" tabindex=\"0\" aria-controls=\"elementor-tab-content-1951\" aria-expanded=\"false\">\u0130ste\u011fe Ba\u011fl\u0131 Yabanc\u0131 Dil Haz\u0131rl\u0131k S\u0131n\u0131f\u0131 Uygulamas\u0131<\/div>\n\t\t\t\t\t\t\t\t\t<div id=\"elementor-tab-title-1952\" class=\"elementor-tab-title elementor-tab-desktop-title\" aria-selected=\"false\" data-tab=\"2\" role=\"tab\" tabindex=\"-1\" aria-controls=\"elementor-tab-content-1952\" aria-expanded=\"false\">Staj, E\u011fitim Modeli (Bir Y\u0131lda Ka\u00e7 D\u00f6nem Uyguland\u0131\u011f\u0131, Sekt\u00f6r Ve I\u015fletmelerde Uygulama E\u011fitimi Vb), End\u00fcstriye Dayal\u0131 \u00d6\u011fretim Staj\u0131, Uygulamal\u0131 E\u011fitimlerin Nas\u0131l Y\u00fcr\u00fct\u00fcld\u00fc\u011f\u00fc Ile Ilgili Y\u00fcksek\u00f6\u011fretim Kurumunun Bulundu\u011fu Ilin D\u0131\u015f\u0131nda Yap\u0131l\u0131p Yap\u0131lamad\u0131\u011f\u0131<\/div>\n\t\t\t\t\t\t\t\t\t<div id=\"elementor-tab-title-1953\" class=\"elementor-tab-title elementor-tab-desktop-title\" aria-selected=\"false\" data-tab=\"3\" role=\"tab\" tabindex=\"-1\" aria-controls=\"elementor-tab-content-1953\" aria-expanded=\"false\">Mesle\u011fin Gerektirdi\u011fi K\u0131yafet Ve Donan\u0131m Malzemelerine Ili\u015fkin Ko\u015fullar<\/div>\n\t\t\t\t\t\t\t\t\t<div id=\"elementor-tab-title-1954\" class=\"elementor-tab-title elementor-tab-desktop-title\" aria-selected=\"false\" data-tab=\"4\" role=\"tab\" tabindex=\"-1\" aria-controls=\"elementor-tab-content-1954\" aria-expanded=\"false\">Ders Uygulamalar\u0131nda Kullan\u0131lacak Sarf Malzeme, Ara\u00e7 Ve Gere\u00e7 Gideri; S\u0131nav, Materyal Ve E\u011fitim \u00d6\u011fretim Hizmeti Kar\u015f\u0131l\u0131\u011f\u0131 \u00d6\u011fretim Gideri<\/div>\n\t\t\t\t\t\t\t\t\t<div id=\"elementor-tab-title-1955\" class=\"elementor-tab-title elementor-tab-desktop-title\" aria-selected=\"false\" data-tab=\"5\" role=\"tab\" tabindex=\"-1\" aria-controls=\"elementor-tab-content-1955\" aria-expanded=\"false\">K\u0131sm\u0131 Zamanl\u0131 \u00d6\u011frenci Olarak \u00c7al\u0131\u015fabilme Imk\u00e2nlar\u0131 Ile Staj Ve Uygulama E\u011fitimleri S\u0131ras\u0131nda Belirli Ko\u015fullarla Ayr\u0131ca \u00dccret \u00d6denip \u00d6denmedi\u011fi<\/div>\n\t\t\t\t\t\t\t\t\t<div id=\"elementor-tab-title-1956\" class=\"elementor-tab-title elementor-tab-desktop-title\" aria-selected=\"false\" data-tab=\"6\" role=\"tab\" tabindex=\"-1\" aria-controls=\"elementor-tab-content-1956\" aria-expanded=\"false\">\u0130lgili Y\u00fcksek\u00f6\u011fretim Kurumunun Vakf\u0131 Veya Anla\u015fmal\u0131 Oldu\u011fu Kurum Taraf\u0131ndan Burs, Yemek, Yurt Vb. Imkanlar Sunup Sunmad\u0131\u011f\u0131.<\/div>\n\t\t\t\t\t\t\t\t\t<div id=\"elementor-tab-title-1957\" class=\"elementor-tab-title elementor-tab-desktop-title\" aria-selected=\"false\" data-tab=\"7\" role=\"tab\" tabindex=\"-1\" aria-controls=\"elementor-tab-content-1957\" aria-expanded=\"false\">Yabanc\u0131 Dil Derslerinden Muafiyet Durumu<\/div>\n\t\t\t\t\t\t\t<\/div>\n\t\t\t<div class=\"elementor-tabs-content-wrapper\" role=\"tablist\" aria-orientation=\"vertical\">\n\t\t\t\t\t\t\t\t\t<div class=\"elementor-tab-title elementor-tab-mobile-title\" aria-selected=\"true\" data-tab=\"1\" role=\"tab\" tabindex=\"0\" aria-controls=\"elementor-tab-content-1951\" aria-expanded=\"false\">\u0130ste\u011fe Ba\u011fl\u0131 Yabanc\u0131 Dil Haz\u0131rl\u0131k S\u0131n\u0131f\u0131 Uygulamas\u0131<\/div>\n\t\t\t\t\t<div id=\"elementor-tab-content-1951\" class=\"elementor-tab-content elementor-clearfix\" data-tab=\"1\" role=\"tabpanel\" aria-labelledby=\"elementor-tab-title-1951\" tabindex=\"0\" hidden=\"false\"><div class=\"elementor-accordion-item\"><div id=\"elementor-tab-content-2291\" class=\"elementor-tab-content elementor-clearfix elementor-active\" role=\"tabpanel\" data-tab=\"1\" aria-labelledby=\"elementor-tab-title-2291\"><p>Bulunmamaktad\u0131r. Turizm Rehberli\u011fi B\u00f6l\u00fcm\u00fcnde temel yabanc\u0131 dil olarak\u00a0<strong>Rus\u00e7a\u00a0<\/strong>e\u011fitim verilmektedir.\u00a0<strong>Rus\u00e7a dersleri<\/strong>\u00a08 d\u00f6nem (toplam 48 kredi) devam etmektedir.\u00a0 B\u00f6l\u00fcm toplam kredisinin %30\u2019unu Rus\u00e7a dersleri olu\u015fturmaktad\u0131r.<\/p><p>Ayr\u0131ca b\u00f6l\u00fcme kay\u0131t yapt\u0131ran her \u00f6\u011frenci ilk d\u00f6nemde\u00a0<strong>se\u00e7meli yabanc\u0131 dil<\/strong>\u00a0olarak\u00a0<strong>\u0130ngilizce, Arap\u00e7a ve Almanca<\/strong>\u00a0derslerinden birini se\u00e7erek bu derse 8 d\u00f6nem boyunca (her d\u00f6nem 4 kredi, toplam 32 kredi) devam etmektedir. Se\u00e7meli Yabanc\u0131 dil dersleri toplam kredinin %20\u2019sini olu\u015fturmaktad\u0131r.<\/p><\/div><\/div><\/div>\n\t\t\t\t\t\t\t\t\t<div class=\"elementor-tab-title elementor-tab-mobile-title\" aria-selected=\"false\" data-tab=\"2\" role=\"tab\" tabindex=\"-1\" aria-controls=\"elementor-tab-content-1952\" aria-expanded=\"false\">Staj, E\u011fitim Modeli (Bir Y\u0131lda Ka\u00e7 D\u00f6nem Uyguland\u0131\u011f\u0131, Sekt\u00f6r Ve I\u015fletmelerde Uygulama E\u011fitimi Vb), End\u00fcstriye Dayal\u0131 \u00d6\u011fretim Staj\u0131, Uygulamal\u0131 E\u011fitimlerin Nas\u0131l Y\u00fcr\u00fct\u00fcld\u00fc\u011f\u00fc Ile Ilgili Y\u00fcksek\u00f6\u011fretim Kurumunun Bulundu\u011fu Ilin D\u0131\u015f\u0131nda Yap\u0131l\u0131p Yap\u0131lamad\u0131\u011f\u0131<\/div>\n\t\t\t\t\t<div id=\"elementor-tab-content-1952\" class=\"elementor-tab-content elementor-clearfix\" data-tab=\"2\" role=\"tabpanel\" aria-labelledby=\"elementor-tab-title-1952\" tabindex=\"0\" hidden=\"hidden\"><p>Turizm Rehberli\u011fi B\u00f6l\u00fcm\u00fcnde \u00f6\u011frenim g\u00f6ren \u00f6\u011frencilerin toplam 90 i\u015f g\u00fcn\u00fc staj yapmalar\u0131 zorunludur. \u00d6\u011frenciler 2. s\u0131n\u0131f\u0131n (4. d\u00f6nem) sonundan itibaren stajlar\u0131n\u0131 A Grubu seyahat acentelerinde, turizm i\u015fletme belgeli 3-4-5 y\u0131ld\u0131zl\u0131 otel i\u015fletmelerinde, \u0130l K\u00fclt\u00fcr ve Turizm M\u00fcd\u00fcrl\u00fcklerinde ve Enformasyon B\u00fcrolar\u0131nda yapabilmektedirler.<\/p><\/div>\n\t\t\t\t\t\t\t\t\t<div class=\"elementor-tab-title elementor-tab-mobile-title\" aria-selected=\"false\" data-tab=\"3\" role=\"tab\" tabindex=\"-1\" aria-controls=\"elementor-tab-content-1953\" aria-expanded=\"false\">Mesle\u011fin Gerektirdi\u011fi K\u0131yafet Ve Donan\u0131m Malzemelerine Ili\u015fkin Ko\u015fullar<\/div>\n\t\t\t\t\t<div id=\"elementor-tab-content-1953\" class=\"elementor-tab-content elementor-clearfix\" data-tab=\"3\" role=\"tabpanel\" aria-labelledby=\"elementor-tab-title-1953\" tabindex=\"0\" hidden=\"hidden\"><div class=\"elementor-accordion-item\"><div id=\"elementor-tab-content-2303\" class=\"elementor-tab-content elementor-clearfix elementor-active\" role=\"tabpanel\" data-tab=\"3\" aria-labelledby=\"elementor-tab-title-2303\"><div class=\"elementor-accordion-item\"><div id=\"elementor-tab-content-1373\" class=\"elementor-tab-content elementor-clearfix elementor-active\" role=\"tabpanel\" data-tab=\"3\" aria-labelledby=\"elementor-tab-title-1373\"><p>Bulunmamaktad\u0131r.<\/p><\/div><\/div><\/div><\/div><div class=\"elementor-accordion-item\">\u00a0<\/div><\/div>\n\t\t\t\t\t\t\t\t\t<div class=\"elementor-tab-title elementor-tab-mobile-title\" aria-selected=\"false\" data-tab=\"4\" role=\"tab\" tabindex=\"-1\" aria-controls=\"elementor-tab-content-1954\" aria-expanded=\"false\">Ders Uygulamalar\u0131nda Kullan\u0131lacak Sarf Malzeme, Ara\u00e7 Ve Gere\u00e7 Gideri; S\u0131nav, Materyal Ve E\u011fitim \u00d6\u011fretim Hizmeti Kar\u015f\u0131l\u0131\u011f\u0131 \u00d6\u011fretim Gideri<\/div>\n\t\t\t\t\t<div id=\"elementor-tab-content-1954\" class=\"elementor-tab-content elementor-clearfix\" data-tab=\"4\" role=\"tabpanel\" aria-labelledby=\"elementor-tab-title-1954\" tabindex=\"0\" hidden=\"hidden\"><p>Bulunmamaktad\u0131r.<\/p><\/div>\n\t\t\t\t\t\t\t\t\t<div class=\"elementor-tab-title elementor-tab-mobile-title\" aria-selected=\"false\" data-tab=\"5\" role=\"tab\" tabindex=\"-1\" aria-controls=\"elementor-tab-content-1955\" aria-expanded=\"false\">K\u0131sm\u0131 Zamanl\u0131 \u00d6\u011frenci Olarak \u00c7al\u0131\u015fabilme Imk\u00e2nlar\u0131 Ile Staj Ve Uygulama E\u011fitimleri S\u0131ras\u0131nda Belirli Ko\u015fullarla Ayr\u0131ca \u00dccret \u00d6denip \u00d6denmedi\u011fi<\/div>\n\t\t\t\t\t<div id=\"elementor-tab-content-1955\" class=\"elementor-tab-content elementor-clearfix\" data-tab=\"5\" role=\"tabpanel\" aria-labelledby=\"elementor-tab-title-1955\" tabindex=\"0\" hidden=\"hidden\"><div class=\"elementor-accordion-item\"><div id=\"elementor-tab-content-1375\" class=\"elementor-tab-content elementor-clearfix elementor-active\" role=\"tabpanel\" data-tab=\"5\" aria-labelledby=\"elementor-tab-title-1375\"><p>\u00d6\u011frenciler fak\u00fcltemiz ve \u00fcniversitemizin ilgili alanlar\u0131nda k\u0131smi zamanl\u0131 olarak \u00e7al\u0131\u015fabilme imk\u00e2nlar\u0131na sahiptir. Bu alanlar genellikle uygulama oteli ve sosyal tesislerdir. Ayn\u0131 zamanda \u00fcniversitemiz taraf\u0131ndan zaman zaman d\u00fczenlenen etkinliklerde b\u00f6l\u00fcm \u00f6\u011frencilerine de \u00e7e\u015fitli g\u00f6revler verilerek k\u0131smi zamanl\u0131 \u00e7al\u0131\u015fma imk\u00e2n\u0131 sunulmaktad\u0131r.\u00a0 K\u0131smi zamanl\u0131 \u00e7al\u0131\u015fan \u00f6\u011frencilere \u00fccret \u00f6denmektedir.<\/p><\/div><\/div><\/div>\n\t\t\t\t\t\t\t\t\t<div class=\"elementor-tab-title elementor-tab-mobile-title\" aria-selected=\"false\" data-tab=\"6\" role=\"tab\" tabindex=\"-1\" aria-controls=\"elementor-tab-content-1956\" aria-expanded=\"false\">\u0130lgili Y\u00fcksek\u00f6\u011fretim Kurumunun Vakf\u0131 Veya Anla\u015fmal\u0131 Oldu\u011fu Kurum Taraf\u0131ndan Burs, Yemek, Yurt Vb. Imkanlar Sunup Sunmad\u0131\u011f\u0131.<\/div>\n\t\t\t\t\t<div id=\"elementor-tab-content-1956\" class=\"elementor-tab-content elementor-clearfix\" data-tab=\"6\" role=\"tabpanel\" aria-labelledby=\"elementor-tab-title-1956\" tabindex=\"0\" hidden=\"hidden\"><p>\u00dcniversitemiz kalk\u0131nd\u0131rma vakf\u0131 taraf\u0131ndan ihtiya\u00e7 sahiplerine burs verilmektedir. Ayr\u0131ca her y\u0131l ihtiya\u00e7 sahibi 15 fak\u00fclte \u00f6\u011frencimiz \u00fccretsiz yemek kart\u0131 hizmetinden yararlanmaktad\u0131r.<\/p><\/div>\n\t\t\t\t\t\t\t\t\t<div class=\"elementor-tab-title elementor-tab-mobile-title\" aria-selected=\"false\" data-tab=\"7\" role=\"tab\" tabindex=\"-1\" aria-controls=\"elementor-tab-content-1957\" aria-expanded=\"false\">Yabanc\u0131 Dil Derslerinden Muafiyet Durumu<\/div>\n\t\t\t\t\t<div id=\"elementor-tab-content-1957\" class=\"elementor-tab-content elementor-clearfix\" data-tab=\"7\" role=\"tabpanel\" aria-labelledby=\"elementor-tab-title-1957\" tabindex=\"0\" hidden=\"hidden\"><p>Turizm Rehberli\u011fi \u00f6\u011frencilerinden, YDS\u2013Y\u00d6KD\u0130L ve a\u015fa\u011f\u0131da tabloda g\u00f6sterilen e\u015f de\u011ferlili\u011fi kabul edilen yabanc\u0131 dil s\u0131navlar\u0131n\u0131n herhangi birinden son be\u015f y\u0131lda 80 ve \u00fczeri puan alm\u0131\u015f olanlar;\u00a0<\/p><p>a)\u00a0 ERD151 kodlu Rus\u00e7a Dilbilgisi I ve ERD152 kodlu Rus\u00e7a Dilbilgisi II derslerinden,<\/p><p>\u00a0b) Temel Se\u00e7meli Yabanc\u0131 Dil I-II-III ve IV derslerinden muaf olabilirler.<\/p><p>c) Turizm Rehberli\u011fi \u00f6\u011frencilerinden, d\u00f6rt dil becerisini \u00f6l\u00e7en s\u0131navlar\u0131ndan yeterli puan\u0131 (https:\/\/birimler.atauni.edu.tr\/turizm-fakultesi\/uygulama-esaslari\/ linkteki tabloda yer almaktad\u0131r) son be\u015f y\u0131lda alm\u0131\u015f olanlar, ilk d\u00f6rt yar\u0131y\u0131ldaki t\u00fcm yabanc\u0131 dil derslerinden muaf olma hakk\u0131na sahiptir.<\/p><\/div>\n\t\t\t\t\t\t\t<\/div>\n\t\t<\/div>\n\t\t\t\t\t\t<\/div>\n\t\t\t\t<\/div>\n\t\t\t\t\t<\/div>\n\t\t<\/div>\n\t\t\t\t\t<\/div>\n\t\t<\/section>\n\t\t\t\t<section class=\"elementor-section elementor-top-section elementor-element elementor-element-a0b1315 elementor-section-boxed elementor-section-height-default elementor-section-height-default\" data-id=\"a0b1315\" data-element_type=\"section\">\n\t\t\t\t\t\t<div class=\"elementor-container elementor-column-gap-default\">\n\t\t\t\t\t<div class=\"elementor-column elementor-col-100 elementor-top-column elementor-element elementor-element-cd7da73\" data-id=\"cd7da73\" data-element_type=\"column\">\n\t\t\t<div class=\"elementor-widget-wrap elementor-element-populated\">\n\t\t\t\t\t\t<div class=\"elementor-element elementor-element-3fbbc8b elementor-alert-danger elementor-widget elementor-widget-alert\" data-id=\"3fbbc8b\" data-element_type=\"widget\" data-widget_type=\"alert.default\">\n\t\t\t\t<div class=\"elementor-widget-container\">\n\t\t\t\t\t\t\t<div class=\"elementor-alert\" role=\"alert\">\n\n\t\t\t\t\t\t<span class=\"elementor-alert-title\">G\u00dcNCELLEME TAR\u0130H\u0130 20.06.2021<\/span>\n\t\t\t\n\t\t\t\n\t\t\t\t\t\t<button type=\"button\" class=\"elementor-alert-dismiss\" aria-label=\"Bu uyar\u0131y\u0131 kapat\u0131n.\">\n\t\t\t\t\t\t\t\t\t<span aria-hidden=\"true\">&times;<\/span>\n\t\t\t\t\t\t\t<\/button>\n\t\t\t\n\t\t<\/div>\n\t\t\t\t\t\t<\/div>\n\t\t\t\t<\/div>\n\t\t\t\t\t<\/div>\n\t\t<\/div>\n\t\t\t\t\t<\/div>\n\t\t<\/section>\n\t\t\t\t<\/div>\n\t\t","protected":false},"excerpt":{"rendered":"<p>\u0130ste\u011fe Ba\u011fl\u0131 Yabanc\u0131 Dil Haz\u0131rl\u0131k S\u0131n\u0131f\u0131 Uygulamas\u0131 Staj, E\u011fitim Modeli (Bir Y\u0131lda Ka\u00e7 D\u00f6nem Uyguland\u0131\u011f\u0131, Sekt\u00f6r Ve I\u015fletmelerde Uygulama E\u011fitimi Vb), End\u00fcstriye Dayal\u0131 \u00d6\u011fretim Staj\u0131, Uygulamal\u0131 E\u011fitimlerin Nas\u0131l Y\u00fcr\u00fct\u00fcld\u00fc\u011f\u00fc Ile Ilgili Y\u00fcksek\u00f6\u011fretim Kurumunun Bulundu\u011fu Ilin D\u0131\u015f\u0131nda Yap\u0131l\u0131p Yap\u0131lamad\u0131\u011f\u0131 Mesle\u011fin Gerektirdi\u011fi K\u0131yafet Ve Donan\u0131m Malzemelerine Ili\u015fkin Ko\u015fullar Ders Uygulamalar\u0131nda Kullan\u0131lacak Sarf Malzeme, Ara\u00e7 Ve Gere\u00e7 Gideri; [&hellip;]<\/p>\n","protected":false},"author":63,"featured_media":0,"parent":0,"menu_order":0,"comment_status":"closed","ping_status":"closed","template":"","meta":{"footnotes":""},"class_list":["post-7934","page","type-page","status-publish","hentry"],"_links":{"self":[{"href":"https:\/\/atauni.edu.tr\/turizm-fakultesi\/wp-json\/wp\/v2\/pages\/7934","targetHints":{"allow":["GET"]}}],"collection":[{"href":"https:\/\/atauni.edu.tr\/turizm-fakultesi\/wp-json\/wp\/v2\/pages"}],"about":[{"href":"https:\/\/atauni.edu.tr\/turizm-fakultesi\/wp-json\/wp\/v2\/types\/page"}],"author":[{"embeddable":true,"href":"https:\/\/atauni.edu.tr\/turizm-fakultesi\/wp-json\/wp\/v2\/users\/63"}],"replies":[{"embeddable":true,"href":"https:\/\/atauni.edu.tr\/turizm-fakultesi\/wp-json\/wp\/v2\/comments?post=7934"}],"version-history":[{"count":7,"href":"https:\/\/atauni.edu.tr\/turizm-fakultesi\/wp-json\/wp\/v2\/pages\/7934\/revisions"}],"predecessor-version":[{"id":7961,"href":"https:\/\/atauni.edu.tr\/turizm-fakultesi\/wp-json\/wp\/v2\/pages\/7934\/revisions\/7961"}],"wp:attachment":[{"href":"https:\/\/atauni.edu.tr\/turizm-fakultesi\/wp-json\/wp\/v2\/media?parent=7934"}],"curies":[{"name":"wp","href":"https:\/\/api.w.org\/{rel}","templated":true}]}}