{"id":8238,"date":"2023-08-04T15:15:02","date_gmt":"2023-08-04T12:15:02","guid":{"rendered":"https:\/\/birimler.atauni.edu.tr\/turizm-fakultesi\/?page_id=8238"},"modified":"2023-08-04T15:15:02","modified_gmt":"2023-08-04T12:15:02","slug":"program-ogretim-amaclari","status":"publish","type":"page","link":"https:\/\/atauni.edu.tr\/turizm-fakultesi\/program-ogretim-amaclari\/","title":{"rendered":"Program \u00d6\u011fretim Ama\u00e7lar\u0131"},"content":{"rendered":"\n<p><strong>P\u00d6A-1: <\/strong>Program, turizm i\u015fletmelerinde istihdam edilmek \u00fczere yabanc\u0131 dil bilen, mesleki ve etik ilkelere ba\u011fl\u0131 orta ve \u00fcst d\u00fczey y\u00f6netici adaylar\u0131 yeti\u015ftirir.<\/p>\n\n\n\n<p><strong>P\u00d6A-2: <\/strong>Turizm i\u015fletmelerinde hizmet verme s\u00fcre\u00e7lerini bilen ve misafir memnuniyeti sa\u011flayacak \u015fekilde yerine getiren \u00e7al\u0131\u015fanlar yeti\u015ftirmek.<\/p>\n\n\n\n<p><strong>P\u00d6A-3: <\/strong>Turizm i\u015fletmelerini (otel i\u015fletmesi, seyahat i\u015fletmesi, yiyecek i\u00e7ecek i\u015fletmesi vb) etkin bir \u015fekilde y\u00f6netebilecek y\u00f6netim teorilerini ve uygulamalar\u0131n\u0131 bilir ve uygular.<\/p>\n\n\n\n<p><a><\/a><strong>P\u00d6A-4: <\/strong>Bilimsel \u00e7al\u0131\u015fmalar yapmak, turizm i\u015fletmecili\u011fi alan\u0131nda faaliyette bulunan i\u015fletmelere, i\u00e7 ve d\u0131\u015f payda\u015flara uygulamal\u0131 veya teorik e\u011fitimlerle katk\u0131 sa\u011flamak.<\/p>\n","protected":false},"excerpt":{"rendered":"<p>P\u00d6A-1: Program, turizm i\u015fletmelerinde istihdam edilmek \u00fczere yabanc\u0131 dil bilen, mesleki ve etik ilkelere ba\u011fl\u0131 orta ve \u00fcst d\u00fczey y\u00f6netici adaylar\u0131 yeti\u015ftirir. P\u00d6A-2: Turizm i\u015fletmelerinde hizmet verme s\u00fcre\u00e7lerini bilen ve misafir memnuniyeti sa\u011flayacak \u015fekilde yerine getiren \u00e7al\u0131\u015fanlar yeti\u015ftirmek. P\u00d6A-3: Turizm i\u015fletmelerini (otel i\u015fletmesi, seyahat i\u015fletmesi, yiyecek i\u00e7ecek i\u015fletmesi vb) etkin bir \u015fekilde y\u00f6netebilecek y\u00f6netim teorilerini [&hellip;]<\/p>\n","protected":false},"author":63,"featured_media":0,"parent":0,"menu_order":0,"comment_status":"closed","ping_status":"closed","template":"","meta":{"footnotes":""},"class_list":["post-8238","page","type-page","status-publish","hentry"],"_links":{"self":[{"href":"https:\/\/atauni.edu.tr\/turizm-fakultesi\/wp-json\/wp\/v2\/pages\/8238","targetHints":{"allow":["GET"]}}],"collection":[{"href":"https:\/\/atauni.edu.tr\/turizm-fakultesi\/wp-json\/wp\/v2\/pages"}],"about":[{"href":"https:\/\/atauni.edu.tr\/turizm-fakultesi\/wp-json\/wp\/v2\/types\/page"}],"author":[{"embeddable":true,"href":"https:\/\/atauni.edu.tr\/turizm-fakultesi\/wp-json\/wp\/v2\/users\/63"}],"replies":[{"embeddable":true,"href":"https:\/\/atauni.edu.tr\/turizm-fakultesi\/wp-json\/wp\/v2\/comments?post=8238"}],"version-history":[{"count":1,"href":"https:\/\/atauni.edu.tr\/turizm-fakultesi\/wp-json\/wp\/v2\/pages\/8238\/revisions"}],"predecessor-version":[{"id":8239,"href":"https:\/\/atauni.edu.tr\/turizm-fakultesi\/wp-json\/wp\/v2\/pages\/8238\/revisions\/8239"}],"wp:attachment":[{"href":"https:\/\/atauni.edu.tr\/turizm-fakultesi\/wp-json\/wp\/v2\/media?parent=8238"}],"curies":[{"name":"wp","href":"https:\/\/api.w.org\/{rel}","templated":true}]}}